{"id":31200,"date":"2024-03-01T16:30:01","date_gmt":"2024-03-01T16:30:01","guid":{"rendered":"https:\/\/life-wellness.eu\/garantias\/"},"modified":"2024-11-14T16:02:04","modified_gmt":"2024-11-14T16:02:04","slug":"garantias","status":"publish","type":"page","link":"https:\/\/life-wellness.eu\/es\/garantias\/","title":{"rendered":"Garant\u00edas"},"content":{"rendered":"\t\t<div data-elementor-type=\"wp-page\" data-elementor-id=\"31200\" class=\"elementor elementor-31200 elementor-26788\" data-elementor-post-type=\"page\">\n\t\t\t\t\t\t<section class=\"elementor-section elementor-top-section elementor-element elementor-element-2b1184b0 elementor-section-boxed elementor-section-height-default elementor-section-height-default sc_fly_static\" data-id=\"2b1184b0\" data-element_type=\"section\" data-settings=\"{&quot;background_background&quot;:&quot;classic&quot;}\">\n\t\t\t\t\t\t<div class=\"elementor-container elementor-column-gap-extended\">\n\t\t\t\t\t<div class=\"elementor-column elementor-col-100 elementor-top-column elementor-element elementor-element-153e1c19 sc_content_align_inherit sc_layouts_column_icons_position_left sc_fly_static\" data-id=\"153e1c19\" data-element_type=\"column\">\n\t\t\t<div class=\"elementor-widget-wrap elementor-element-populated\">\n\t\t\t\t\t\t<div class=\"elementor-element elementor-element-09c64dc sc_fly_static elementor-widget elementor-widget-heading\" data-id=\"09c64dc\" data-element_type=\"widget\" data-widget_type=\"heading.default\">\n\t\t\t\t<div class=\"elementor-widget-container\">\n\t\t\t\t\t<h2 class=\"elementor-heading-title elementor-size-default\">Garant\u00edas<\/h2>\t\t\t\t<\/div>\n\t\t\t\t<\/div>\n\t\t\t\t\t<\/div>\n\t\t<\/div>\n\t\t\t\t\t<\/div>\n\t\t<\/section>\n\t\t\t\t<section class=\"elementor-section elementor-top-section elementor-element elementor-element-a2ec18c elementor-section-boxed elementor-section-height-default elementor-section-height-default sc_fly_static\" data-id=\"a2ec18c\" data-element_type=\"section\" data-settings=\"{&quot;background_background&quot;:&quot;classic&quot;}\">\n\t\t\t\t\t\t<div class=\"elementor-container elementor-column-gap-extended\">\n\t\t\t\t\t<div class=\"elementor-column elementor-col-100 elementor-top-column elementor-element elementor-element-e4f67bc sc_content_align_inherit sc_layouts_column_icons_position_left sc_fly_static\" data-id=\"e4f67bc\" data-element_type=\"column\">\n\t\t\t<div class=\"elementor-widget-wrap elementor-element-populated\">\n\t\t\t\t\t\t<div class=\"elementor-element elementor-element-fc87c00 sc_fly_static elementor-widget elementor-widget-text-editor\" data-id=\"fc87c00\" data-element_type=\"widget\" data-widget_type=\"text-editor.default\">\n\t\t\t\t<div class=\"elementor-widget-container\">\n\t\t\t\t\t\t\t\t\t<p><strong>LifeWellness<\/strong> est\u00e1 comprometida con la calidad y fiabilidad de nuestros productos de salud y bienestar.<\/p>\n<p>Esta Pol\u00edtica de Garant\u00edas describe la cobertura de la garant\u00eda que te proporcionamos como valioso cliente de nuestros productos.<\/p>\n<p>Dado que uno de los derechos fundamentales de los consumidores es el acceso a los bienes y servicios correspondientes a los contratados y con la garant\u00eda de su correcto funcionamiento, <strong>LifeWellness<\/strong> garantizar\u00e1, durante un periodo de 24 meses desde la fecha de compra la calidad de sus productos, ofreciendo a los clientes, en los casos en que sea leg\u00edtimo, una de las siguientes soluciones, por este orden:<\/p>\n<ul>\n<li>Reparaci\u00f3n de mercanc\u00edas da\u00f1adas, asegurando su correcto funcionamiento y\/o calidad final;<\/li>\n<li>Intercambio del bien por un bien igual;<\/li>\n<li>Cambio del art\u00edculo por otro similar en cuanto a caracter\u00edsticas y finalidad, siempre que as\u00ed se acuerde con el cliente;<\/li>\n<li>Rescisi\u00f3n del contrato y consiguiente reembolso si ninguna de las opciones anteriores es posible.<\/li>\n<\/ul>\n<p>El ejercicio del derecho de garant\u00eda por parte del cliente se realizar\u00e1 siempre mediante la presentaci\u00f3n de la reclamaci\u00f3n ante el servicio de Atenci\u00f3n al Cliente y la devoluci\u00f3n del art\u00edculo da\u00f1ado o que no se corresponda con lo contratado.<\/p>\n<p>El servicio de Atenci\u00f3n al Cliente analizar\u00e1 el art\u00edculo en cuesti\u00f3n para confirmar el derecho efectivo del cliente a la garant\u00eda, excluyendo todas las situaciones que se demuestre que son consecuencia, entre otras, de:<\/p>\n<ul>\n<li>Uso abusivo, da\u00f1o intencionado o da\u00f1o negligente por parte del cliente;<\/li>\n<li>El desgaste normal del producto, siempre que est\u00e9 dentro de los niveles esperados declarados por el fabricante;<\/li>\n<li>Imposibilidad de probar la falta o defecto indicado por el cliente;<\/li>\n<li>Todas las situaciones que se detecten como intentos de fraude.<\/li>\n<\/ul>\n<p>Tras inspeccionar el producto recibido, se informar\u00e1 al cliente del estado de su pedido.<\/p>\n<p>En los casos en que deba ejercerse la garant\u00eda, <strong>LifeWellness<\/strong> promover\u00e1 la reparaci\u00f3n, sustituci\u00f3n o reembolso del art\u00edculo en el plazo m\u00e1s breve posible, hasta un l\u00edmite de 30 d\u00edas a partir de la notificaci\u00f3n enviada por correo electr\u00f3nico al cliente a trav\u00e9s de la cual se confirmar\u00e1 el derecho a reclamar la garant\u00eda del producto.<\/p>\n<p>El reembolso de cualquier cantidad pagada se realizar\u00e1 utilizando el mismo m\u00e9todo de pago utilizado para comprar el producto, a menos que se acuerde lo contrario con el cliente.<\/p>\n<p>Estas disposiciones se entienden sin perjuicio de los derechos de los consumidores que se deriven directamente de la legislaci\u00f3n vigente.<\/p>\n<h5> <\/h5>\n<h5><strong>Limitaci\u00f3n de responsabilidad<\/strong><\/h5>\n<p>La responsabilidad de <strong>LifeWellness<\/strong>en virtud de esta garant\u00eda se limita a la reparaci\u00f3n, sustituci\u00f3n o reembolso. <strong>LifeWellness <\/strong>no ser\u00e1 responsable de ning\u00fan da\u00f1o incidental o consecuente derivado del uso de sus productos.<\/p>\n<h5> <\/h5>\n<h5><strong>Ninguna otra garant\u00eda<\/strong><\/h5>\n<p>Aparte de esta garant\u00eda, <strong>LifeWellness<\/strong> no ofrece ninguna otra garant\u00eda, expresa o impl\u00edcita, incluida cualquier garant\u00eda impl\u00edcita de comerciabilidad o idoneidad para un fin determinado.<\/p>\n<h5> <\/h5>\n<h5><strong>Ley aplicable<\/strong><\/h5>\n<p>Esta Pol\u00edtica de Garant\u00edas se rige por las leyes de la jurisdicci\u00f3n en la que opera <strong>LifeWellness<\/strong>, sin tener en cuenta sus disposiciones sobre conflicto de leyes.<\/p>\n<h5> <\/h5>\n<h5><strong>Cambios en la Pol\u00edtica de Garant\u00edas<\/strong><\/h5>\n<p><strong>LifeWellness<\/strong> se reserva el derecho a actualizar o modificar esta Pol\u00edtica de Garant\u00edas en cualquier momento y sin previo aviso. La versi\u00f3n actual de la pol\u00edtica se publicar\u00e1 en nuestro sitio web, con la fecha de entrada en vigor indicada en la parte superior. <\/p>\n<h5> <\/h5>\n<h5><strong>Contacta con nosotros<\/strong><\/h5>\n<p>Para m\u00e1s informaci\u00f3n sobre la cobertura de nuestra garant\u00eda, c\u00f3mo presentar una reclamaci\u00f3n o cualquier otra pregunta, ponte en contacto con nosotros.<\/p>\n\t\t\t\t\t\t\t\t<\/div>\n\t\t\t\t<\/div>\n\t\t\t\t\t<\/div>\n\t\t<\/div>\n\t\t\t\t\t<\/div>\n\t\t<\/section>\n\t\t\t\t<section class=\"elementor-section elementor-top-section elementor-element elementor-element-7ef86bc8 elementor-section-boxed elementor-section-height-default elementor-section-height-default sc_fly_static\" data-id=\"7ef86bc8\" data-element_type=\"section\">\n\t\t\t\t\t\t<div class=\"elementor-container elementor-column-gap-extended\">\n\t\t\t\t\t<div class=\"elementor-column elementor-col-100 elementor-top-column elementor-element elementor-element-19372eea sc_content_align_inherit sc_layouts_column_icons_position_left sc_fly_static\" data-id=\"19372eea\" data-element_type=\"column\">\n\t\t\t<div class=\"elementor-widget-wrap elementor-element-populated\">\n\t\t\t\t\t\t<div class=\"elementor-element elementor-element-690b98ed sc_fly_static elementor-widget elementor-widget-spacer\" data-id=\"690b98ed\" data-element_type=\"widget\" data-widget_type=\"spacer.default\">\n\t\t\t\t<div class=\"elementor-widget-container\">\n\t\t\t\t\t\t\t<div class=\"elementor-spacer\">\n\t\t\t<div class=\"elementor-spacer-inner\"><\/div>\n\t\t<\/div>\n\t\t\t\t\t\t<\/div>\n\t\t\t\t<\/div>\n\t\t\t\t\t<\/div>\n\t\t<\/div>\n\t\t\t\t\t<\/div>\n\t\t<\/section>\n\t\t\t\t<\/div>\n\t\t","protected":false},"excerpt":{"rendered":"<p>Garant\u00edas LifeWellness est\u00e1 comprometida con la calidad y fiabilidad de nuestros productos de salud y bienestar. Esta Pol\u00edtica de Garant\u00edas describe la cobertura de la garant\u00eda que te proporcionamos como&hellip;<\/p>\n","protected":false},"author":1,"featured_media":0,"parent":0,"menu_order":0,"comment_status":"closed","ping_status":"closed","template":"","meta":{"_monsterinsights_skip_tracking":false,"_monsterinsights_sitenote_active":false,"_monsterinsights_sitenote_note":"","_monsterinsights_sitenote_category":0,"footnotes":""},"class_list":["post-31200","page","type-page","status-publish","hentry"],"yoast_head":"<!-- This site is optimized with the Yoast SEO plugin v26.6 - https:\/\/yoast.com\/wordpress\/plugins\/seo\/ -->\n<title>Garant\u00edas - Life Wellness<\/title>\n<meta name=\"robots\" content=\"index, follow, max-snippet:-1, max-image-preview:large, max-video-preview:-1\" \/>\n<link rel=\"canonical\" href=\"https:\/\/life-wellness.eu\/es\/garantias\/\" \/>\n<meta property=\"og:locale\" content=\"es_ES\" \/>\n<meta property=\"og:type\" content=\"article\" \/>\n<meta property=\"og:title\" content=\"Garant\u00edas - Life Wellness\" \/>\n<meta property=\"og:description\" content=\"Garant\u00edas LifeWellness est\u00e1 comprometida con la calidad y fiabilidad de nuestros productos de salud y bienestar. Esta Pol\u00edtica de Garant\u00edas describe la cobertura de la garant\u00eda que te proporcionamos como&hellip;\" \/>\n<meta property=\"og:url\" content=\"https:\/\/life-wellness.eu\/es\/garantias\/\" \/>\n<meta property=\"og:site_name\" content=\"Life Wellness\" \/>\n<meta property=\"article:publisher\" content=\"https:\/\/www.facebook.com\/grupofiltrarte\" \/>\n<meta property=\"article:modified_time\" content=\"2024-11-14T16:02:04+00:00\" \/>\n<meta property=\"og:image\" content=\"https:\/\/life-wellness.eu\/wp-content\/uploads\/2025\/01\/LifeWellness-1.png\" \/>\n\t<meta property=\"og:image:width\" content=\"1051\" \/>\n\t<meta property=\"og:image:height\" content=\"590\" \/>\n\t<meta property=\"og:image:type\" content=\"image\/png\" \/>\n<meta name=\"twitter:card\" content=\"summary_large_image\" \/>\n<meta name=\"twitter:label1\" content=\"Tiempo de lectura\" \/>\n\t<meta name=\"twitter:data1\" content=\"3 minutos\" \/>\n<script type=\"application\/ld+json\" class=\"yoast-schema-graph\">{\"@context\":\"https:\/\/schema.org\",\"@graph\":[{\"@type\":\"WebPage\",\"@id\":\"https:\/\/life-wellness.eu\/es\/garantias\/\",\"url\":\"https:\/\/life-wellness.eu\/es\/garantias\/\",\"name\":\"Garant\u00edas - Life Wellness\",\"isPartOf\":{\"@id\":\"https:\/\/life-wellness.eu\/es\/#website\"},\"datePublished\":\"2024-03-01T16:30:01+00:00\",\"dateModified\":\"2024-11-14T16:02:04+00:00\",\"breadcrumb\":{\"@id\":\"https:\/\/life-wellness.eu\/es\/garantias\/#breadcrumb\"},\"inLanguage\":\"es\",\"potentialAction\":[{\"@type\":\"ReadAction\",\"target\":[\"https:\/\/life-wellness.eu\/es\/garantias\/\"]}]},{\"@type\":\"BreadcrumbList\",\"@id\":\"https:\/\/life-wellness.eu\/es\/garantias\/#breadcrumb\",\"itemListElement\":[{\"@type\":\"ListItem\",\"position\":1,\"name\":\"Home\",\"item\":\"https:\/\/life-wellness.eu\/es\/\"},{\"@type\":\"ListItem\",\"position\":2,\"name\":\"Garant\u00edas\"}]},{\"@type\":\"WebSite\",\"@id\":\"https:\/\/life-wellness.eu\/es\/#website\",\"url\":\"https:\/\/life-wellness.eu\/es\/\",\"name\":\"Life Welness\",\"description\":\"Make your life wellness\",\"publisher\":{\"@id\":\"https:\/\/life-wellness.eu\/es\/#organization\"},\"potentialAction\":[{\"@type\":\"SearchAction\",\"target\":{\"@type\":\"EntryPoint\",\"urlTemplate\":\"https:\/\/life-wellness.eu\/es\/?s={search_term_string}\"},\"query-input\":{\"@type\":\"PropertyValueSpecification\",\"valueRequired\":true,\"valueName\":\"search_term_string\"}}],\"inLanguage\":\"es\"},{\"@type\":\"Organization\",\"@id\":\"https:\/\/life-wellness.eu\/es\/#organization\",\"name\":\"Lar Puro - Artigos de Utilidade Dome\u0301stica Lda\",\"url\":\"https:\/\/life-wellness.eu\/es\/\",\"logo\":{\"@type\":\"ImageObject\",\"inLanguage\":\"es\",\"@id\":\"https:\/\/life-wellness.eu\/es\/#\/schema\/logo\/image\/\",\"url\":\"https:\/\/life-wellness.eu\/wp-content\/uploads\/2024\/03\/logo-life-wellness.png\",\"contentUrl\":\"https:\/\/life-wellness.eu\/wp-content\/uploads\/2024\/03\/logo-life-wellness.png\",\"width\":639,\"height\":437,\"caption\":\"Lar Puro - Artigos de Utilidade Dome\u0301stica Lda\"},\"image\":{\"@id\":\"https:\/\/life-wellness.eu\/es\/#\/schema\/logo\/image\/\"},\"sameAs\":[\"https:\/\/www.facebook.com\/grupofiltrarte\",\"https:\/\/www.instagram.com\/grupofiltrarte\",\"https:\/\/www.linkedin.com\/company\/grupo-filtrarte\/\"]}]}<\/script>\n<!-- \/ Yoast SEO plugin. -->","yoast_head_json":{"title":"Garant\u00edas - Life Wellness","robots":{"index":"index","follow":"follow","max-snippet":"max-snippet:-1","max-image-preview":"max-image-preview:large","max-video-preview":"max-video-preview:-1"},"canonical":"https:\/\/life-wellness.eu\/es\/garantias\/","og_locale":"es_ES","og_type":"article","og_title":"Garant\u00edas - Life Wellness","og_description":"Garant\u00edas LifeWellness est\u00e1 comprometida con la calidad y fiabilidad de nuestros productos de salud y bienestar. Esta Pol\u00edtica de Garant\u00edas describe la cobertura de la garant\u00eda que te proporcionamos como&hellip;","og_url":"https:\/\/life-wellness.eu\/es\/garantias\/","og_site_name":"Life Wellness","article_publisher":"https:\/\/www.facebook.com\/grupofiltrarte","article_modified_time":"2024-11-14T16:02:04+00:00","og_image":[{"width":1051,"height":590,"url":"https:\/\/life-wellness.eu\/wp-content\/uploads\/2025\/01\/LifeWellness-1.png","type":"image\/png"}],"twitter_card":"summary_large_image","twitter_misc":{"Tiempo de lectura":"3 minutos"},"schema":{"@context":"https:\/\/schema.org","@graph":[{"@type":"WebPage","@id":"https:\/\/life-wellness.eu\/es\/garantias\/","url":"https:\/\/life-wellness.eu\/es\/garantias\/","name":"Garant\u00edas - Life Wellness","isPartOf":{"@id":"https:\/\/life-wellness.eu\/es\/#website"},"datePublished":"2024-03-01T16:30:01+00:00","dateModified":"2024-11-14T16:02:04+00:00","breadcrumb":{"@id":"https:\/\/life-wellness.eu\/es\/garantias\/#breadcrumb"},"inLanguage":"es","potentialAction":[{"@type":"ReadAction","target":["https:\/\/life-wellness.eu\/es\/garantias\/"]}]},{"@type":"BreadcrumbList","@id":"https:\/\/life-wellness.eu\/es\/garantias\/#breadcrumb","itemListElement":[{"@type":"ListItem","position":1,"name":"Home","item":"https:\/\/life-wellness.eu\/es\/"},{"@type":"ListItem","position":2,"name":"Garant\u00edas"}]},{"@type":"WebSite","@id":"https:\/\/life-wellness.eu\/es\/#website","url":"https:\/\/life-wellness.eu\/es\/","name":"Life Welness","description":"Make your life wellness","publisher":{"@id":"https:\/\/life-wellness.eu\/es\/#organization"},"potentialAction":[{"@type":"SearchAction","target":{"@type":"EntryPoint","urlTemplate":"https:\/\/life-wellness.eu\/es\/?s={search_term_string}"},"query-input":{"@type":"PropertyValueSpecification","valueRequired":true,"valueName":"search_term_string"}}],"inLanguage":"es"},{"@type":"Organization","@id":"https:\/\/life-wellness.eu\/es\/#organization","name":"Lar Puro - Artigos de Utilidade Dome\u0301stica Lda","url":"https:\/\/life-wellness.eu\/es\/","logo":{"@type":"ImageObject","inLanguage":"es","@id":"https:\/\/life-wellness.eu\/es\/#\/schema\/logo\/image\/","url":"https:\/\/life-wellness.eu\/wp-content\/uploads\/2024\/03\/logo-life-wellness.png","contentUrl":"https:\/\/life-wellness.eu\/wp-content\/uploads\/2024\/03\/logo-life-wellness.png","width":639,"height":437,"caption":"Lar Puro - Artigos de Utilidade Dome\u0301stica Lda"},"image":{"@id":"https:\/\/life-wellness.eu\/es\/#\/schema\/logo\/image\/"},"sameAs":["https:\/\/www.facebook.com\/grupofiltrarte","https:\/\/www.instagram.com\/grupofiltrarte","https:\/\/www.linkedin.com\/company\/grupo-filtrarte\/"]}]}},"_links":{"self":[{"href":"https:\/\/life-wellness.eu\/es\/wp-json\/wp\/v2\/pages\/31200","targetHints":{"allow":["GET"]}}],"collection":[{"href":"https:\/\/life-wellness.eu\/es\/wp-json\/wp\/v2\/pages"}],"about":[{"href":"https:\/\/life-wellness.eu\/es\/wp-json\/wp\/v2\/types\/page"}],"author":[{"embeddable":true,"href":"https:\/\/life-wellness.eu\/es\/wp-json\/wp\/v2\/users\/1"}],"replies":[{"embeddable":true,"href":"https:\/\/life-wellness.eu\/es\/wp-json\/wp\/v2\/comments?post=31200"}],"version-history":[{"count":1,"href":"https:\/\/life-wellness.eu\/es\/wp-json\/wp\/v2\/pages\/31200\/revisions"}],"predecessor-version":[{"id":31206,"href":"https:\/\/life-wellness.eu\/es\/wp-json\/wp\/v2\/pages\/31200\/revisions\/31206"}],"wp:attachment":[{"href":"https:\/\/life-wellness.eu\/es\/wp-json\/wp\/v2\/media?parent=31200"}],"curies":[{"name":"wp","href":"https:\/\/api.w.org\/{rel}","templated":true}]}}