{"id":30857,"date":"2024-10-07T20:36:57","date_gmt":"2024-10-07T20:36:57","guid":{"rendered":"https:\/\/life-wellness.eu\/product\/2-almohadas-viscoelasticas-dreamline\/"},"modified":"2025-03-29T12:24:15","modified_gmt":"2025-03-29T12:24:15","slug":"2-almohadas-viscoelasticas-dreamline","status":"publish","type":"product","link":"https:\/\/life-wellness.eu\/es\/producto\/2-almohadas-viscoelasticas-dreamline\/","title":{"rendered":"2 almohadas viscoel\u00e1sticas Dreamline"},"content":{"rendered":"<h3 class=\"p1\"><b>Transforma tu sue\u00f1o con la almohada de espuma con memoria Dreamline<\/b><\/h3>\n<div class=\"elementor-element elementor-element-aa3c82b animation_type_block sc_fly_static elementor-widget elementor-widget-text-editor trx_addons_parallax_layers_inited trx_addons_parallax_blocks_inited animated air-supply-fadeinup\" data-id=\"aa3c82b\" data-element_type=\"widget\" data-settings=\"{\" data-widget_type=\"text-editor.default\">\n<div class=\"elementor-widget-container\">\n<p class=\"p1\">La <b>almohada de espuma con memoria Dreamline<\/b> es algo m\u00e1s que una almohada: es una parte vital de una rutina de sue\u00f1o reparador y reparador. Dise\u00f1ada para favorecer una postura correcta adapt\u00e1ndose a la forma y el peso de la cabeza de cada persona, esta almohada favorece un sue\u00f1o mejor, ayudando a equilibrar los niveles hormonales, fortalecer el sistema inmunitario y prevenir problemas de columna.<\/p>\n<p>&nbsp;<\/p>\n<\/div>\n<\/div>\n<div class=\"elementor-element elementor-element-aa3c82b animation_type_block sc_fly_static elementor-widget elementor-widget-text-editor trx_addons_parallax_layers_inited trx_addons_parallax_blocks_inited animated air-supply-fadeinup\" data-id=\"aa3c82b\" data-element_type=\"widget\" data-settings=\"{\" data-widget_type=\"text-editor.default\">\n<div class=\"elementor-widget-container\">\n<h6 class=\"p1\"><b>Caracter\u00edsticas principales<\/b>:<\/h6>\n<ul>\n<li>\n<p class=\"p1\"><b>Dise\u00f1o ergon\u00f3mico<\/b> para una alineaci\u00f3n ideal del cuello y la columna vertebral<\/p>\n<\/li>\n<li>\n<p class=\"p1\"><b>Temperatura neutra<\/b> para mantenerte c\u00f3modo toda la noche<\/p>\n<\/li>\n<li>\n<p class=\"p1\"><b>Reversible<\/b> para un uso vers\u00e1til<\/p>\n<\/li>\n<li>\n<p class=\"p1\"><b>Sin ruido<\/b> para un sue\u00f1o ininterrumpido<\/p>\n<\/li>\n<\/ul>\n<\/div>\n<\/div>\n","protected":false},"excerpt":{"rendered":"<p>La <b>almohada de espuma con memoria Dreamline<\/b> es algo m\u00e1s que una almohada: es una parte vital de una rutina de sue\u00f1o reparador y reparador. Dise\u00f1ada para favorecer una postura correcta adapt\u00e1ndose a la forma y el peso de la cabeza de cada persona, esta almohada favorece un sue\u00f1o mejor, ayudando a equilibrar los niveles hormonales, fortalecer el sistema inmunitario y prevenir problemas de columna.<\/p>\n","protected":false},"featured_media":30840,"template":"","meta":{"_monsterinsights_skip_tracking":false,"_monsterinsights_sitenote_active":false,"_monsterinsights_sitenote_note":"","_monsterinsights_sitenote_category":0},"product_brand":[],"product_cat":[294],"product_tag":[295,304,296],"class_list":{"0":"post-30857","1":"product","2":"type-product","3":"status-publish","4":"has-post-thumbnail","6":"product_cat-bienestar","7":"product_tag-bienestar","8":"product_tag-cuerpo","9":"product_tag-duerme","11":"first","12":"instock","13":"taxable","14":"shipping-taxable","15":"product-type-variable"},"yoast_head":"<!-- This site is optimized with the Yoast SEO plugin v26.6 - https:\/\/yoast.com\/wordpress\/plugins\/seo\/ -->\n<title>2 almohadas viscoel\u00e1sticas Dreamline - Life Wellness<\/title>\n<meta name=\"robots\" content=\"index, follow, max-snippet:-1, max-image-preview:large, max-video-preview:-1\" \/>\n<link rel=\"canonical\" href=\"https:\/\/life-wellness.eu\/es\/producto\/2-almohadas-viscoelasticas-dreamline\/\" \/>\n<meta property=\"og:locale\" content=\"es_ES\" \/>\n<meta property=\"og:type\" content=\"article\" \/>\n<meta property=\"og:title\" content=\"2 almohadas viscoel\u00e1sticas Dreamline - Life Wellness\" \/>\n<meta property=\"og:description\" content=\"La almohada de espuma con memoria Dreamline es algo m\u00e1s que una almohada: es una parte vital de una rutina de sue\u00f1o reparador y reparador. Dise\u00f1ada para favorecer una postura correcta adapt\u00e1ndose a la forma y el peso de la cabeza de cada persona, esta almohada favorece un sue\u00f1o mejor, ayudando a equilibrar los niveles hormonales, fortalecer el sistema inmunitario y prevenir problemas de columna.\" \/>\n<meta property=\"og:url\" content=\"https:\/\/life-wellness.eu\/es\/producto\/2-almohadas-viscoelasticas-dreamline\/\" \/>\n<meta property=\"og:site_name\" content=\"Life Wellness\" \/>\n<meta property=\"article:publisher\" content=\"https:\/\/www.facebook.com\/grupofiltrarte\" \/>\n<meta property=\"article:modified_time\" content=\"2025-03-29T12:24:15+00:00\" \/>\n<meta property=\"og:image\" content=\"https:\/\/life-wellness.eu\/wp-content\/uploads\/2024\/10\/wellbeing-2pillows-v2.jpg\" \/>\n\t<meta property=\"og:image:width\" content=\"1350\" \/>\n\t<meta property=\"og:image:height\" content=\"1350\" \/>\n\t<meta property=\"og:image:type\" content=\"image\/jpeg\" \/>\n<meta name=\"twitter:card\" content=\"summary_large_image\" \/>\n<meta name=\"twitter:label1\" content=\"Tiempo de lectura\" \/>\n\t<meta name=\"twitter:data1\" content=\"1 minuto\" \/>\n<script type=\"application\/ld+json\" class=\"yoast-schema-graph\">{\"@context\":\"https:\/\/schema.org\",\"@graph\":[{\"@type\":\"WebPage\",\"@id\":\"https:\/\/life-wellness.eu\/es\/producto\/2-almohadas-viscoelasticas-dreamline\/\",\"url\":\"https:\/\/life-wellness.eu\/es\/producto\/2-almohadas-viscoelasticas-dreamline\/\",\"name\":\"2 almohadas viscoel\u00e1sticas Dreamline - Life Wellness\",\"isPartOf\":{\"@id\":\"https:\/\/life-wellness.eu\/es\/#website\"},\"primaryImageOfPage\":{\"@id\":\"https:\/\/life-wellness.eu\/es\/producto\/2-almohadas-viscoelasticas-dreamline\/#primaryimage\"},\"image\":{\"@id\":\"https:\/\/life-wellness.eu\/es\/producto\/2-almohadas-viscoelasticas-dreamline\/#primaryimage\"},\"thumbnailUrl\":\"https:\/\/life-wellness.eu\/wp-content\/uploads\/2024\/10\/wellbeing-2pillows-v2.jpg\",\"datePublished\":\"2024-10-07T20:36:57+00:00\",\"dateModified\":\"2025-03-29T12:24:15+00:00\",\"breadcrumb\":{\"@id\":\"https:\/\/life-wellness.eu\/es\/producto\/2-almohadas-viscoelasticas-dreamline\/#breadcrumb\"},\"inLanguage\":\"es\",\"potentialAction\":[{\"@type\":\"ReadAction\",\"target\":[\"https:\/\/life-wellness.eu\/es\/producto\/2-almohadas-viscoelasticas-dreamline\/\"]}]},{\"@type\":\"ImageObject\",\"inLanguage\":\"es\",\"@id\":\"https:\/\/life-wellness.eu\/es\/producto\/2-almohadas-viscoelasticas-dreamline\/#primaryimage\",\"url\":\"https:\/\/life-wellness.eu\/wp-content\/uploads\/2024\/10\/wellbeing-2pillows-v2.jpg\",\"contentUrl\":\"https:\/\/life-wellness.eu\/wp-content\/uploads\/2024\/10\/wellbeing-2pillows-v2.jpg\",\"width\":1350,\"height\":1350},{\"@type\":\"BreadcrumbList\",\"@id\":\"https:\/\/life-wellness.eu\/es\/producto\/2-almohadas-viscoelasticas-dreamline\/#breadcrumb\",\"itemListElement\":[{\"@type\":\"ListItem\",\"position\":1,\"name\":\"Home\",\"item\":\"https:\/\/life-wellness.eu\/es\/\"},{\"@type\":\"ListItem\",\"position\":2,\"name\":\"Shop\",\"item\":\"https:\/\/life-wellness.eu\/shop\/\"},{\"@type\":\"ListItem\",\"position\":3,\"name\":\"2 almohadas viscoel\u00e1sticas Dreamline\"}]},{\"@type\":\"WebSite\",\"@id\":\"https:\/\/life-wellness.eu\/es\/#website\",\"url\":\"https:\/\/life-wellness.eu\/es\/\",\"name\":\"Life Welness\",\"description\":\"Make your life wellness\",\"publisher\":{\"@id\":\"https:\/\/life-wellness.eu\/es\/#organization\"},\"potentialAction\":[{\"@type\":\"SearchAction\",\"target\":{\"@type\":\"EntryPoint\",\"urlTemplate\":\"https:\/\/life-wellness.eu\/es\/?s={search_term_string}\"},\"query-input\":{\"@type\":\"PropertyValueSpecification\",\"valueRequired\":true,\"valueName\":\"search_term_string\"}}],\"inLanguage\":\"es\"},{\"@type\":\"Organization\",\"@id\":\"https:\/\/life-wellness.eu\/es\/#organization\",\"name\":\"Lar Puro - Artigos de Utilidade Dome\u0301stica Lda\",\"url\":\"https:\/\/life-wellness.eu\/es\/\",\"logo\":{\"@type\":\"ImageObject\",\"inLanguage\":\"es\",\"@id\":\"https:\/\/life-wellness.eu\/es\/#\/schema\/logo\/image\/\",\"url\":\"https:\/\/life-wellness.eu\/wp-content\/uploads\/2024\/03\/logo-life-wellness.png\",\"contentUrl\":\"https:\/\/life-wellness.eu\/wp-content\/uploads\/2024\/03\/logo-life-wellness.png\",\"width\":639,\"height\":437,\"caption\":\"Lar Puro - Artigos de Utilidade Dome\u0301stica Lda\"},\"image\":{\"@id\":\"https:\/\/life-wellness.eu\/es\/#\/schema\/logo\/image\/\"},\"sameAs\":[\"https:\/\/www.facebook.com\/grupofiltrarte\",\"https:\/\/www.instagram.com\/grupofiltrarte\",\"https:\/\/www.linkedin.com\/company\/grupo-filtrarte\/\"]}]}<\/script>\n<!-- \/ Yoast SEO plugin. -->","yoast_head_json":{"title":"2 almohadas viscoel\u00e1sticas Dreamline - Life Wellness","robots":{"index":"index","follow":"follow","max-snippet":"max-snippet:-1","max-image-preview":"max-image-preview:large","max-video-preview":"max-video-preview:-1"},"canonical":"https:\/\/life-wellness.eu\/es\/producto\/2-almohadas-viscoelasticas-dreamline\/","og_locale":"es_ES","og_type":"article","og_title":"2 almohadas viscoel\u00e1sticas Dreamline - Life Wellness","og_description":"La almohada de espuma con memoria Dreamline es algo m\u00e1s que una almohada: es una parte vital de una rutina de sue\u00f1o reparador y reparador. Dise\u00f1ada para favorecer una postura correcta adapt\u00e1ndose a la forma y el peso de la cabeza de cada persona, esta almohada favorece un sue\u00f1o mejor, ayudando a equilibrar los niveles hormonales, fortalecer el sistema inmunitario y prevenir problemas de columna.","og_url":"https:\/\/life-wellness.eu\/es\/producto\/2-almohadas-viscoelasticas-dreamline\/","og_site_name":"Life Wellness","article_publisher":"https:\/\/www.facebook.com\/grupofiltrarte","article_modified_time":"2025-03-29T12:24:15+00:00","og_image":[{"width":1350,"height":1350,"url":"https:\/\/life-wellness.eu\/wp-content\/uploads\/2024\/10\/wellbeing-2pillows-v2.jpg","type":"image\/jpeg"}],"twitter_card":"summary_large_image","twitter_misc":{"Tiempo de lectura":"1 minuto"},"schema":{"@context":"https:\/\/schema.org","@graph":[{"@type":"WebPage","@id":"https:\/\/life-wellness.eu\/es\/producto\/2-almohadas-viscoelasticas-dreamline\/","url":"https:\/\/life-wellness.eu\/es\/producto\/2-almohadas-viscoelasticas-dreamline\/","name":"2 almohadas viscoel\u00e1sticas Dreamline - Life Wellness","isPartOf":{"@id":"https:\/\/life-wellness.eu\/es\/#website"},"primaryImageOfPage":{"@id":"https:\/\/life-wellness.eu\/es\/producto\/2-almohadas-viscoelasticas-dreamline\/#primaryimage"},"image":{"@id":"https:\/\/life-wellness.eu\/es\/producto\/2-almohadas-viscoelasticas-dreamline\/#primaryimage"},"thumbnailUrl":"https:\/\/life-wellness.eu\/wp-content\/uploads\/2024\/10\/wellbeing-2pillows-v2.jpg","datePublished":"2024-10-07T20:36:57+00:00","dateModified":"2025-03-29T12:24:15+00:00","breadcrumb":{"@id":"https:\/\/life-wellness.eu\/es\/producto\/2-almohadas-viscoelasticas-dreamline\/#breadcrumb"},"inLanguage":"es","potentialAction":[{"@type":"ReadAction","target":["https:\/\/life-wellness.eu\/es\/producto\/2-almohadas-viscoelasticas-dreamline\/"]}]},{"@type":"ImageObject","inLanguage":"es","@id":"https:\/\/life-wellness.eu\/es\/producto\/2-almohadas-viscoelasticas-dreamline\/#primaryimage","url":"https:\/\/life-wellness.eu\/wp-content\/uploads\/2024\/10\/wellbeing-2pillows-v2.jpg","contentUrl":"https:\/\/life-wellness.eu\/wp-content\/uploads\/2024\/10\/wellbeing-2pillows-v2.jpg","width":1350,"height":1350},{"@type":"BreadcrumbList","@id":"https:\/\/life-wellness.eu\/es\/producto\/2-almohadas-viscoelasticas-dreamline\/#breadcrumb","itemListElement":[{"@type":"ListItem","position":1,"name":"Home","item":"https:\/\/life-wellness.eu\/es\/"},{"@type":"ListItem","position":2,"name":"Shop","item":"https:\/\/life-wellness.eu\/shop\/"},{"@type":"ListItem","position":3,"name":"2 almohadas viscoel\u00e1sticas Dreamline"}]},{"@type":"WebSite","@id":"https:\/\/life-wellness.eu\/es\/#website","url":"https:\/\/life-wellness.eu\/es\/","name":"Life Welness","description":"Make your life wellness","publisher":{"@id":"https:\/\/life-wellness.eu\/es\/#organization"},"potentialAction":[{"@type":"SearchAction","target":{"@type":"EntryPoint","urlTemplate":"https:\/\/life-wellness.eu\/es\/?s={search_term_string}"},"query-input":{"@type":"PropertyValueSpecification","valueRequired":true,"valueName":"search_term_string"}}],"inLanguage":"es"},{"@type":"Organization","@id":"https:\/\/life-wellness.eu\/es\/#organization","name":"Lar Puro - Artigos de Utilidade Dome\u0301stica Lda","url":"https:\/\/life-wellness.eu\/es\/","logo":{"@type":"ImageObject","inLanguage":"es","@id":"https:\/\/life-wellness.eu\/es\/#\/schema\/logo\/image\/","url":"https:\/\/life-wellness.eu\/wp-content\/uploads\/2024\/03\/logo-life-wellness.png","contentUrl":"https:\/\/life-wellness.eu\/wp-content\/uploads\/2024\/03\/logo-life-wellness.png","width":639,"height":437,"caption":"Lar Puro - Artigos de Utilidade Dome\u0301stica Lda"},"image":{"@id":"https:\/\/life-wellness.eu\/es\/#\/schema\/logo\/image\/"},"sameAs":["https:\/\/www.facebook.com\/grupofiltrarte","https:\/\/www.instagram.com\/grupofiltrarte","https:\/\/www.linkedin.com\/company\/grupo-filtrarte\/"]}]}},"_links":{"self":[{"href":"https:\/\/life-wellness.eu\/es\/wp-json\/wp\/v2\/product\/30857","targetHints":{"allow":["GET"]}}],"collection":[{"href":"https:\/\/life-wellness.eu\/es\/wp-json\/wp\/v2\/product"}],"about":[{"href":"https:\/\/life-wellness.eu\/es\/wp-json\/wp\/v2\/types\/product"}],"wp:featuredmedia":[{"embeddable":true,"href":"https:\/\/life-wellness.eu\/es\/wp-json\/wp\/v2\/media\/30840"}],"wp:attachment":[{"href":"https:\/\/life-wellness.eu\/es\/wp-json\/wp\/v2\/media?parent=30857"}],"wp:term":[{"taxonomy":"product_brand","embeddable":true,"href":"https:\/\/life-wellness.eu\/es\/wp-json\/wp\/v2\/product_brand?post=30857"},{"taxonomy":"product_cat","embeddable":true,"href":"https:\/\/life-wellness.eu\/es\/wp-json\/wp\/v2\/product_cat?post=30857"},{"taxonomy":"product_tag","embeddable":true,"href":"https:\/\/life-wellness.eu\/es\/wp-json\/wp\/v2\/product_tag?post=30857"}],"curies":[{"name":"wp","href":"https:\/\/api.w.org\/{rel}","templated":true}]}}