{"id":30876,"date":"2024-10-10T11:34:07","date_gmt":"2024-10-10T11:34:07","guid":{"rendered":"https:\/\/life-wellness.eu\/product\/colchon-seacell-para-gatos-edicion-especial\/"},"modified":"2025-02-17T16:32:35","modified_gmt":"2025-02-17T16:32:35","slug":"colchon-seacell-para-gatos-edicion-especial","status":"publish","type":"product","link":"https:\/\/life-wellness.eu\/es\/producto\/colchon-seacell-para-gatos-edicion-especial\/","title":{"rendered":"Colch\u00f3n Seacell para gatos &#8211; Edici\u00f3n especial"},"content":{"rendered":"<h3 class=\"p1\"><b>Colch\u00f3n premium para gatos &#8211; Edici\u00f3n especial de lujo<\/b><\/h3>\n<div class=\"elementor-element elementor-element-aa3c82b animation_type_block sc_fly_static elementor-widget elementor-widget-text-editor trx_addons_parallax_layers_inited trx_addons_parallax_blocks_inited animated air-supply-fadeinup\" data-id=\"aa3c82b\" data-element_type=\"widget\" data-settings=\"{\" data-widget_type=\"text-editor.default\">\n<div class=\"elementor-widget-container\">\n<p class=\"p1\">Proporciona a tu gato el m\u00e1ximo confort y protecci\u00f3n con el <b>Colch\u00f3n Premium Pet Lovers &#8211; Edici\u00f3n Especial para Gatos<\/b>. Dise\u00f1ado con tecnolog\u00edas innovadoras y materiales de alta calidad, este colch\u00f3n proporciona a tu mascota una experiencia de descanso lujosa y funcional.<\/p>\n<p class=\"p3\">&#8211;<b>Tejido de<\/b> cachemira: Lujosamente suave, ofrece una excelente protecci\u00f3n t\u00e9rmica tanto en condiciones de fr\u00edo como de calor. El tejido es c\u00e1lido, super sedoso, fino e incre\u00edblemente suave, con la m\u00e1xima transpirabilidad, lo que garantiza un espacio acogedor y transpirable para tu gato.<\/p>\n<p class=\"p3\"><b>-Tecnolog\u00eda<\/b> SeaCell: Fabricado con fibras de celulosa enriquecidas con algas marinas, este tejido favorece el bienestar de la piel. Sus propiedades antioxidantes y antiinflamatorias ayudan a mantener fresca y rejuvenecida la piel de tu gato. La fibra SeaCell se produce de forma sostenible a partir de materias primas renovables, por lo que es ecol\u00f3gica, neutra en carbono y totalmente biodegradable.<\/p>\n<p class=\"p3\"><b>-Acabado<\/b> antibacteriano<b>(Ultra-Fresh)<\/b>: Este tratamiento antimicrobiano impide la proliferaci\u00f3n de bacterias y hongos responsables de los malos olores y las manchas. Seguro, duradero y responsable con el medio ambiente, ayuda a mantener el colch\u00f3n fresco y limpio durante m\u00e1s tiempo.<\/p>\n<p class=\"p3\">&#8211;<b>Espuma<\/b> Energgex\u2122: Espuma viscoel\u00e1stica con una r\u00e1pida respuesta de recuperaci\u00f3n, que proporciona alivio de la presi\u00f3n con un rebote m\u00e1s r\u00e1pido. En funci\u00f3n del calor corporal, la espuma Energex\u2122 se vuelve m\u00e1s o menos el\u00e1stica, proporcionando a tu gato un confort personalizado para un sue\u00f1o relajante.<\/p>\n<p class=\"p1\"><b>Dimensiones<\/b>: 60x14x40 cm &#8211; Perfecto para gatos de todos los tama\u00f1os.<\/p>\n<\/div>\n<\/div>\n","protected":false},"excerpt":{"rendered":"<p class=\"p1\">El <b>Colch\u00f3n Premium para Gatos &#8211; Edici\u00f3n de Lujo<\/b> incorpora tejido de cachemira de alta calidad, tecnolog\u00eda SeaCell y espuma Energex\u2122 para garantizar el m\u00e1ximo confort y bienestar a tu gato. Con un acabado antibacteriano, este colch\u00f3n se mantiene fresco y limpio con el paso del tiempo.<\/p>\n","protected":false},"featured_media":30835,"template":"","meta":{"_monsterinsights_skip_tracking":false,"_monsterinsights_sitenote_active":false,"_monsterinsights_sitenote_note":"","_monsterinsights_sitenote_category":0},"product_brand":[],"product_cat":[294],"product_tag":[295,296,297],"class_list":{"0":"post-30876","1":"product","2":"type-product","3":"status-publish","4":"has-post-thumbnail","6":"product_cat-bienestar","7":"product_tag-bienestar","8":"product_tag-duerme","9":"product_tag-mascota","11":"first","12":"instock","13":"taxable","14":"shipping-taxable","15":"product-type-simple"},"yoast_head":"<!-- This site is optimized with the Yoast SEO plugin v26.6 - https:\/\/yoast.com\/wordpress\/plugins\/seo\/ -->\n<title>Colch\u00f3n Seacell para gatos - Edici\u00f3n especial - Life Wellness<\/title>\n<meta name=\"robots\" content=\"index, follow, max-snippet:-1, max-image-preview:large, max-video-preview:-1\" \/>\n<link rel=\"canonical\" href=\"https:\/\/life-wellness.eu\/es\/producto\/colchon-seacell-para-gatos-edicion-especial\/\" \/>\n<meta property=\"og:locale\" content=\"es_ES\" \/>\n<meta property=\"og:type\" content=\"article\" \/>\n<meta property=\"og:title\" content=\"Colch\u00f3n Seacell para gatos - Edici\u00f3n especial - Life Wellness\" \/>\n<meta property=\"og:description\" content=\"El Colch\u00f3n Premium para Gatos - Edici\u00f3n de Lujo incorpora tejido de cachemira de alta calidad, tecnolog\u00eda SeaCell y espuma Energex\u2122 para garantizar el m\u00e1ximo confort y bienestar a tu gato. Con un acabado antibacteriano, este colch\u00f3n se mantiene fresco y limpio con el paso del tiempo.\" \/>\n<meta property=\"og:url\" content=\"https:\/\/life-wellness.eu\/es\/producto\/colchon-seacell-para-gatos-edicion-especial\/\" \/>\n<meta property=\"og:site_name\" content=\"Life Wellness\" \/>\n<meta property=\"article:publisher\" content=\"https:\/\/www.facebook.com\/grupofiltrarte\" \/>\n<meta property=\"article:modified_time\" content=\"2025-02-17T16:32:35+00:00\" \/>\n<meta property=\"og:image\" content=\"https:\/\/life-wellness.eu\/wp-content\/uploads\/2024\/11\/colchao-gato-vista-6.jpg\" \/>\n\t<meta property=\"og:image:width\" content=\"1350\" \/>\n\t<meta property=\"og:image:height\" content=\"1350\" \/>\n\t<meta property=\"og:image:type\" content=\"image\/jpeg\" \/>\n<meta name=\"twitter:card\" content=\"summary_large_image\" \/>\n<meta name=\"twitter:label1\" content=\"Tiempo de lectura\" \/>\n\t<meta name=\"twitter:data1\" content=\"2 minutos\" \/>\n<script type=\"application\/ld+json\" class=\"yoast-schema-graph\">{\"@context\":\"https:\/\/schema.org\",\"@graph\":[{\"@type\":\"WebPage\",\"@id\":\"https:\/\/life-wellness.eu\/es\/producto\/colchon-seacell-para-gatos-edicion-especial\/\",\"url\":\"https:\/\/life-wellness.eu\/es\/producto\/colchon-seacell-para-gatos-edicion-especial\/\",\"name\":\"Colch\u00f3n Seacell para gatos - Edici\u00f3n especial - Life Wellness\",\"isPartOf\":{\"@id\":\"https:\/\/life-wellness.eu\/es\/#website\"},\"primaryImageOfPage\":{\"@id\":\"https:\/\/life-wellness.eu\/es\/producto\/colchon-seacell-para-gatos-edicion-especial\/#primaryimage\"},\"image\":{\"@id\":\"https:\/\/life-wellness.eu\/es\/producto\/colchon-seacell-para-gatos-edicion-especial\/#primaryimage\"},\"thumbnailUrl\":\"https:\/\/life-wellness.eu\/wp-content\/uploads\/2024\/11\/colchao-gato-vista-6.jpg\",\"datePublished\":\"2024-10-10T11:34:07+00:00\",\"dateModified\":\"2025-02-17T16:32:35+00:00\",\"breadcrumb\":{\"@id\":\"https:\/\/life-wellness.eu\/es\/producto\/colchon-seacell-para-gatos-edicion-especial\/#breadcrumb\"},\"inLanguage\":\"es\",\"potentialAction\":[{\"@type\":\"ReadAction\",\"target\":[\"https:\/\/life-wellness.eu\/es\/producto\/colchon-seacell-para-gatos-edicion-especial\/\"]}]},{\"@type\":\"ImageObject\",\"inLanguage\":\"es\",\"@id\":\"https:\/\/life-wellness.eu\/es\/producto\/colchon-seacell-para-gatos-edicion-especial\/#primaryimage\",\"url\":\"https:\/\/life-wellness.eu\/wp-content\/uploads\/2024\/11\/colchao-gato-vista-6.jpg\",\"contentUrl\":\"https:\/\/life-wellness.eu\/wp-content\/uploads\/2024\/11\/colchao-gato-vista-6.jpg\",\"width\":1350,\"height\":1350},{\"@type\":\"BreadcrumbList\",\"@id\":\"https:\/\/life-wellness.eu\/es\/producto\/colchon-seacell-para-gatos-edicion-especial\/#breadcrumb\",\"itemListElement\":[{\"@type\":\"ListItem\",\"position\":1,\"name\":\"Home\",\"item\":\"https:\/\/life-wellness.eu\/es\/\"},{\"@type\":\"ListItem\",\"position\":2,\"name\":\"Shop\",\"item\":\"https:\/\/life-wellness.eu\/shop\/\"},{\"@type\":\"ListItem\",\"position\":3,\"name\":\"Colch\u00f3n Seacell para gatos &#8211; Edici\u00f3n especial\"}]},{\"@type\":\"WebSite\",\"@id\":\"https:\/\/life-wellness.eu\/es\/#website\",\"url\":\"https:\/\/life-wellness.eu\/es\/\",\"name\":\"Life Welness\",\"description\":\"Make your life wellness\",\"publisher\":{\"@id\":\"https:\/\/life-wellness.eu\/es\/#organization\"},\"potentialAction\":[{\"@type\":\"SearchAction\",\"target\":{\"@type\":\"EntryPoint\",\"urlTemplate\":\"https:\/\/life-wellness.eu\/es\/?s={search_term_string}\"},\"query-input\":{\"@type\":\"PropertyValueSpecification\",\"valueRequired\":true,\"valueName\":\"search_term_string\"}}],\"inLanguage\":\"es\"},{\"@type\":\"Organization\",\"@id\":\"https:\/\/life-wellness.eu\/es\/#organization\",\"name\":\"Lar Puro - Artigos de Utilidade Dome\u0301stica Lda\",\"url\":\"https:\/\/life-wellness.eu\/es\/\",\"logo\":{\"@type\":\"ImageObject\",\"inLanguage\":\"es\",\"@id\":\"https:\/\/life-wellness.eu\/es\/#\/schema\/logo\/image\/\",\"url\":\"https:\/\/life-wellness.eu\/wp-content\/uploads\/2024\/03\/logo-life-wellness.png\",\"contentUrl\":\"https:\/\/life-wellness.eu\/wp-content\/uploads\/2024\/03\/logo-life-wellness.png\",\"width\":639,\"height\":437,\"caption\":\"Lar Puro - Artigos de Utilidade Dome\u0301stica Lda\"},\"image\":{\"@id\":\"https:\/\/life-wellness.eu\/es\/#\/schema\/logo\/image\/\"},\"sameAs\":[\"https:\/\/www.facebook.com\/grupofiltrarte\",\"https:\/\/www.instagram.com\/grupofiltrarte\",\"https:\/\/www.linkedin.com\/company\/grupo-filtrarte\/\"]}]}<\/script>\n<!-- \/ Yoast SEO plugin. -->","yoast_head_json":{"title":"Colch\u00f3n Seacell para gatos - Edici\u00f3n especial - Life Wellness","robots":{"index":"index","follow":"follow","max-snippet":"max-snippet:-1","max-image-preview":"max-image-preview:large","max-video-preview":"max-video-preview:-1"},"canonical":"https:\/\/life-wellness.eu\/es\/producto\/colchon-seacell-para-gatos-edicion-especial\/","og_locale":"es_ES","og_type":"article","og_title":"Colch\u00f3n Seacell para gatos - Edici\u00f3n especial - Life Wellness","og_description":"El Colch\u00f3n Premium para Gatos - Edici\u00f3n de Lujo incorpora tejido de cachemira de alta calidad, tecnolog\u00eda SeaCell y espuma Energex\u2122 para garantizar el m\u00e1ximo confort y bienestar a tu gato. Con un acabado antibacteriano, este colch\u00f3n se mantiene fresco y limpio con el paso del tiempo.","og_url":"https:\/\/life-wellness.eu\/es\/producto\/colchon-seacell-para-gatos-edicion-especial\/","og_site_name":"Life Wellness","article_publisher":"https:\/\/www.facebook.com\/grupofiltrarte","article_modified_time":"2025-02-17T16:32:35+00:00","og_image":[{"width":1350,"height":1350,"url":"https:\/\/life-wellness.eu\/wp-content\/uploads\/2024\/11\/colchao-gato-vista-6.jpg","type":"image\/jpeg"}],"twitter_card":"summary_large_image","twitter_misc":{"Tiempo de lectura":"2 minutos"},"schema":{"@context":"https:\/\/schema.org","@graph":[{"@type":"WebPage","@id":"https:\/\/life-wellness.eu\/es\/producto\/colchon-seacell-para-gatos-edicion-especial\/","url":"https:\/\/life-wellness.eu\/es\/producto\/colchon-seacell-para-gatos-edicion-especial\/","name":"Colch\u00f3n Seacell para gatos - Edici\u00f3n especial - Life Wellness","isPartOf":{"@id":"https:\/\/life-wellness.eu\/es\/#website"},"primaryImageOfPage":{"@id":"https:\/\/life-wellness.eu\/es\/producto\/colchon-seacell-para-gatos-edicion-especial\/#primaryimage"},"image":{"@id":"https:\/\/life-wellness.eu\/es\/producto\/colchon-seacell-para-gatos-edicion-especial\/#primaryimage"},"thumbnailUrl":"https:\/\/life-wellness.eu\/wp-content\/uploads\/2024\/11\/colchao-gato-vista-6.jpg","datePublished":"2024-10-10T11:34:07+00:00","dateModified":"2025-02-17T16:32:35+00:00","breadcrumb":{"@id":"https:\/\/life-wellness.eu\/es\/producto\/colchon-seacell-para-gatos-edicion-especial\/#breadcrumb"},"inLanguage":"es","potentialAction":[{"@type":"ReadAction","target":["https:\/\/life-wellness.eu\/es\/producto\/colchon-seacell-para-gatos-edicion-especial\/"]}]},{"@type":"ImageObject","inLanguage":"es","@id":"https:\/\/life-wellness.eu\/es\/producto\/colchon-seacell-para-gatos-edicion-especial\/#primaryimage","url":"https:\/\/life-wellness.eu\/wp-content\/uploads\/2024\/11\/colchao-gato-vista-6.jpg","contentUrl":"https:\/\/life-wellness.eu\/wp-content\/uploads\/2024\/11\/colchao-gato-vista-6.jpg","width":1350,"height":1350},{"@type":"BreadcrumbList","@id":"https:\/\/life-wellness.eu\/es\/producto\/colchon-seacell-para-gatos-edicion-especial\/#breadcrumb","itemListElement":[{"@type":"ListItem","position":1,"name":"Home","item":"https:\/\/life-wellness.eu\/es\/"},{"@type":"ListItem","position":2,"name":"Shop","item":"https:\/\/life-wellness.eu\/shop\/"},{"@type":"ListItem","position":3,"name":"Colch\u00f3n Seacell para gatos &#8211; Edici\u00f3n especial"}]},{"@type":"WebSite","@id":"https:\/\/life-wellness.eu\/es\/#website","url":"https:\/\/life-wellness.eu\/es\/","name":"Life Welness","description":"Make your life wellness","publisher":{"@id":"https:\/\/life-wellness.eu\/es\/#organization"},"potentialAction":[{"@type":"SearchAction","target":{"@type":"EntryPoint","urlTemplate":"https:\/\/life-wellness.eu\/es\/?s={search_term_string}"},"query-input":{"@type":"PropertyValueSpecification","valueRequired":true,"valueName":"search_term_string"}}],"inLanguage":"es"},{"@type":"Organization","@id":"https:\/\/life-wellness.eu\/es\/#organization","name":"Lar Puro - Artigos de Utilidade Dome\u0301stica Lda","url":"https:\/\/life-wellness.eu\/es\/","logo":{"@type":"ImageObject","inLanguage":"es","@id":"https:\/\/life-wellness.eu\/es\/#\/schema\/logo\/image\/","url":"https:\/\/life-wellness.eu\/wp-content\/uploads\/2024\/03\/logo-life-wellness.png","contentUrl":"https:\/\/life-wellness.eu\/wp-content\/uploads\/2024\/03\/logo-life-wellness.png","width":639,"height":437,"caption":"Lar Puro - Artigos de Utilidade Dome\u0301stica Lda"},"image":{"@id":"https:\/\/life-wellness.eu\/es\/#\/schema\/logo\/image\/"},"sameAs":["https:\/\/www.facebook.com\/grupofiltrarte","https:\/\/www.instagram.com\/grupofiltrarte","https:\/\/www.linkedin.com\/company\/grupo-filtrarte\/"]}]}},"_links":{"self":[{"href":"https:\/\/life-wellness.eu\/es\/wp-json\/wp\/v2\/product\/30876","targetHints":{"allow":["GET"]}}],"collection":[{"href":"https:\/\/life-wellness.eu\/es\/wp-json\/wp\/v2\/product"}],"about":[{"href":"https:\/\/life-wellness.eu\/es\/wp-json\/wp\/v2\/types\/product"}],"wp:featuredmedia":[{"embeddable":true,"href":"https:\/\/life-wellness.eu\/es\/wp-json\/wp\/v2\/media\/30835"}],"wp:attachment":[{"href":"https:\/\/life-wellness.eu\/es\/wp-json\/wp\/v2\/media?parent=30876"}],"wp:term":[{"taxonomy":"product_brand","embeddable":true,"href":"https:\/\/life-wellness.eu\/es\/wp-json\/wp\/v2\/product_brand?post=30876"},{"taxonomy":"product_cat","embeddable":true,"href":"https:\/\/life-wellness.eu\/es\/wp-json\/wp\/v2\/product_cat?post=30876"},{"taxonomy":"product_tag","embeddable":true,"href":"https:\/\/life-wellness.eu\/es\/wp-json\/wp\/v2\/product_tag?post=30876"}],"curies":[{"name":"wp","href":"https:\/\/api.w.org\/{rel}","templated":true}]}}