{"id":30880,"date":"2024-05-03T14:21:08","date_gmt":"2024-05-03T14:21:08","guid":{"rendered":"https:\/\/life-wellness.eu\/product\/ducha-biologica\/"},"modified":"2025-02-17T16:33:59","modified_gmt":"2025-02-17T16:33:59","slug":"ducha-biologica","status":"publish","type":"product","link":"https:\/\/life-wellness.eu\/es\/producto\/ducha-biologica\/","title":{"rendered":"Ducha biol\u00f3gica"},"content":{"rendered":"<h3>Eleva tu rutina de ducha<\/h3>\n<div class=\"elementor-element elementor-element-aa3c82b animation_type_block sc_fly_static elementor-widget elementor-widget-text-editor trx_addons_parallax_layers_inited trx_addons_parallax_blocks_inited animated air-supply-fadeinup\" data-id=\"aa3c82b\" data-element_type=\"widget\" data-settings=\"{\" data-widget_type=\"text-editor.default\">\n<div class=\"elementor-widget-container\">Bioshower no es s\u00f3lo una ducha, es un ritual de purificaci\u00f3n y fortalecimiento para el cuerpo y el cabello. Con esferas minerales y un sistema de filtraci\u00f3n en tres etapas, esta ducha proporciona una lujosa experiencia de ba\u00f1o que no s\u00f3lo rejuvenece tu piel, sino que tambi\u00e9n mejora la salud de tu cabello. Sum\u00e9rgete en la sensaci\u00f3n del agua purificada y revital\u00edzate con cada ducha.<\/div>\n<div><\/div>\n<div><\/div>\n<\/div>\n<div class=\"elementor-element elementor-element-aa3c82b animation_type_block sc_fly_static elementor-widget elementor-widget-text-editor trx_addons_parallax_layers_inited trx_addons_parallax_blocks_inited animated air-supply-fadeinup\" data-id=\"aa3c82b\" data-element_type=\"widget\" data-settings=\"{\" data-widget_type=\"text-editor.default\">\n<div class=\"elementor-widget-container\">\n<h6>Ventajas:<\/h6>\n<ul>\n<li>Hasta un 50% de reducci\u00f3n del consumo de agua<\/li>\n<li>Hasta un 200% de aumento de la presi\u00f3n del agua<\/li>\n<li>Eliminaci\u00f3n de m\u00e1s de 30 sustancias nocivas para el pelo<\/li>\n<li>Instalaci\u00f3n f\u00e1cil y r\u00e1pida<\/li>\n<li>Tres modos de chorro para una experiencia de ducha personalizada<\/li>\n<li>Cabello m\u00e1s fuerte, brillante y suave desde la primera ducha<\/li>\n<li>Ideal para cabellos tratados qu\u00edmicamente, elimina residuos y metales pesados<\/li>\n<li>Beneficios dermatol\u00f3gicos, que proporcionan una piel m\u00e1s suave y sana<\/li>\n<\/ul>\n<\/div>\n<\/div>\n","protected":false},"excerpt":{"rendered":"<p>Experimenta una ducha revitalizante y purificadora con Bioshower, el sistema de filtraci\u00f3n de agua que combina tecnolog\u00eda avanzada con beneficios para la salud del cabello y la piel. Con tres etapas de filtraci\u00f3n y tres modos de flujo de agua, Bioshower ofrece una experiencia de ducha personalizada, proporcionando m\u00e1s presi\u00f3n y ahorro de agua.<\/p>\n","protected":false},"featured_media":30882,"template":"","meta":{"_monsterinsights_skip_tracking":false,"_monsterinsights_sitenote_active":false,"_monsterinsights_sitenote_note":"","_monsterinsights_sitenote_category":0},"product_brand":[],"product_cat":[288],"product_tag":[290,293,292],"class_list":{"0":"post-30880","1":"product","2":"type-product","3":"status-publish","4":"has-post-thumbnail","6":"product_cat-agua-es","7":"product_tag-agua-es","8":"product_tag-ducha","9":"product_tag-filtrar","11":"first","12":"instock","13":"taxable","14":"shipping-taxable","15":"product-type-simple"},"yoast_head":"<!-- This site is optimized with the Yoast SEO plugin v26.6 - https:\/\/yoast.com\/wordpress\/plugins\/seo\/ -->\n<title>Ducha biol\u00f3gica - Life Wellness<\/title>\n<meta name=\"robots\" content=\"index, follow, max-snippet:-1, max-image-preview:large, max-video-preview:-1\" \/>\n<link rel=\"canonical\" href=\"https:\/\/life-wellness.eu\/es\/producto\/ducha-biologica\/\" \/>\n<meta property=\"og:locale\" content=\"es_ES\" \/>\n<meta property=\"og:type\" content=\"article\" \/>\n<meta property=\"og:title\" content=\"Ducha biol\u00f3gica - Life Wellness\" \/>\n<meta property=\"og:description\" content=\"Experimenta una ducha revitalizante y purificadora con Bioshower, el sistema de filtraci\u00f3n de agua que combina tecnolog\u00eda avanzada con beneficios para la salud del cabello y la piel. Con tres etapas de filtraci\u00f3n y tres modos de flujo de agua, Bioshower ofrece una experiencia de ducha personalizada, proporcionando m\u00e1s presi\u00f3n y ahorro de agua.\" \/>\n<meta property=\"og:url\" content=\"https:\/\/life-wellness.eu\/es\/producto\/ducha-biologica\/\" \/>\n<meta property=\"og:site_name\" content=\"Life Wellness\" \/>\n<meta property=\"article:publisher\" content=\"https:\/\/www.facebook.com\/grupofiltrarte\" \/>\n<meta property=\"article:modified_time\" content=\"2025-02-17T16:33:59+00:00\" \/>\n<meta property=\"og:image\" content=\"https:\/\/life-wellness.eu\/wp-content\/uploads\/2024\/05\/bioshower-1.jpg\" \/>\n\t<meta property=\"og:image:width\" content=\"1320\" \/>\n\t<meta property=\"og:image:height\" content=\"1320\" \/>\n\t<meta property=\"og:image:type\" content=\"image\/jpeg\" \/>\n<meta name=\"twitter:card\" content=\"summary_large_image\" \/>\n<meta name=\"twitter:label1\" content=\"Tiempo de lectura\" \/>\n\t<meta name=\"twitter:data1\" content=\"1 minuto\" \/>\n<script type=\"application\/ld+json\" class=\"yoast-schema-graph\">{\"@context\":\"https:\/\/schema.org\",\"@graph\":[{\"@type\":\"WebPage\",\"@id\":\"https:\/\/life-wellness.eu\/es\/producto\/ducha-biologica\/\",\"url\":\"https:\/\/life-wellness.eu\/es\/producto\/ducha-biologica\/\",\"name\":\"Ducha biol\u00f3gica - Life Wellness\",\"isPartOf\":{\"@id\":\"https:\/\/life-wellness.eu\/es\/#website\"},\"primaryImageOfPage\":{\"@id\":\"https:\/\/life-wellness.eu\/es\/producto\/ducha-biologica\/#primaryimage\"},\"image\":{\"@id\":\"https:\/\/life-wellness.eu\/es\/producto\/ducha-biologica\/#primaryimage\"},\"thumbnailUrl\":\"https:\/\/life-wellness.eu\/wp-content\/uploads\/2024\/05\/bioshower-1.jpg\",\"datePublished\":\"2024-05-03T14:21:08+00:00\",\"dateModified\":\"2025-02-17T16:33:59+00:00\",\"breadcrumb\":{\"@id\":\"https:\/\/life-wellness.eu\/es\/producto\/ducha-biologica\/#breadcrumb\"},\"inLanguage\":\"es\",\"potentialAction\":[{\"@type\":\"ReadAction\",\"target\":[\"https:\/\/life-wellness.eu\/es\/producto\/ducha-biologica\/\"]}]},{\"@type\":\"ImageObject\",\"inLanguage\":\"es\",\"@id\":\"https:\/\/life-wellness.eu\/es\/producto\/ducha-biologica\/#primaryimage\",\"url\":\"https:\/\/life-wellness.eu\/wp-content\/uploads\/2024\/05\/bioshower-1.jpg\",\"contentUrl\":\"https:\/\/life-wellness.eu\/wp-content\/uploads\/2024\/05\/bioshower-1.jpg\",\"width\":1320,\"height\":1320},{\"@type\":\"BreadcrumbList\",\"@id\":\"https:\/\/life-wellness.eu\/es\/producto\/ducha-biologica\/#breadcrumb\",\"itemListElement\":[{\"@type\":\"ListItem\",\"position\":1,\"name\":\"Home\",\"item\":\"https:\/\/life-wellness.eu\/es\/\"},{\"@type\":\"ListItem\",\"position\":2,\"name\":\"Shop\",\"item\":\"https:\/\/life-wellness.eu\/shop\/\"},{\"@type\":\"ListItem\",\"position\":3,\"name\":\"Ducha biol\u00f3gica\"}]},{\"@type\":\"WebSite\",\"@id\":\"https:\/\/life-wellness.eu\/es\/#website\",\"url\":\"https:\/\/life-wellness.eu\/es\/\",\"name\":\"Life Welness\",\"description\":\"Make your life wellness\",\"publisher\":{\"@id\":\"https:\/\/life-wellness.eu\/es\/#organization\"},\"potentialAction\":[{\"@type\":\"SearchAction\",\"target\":{\"@type\":\"EntryPoint\",\"urlTemplate\":\"https:\/\/life-wellness.eu\/es\/?s={search_term_string}\"},\"query-input\":{\"@type\":\"PropertyValueSpecification\",\"valueRequired\":true,\"valueName\":\"search_term_string\"}}],\"inLanguage\":\"es\"},{\"@type\":\"Organization\",\"@id\":\"https:\/\/life-wellness.eu\/es\/#organization\",\"name\":\"Lar Puro - Artigos de Utilidade Dome\u0301stica Lda\",\"url\":\"https:\/\/life-wellness.eu\/es\/\",\"logo\":{\"@type\":\"ImageObject\",\"inLanguage\":\"es\",\"@id\":\"https:\/\/life-wellness.eu\/es\/#\/schema\/logo\/image\/\",\"url\":\"https:\/\/life-wellness.eu\/wp-content\/uploads\/2024\/03\/logo-life-wellness.png\",\"contentUrl\":\"https:\/\/life-wellness.eu\/wp-content\/uploads\/2024\/03\/logo-life-wellness.png\",\"width\":639,\"height\":437,\"caption\":\"Lar Puro - Artigos de Utilidade Dome\u0301stica Lda\"},\"image\":{\"@id\":\"https:\/\/life-wellness.eu\/es\/#\/schema\/logo\/image\/\"},\"sameAs\":[\"https:\/\/www.facebook.com\/grupofiltrarte\",\"https:\/\/www.instagram.com\/grupofiltrarte\",\"https:\/\/www.linkedin.com\/company\/grupo-filtrarte\/\"]}]}<\/script>\n<!-- \/ Yoast SEO plugin. -->","yoast_head_json":{"title":"Ducha biol\u00f3gica - Life Wellness","robots":{"index":"index","follow":"follow","max-snippet":"max-snippet:-1","max-image-preview":"max-image-preview:large","max-video-preview":"max-video-preview:-1"},"canonical":"https:\/\/life-wellness.eu\/es\/producto\/ducha-biologica\/","og_locale":"es_ES","og_type":"article","og_title":"Ducha biol\u00f3gica - Life Wellness","og_description":"Experimenta una ducha revitalizante y purificadora con Bioshower, el sistema de filtraci\u00f3n de agua que combina tecnolog\u00eda avanzada con beneficios para la salud del cabello y la piel. Con tres etapas de filtraci\u00f3n y tres modos de flujo de agua, Bioshower ofrece una experiencia de ducha personalizada, proporcionando m\u00e1s presi\u00f3n y ahorro de agua.","og_url":"https:\/\/life-wellness.eu\/es\/producto\/ducha-biologica\/","og_site_name":"Life Wellness","article_publisher":"https:\/\/www.facebook.com\/grupofiltrarte","article_modified_time":"2025-02-17T16:33:59+00:00","og_image":[{"width":1320,"height":1320,"url":"https:\/\/life-wellness.eu\/wp-content\/uploads\/2024\/05\/bioshower-1.jpg","type":"image\/jpeg"}],"twitter_card":"summary_large_image","twitter_misc":{"Tiempo de lectura":"1 minuto"},"schema":{"@context":"https:\/\/schema.org","@graph":[{"@type":"WebPage","@id":"https:\/\/life-wellness.eu\/es\/producto\/ducha-biologica\/","url":"https:\/\/life-wellness.eu\/es\/producto\/ducha-biologica\/","name":"Ducha biol\u00f3gica - Life Wellness","isPartOf":{"@id":"https:\/\/life-wellness.eu\/es\/#website"},"primaryImageOfPage":{"@id":"https:\/\/life-wellness.eu\/es\/producto\/ducha-biologica\/#primaryimage"},"image":{"@id":"https:\/\/life-wellness.eu\/es\/producto\/ducha-biologica\/#primaryimage"},"thumbnailUrl":"https:\/\/life-wellness.eu\/wp-content\/uploads\/2024\/05\/bioshower-1.jpg","datePublished":"2024-05-03T14:21:08+00:00","dateModified":"2025-02-17T16:33:59+00:00","breadcrumb":{"@id":"https:\/\/life-wellness.eu\/es\/producto\/ducha-biologica\/#breadcrumb"},"inLanguage":"es","potentialAction":[{"@type":"ReadAction","target":["https:\/\/life-wellness.eu\/es\/producto\/ducha-biologica\/"]}]},{"@type":"ImageObject","inLanguage":"es","@id":"https:\/\/life-wellness.eu\/es\/producto\/ducha-biologica\/#primaryimage","url":"https:\/\/life-wellness.eu\/wp-content\/uploads\/2024\/05\/bioshower-1.jpg","contentUrl":"https:\/\/life-wellness.eu\/wp-content\/uploads\/2024\/05\/bioshower-1.jpg","width":1320,"height":1320},{"@type":"BreadcrumbList","@id":"https:\/\/life-wellness.eu\/es\/producto\/ducha-biologica\/#breadcrumb","itemListElement":[{"@type":"ListItem","position":1,"name":"Home","item":"https:\/\/life-wellness.eu\/es\/"},{"@type":"ListItem","position":2,"name":"Shop","item":"https:\/\/life-wellness.eu\/shop\/"},{"@type":"ListItem","position":3,"name":"Ducha biol\u00f3gica"}]},{"@type":"WebSite","@id":"https:\/\/life-wellness.eu\/es\/#website","url":"https:\/\/life-wellness.eu\/es\/","name":"Life Welness","description":"Make your life wellness","publisher":{"@id":"https:\/\/life-wellness.eu\/es\/#organization"},"potentialAction":[{"@type":"SearchAction","target":{"@type":"EntryPoint","urlTemplate":"https:\/\/life-wellness.eu\/es\/?s={search_term_string}"},"query-input":{"@type":"PropertyValueSpecification","valueRequired":true,"valueName":"search_term_string"}}],"inLanguage":"es"},{"@type":"Organization","@id":"https:\/\/life-wellness.eu\/es\/#organization","name":"Lar Puro - Artigos de Utilidade Dome\u0301stica Lda","url":"https:\/\/life-wellness.eu\/es\/","logo":{"@type":"ImageObject","inLanguage":"es","@id":"https:\/\/life-wellness.eu\/es\/#\/schema\/logo\/image\/","url":"https:\/\/life-wellness.eu\/wp-content\/uploads\/2024\/03\/logo-life-wellness.png","contentUrl":"https:\/\/life-wellness.eu\/wp-content\/uploads\/2024\/03\/logo-life-wellness.png","width":639,"height":437,"caption":"Lar Puro - Artigos de Utilidade Dome\u0301stica Lda"},"image":{"@id":"https:\/\/life-wellness.eu\/es\/#\/schema\/logo\/image\/"},"sameAs":["https:\/\/www.facebook.com\/grupofiltrarte","https:\/\/www.instagram.com\/grupofiltrarte","https:\/\/www.linkedin.com\/company\/grupo-filtrarte\/"]}]}},"_links":{"self":[{"href":"https:\/\/life-wellness.eu\/es\/wp-json\/wp\/v2\/product\/30880","targetHints":{"allow":["GET"]}}],"collection":[{"href":"https:\/\/life-wellness.eu\/es\/wp-json\/wp\/v2\/product"}],"about":[{"href":"https:\/\/life-wellness.eu\/es\/wp-json\/wp\/v2\/types\/product"}],"wp:featuredmedia":[{"embeddable":true,"href":"https:\/\/life-wellness.eu\/es\/wp-json\/wp\/v2\/media\/30882"}],"wp:attachment":[{"href":"https:\/\/life-wellness.eu\/es\/wp-json\/wp\/v2\/media?parent=30880"}],"wp:term":[{"taxonomy":"product_brand","embeddable":true,"href":"https:\/\/life-wellness.eu\/es\/wp-json\/wp\/v2\/product_brand?post=30880"},{"taxonomy":"product_cat","embeddable":true,"href":"https:\/\/life-wellness.eu\/es\/wp-json\/wp\/v2\/product_cat?post=30880"},{"taxonomy":"product_tag","embeddable":true,"href":"https:\/\/life-wellness.eu\/es\/wp-json\/wp\/v2\/product_tag?post=30880"}],"curies":[{"name":"wp","href":"https:\/\/api.w.org\/{rel}","templated":true}]}}