{"id":30925,"date":"2024-10-03T21:57:12","date_gmt":"2024-10-03T21:57:12","guid":{"rendered":"https:\/\/life-wellness.eu\/product\/toma-de-tierra-dreamline\/"},"modified":"2025-03-29T12:25:57","modified_gmt":"2025-03-29T12:25:57","slug":"toma-de-tierra-dreamline","status":"publish","type":"product","link":"https:\/\/life-wellness.eu\/es\/producto\/toma-de-tierra-dreamline\/","title":{"rendered":"Earthing Dreamline"},"content":{"rendered":"<h3>Revoluciona tu sue\u00f1o con el colch\u00f3n Terapia Earthing<\/h3>\n<div class=\"elementor-element elementor-element-aa3c82b animation_type_block sc_fly_static elementor-widget elementor-widget-text-editor trx_addons_parallax_layers_inited trx_addons_parallax_blocks_inited animated air-supply-fadeinup\" data-id=\"aa3c82b\" data-element_type=\"widget\" data-settings=\"{\" data-widget_type=\"text-editor.default\">\n<div class=\"elementor-widget-container\">\n<p class=\"p1\">El <b>Colch\u00f3n Terap\u00e9utico Earthing<\/b> no es s\u00f3lo para dormir: es una herramienta innovadora para mejorar el bienestar general. Impulsado por <b>la tecnolog\u00eda Celliant\u00ae<\/b> y certificado por <b>la norma OEKO-TEX 100, Clase 1<\/b>, este colch\u00f3n est\u00e1 dise\u00f1ado para mejorar tu descanso, tu recuperaci\u00f3n y tu salud. Su dise\u00f1o \u00fanico favorece la relajaci\u00f3n profunda, reduce la inflamaci\u00f3n y proporciona una serie de beneficios terap\u00e9uticos para el cuerpo y la mente.<\/p>\n<p>&nbsp;<\/p>\n<\/div>\n<\/div>\n<div class=\"elementor-element elementor-element-aa3c82b animation_type_block sc_fly_static elementor-widget elementor-widget-text-editor trx_addons_parallax_layers_inited trx_addons_parallax_blocks_inited animated air-supply-fadeinup\" data-id=\"aa3c82b\" data-element_type=\"widget\" data-settings=\"{\" data-widget_type=\"text-editor.default\">\n<div class=\"elementor-widget-container\">\n<h6 class=\"p1\">Composici\u00f3n del colch\u00f3n:<\/h6>\n<p class=\"p3\"><span class=\"s1\"> 1. <\/span><b>Funda de tejido Celliant\u00ae: <\/b>Convierte el calor corporal en energ\u00eda infrarroja, favoreciendo una mejor circulaci\u00f3n y una mayor oxigenaci\u00f3n para un sue\u00f1o m\u00e1s rejuvenecedor.<\/p>\n<p class=\"p3\"><span class=\"s1\"> 2. <\/span><b>Capa de puesta Earthing: <\/b>Equipada con una malla de hilos de cobre que recoge y disipa la electricidad est\u00e1tica, ayudando a conectar a tierra tu cuerpo y potenciando los beneficios de la toma de tierra.<\/p>\n<p class=\"p3\"><span class=\"s1\"> 3. <\/span><b>Capa CoolGraf: <\/b>Una soluci\u00f3n viscoel\u00e1stica con infusi\u00f3n de grafeno que se adapta a la forma de tu cuerpo, promoviendo una experiencia de sue\u00f1o m\u00e1s fresca y confortable.<\/p>\n<p class=\"p3\"><span class=\"s1\"> 4. <\/span><b>N\u00facleo BioCell: <\/b>Una espuma innovadora y ecol\u00f3gica fabricada con productos naturales de origen vegetal. Este material no t\u00f3xico ofrece un alivio excepcional de la presi\u00f3n al distribuir uniformemente el peso y adaptarse a las curvas naturales de tu cuerpo. La estructura de c\u00e9lula abierta y alta resiliencia garantiza durabilidad y comodidad, al tiempo que protege tanto tu salud como el medio ambiente.<\/p>\n<\/div>\n<\/div>\n","protected":false},"excerpt":{"rendered":"<p>El <b>Colch\u00f3n Terap\u00e9utico Earthing<\/b> no es s\u00f3lo para dormir: es una herramienta innovadora para mejorar el bienestar general. Impulsado por <b>la tecnolog\u00eda Celliant\u00ae<\/b> y certificado por <b>la norma OEKO-TEX 100, Clase 1<\/b>, este colch\u00f3n est\u00e1 dise\u00f1ado para mejorar tu descanso, tu recuperaci\u00f3n y tu salud. Su dise\u00f1o \u00fanico favorece la relajaci\u00f3n profunda, reduce la inflamaci\u00f3n y proporciona una serie de beneficios terap\u00e9uticos para el cuerpo y la mente.<\/p>\n","protected":false},"featured_media":30851,"template":"","meta":{"_monsterinsights_skip_tracking":false,"_monsterinsights_sitenote_active":false,"_monsterinsights_sitenote_note":"","_monsterinsights_sitenote_category":0},"product_brand":[],"product_cat":[294],"product_tag":[295,296,305],"class_list":{"0":"post-30925","1":"product","2":"type-product","3":"status-publish","4":"has-post-thumbnail","6":"product_cat-bienestar","7":"product_tag-bienestar","8":"product_tag-duerme","9":"product_tag-toma-de-tierra","11":"first","12":"instock","13":"taxable","14":"shipping-taxable","15":"product-type-variable"},"yoast_head":"<!-- This site is optimized with the Yoast SEO plugin v26.6 - https:\/\/yoast.com\/wordpress\/plugins\/seo\/ -->\n<title>Earthing Dreamline - Life Wellness<\/title>\n<meta name=\"robots\" content=\"index, follow, max-snippet:-1, max-image-preview:large, max-video-preview:-1\" \/>\n<link rel=\"canonical\" href=\"https:\/\/life-wellness.eu\/es\/producto\/toma-de-tierra-dreamline\/\" \/>\n<meta property=\"og:locale\" content=\"es_ES\" \/>\n<meta property=\"og:type\" content=\"article\" \/>\n<meta property=\"og:title\" content=\"Earthing Dreamline - Life Wellness\" \/>\n<meta property=\"og:description\" content=\"El Colch\u00f3n Terap\u00e9utico Earthing no es s\u00f3lo para dormir: es una herramienta innovadora para mejorar el bienestar general. Impulsado por la tecnolog\u00eda Celliant\u00ae y certificado por la norma OEKO-TEX 100, Clase 1, este colch\u00f3n est\u00e1 dise\u00f1ado para mejorar tu descanso, tu recuperaci\u00f3n y tu salud. Su dise\u00f1o \u00fanico favorece la relajaci\u00f3n profunda, reduce la inflamaci\u00f3n y proporciona una serie de beneficios terap\u00e9uticos para el cuerpo y la mente.\" \/>\n<meta property=\"og:url\" content=\"https:\/\/life-wellness.eu\/es\/producto\/toma-de-tierra-dreamline\/\" \/>\n<meta property=\"og:site_name\" content=\"Life Wellness\" \/>\n<meta property=\"article:publisher\" content=\"https:\/\/www.facebook.com\/grupofiltrarte\" \/>\n<meta property=\"article:modified_time\" content=\"2025-03-29T12:25:57+00:00\" \/>\n<meta property=\"og:image\" content=\"https:\/\/life-wellness.eu\/wp-content\/uploads\/2024\/10\/colchao-dreamline-star.jpg\" \/>\n\t<meta property=\"og:image:width\" content=\"1350\" \/>\n\t<meta property=\"og:image:height\" content=\"1350\" \/>\n\t<meta property=\"og:image:type\" content=\"image\/jpeg\" \/>\n<meta name=\"twitter:card\" content=\"summary_large_image\" \/>\n<meta name=\"twitter:label1\" content=\"Tiempo de lectura\" \/>\n\t<meta name=\"twitter:data1\" content=\"2 minutos\" \/>\n<script type=\"application\/ld+json\" class=\"yoast-schema-graph\">{\"@context\":\"https:\/\/schema.org\",\"@graph\":[{\"@type\":\"WebPage\",\"@id\":\"https:\/\/life-wellness.eu\/es\/producto\/toma-de-tierra-dreamline\/\",\"url\":\"https:\/\/life-wellness.eu\/es\/producto\/toma-de-tierra-dreamline\/\",\"name\":\"Earthing Dreamline - Life Wellness\",\"isPartOf\":{\"@id\":\"https:\/\/life-wellness.eu\/es\/#website\"},\"primaryImageOfPage\":{\"@id\":\"https:\/\/life-wellness.eu\/es\/producto\/toma-de-tierra-dreamline\/#primaryimage\"},\"image\":{\"@id\":\"https:\/\/life-wellness.eu\/es\/producto\/toma-de-tierra-dreamline\/#primaryimage\"},\"thumbnailUrl\":\"https:\/\/life-wellness.eu\/wp-content\/uploads\/2024\/10\/colchao-dreamline-star.jpg\",\"datePublished\":\"2024-10-03T21:57:12+00:00\",\"dateModified\":\"2025-03-29T12:25:57+00:00\",\"breadcrumb\":{\"@id\":\"https:\/\/life-wellness.eu\/es\/producto\/toma-de-tierra-dreamline\/#breadcrumb\"},\"inLanguage\":\"es\",\"potentialAction\":[{\"@type\":\"ReadAction\",\"target\":[\"https:\/\/life-wellness.eu\/es\/producto\/toma-de-tierra-dreamline\/\"]}]},{\"@type\":\"ImageObject\",\"inLanguage\":\"es\",\"@id\":\"https:\/\/life-wellness.eu\/es\/producto\/toma-de-tierra-dreamline\/#primaryimage\",\"url\":\"https:\/\/life-wellness.eu\/wp-content\/uploads\/2024\/10\/colchao-dreamline-star.jpg\",\"contentUrl\":\"https:\/\/life-wellness.eu\/wp-content\/uploads\/2024\/10\/colchao-dreamline-star.jpg\",\"width\":1350,\"height\":1350},{\"@type\":\"BreadcrumbList\",\"@id\":\"https:\/\/life-wellness.eu\/es\/producto\/toma-de-tierra-dreamline\/#breadcrumb\",\"itemListElement\":[{\"@type\":\"ListItem\",\"position\":1,\"name\":\"Home\",\"item\":\"https:\/\/life-wellness.eu\/es\/\"},{\"@type\":\"ListItem\",\"position\":2,\"name\":\"Shop\",\"item\":\"https:\/\/life-wellness.eu\/shop\/\"},{\"@type\":\"ListItem\",\"position\":3,\"name\":\"Earthing Dreamline\"}]},{\"@type\":\"WebSite\",\"@id\":\"https:\/\/life-wellness.eu\/es\/#website\",\"url\":\"https:\/\/life-wellness.eu\/es\/\",\"name\":\"Life Welness\",\"description\":\"Make your life wellness\",\"publisher\":{\"@id\":\"https:\/\/life-wellness.eu\/es\/#organization\"},\"potentialAction\":[{\"@type\":\"SearchAction\",\"target\":{\"@type\":\"EntryPoint\",\"urlTemplate\":\"https:\/\/life-wellness.eu\/es\/?s={search_term_string}\"},\"query-input\":{\"@type\":\"PropertyValueSpecification\",\"valueRequired\":true,\"valueName\":\"search_term_string\"}}],\"inLanguage\":\"es\"},{\"@type\":\"Organization\",\"@id\":\"https:\/\/life-wellness.eu\/es\/#organization\",\"name\":\"Lar Puro - Artigos de Utilidade Dome\u0301stica Lda\",\"url\":\"https:\/\/life-wellness.eu\/es\/\",\"logo\":{\"@type\":\"ImageObject\",\"inLanguage\":\"es\",\"@id\":\"https:\/\/life-wellness.eu\/es\/#\/schema\/logo\/image\/\",\"url\":\"https:\/\/life-wellness.eu\/wp-content\/uploads\/2024\/03\/logo-life-wellness.png\",\"contentUrl\":\"https:\/\/life-wellness.eu\/wp-content\/uploads\/2024\/03\/logo-life-wellness.png\",\"width\":639,\"height\":437,\"caption\":\"Lar Puro - Artigos de Utilidade Dome\u0301stica Lda\"},\"image\":{\"@id\":\"https:\/\/life-wellness.eu\/es\/#\/schema\/logo\/image\/\"},\"sameAs\":[\"https:\/\/www.facebook.com\/grupofiltrarte\",\"https:\/\/www.instagram.com\/grupofiltrarte\",\"https:\/\/www.linkedin.com\/company\/grupo-filtrarte\/\"]}]}<\/script>\n<!-- \/ Yoast SEO plugin. -->","yoast_head_json":{"title":"Earthing Dreamline - Life Wellness","robots":{"index":"index","follow":"follow","max-snippet":"max-snippet:-1","max-image-preview":"max-image-preview:large","max-video-preview":"max-video-preview:-1"},"canonical":"https:\/\/life-wellness.eu\/es\/producto\/toma-de-tierra-dreamline\/","og_locale":"es_ES","og_type":"article","og_title":"Earthing Dreamline - Life Wellness","og_description":"El Colch\u00f3n Terap\u00e9utico Earthing no es s\u00f3lo para dormir: es una herramienta innovadora para mejorar el bienestar general. Impulsado por la tecnolog\u00eda Celliant\u00ae y certificado por la norma OEKO-TEX 100, Clase 1, este colch\u00f3n est\u00e1 dise\u00f1ado para mejorar tu descanso, tu recuperaci\u00f3n y tu salud. Su dise\u00f1o \u00fanico favorece la relajaci\u00f3n profunda, reduce la inflamaci\u00f3n y proporciona una serie de beneficios terap\u00e9uticos para el cuerpo y la mente.","og_url":"https:\/\/life-wellness.eu\/es\/producto\/toma-de-tierra-dreamline\/","og_site_name":"Life Wellness","article_publisher":"https:\/\/www.facebook.com\/grupofiltrarte","article_modified_time":"2025-03-29T12:25:57+00:00","og_image":[{"width":1350,"height":1350,"url":"https:\/\/life-wellness.eu\/wp-content\/uploads\/2024\/10\/colchao-dreamline-star.jpg","type":"image\/jpeg"}],"twitter_card":"summary_large_image","twitter_misc":{"Tiempo de lectura":"2 minutos"},"schema":{"@context":"https:\/\/schema.org","@graph":[{"@type":"WebPage","@id":"https:\/\/life-wellness.eu\/es\/producto\/toma-de-tierra-dreamline\/","url":"https:\/\/life-wellness.eu\/es\/producto\/toma-de-tierra-dreamline\/","name":"Earthing Dreamline - Life Wellness","isPartOf":{"@id":"https:\/\/life-wellness.eu\/es\/#website"},"primaryImageOfPage":{"@id":"https:\/\/life-wellness.eu\/es\/producto\/toma-de-tierra-dreamline\/#primaryimage"},"image":{"@id":"https:\/\/life-wellness.eu\/es\/producto\/toma-de-tierra-dreamline\/#primaryimage"},"thumbnailUrl":"https:\/\/life-wellness.eu\/wp-content\/uploads\/2024\/10\/colchao-dreamline-star.jpg","datePublished":"2024-10-03T21:57:12+00:00","dateModified":"2025-03-29T12:25:57+00:00","breadcrumb":{"@id":"https:\/\/life-wellness.eu\/es\/producto\/toma-de-tierra-dreamline\/#breadcrumb"},"inLanguage":"es","potentialAction":[{"@type":"ReadAction","target":["https:\/\/life-wellness.eu\/es\/producto\/toma-de-tierra-dreamline\/"]}]},{"@type":"ImageObject","inLanguage":"es","@id":"https:\/\/life-wellness.eu\/es\/producto\/toma-de-tierra-dreamline\/#primaryimage","url":"https:\/\/life-wellness.eu\/wp-content\/uploads\/2024\/10\/colchao-dreamline-star.jpg","contentUrl":"https:\/\/life-wellness.eu\/wp-content\/uploads\/2024\/10\/colchao-dreamline-star.jpg","width":1350,"height":1350},{"@type":"BreadcrumbList","@id":"https:\/\/life-wellness.eu\/es\/producto\/toma-de-tierra-dreamline\/#breadcrumb","itemListElement":[{"@type":"ListItem","position":1,"name":"Home","item":"https:\/\/life-wellness.eu\/es\/"},{"@type":"ListItem","position":2,"name":"Shop","item":"https:\/\/life-wellness.eu\/shop\/"},{"@type":"ListItem","position":3,"name":"Earthing Dreamline"}]},{"@type":"WebSite","@id":"https:\/\/life-wellness.eu\/es\/#website","url":"https:\/\/life-wellness.eu\/es\/","name":"Life Welness","description":"Make your life wellness","publisher":{"@id":"https:\/\/life-wellness.eu\/es\/#organization"},"potentialAction":[{"@type":"SearchAction","target":{"@type":"EntryPoint","urlTemplate":"https:\/\/life-wellness.eu\/es\/?s={search_term_string}"},"query-input":{"@type":"PropertyValueSpecification","valueRequired":true,"valueName":"search_term_string"}}],"inLanguage":"es"},{"@type":"Organization","@id":"https:\/\/life-wellness.eu\/es\/#organization","name":"Lar Puro - Artigos de Utilidade Dome\u0301stica Lda","url":"https:\/\/life-wellness.eu\/es\/","logo":{"@type":"ImageObject","inLanguage":"es","@id":"https:\/\/life-wellness.eu\/es\/#\/schema\/logo\/image\/","url":"https:\/\/life-wellness.eu\/wp-content\/uploads\/2024\/03\/logo-life-wellness.png","contentUrl":"https:\/\/life-wellness.eu\/wp-content\/uploads\/2024\/03\/logo-life-wellness.png","width":639,"height":437,"caption":"Lar Puro - Artigos de Utilidade Dome\u0301stica Lda"},"image":{"@id":"https:\/\/life-wellness.eu\/es\/#\/schema\/logo\/image\/"},"sameAs":["https:\/\/www.facebook.com\/grupofiltrarte","https:\/\/www.instagram.com\/grupofiltrarte","https:\/\/www.linkedin.com\/company\/grupo-filtrarte\/"]}]}},"_links":{"self":[{"href":"https:\/\/life-wellness.eu\/es\/wp-json\/wp\/v2\/product\/30925","targetHints":{"allow":["GET"]}}],"collection":[{"href":"https:\/\/life-wellness.eu\/es\/wp-json\/wp\/v2\/product"}],"about":[{"href":"https:\/\/life-wellness.eu\/es\/wp-json\/wp\/v2\/types\/product"}],"wp:featuredmedia":[{"embeddable":true,"href":"https:\/\/life-wellness.eu\/es\/wp-json\/wp\/v2\/media\/30851"}],"wp:attachment":[{"href":"https:\/\/life-wellness.eu\/es\/wp-json\/wp\/v2\/media?parent=30925"}],"wp:term":[{"taxonomy":"product_brand","embeddable":true,"href":"https:\/\/life-wellness.eu\/es\/wp-json\/wp\/v2\/product_brand?post=30925"},{"taxonomy":"product_cat","embeddable":true,"href":"https:\/\/life-wellness.eu\/es\/wp-json\/wp\/v2\/product_cat?post=30925"},{"taxonomy":"product_tag","embeddable":true,"href":"https:\/\/life-wellness.eu\/es\/wp-json\/wp\/v2\/product_tag?post=30925"}],"curies":[{"name":"wp","href":"https:\/\/api.w.org\/{rel}","templated":true}]}}