{"id":31026,"date":"2024-03-27T22:33:40","date_gmt":"2024-03-27T22:33:40","guid":{"rendered":"https:\/\/life-wellness.eu\/product\/vitaminas\/"},"modified":"2025-03-29T12:27:31","modified_gmt":"2025-03-29T12:27:31","slug":"vitaminas","status":"publish","type":"product","link":"https:\/\/life-wellness.eu\/es\/producto\/vitaminas\/","title":{"rendered":"Vitaminas"},"content":{"rendered":"<h3>El poder de filtraci\u00f3n de cuatro capas<\/h3>\n<p>&nbsp;<\/p>\n<div class=\"elementor-element elementor-element-aa3c82b animation_type_block sc_fly_static elementor-widget elementor-widget-text-editor trx_addons_parallax_layers_inited trx_addons_parallax_blocks_inited animated air-supply-fadeinup\" data-id=\"aa3c82b\" data-element_type=\"widget\" data-settings=\"{\" data-widget_type=\"text-editor.default\">\n<div class=\"elementor-widget-container\">Un filtro de ducha con 4 <strong>capas protectoras<\/strong> para un ba\u00f1o protegido de <strong>sustancias nocivas<\/strong> para <strong>la<\/strong> salud.<\/div>\n<\/div>\n<div class=\"elementor-element elementor-element-aa3c82b animation_type_block sc_fly_static elementor-widget elementor-widget-text-editor trx_addons_parallax_layers_inited trx_addons_parallax_blocks_inited animated air-supply-fadeinup\" data-id=\"aa3c82b\" data-element_type=\"widget\" data-settings=\"{\" data-widget_type=\"text-editor.default\">\n<div class=\"elementor-widget-container\">\n<h6>Ventajas:<\/h6>\n<ul>\n<li><strong>Reduce <\/strong>la concentraci\u00f3n de<strong> cloro<\/strong>, intensificada por el calentamiento del agua.<\/li>\n<li><strong>Previene<\/strong> enfermedades asociadas a la exposici\u00f3n al cloro, como <strong>bronquitis<\/strong>, <strong>asma, eczema<\/strong> y otras <strong>irritaciones cut\u00e1neas<\/strong>.<\/li>\n<li><strong>Impide la absorci\u00f3n de sustancias nocivas<\/strong> por nuestra piel y \u00f3rganos vitales como los Pulmones, los Ri\u00f1ones y el H\u00edgado.<\/li>\n<li><strong>Protege, hidrata y nutre<\/strong> la piel y el cabello.<\/li>\n<li>Efecto de aromaterapia.<\/li>\n<\/ul>\n<\/div>\n<\/div>\n","protected":false},"excerpt":{"rendered":"<p>Dise\u00f1ado para protegerte de las sustancias nocivas del agua de la ducha, mejorando a\u00fan m\u00e1s la hidrataci\u00f3n para una piel m\u00e1s sana.<\/p>\n","protected":false},"featured_media":31027,"template":"","meta":{"_monsterinsights_skip_tracking":false,"_monsterinsights_sitenote_active":false,"_monsterinsights_sitenote_note":"","_monsterinsights_sitenote_category":0},"product_brand":[],"product_cat":[288],"product_tag":[290,293,292],"class_list":{"0":"post-31026","1":"product","2":"type-product","3":"status-publish","4":"has-post-thumbnail","6":"product_cat-agua-es","7":"product_tag-agua-es","8":"product_tag-ducha","9":"product_tag-filtrar","11":"first","12":"instock","13":"taxable","14":"shipping-taxable","15":"product-type-variable"},"yoast_head":"<!-- This site is optimized with the Yoast SEO plugin v26.6 - https:\/\/yoast.com\/wordpress\/plugins\/seo\/ -->\n<title>Vitaminas - Life Wellness<\/title>\n<meta name=\"robots\" content=\"index, follow, max-snippet:-1, max-image-preview:large, max-video-preview:-1\" \/>\n<link rel=\"canonical\" href=\"https:\/\/life-wellness.eu\/es\/producto\/vitaminas\/\" \/>\n<meta property=\"og:locale\" content=\"es_ES\" \/>\n<meta property=\"og:type\" content=\"article\" \/>\n<meta property=\"og:title\" content=\"Vitaminas - Life Wellness\" \/>\n<meta property=\"og:description\" content=\"Dise\u00f1ado para protegerte de las sustancias nocivas del agua de la ducha, mejorando a\u00fan m\u00e1s la hidrataci\u00f3n para una piel m\u00e1s sana.\" \/>\n<meta property=\"og:url\" content=\"https:\/\/life-wellness.eu\/es\/producto\/vitaminas\/\" \/>\n<meta property=\"og:site_name\" content=\"Life Wellness\" \/>\n<meta property=\"article:publisher\" content=\"https:\/\/www.facebook.com\/grupofiltrarte\" \/>\n<meta property=\"article:modified_time\" content=\"2025-03-29T12:27:31+00:00\" \/>\n<meta property=\"og:image\" content=\"https:\/\/life-wellness.eu\/wp-content\/uploads\/2024\/03\/vitaminas-2.jpg\" \/>\n\t<meta property=\"og:image:width\" content=\"1320\" \/>\n\t<meta property=\"og:image:height\" content=\"1320\" \/>\n\t<meta property=\"og:image:type\" content=\"image\/jpeg\" \/>\n<meta name=\"twitter:card\" content=\"summary_large_image\" \/>\n<meta name=\"twitter:label1\" content=\"Tiempo de lectura\" \/>\n\t<meta name=\"twitter:data1\" content=\"1 minuto\" \/>\n<script type=\"application\/ld+json\" class=\"yoast-schema-graph\">{\"@context\":\"https:\/\/schema.org\",\"@graph\":[{\"@type\":\"WebPage\",\"@id\":\"https:\/\/life-wellness.eu\/es\/producto\/vitaminas\/\",\"url\":\"https:\/\/life-wellness.eu\/es\/producto\/vitaminas\/\",\"name\":\"Vitaminas - Life Wellness\",\"isPartOf\":{\"@id\":\"https:\/\/life-wellness.eu\/es\/#website\"},\"primaryImageOfPage\":{\"@id\":\"https:\/\/life-wellness.eu\/es\/producto\/vitaminas\/#primaryimage\"},\"image\":{\"@id\":\"https:\/\/life-wellness.eu\/es\/producto\/vitaminas\/#primaryimage\"},\"thumbnailUrl\":\"https:\/\/life-wellness.eu\/wp-content\/uploads\/2024\/03\/vitaminas-2.jpg\",\"datePublished\":\"2024-03-27T22:33:40+00:00\",\"dateModified\":\"2025-03-29T12:27:31+00:00\",\"breadcrumb\":{\"@id\":\"https:\/\/life-wellness.eu\/es\/producto\/vitaminas\/#breadcrumb\"},\"inLanguage\":\"es\",\"potentialAction\":[{\"@type\":\"ReadAction\",\"target\":[\"https:\/\/life-wellness.eu\/es\/producto\/vitaminas\/\"]}]},{\"@type\":\"ImageObject\",\"inLanguage\":\"es\",\"@id\":\"https:\/\/life-wellness.eu\/es\/producto\/vitaminas\/#primaryimage\",\"url\":\"https:\/\/life-wellness.eu\/wp-content\/uploads\/2024\/03\/vitaminas-2.jpg\",\"contentUrl\":\"https:\/\/life-wellness.eu\/wp-content\/uploads\/2024\/03\/vitaminas-2.jpg\",\"width\":1320,\"height\":1320},{\"@type\":\"BreadcrumbList\",\"@id\":\"https:\/\/life-wellness.eu\/es\/producto\/vitaminas\/#breadcrumb\",\"itemListElement\":[{\"@type\":\"ListItem\",\"position\":1,\"name\":\"Home\",\"item\":\"https:\/\/life-wellness.eu\/es\/\"},{\"@type\":\"ListItem\",\"position\":2,\"name\":\"Shop\",\"item\":\"https:\/\/life-wellness.eu\/shop\/\"},{\"@type\":\"ListItem\",\"position\":3,\"name\":\"Vitaminas\"}]},{\"@type\":\"WebSite\",\"@id\":\"https:\/\/life-wellness.eu\/es\/#website\",\"url\":\"https:\/\/life-wellness.eu\/es\/\",\"name\":\"Life Welness\",\"description\":\"Make your life wellness\",\"publisher\":{\"@id\":\"https:\/\/life-wellness.eu\/es\/#organization\"},\"potentialAction\":[{\"@type\":\"SearchAction\",\"target\":{\"@type\":\"EntryPoint\",\"urlTemplate\":\"https:\/\/life-wellness.eu\/es\/?s={search_term_string}\"},\"query-input\":{\"@type\":\"PropertyValueSpecification\",\"valueRequired\":true,\"valueName\":\"search_term_string\"}}],\"inLanguage\":\"es\"},{\"@type\":\"Organization\",\"@id\":\"https:\/\/life-wellness.eu\/es\/#organization\",\"name\":\"Lar Puro - Artigos de Utilidade Dome\u0301stica Lda\",\"url\":\"https:\/\/life-wellness.eu\/es\/\",\"logo\":{\"@type\":\"ImageObject\",\"inLanguage\":\"es\",\"@id\":\"https:\/\/life-wellness.eu\/es\/#\/schema\/logo\/image\/\",\"url\":\"https:\/\/life-wellness.eu\/wp-content\/uploads\/2024\/03\/logo-life-wellness.png\",\"contentUrl\":\"https:\/\/life-wellness.eu\/wp-content\/uploads\/2024\/03\/logo-life-wellness.png\",\"width\":639,\"height\":437,\"caption\":\"Lar Puro - Artigos de Utilidade Dome\u0301stica Lda\"},\"image\":{\"@id\":\"https:\/\/life-wellness.eu\/es\/#\/schema\/logo\/image\/\"},\"sameAs\":[\"https:\/\/www.facebook.com\/grupofiltrarte\",\"https:\/\/www.instagram.com\/grupofiltrarte\",\"https:\/\/www.linkedin.com\/company\/grupo-filtrarte\/\"]}]}<\/script>\n<!-- \/ Yoast SEO plugin. -->","yoast_head_json":{"title":"Vitaminas - Life Wellness","robots":{"index":"index","follow":"follow","max-snippet":"max-snippet:-1","max-image-preview":"max-image-preview:large","max-video-preview":"max-video-preview:-1"},"canonical":"https:\/\/life-wellness.eu\/es\/producto\/vitaminas\/","og_locale":"es_ES","og_type":"article","og_title":"Vitaminas - Life Wellness","og_description":"Dise\u00f1ado para protegerte de las sustancias nocivas del agua de la ducha, mejorando a\u00fan m\u00e1s la hidrataci\u00f3n para una piel m\u00e1s sana.","og_url":"https:\/\/life-wellness.eu\/es\/producto\/vitaminas\/","og_site_name":"Life Wellness","article_publisher":"https:\/\/www.facebook.com\/grupofiltrarte","article_modified_time":"2025-03-29T12:27:31+00:00","og_image":[{"width":1320,"height":1320,"url":"https:\/\/life-wellness.eu\/wp-content\/uploads\/2024\/03\/vitaminas-2.jpg","type":"image\/jpeg"}],"twitter_card":"summary_large_image","twitter_misc":{"Tiempo de lectura":"1 minuto"},"schema":{"@context":"https:\/\/schema.org","@graph":[{"@type":"WebPage","@id":"https:\/\/life-wellness.eu\/es\/producto\/vitaminas\/","url":"https:\/\/life-wellness.eu\/es\/producto\/vitaminas\/","name":"Vitaminas - Life Wellness","isPartOf":{"@id":"https:\/\/life-wellness.eu\/es\/#website"},"primaryImageOfPage":{"@id":"https:\/\/life-wellness.eu\/es\/producto\/vitaminas\/#primaryimage"},"image":{"@id":"https:\/\/life-wellness.eu\/es\/producto\/vitaminas\/#primaryimage"},"thumbnailUrl":"https:\/\/life-wellness.eu\/wp-content\/uploads\/2024\/03\/vitaminas-2.jpg","datePublished":"2024-03-27T22:33:40+00:00","dateModified":"2025-03-29T12:27:31+00:00","breadcrumb":{"@id":"https:\/\/life-wellness.eu\/es\/producto\/vitaminas\/#breadcrumb"},"inLanguage":"es","potentialAction":[{"@type":"ReadAction","target":["https:\/\/life-wellness.eu\/es\/producto\/vitaminas\/"]}]},{"@type":"ImageObject","inLanguage":"es","@id":"https:\/\/life-wellness.eu\/es\/producto\/vitaminas\/#primaryimage","url":"https:\/\/life-wellness.eu\/wp-content\/uploads\/2024\/03\/vitaminas-2.jpg","contentUrl":"https:\/\/life-wellness.eu\/wp-content\/uploads\/2024\/03\/vitaminas-2.jpg","width":1320,"height":1320},{"@type":"BreadcrumbList","@id":"https:\/\/life-wellness.eu\/es\/producto\/vitaminas\/#breadcrumb","itemListElement":[{"@type":"ListItem","position":1,"name":"Home","item":"https:\/\/life-wellness.eu\/es\/"},{"@type":"ListItem","position":2,"name":"Shop","item":"https:\/\/life-wellness.eu\/shop\/"},{"@type":"ListItem","position":3,"name":"Vitaminas"}]},{"@type":"WebSite","@id":"https:\/\/life-wellness.eu\/es\/#website","url":"https:\/\/life-wellness.eu\/es\/","name":"Life Welness","description":"Make your life wellness","publisher":{"@id":"https:\/\/life-wellness.eu\/es\/#organization"},"potentialAction":[{"@type":"SearchAction","target":{"@type":"EntryPoint","urlTemplate":"https:\/\/life-wellness.eu\/es\/?s={search_term_string}"},"query-input":{"@type":"PropertyValueSpecification","valueRequired":true,"valueName":"search_term_string"}}],"inLanguage":"es"},{"@type":"Organization","@id":"https:\/\/life-wellness.eu\/es\/#organization","name":"Lar Puro - Artigos de Utilidade Dome\u0301stica Lda","url":"https:\/\/life-wellness.eu\/es\/","logo":{"@type":"ImageObject","inLanguage":"es","@id":"https:\/\/life-wellness.eu\/es\/#\/schema\/logo\/image\/","url":"https:\/\/life-wellness.eu\/wp-content\/uploads\/2024\/03\/logo-life-wellness.png","contentUrl":"https:\/\/life-wellness.eu\/wp-content\/uploads\/2024\/03\/logo-life-wellness.png","width":639,"height":437,"caption":"Lar Puro - Artigos de Utilidade Dome\u0301stica Lda"},"image":{"@id":"https:\/\/life-wellness.eu\/es\/#\/schema\/logo\/image\/"},"sameAs":["https:\/\/www.facebook.com\/grupofiltrarte","https:\/\/www.instagram.com\/grupofiltrarte","https:\/\/www.linkedin.com\/company\/grupo-filtrarte\/"]}]}},"_links":{"self":[{"href":"https:\/\/life-wellness.eu\/es\/wp-json\/wp\/v2\/product\/31026","targetHints":{"allow":["GET"]}}],"collection":[{"href":"https:\/\/life-wellness.eu\/es\/wp-json\/wp\/v2\/product"}],"about":[{"href":"https:\/\/life-wellness.eu\/es\/wp-json\/wp\/v2\/types\/product"}],"wp:featuredmedia":[{"embeddable":true,"href":"https:\/\/life-wellness.eu\/es\/wp-json\/wp\/v2\/media\/31027"}],"wp:attachment":[{"href":"https:\/\/life-wellness.eu\/es\/wp-json\/wp\/v2\/media?parent=31026"}],"wp:term":[{"taxonomy":"product_brand","embeddable":true,"href":"https:\/\/life-wellness.eu\/es\/wp-json\/wp\/v2\/product_brand?post=31026"},{"taxonomy":"product_cat","embeddable":true,"href":"https:\/\/life-wellness.eu\/es\/wp-json\/wp\/v2\/product_cat?post=31026"},{"taxonomy":"product_tag","embeddable":true,"href":"https:\/\/life-wellness.eu\/es\/wp-json\/wp\/v2\/product_tag?post=31026"}],"curies":[{"name":"wp","href":"https:\/\/api.w.org\/{rel}","templated":true}]}}