{"id":31038,"date":"2024-05-03T09:37:53","date_gmt":"2024-05-03T09:37:53","guid":{"rendered":"https:\/\/life-wellness.eu\/product\/filtro-reina-majestic\/"},"modified":"2025-02-17T16:34:41","modified_gmt":"2025-02-17T16:34:41","slug":"filtro-reina-majestic","status":"publish","type":"product","link":"https:\/\/life-wellness.eu\/es\/producto\/filtro-reina-majestic\/","title":{"rendered":"Filtro Reina Majestic"},"content":{"rendered":"<h3>Calidad del aire interior<\/h3>\n<p>&nbsp;<\/p>\n<div class=\"elementor-element elementor-element-aa3c82b animation_type_block sc_fly_static elementor-widget elementor-widget-text-editor trx_addons_parallax_layers_inited trx_addons_parallax_blocks_inited animated air-supply-fadeinup\" data-id=\"aa3c82b\" data-element_type=\"widget\" data-settings=\"{\" data-widget_type=\"text-editor.default\">\n<div class=\"elementor-widget-container\">\n<p>El <strong>Filter Queen Majestic\u00ae<\/strong>, un sistema de purificaci\u00f3n e higiene del hogar, ayuda a eliminar permanentemente de tu casa las bacterias, el polen, el moho, la caspa de las mascotas, el humo de los cigarrillos y los olores desagradables, sirviendo como medida preventiva contra las enfermedades respiratorias y permitiendo respirar mejor a quienes ya padecen asma y\/o alergias.<\/p>\n<p>Con una magn\u00edfica filtraci\u00f3n que elimina el 99,98% de la suciedad y los contaminantes de hasta 0,1 micras (3 veces mejor que la norma HEPA).<\/p>\n<p>La potencia de la acci\u00f3n cicl\u00f3nica se complementa con el motor del nuevo cepillo giratorio que limpia en profundidad todas las superficies de tu hogar.<\/p>\n<\/div>\n<\/div>\n<p>&nbsp;<\/p>\n<div class=\"elementor-element elementor-element-aa3c82b animation_type_block sc_fly_static elementor-widget elementor-widget-text-editor trx_addons_parallax_layers_inited trx_addons_parallax_blocks_inited animated air-supply-fadeinup\" data-id=\"aa3c82b\" data-element_type=\"widget\" data-settings=\"{\" data-widget_type=\"text-editor.default\">\n<div class=\"elementor-widget-container\">\n<h6>Ventajas:<\/h6>\n<ul>\n<li>\u00a1 <strong>Limpieza<\/strong> profunda! El cepillo giratorio est\u00e1 equipado con un motor independiente para una limpieza a\u00fan m\u00e1s profunda sin reducir la potencia del motor principal.<\/li>\n<li>\u00a1 <strong>Filtraci\u00f3n<\/strong> adicional en el motor! El filtro de salida del motor est\u00e1 dise\u00f1ado para filtrar el aire que entra y sale: todas las part\u00edculas de carb\u00f3n producidas por el motor ser\u00e1n recapturadas.<\/li>\n<li>\u00a1<strong>Protecci\u00f3n<\/strong> para tus muebles y z\u00f3calos! La doble protecci\u00f3n de goma protege los muebles y los z\u00f3calos de los golpes durante las operaciones de limpieza.<\/li>\n<li>\u00a1 <strong>Seguridad<\/strong> mejorada! Un disyuntor apagar\u00e1 autom\u00e1ticamente el motor de escobillas en caso de que se bloquee por diversas razones o se sobrecaliente.<\/li>\n<li>\u00a1Accesorios <strong>de calidad<\/strong> impecable! Se han introducido cambios significativos en el dise\u00f1o de los nuevos accesorios Filter Queen para ofrecer a los usuarios un mejor rendimiento.<\/li>\n<li>El juego de accesorios incluye: el cepillo para suelos duros, el cepillo prensador de doble funci\u00f3n, la herramienta para hendiduras y la corona de accesorios.<\/li>\n<\/ul>\n<\/div>\n<\/div>\n","protected":false},"excerpt":{"rendered":"<p>El Filtro Queen Majestic\u00ae ofrece una purificaci\u00f3n e higiene dom\u00e9sticas superiores, garantizando un aire y unas superficies m\u00e1s limpios para un entorno vital m\u00e1s saludable.<\/p>\n","protected":false},"featured_media":31043,"template":"","meta":{"_monsterinsights_skip_tracking":false,"_monsterinsights_sitenote_active":false,"_monsterinsights_sitenote_note":"","_monsterinsights_sitenote_category":0},"product_brand":[],"product_cat":[306],"product_tag":[307],"class_list":{"0":"post-31038","1":"product","2":"type-product","3":"status-publish","4":"has-post-thumbnail","6":"product_cat-aire","7":"product_tag-aire","9":"first","10":"instock","11":"taxable","12":"shipping-taxable","13":"product-type-simple"},"yoast_head":"<!-- This site is optimized with the Yoast SEO plugin v26.6 - https:\/\/yoast.com\/wordpress\/plugins\/seo\/ -->\n<title>Filtro Reina Majestic - Life Wellness<\/title>\n<meta name=\"robots\" content=\"index, follow, max-snippet:-1, max-image-preview:large, max-video-preview:-1\" \/>\n<link rel=\"canonical\" href=\"https:\/\/life-wellness.eu\/es\/producto\/filtro-reina-majestic\/\" \/>\n<meta property=\"og:locale\" content=\"es_ES\" \/>\n<meta property=\"og:type\" content=\"article\" \/>\n<meta property=\"og:title\" content=\"Filtro Reina Majestic - Life Wellness\" \/>\n<meta property=\"og:description\" content=\"El Filtro Queen Majestic\u00ae ofrece una purificaci\u00f3n e higiene dom\u00e9sticas superiores, garantizando un aire y unas superficies m\u00e1s limpios para un entorno vital m\u00e1s saludable.\" \/>\n<meta property=\"og:url\" content=\"https:\/\/life-wellness.eu\/es\/producto\/filtro-reina-majestic\/\" \/>\n<meta property=\"og:site_name\" content=\"Life Wellness\" \/>\n<meta property=\"article:publisher\" content=\"https:\/\/www.facebook.com\/grupofiltrarte\" \/>\n<meta property=\"article:modified_time\" content=\"2025-02-17T16:34:41+00:00\" \/>\n<meta property=\"og:image\" content=\"https:\/\/life-wellness.eu\/wp-content\/uploads\/2024\/05\/majestic-1-1.jpg\" \/>\n\t<meta property=\"og:image:width\" content=\"1300\" \/>\n\t<meta property=\"og:image:height\" content=\"1300\" \/>\n\t<meta property=\"og:image:type\" content=\"image\/jpeg\" \/>\n<meta name=\"twitter:card\" content=\"summary_large_image\" \/>\n<meta name=\"twitter:label1\" content=\"Tiempo de lectura\" \/>\n\t<meta name=\"twitter:data1\" content=\"2 minutos\" \/>\n<script type=\"application\/ld+json\" class=\"yoast-schema-graph\">{\"@context\":\"https:\/\/schema.org\",\"@graph\":[{\"@type\":\"WebPage\",\"@id\":\"https:\/\/life-wellness.eu\/es\/producto\/filtro-reina-majestic\/\",\"url\":\"https:\/\/life-wellness.eu\/es\/producto\/filtro-reina-majestic\/\",\"name\":\"Filtro Reina Majestic - Life Wellness\",\"isPartOf\":{\"@id\":\"https:\/\/life-wellness.eu\/es\/#website\"},\"primaryImageOfPage\":{\"@id\":\"https:\/\/life-wellness.eu\/es\/producto\/filtro-reina-majestic\/#primaryimage\"},\"image\":{\"@id\":\"https:\/\/life-wellness.eu\/es\/producto\/filtro-reina-majestic\/#primaryimage\"},\"thumbnailUrl\":\"https:\/\/life-wellness.eu\/wp-content\/uploads\/2024\/05\/majestic-1-1.jpg\",\"datePublished\":\"2024-05-03T09:37:53+00:00\",\"dateModified\":\"2025-02-17T16:34:41+00:00\",\"breadcrumb\":{\"@id\":\"https:\/\/life-wellness.eu\/es\/producto\/filtro-reina-majestic\/#breadcrumb\"},\"inLanguage\":\"es\",\"potentialAction\":[{\"@type\":\"ReadAction\",\"target\":[\"https:\/\/life-wellness.eu\/es\/producto\/filtro-reina-majestic\/\"]}]},{\"@type\":\"ImageObject\",\"inLanguage\":\"es\",\"@id\":\"https:\/\/life-wellness.eu\/es\/producto\/filtro-reina-majestic\/#primaryimage\",\"url\":\"https:\/\/life-wellness.eu\/wp-content\/uploads\/2024\/05\/majestic-1-1.jpg\",\"contentUrl\":\"https:\/\/life-wellness.eu\/wp-content\/uploads\/2024\/05\/majestic-1-1.jpg\",\"width\":1300,\"height\":1300},{\"@type\":\"BreadcrumbList\",\"@id\":\"https:\/\/life-wellness.eu\/es\/producto\/filtro-reina-majestic\/#breadcrumb\",\"itemListElement\":[{\"@type\":\"ListItem\",\"position\":1,\"name\":\"Home\",\"item\":\"https:\/\/life-wellness.eu\/es\/\"},{\"@type\":\"ListItem\",\"position\":2,\"name\":\"Shop\",\"item\":\"https:\/\/life-wellness.eu\/shop\/\"},{\"@type\":\"ListItem\",\"position\":3,\"name\":\"Filtro Reina Majestic\"}]},{\"@type\":\"WebSite\",\"@id\":\"https:\/\/life-wellness.eu\/es\/#website\",\"url\":\"https:\/\/life-wellness.eu\/es\/\",\"name\":\"Life Welness\",\"description\":\"Make your life wellness\",\"publisher\":{\"@id\":\"https:\/\/life-wellness.eu\/es\/#organization\"},\"potentialAction\":[{\"@type\":\"SearchAction\",\"target\":{\"@type\":\"EntryPoint\",\"urlTemplate\":\"https:\/\/life-wellness.eu\/es\/?s={search_term_string}\"},\"query-input\":{\"@type\":\"PropertyValueSpecification\",\"valueRequired\":true,\"valueName\":\"search_term_string\"}}],\"inLanguage\":\"es\"},{\"@type\":\"Organization\",\"@id\":\"https:\/\/life-wellness.eu\/es\/#organization\",\"name\":\"Lar Puro - Artigos de Utilidade Dome\u0301stica Lda\",\"url\":\"https:\/\/life-wellness.eu\/es\/\",\"logo\":{\"@type\":\"ImageObject\",\"inLanguage\":\"es\",\"@id\":\"https:\/\/life-wellness.eu\/es\/#\/schema\/logo\/image\/\",\"url\":\"https:\/\/life-wellness.eu\/wp-content\/uploads\/2024\/03\/logo-life-wellness.png\",\"contentUrl\":\"https:\/\/life-wellness.eu\/wp-content\/uploads\/2024\/03\/logo-life-wellness.png\",\"width\":639,\"height\":437,\"caption\":\"Lar Puro - Artigos de Utilidade Dome\u0301stica Lda\"},\"image\":{\"@id\":\"https:\/\/life-wellness.eu\/es\/#\/schema\/logo\/image\/\"},\"sameAs\":[\"https:\/\/www.facebook.com\/grupofiltrarte\",\"https:\/\/www.instagram.com\/grupofiltrarte\",\"https:\/\/www.linkedin.com\/company\/grupo-filtrarte\/\"]}]}<\/script>\n<!-- \/ Yoast SEO plugin. -->","yoast_head_json":{"title":"Filtro Reina Majestic - Life Wellness","robots":{"index":"index","follow":"follow","max-snippet":"max-snippet:-1","max-image-preview":"max-image-preview:large","max-video-preview":"max-video-preview:-1"},"canonical":"https:\/\/life-wellness.eu\/es\/producto\/filtro-reina-majestic\/","og_locale":"es_ES","og_type":"article","og_title":"Filtro Reina Majestic - Life Wellness","og_description":"El Filtro Queen Majestic\u00ae ofrece una purificaci\u00f3n e higiene dom\u00e9sticas superiores, garantizando un aire y unas superficies m\u00e1s limpios para un entorno vital m\u00e1s saludable.","og_url":"https:\/\/life-wellness.eu\/es\/producto\/filtro-reina-majestic\/","og_site_name":"Life Wellness","article_publisher":"https:\/\/www.facebook.com\/grupofiltrarte","article_modified_time":"2025-02-17T16:34:41+00:00","og_image":[{"width":1300,"height":1300,"url":"https:\/\/life-wellness.eu\/wp-content\/uploads\/2024\/05\/majestic-1-1.jpg","type":"image\/jpeg"}],"twitter_card":"summary_large_image","twitter_misc":{"Tiempo de lectura":"2 minutos"},"schema":{"@context":"https:\/\/schema.org","@graph":[{"@type":"WebPage","@id":"https:\/\/life-wellness.eu\/es\/producto\/filtro-reina-majestic\/","url":"https:\/\/life-wellness.eu\/es\/producto\/filtro-reina-majestic\/","name":"Filtro Reina Majestic - Life Wellness","isPartOf":{"@id":"https:\/\/life-wellness.eu\/es\/#website"},"primaryImageOfPage":{"@id":"https:\/\/life-wellness.eu\/es\/producto\/filtro-reina-majestic\/#primaryimage"},"image":{"@id":"https:\/\/life-wellness.eu\/es\/producto\/filtro-reina-majestic\/#primaryimage"},"thumbnailUrl":"https:\/\/life-wellness.eu\/wp-content\/uploads\/2024\/05\/majestic-1-1.jpg","datePublished":"2024-05-03T09:37:53+00:00","dateModified":"2025-02-17T16:34:41+00:00","breadcrumb":{"@id":"https:\/\/life-wellness.eu\/es\/producto\/filtro-reina-majestic\/#breadcrumb"},"inLanguage":"es","potentialAction":[{"@type":"ReadAction","target":["https:\/\/life-wellness.eu\/es\/producto\/filtro-reina-majestic\/"]}]},{"@type":"ImageObject","inLanguage":"es","@id":"https:\/\/life-wellness.eu\/es\/producto\/filtro-reina-majestic\/#primaryimage","url":"https:\/\/life-wellness.eu\/wp-content\/uploads\/2024\/05\/majestic-1-1.jpg","contentUrl":"https:\/\/life-wellness.eu\/wp-content\/uploads\/2024\/05\/majestic-1-1.jpg","width":1300,"height":1300},{"@type":"BreadcrumbList","@id":"https:\/\/life-wellness.eu\/es\/producto\/filtro-reina-majestic\/#breadcrumb","itemListElement":[{"@type":"ListItem","position":1,"name":"Home","item":"https:\/\/life-wellness.eu\/es\/"},{"@type":"ListItem","position":2,"name":"Shop","item":"https:\/\/life-wellness.eu\/shop\/"},{"@type":"ListItem","position":3,"name":"Filtro Reina Majestic"}]},{"@type":"WebSite","@id":"https:\/\/life-wellness.eu\/es\/#website","url":"https:\/\/life-wellness.eu\/es\/","name":"Life Welness","description":"Make your life wellness","publisher":{"@id":"https:\/\/life-wellness.eu\/es\/#organization"},"potentialAction":[{"@type":"SearchAction","target":{"@type":"EntryPoint","urlTemplate":"https:\/\/life-wellness.eu\/es\/?s={search_term_string}"},"query-input":{"@type":"PropertyValueSpecification","valueRequired":true,"valueName":"search_term_string"}}],"inLanguage":"es"},{"@type":"Organization","@id":"https:\/\/life-wellness.eu\/es\/#organization","name":"Lar Puro - Artigos de Utilidade Dome\u0301stica Lda","url":"https:\/\/life-wellness.eu\/es\/","logo":{"@type":"ImageObject","inLanguage":"es","@id":"https:\/\/life-wellness.eu\/es\/#\/schema\/logo\/image\/","url":"https:\/\/life-wellness.eu\/wp-content\/uploads\/2024\/03\/logo-life-wellness.png","contentUrl":"https:\/\/life-wellness.eu\/wp-content\/uploads\/2024\/03\/logo-life-wellness.png","width":639,"height":437,"caption":"Lar Puro - Artigos de Utilidade Dome\u0301stica Lda"},"image":{"@id":"https:\/\/life-wellness.eu\/es\/#\/schema\/logo\/image\/"},"sameAs":["https:\/\/www.facebook.com\/grupofiltrarte","https:\/\/www.instagram.com\/grupofiltrarte","https:\/\/www.linkedin.com\/company\/grupo-filtrarte\/"]}]}},"_links":{"self":[{"href":"https:\/\/life-wellness.eu\/es\/wp-json\/wp\/v2\/product\/31038","targetHints":{"allow":["GET"]}}],"collection":[{"href":"https:\/\/life-wellness.eu\/es\/wp-json\/wp\/v2\/product"}],"about":[{"href":"https:\/\/life-wellness.eu\/es\/wp-json\/wp\/v2\/types\/product"}],"wp:featuredmedia":[{"embeddable":true,"href":"https:\/\/life-wellness.eu\/es\/wp-json\/wp\/v2\/media\/31043"}],"wp:attachment":[{"href":"https:\/\/life-wellness.eu\/es\/wp-json\/wp\/v2\/media?parent=31038"}],"wp:term":[{"taxonomy":"product_brand","embeddable":true,"href":"https:\/\/life-wellness.eu\/es\/wp-json\/wp\/v2\/product_brand?post=31038"},{"taxonomy":"product_cat","embeddable":true,"href":"https:\/\/life-wellness.eu\/es\/wp-json\/wp\/v2\/product_cat?post=31038"},{"taxonomy":"product_tag","embeddable":true,"href":"https:\/\/life-wellness.eu\/es\/wp-json\/wp\/v2\/product_tag?post=31038"}],"curies":[{"name":"wp","href":"https:\/\/api.w.org\/{rel}","templated":true}]}}