{"id":30861,"date":"2024-10-07T20:36:57","date_gmt":"2024-10-07T20:36:57","guid":{"rendered":"https:\/\/life-wellness.eu\/product\/2-oreillers-viscoelastiques-dreamline\/"},"modified":"2025-03-29T12:18:03","modified_gmt":"2025-03-29T12:18:03","slug":"2-oreillers-viscoelastiques-dreamline","status":"publish","type":"product","link":"https:\/\/life-wellness.eu\/fr\/produit\/2-oreillers-viscoelastiques-dreamline\/","title":{"rendered":"2 oreillers visco\u00e9lastiques Dreamline"},"content":{"rendered":"<h3 class=\"p1\"><b>Transformez votre sommeil avec l&rsquo;oreiller en mousse \u00e0 m\u00e9moire de forme Dreamline<\/b><\/h3>\n<div class=\"elementor-element elementor-element-aa3c82b animation_type_block sc_fly_static elementor-widget elementor-widget-text-editor trx_addons_parallax_layers_inited trx_addons_parallax_blocks_inited animated air-supply-fadeinup\" data-id=\"aa3c82b\" data-element_type=\"widget\" data-settings=\"{\" data-widget_type=\"text-editor.default\">\n<div class=\"elementor-widget-container\">\n<p class=\"p1\">L&rsquo;<b>oreiller en mousse \u00e0 m\u00e9moire de forme Dreamline<\/b> est plus qu&rsquo;un simple oreiller &#8211; c&rsquo;est un \u00e9l\u00e9ment essentiel d&rsquo;une routine de sommeil reposante et r\u00e9paratrice. Con\u00e7u pour soutenir une posture correcte en s&rsquo;adaptant \u00e0 la forme et au poids de la t\u00eate de chaque individu, cet oreiller favorise un meilleur sommeil et contribue \u00e0 \u00e9quilibrer les niveaux d&rsquo;hormones, \u00e0 renforcer le syst\u00e8me immunitaire et \u00e0 pr\u00e9venir les probl\u00e8mes de colonne vert\u00e9brale.<\/p>\n<p>&nbsp;<\/p>\n<\/div>\n<\/div>\n<div class=\"elementor-element elementor-element-aa3c82b animation_type_block sc_fly_static elementor-widget elementor-widget-text-editor trx_addons_parallax_layers_inited trx_addons_parallax_blocks_inited animated air-supply-fadeinup\" data-id=\"aa3c82b\" data-element_type=\"widget\" data-settings=\"{\" data-widget_type=\"text-editor.default\">\n<div class=\"elementor-widget-container\">\n<h6 class=\"p1\"><b>Caract\u00e9ristiques principales<\/b>:<\/h6>\n<ul>\n<li>\n<p class=\"p1\"><b>Conception ergonomique<\/b> pour un alignement id\u00e9al du cou et de la colonne vert\u00e9brale<\/p>\n<\/li>\n<li>\n<p class=\"p1\"><b>Temp\u00e9rature neutre<\/b> pour vous permettre de rester \u00e0 l&rsquo;aise toute la nuit<\/p>\n<\/li>\n<li>\n<p class=\"p1\"><b>R\u00e9versible<\/b> pour une utilisation polyvalente<\/p>\n<\/li>\n<li>\n<p class=\"p1\"><b>Sans bruit<\/b> pour un sommeil ininterrompu<\/p>\n<\/li>\n<\/ul>\n<\/div>\n<\/div>\n","protected":false},"excerpt":{"rendered":"<p>L&rsquo;<b>oreiller en mousse \u00e0 m\u00e9moire de forme Dreamline<\/b> est plus qu&rsquo;un simple oreiller &#8211; c&rsquo;est un \u00e9l\u00e9ment essentiel d&rsquo;une routine de sommeil reposante et r\u00e9paratrice. Con\u00e7u pour soutenir une posture correcte en s&rsquo;adaptant \u00e0 la forme et au poids de la t\u00eate de chaque individu, cet oreiller favorise un meilleur sommeil et contribue \u00e0 \u00e9quilibrer les niveaux d&rsquo;hormones, \u00e0 renforcer le syst\u00e8me immunitaire et \u00e0 pr\u00e9venir les probl\u00e8mes de colonne vert\u00e9brale.<\/p>\n","protected":false},"featured_media":30837,"template":"","meta":{"_monsterinsights_skip_tracking":false,"_monsterinsights_sitenote_active":false,"_monsterinsights_sitenote_note":"","_monsterinsights_sitenote_category":0},"product_brand":[],"product_cat":[286],"product_tag":[291,289,287],"class_list":{"0":"post-30861","1":"product","2":"type-product","3":"status-publish","4":"has-post-thumbnail","6":"product_cat-bien-etre","7":"product_tag-corps","8":"product_tag-dormir","9":"product_tag-le-bien-etre","11":"first","12":"instock","13":"taxable","14":"shipping-taxable","15":"product-type-variable"},"yoast_head":"<!-- This site is optimized with the Yoast SEO plugin v26.6 - https:\/\/yoast.com\/wordpress\/plugins\/seo\/ -->\n<title>2 oreillers visco\u00e9lastiques Dreamline - Life Wellness<\/title>\n<meta name=\"robots\" content=\"index, follow, max-snippet:-1, max-image-preview:large, max-video-preview:-1\" \/>\n<link rel=\"canonical\" href=\"https:\/\/life-wellness.eu\/fr\/produit\/2-oreillers-viscoelastiques-dreamline\/\" \/>\n<meta property=\"og:locale\" content=\"fr_FR\" \/>\n<meta property=\"og:type\" content=\"article\" \/>\n<meta property=\"og:title\" content=\"2 oreillers visco\u00e9lastiques Dreamline - Life Wellness\" \/>\n<meta property=\"og:description\" content=\"L&#039;oreiller en mousse \u00e0 m\u00e9moire de forme Dreamline est plus qu&#039;un simple oreiller - c&#039;est un \u00e9l\u00e9ment essentiel d&#039;une routine de sommeil reposante et r\u00e9paratrice. Con\u00e7u pour soutenir une posture correcte en s&#039;adaptant \u00e0 la forme et au poids de la t\u00eate de chaque individu, cet oreiller favorise un meilleur sommeil et contribue \u00e0 \u00e9quilibrer les niveaux d&#039;hormones, \u00e0 renforcer le syst\u00e8me immunitaire et \u00e0 pr\u00e9venir les probl\u00e8mes de colonne vert\u00e9brale.\" \/>\n<meta property=\"og:url\" content=\"https:\/\/life-wellness.eu\/fr\/produit\/2-oreillers-viscoelastiques-dreamline\/\" \/>\n<meta property=\"og:site_name\" content=\"Life Wellness\" \/>\n<meta property=\"article:publisher\" content=\"https:\/\/www.facebook.com\/grupofiltrarte\" \/>\n<meta property=\"article:modified_time\" content=\"2025-03-29T12:18:03+00:00\" \/>\n<meta property=\"og:image\" content=\"https:\/\/life-wellness.eu\/wp-content\/uploads\/2024\/10\/wellbeing-2pillows-v2.jpg\" \/>\n\t<meta property=\"og:image:width\" content=\"1350\" \/>\n\t<meta property=\"og:image:height\" content=\"1350\" \/>\n\t<meta property=\"og:image:type\" content=\"image\/jpeg\" \/>\n<meta name=\"twitter:card\" content=\"summary_large_image\" \/>\n<meta name=\"twitter:label1\" content=\"Dur\u00e9e de lecture estim\u00e9e\" \/>\n\t<meta name=\"twitter:data1\" content=\"1 minute\" \/>\n<script type=\"application\/ld+json\" class=\"yoast-schema-graph\">{\"@context\":\"https:\/\/schema.org\",\"@graph\":[{\"@type\":\"WebPage\",\"@id\":\"https:\/\/life-wellness.eu\/fr\/produit\/2-oreillers-viscoelastiques-dreamline\/\",\"url\":\"https:\/\/life-wellness.eu\/fr\/produit\/2-oreillers-viscoelastiques-dreamline\/\",\"name\":\"2 oreillers visco\u00e9lastiques Dreamline - Life Wellness\",\"isPartOf\":{\"@id\":\"https:\/\/life-wellness.eu\/fr\/#website\"},\"primaryImageOfPage\":{\"@id\":\"https:\/\/life-wellness.eu\/fr\/produit\/2-oreillers-viscoelastiques-dreamline\/#primaryimage\"},\"image\":{\"@id\":\"https:\/\/life-wellness.eu\/fr\/produit\/2-oreillers-viscoelastiques-dreamline\/#primaryimage\"},\"thumbnailUrl\":\"https:\/\/life-wellness.eu\/wp-content\/uploads\/2024\/10\/wellbeing-2pillows-v2.jpg\",\"datePublished\":\"2024-10-07T20:36:57+00:00\",\"dateModified\":\"2025-03-29T12:18:03+00:00\",\"breadcrumb\":{\"@id\":\"https:\/\/life-wellness.eu\/fr\/produit\/2-oreillers-viscoelastiques-dreamline\/#breadcrumb\"},\"inLanguage\":\"fr-FR\",\"potentialAction\":[{\"@type\":\"ReadAction\",\"target\":[\"https:\/\/life-wellness.eu\/fr\/produit\/2-oreillers-viscoelastiques-dreamline\/\"]}]},{\"@type\":\"ImageObject\",\"inLanguage\":\"fr-FR\",\"@id\":\"https:\/\/life-wellness.eu\/fr\/produit\/2-oreillers-viscoelastiques-dreamline\/#primaryimage\",\"url\":\"https:\/\/life-wellness.eu\/wp-content\/uploads\/2024\/10\/wellbeing-2pillows-v2.jpg\",\"contentUrl\":\"https:\/\/life-wellness.eu\/wp-content\/uploads\/2024\/10\/wellbeing-2pillows-v2.jpg\",\"width\":1350,\"height\":1350},{\"@type\":\"BreadcrumbList\",\"@id\":\"https:\/\/life-wellness.eu\/fr\/produit\/2-oreillers-viscoelastiques-dreamline\/#breadcrumb\",\"itemListElement\":[{\"@type\":\"ListItem\",\"position\":1,\"name\":\"Home\",\"item\":\"https:\/\/life-wellness.eu\/fr\/\"},{\"@type\":\"ListItem\",\"position\":2,\"name\":\"Shop\",\"item\":\"https:\/\/life-wellness.eu\/shop\/\"},{\"@type\":\"ListItem\",\"position\":3,\"name\":\"2 oreillers visco\u00e9lastiques Dreamline\"}]},{\"@type\":\"WebSite\",\"@id\":\"https:\/\/life-wellness.eu\/fr\/#website\",\"url\":\"https:\/\/life-wellness.eu\/fr\/\",\"name\":\"Life Welness\",\"description\":\"Make your life wellness\",\"publisher\":{\"@id\":\"https:\/\/life-wellness.eu\/fr\/#organization\"},\"potentialAction\":[{\"@type\":\"SearchAction\",\"target\":{\"@type\":\"EntryPoint\",\"urlTemplate\":\"https:\/\/life-wellness.eu\/fr\/?s={search_term_string}\"},\"query-input\":{\"@type\":\"PropertyValueSpecification\",\"valueRequired\":true,\"valueName\":\"search_term_string\"}}],\"inLanguage\":\"fr-FR\"},{\"@type\":\"Organization\",\"@id\":\"https:\/\/life-wellness.eu\/fr\/#organization\",\"name\":\"Lar Puro - Artigos de Utilidade Dome\u0301stica Lda\",\"url\":\"https:\/\/life-wellness.eu\/fr\/\",\"logo\":{\"@type\":\"ImageObject\",\"inLanguage\":\"fr-FR\",\"@id\":\"https:\/\/life-wellness.eu\/fr\/#\/schema\/logo\/image\/\",\"url\":\"https:\/\/life-wellness.eu\/wp-content\/uploads\/2024\/03\/logo-life-wellness.png\",\"contentUrl\":\"https:\/\/life-wellness.eu\/wp-content\/uploads\/2024\/03\/logo-life-wellness.png\",\"width\":639,\"height\":437,\"caption\":\"Lar Puro - Artigos de Utilidade Dome\u0301stica Lda\"},\"image\":{\"@id\":\"https:\/\/life-wellness.eu\/fr\/#\/schema\/logo\/image\/\"},\"sameAs\":[\"https:\/\/www.facebook.com\/grupofiltrarte\",\"https:\/\/www.instagram.com\/grupofiltrarte\",\"https:\/\/www.linkedin.com\/company\/grupo-filtrarte\/\"]}]}<\/script>\n<!-- \/ Yoast SEO plugin. -->","yoast_head_json":{"title":"2 oreillers visco\u00e9lastiques Dreamline - Life Wellness","robots":{"index":"index","follow":"follow","max-snippet":"max-snippet:-1","max-image-preview":"max-image-preview:large","max-video-preview":"max-video-preview:-1"},"canonical":"https:\/\/life-wellness.eu\/fr\/produit\/2-oreillers-viscoelastiques-dreamline\/","og_locale":"fr_FR","og_type":"article","og_title":"2 oreillers visco\u00e9lastiques Dreamline - Life Wellness","og_description":"L'oreiller en mousse \u00e0 m\u00e9moire de forme Dreamline est plus qu'un simple oreiller - c'est un \u00e9l\u00e9ment essentiel d'une routine de sommeil reposante et r\u00e9paratrice. Con\u00e7u pour soutenir une posture correcte en s'adaptant \u00e0 la forme et au poids de la t\u00eate de chaque individu, cet oreiller favorise un meilleur sommeil et contribue \u00e0 \u00e9quilibrer les niveaux d'hormones, \u00e0 renforcer le syst\u00e8me immunitaire et \u00e0 pr\u00e9venir les probl\u00e8mes de colonne vert\u00e9brale.","og_url":"https:\/\/life-wellness.eu\/fr\/produit\/2-oreillers-viscoelastiques-dreamline\/","og_site_name":"Life Wellness","article_publisher":"https:\/\/www.facebook.com\/grupofiltrarte","article_modified_time":"2025-03-29T12:18:03+00:00","og_image":[{"width":1350,"height":1350,"url":"https:\/\/life-wellness.eu\/wp-content\/uploads\/2024\/10\/wellbeing-2pillows-v2.jpg","type":"image\/jpeg"}],"twitter_card":"summary_large_image","twitter_misc":{"Dur\u00e9e de lecture estim\u00e9e":"1 minute"},"schema":{"@context":"https:\/\/schema.org","@graph":[{"@type":"WebPage","@id":"https:\/\/life-wellness.eu\/fr\/produit\/2-oreillers-viscoelastiques-dreamline\/","url":"https:\/\/life-wellness.eu\/fr\/produit\/2-oreillers-viscoelastiques-dreamline\/","name":"2 oreillers visco\u00e9lastiques Dreamline - Life Wellness","isPartOf":{"@id":"https:\/\/life-wellness.eu\/fr\/#website"},"primaryImageOfPage":{"@id":"https:\/\/life-wellness.eu\/fr\/produit\/2-oreillers-viscoelastiques-dreamline\/#primaryimage"},"image":{"@id":"https:\/\/life-wellness.eu\/fr\/produit\/2-oreillers-viscoelastiques-dreamline\/#primaryimage"},"thumbnailUrl":"https:\/\/life-wellness.eu\/wp-content\/uploads\/2024\/10\/wellbeing-2pillows-v2.jpg","datePublished":"2024-10-07T20:36:57+00:00","dateModified":"2025-03-29T12:18:03+00:00","breadcrumb":{"@id":"https:\/\/life-wellness.eu\/fr\/produit\/2-oreillers-viscoelastiques-dreamline\/#breadcrumb"},"inLanguage":"fr-FR","potentialAction":[{"@type":"ReadAction","target":["https:\/\/life-wellness.eu\/fr\/produit\/2-oreillers-viscoelastiques-dreamline\/"]}]},{"@type":"ImageObject","inLanguage":"fr-FR","@id":"https:\/\/life-wellness.eu\/fr\/produit\/2-oreillers-viscoelastiques-dreamline\/#primaryimage","url":"https:\/\/life-wellness.eu\/wp-content\/uploads\/2024\/10\/wellbeing-2pillows-v2.jpg","contentUrl":"https:\/\/life-wellness.eu\/wp-content\/uploads\/2024\/10\/wellbeing-2pillows-v2.jpg","width":1350,"height":1350},{"@type":"BreadcrumbList","@id":"https:\/\/life-wellness.eu\/fr\/produit\/2-oreillers-viscoelastiques-dreamline\/#breadcrumb","itemListElement":[{"@type":"ListItem","position":1,"name":"Home","item":"https:\/\/life-wellness.eu\/fr\/"},{"@type":"ListItem","position":2,"name":"Shop","item":"https:\/\/life-wellness.eu\/shop\/"},{"@type":"ListItem","position":3,"name":"2 oreillers visco\u00e9lastiques Dreamline"}]},{"@type":"WebSite","@id":"https:\/\/life-wellness.eu\/fr\/#website","url":"https:\/\/life-wellness.eu\/fr\/","name":"Life Welness","description":"Make your life wellness","publisher":{"@id":"https:\/\/life-wellness.eu\/fr\/#organization"},"potentialAction":[{"@type":"SearchAction","target":{"@type":"EntryPoint","urlTemplate":"https:\/\/life-wellness.eu\/fr\/?s={search_term_string}"},"query-input":{"@type":"PropertyValueSpecification","valueRequired":true,"valueName":"search_term_string"}}],"inLanguage":"fr-FR"},{"@type":"Organization","@id":"https:\/\/life-wellness.eu\/fr\/#organization","name":"Lar Puro - Artigos de Utilidade Dome\u0301stica Lda","url":"https:\/\/life-wellness.eu\/fr\/","logo":{"@type":"ImageObject","inLanguage":"fr-FR","@id":"https:\/\/life-wellness.eu\/fr\/#\/schema\/logo\/image\/","url":"https:\/\/life-wellness.eu\/wp-content\/uploads\/2024\/03\/logo-life-wellness.png","contentUrl":"https:\/\/life-wellness.eu\/wp-content\/uploads\/2024\/03\/logo-life-wellness.png","width":639,"height":437,"caption":"Lar Puro - Artigos de Utilidade Dome\u0301stica Lda"},"image":{"@id":"https:\/\/life-wellness.eu\/fr\/#\/schema\/logo\/image\/"},"sameAs":["https:\/\/www.facebook.com\/grupofiltrarte","https:\/\/www.instagram.com\/grupofiltrarte","https:\/\/www.linkedin.com\/company\/grupo-filtrarte\/"]}]}},"_links":{"self":[{"href":"https:\/\/life-wellness.eu\/fr\/wp-json\/wp\/v2\/product\/30861","targetHints":{"allow":["GET"]}}],"collection":[{"href":"https:\/\/life-wellness.eu\/fr\/wp-json\/wp\/v2\/product"}],"about":[{"href":"https:\/\/life-wellness.eu\/fr\/wp-json\/wp\/v2\/types\/product"}],"wp:featuredmedia":[{"embeddable":true,"href":"https:\/\/life-wellness.eu\/fr\/wp-json\/wp\/v2\/media\/30837"}],"wp:attachment":[{"href":"https:\/\/life-wellness.eu\/fr\/wp-json\/wp\/v2\/media?parent=30861"}],"wp:term":[{"taxonomy":"product_brand","embeddable":true,"href":"https:\/\/life-wellness.eu\/fr\/wp-json\/wp\/v2\/product_brand?post=30861"},{"taxonomy":"product_cat","embeddable":true,"href":"https:\/\/life-wellness.eu\/fr\/wp-json\/wp\/v2\/product_cat?post=30861"},{"taxonomy":"product_tag","embeddable":true,"href":"https:\/\/life-wellness.eu\/fr\/wp-json\/wp\/v2\/product_tag?post=30861"}],"curies":[{"name":"wp","href":"https:\/\/api.w.org\/{rel}","templated":true}]}}