{"id":30879,"date":"2024-10-10T11:51:10","date_gmt":"2024-10-10T11:51:10","guid":{"rendered":"https:\/\/life-wellness.eu\/product\/matelas-seacell-pour-chiens-edition-speciale\/"},"modified":"2025-02-17T16:19:59","modified_gmt":"2025-02-17T16:19:59","slug":"matelas-seacell-pour-chiens-edition-speciale","status":"publish","type":"product","link":"https:\/\/life-wellness.eu\/fr\/produit\/matelas-seacell-pour-chiens-edition-speciale\/","title":{"rendered":"Matelas Seacell pour chiens &#8211; \u00c9dition sp\u00e9ciale"},"content":{"rendered":"<h3 class=\"p1\"><b>Matelas Premium pour chien &#8211; Edition sp\u00e9ciale luxe<\/b><\/h3>\n<div class=\"elementor-element elementor-element-aa3c82b animation_type_block sc_fly_static elementor-widget elementor-widget-text-editor trx_addons_parallax_layers_inited trx_addons_parallax_blocks_inited animated air-supply-fadeinup\" data-id=\"aa3c82b\" data-element_type=\"widget\" data-settings=\"{\" data-widget_type=\"text-editor.default\">\n<div class=\"elementor-widget-container\">\n<p class=\"p1\">Offrez \u00e0 votre chien une exp\u00e9rience de repos ultime avec le <b>Premium Pet Lovers Mattress &#8211; Special Edition for Dogs<\/b>. Fabriqu\u00e9 avec des mat\u00e9riaux de premi\u00e8re qualit\u00e9 et des technologies avanc\u00e9es, ce matelas offre le meilleur du confort et des soins \u00e0 votre compagnon \u00e0 quatre pattes.<\/p>\n<p class=\"p3\">&#8211;<b>Tissu cachemire<\/b>: Un toucher luxueux pour votre chien, offrant une douceur incomparable et un confort thermique pour les temps chauds et froids. La texture soyeuse offre une excellente respirabilit\u00e9, ce qui permet \u00e0 votre chien de se d\u00e9tendre dans un confort total.<\/p>\n<p class=\"p3\">&#8211;<b>Technologie<\/b> SeaCell : Compos\u00e9 de fibres de cellulose infus\u00e9es d&rsquo;algues marines, ce tissu favorise la sant\u00e9 de la peau en luttant contre le vieillissement pr\u00e9matur\u00e9 et les maladies atopiques. Durable et biod\u00e9gradable, SeaCell est un choix respectueux de l&rsquo;environnement.<\/p>\n<p class=\"p3\">&#8211;<b>Finition<\/b> antibact\u00e9rienne<b>(Ultra-Fresh)<\/b>: Ce traitement antimicrobien inhibe la croissance des bact\u00e9ries et des champignons \u00e0 l&rsquo;origine des mauvaises odeurs et des taches, garantissant ainsi un matelas propre et s\u00fbr pour votre chien.<\/p>\n<p class=\"p3\">&#8211;<b>Mousse<\/b> Energex\u2122 : La mousse visco\u00e9lastique Energex\u2122 se moule au corps de votre chien, offrant un soutien ergonomique et un soulagement efficace de la pression. S&rsquo;adaptant \u00e0 la chaleur corporelle, elle offre une exp\u00e9rience de confort personnalis\u00e9e et imm\u00e9diate.<\/p>\n<p class=\"p1\"><b>Dimensions<\/b>: 90x9x60 cm &#8211; Parfait pour les chiens de taille moyenne \u00e0 grande.<\/p>\n<\/div>\n<\/div>\n","protected":false},"excerpt":{"rendered":"<p class=\"p1\">Le <b>matelas Premium pour chien &#8211; \u00e9dition de luxe<\/b> associe le doux cachemire, la technologie SeaCell et la mousse Energex\u2122 pour offrir \u00e0 votre chien un maximum de confort et de bien-\u00eatre. La finition antibact\u00e9rienne garantit un lit hygi\u00e9nique et durable \u00e0 votre animal.<\/p>\n","protected":false},"featured_media":30822,"template":"","meta":{"_monsterinsights_skip_tracking":false,"_monsterinsights_sitenote_active":false,"_monsterinsights_sitenote_note":"","_monsterinsights_sitenote_category":0},"product_brand":[],"product_cat":[286],"product_tag":[298,289,287],"class_list":{"0":"post-30879","1":"product","2":"type-product","3":"status-publish","4":"has-post-thumbnail","6":"product_cat-bien-etre","7":"product_tag-animal-de-compagnie","8":"product_tag-dormir","9":"product_tag-le-bien-etre","11":"first","12":"instock","13":"taxable","14":"shipping-taxable","15":"product-type-simple"},"yoast_head":"<!-- This site is optimized with the Yoast SEO plugin v26.6 - https:\/\/yoast.com\/wordpress\/plugins\/seo\/ -->\n<title>Matelas Seacell pour chiens - \u00c9dition sp\u00e9ciale - Life Wellness<\/title>\n<meta name=\"robots\" content=\"index, follow, max-snippet:-1, max-image-preview:large, max-video-preview:-1\" \/>\n<link rel=\"canonical\" href=\"https:\/\/life-wellness.eu\/fr\/produit\/matelas-seacell-pour-chiens-edition-speciale\/\" \/>\n<meta property=\"og:locale\" content=\"fr_FR\" \/>\n<meta property=\"og:type\" content=\"article\" \/>\n<meta property=\"og:title\" content=\"Matelas Seacell pour chiens - \u00c9dition sp\u00e9ciale - Life Wellness\" \/>\n<meta property=\"og:description\" content=\"Le matelas Premium pour chien - \u00e9dition de luxe associe le doux cachemire, la technologie SeaCell et la mousse Energex\u2122 pour offrir \u00e0 votre chien un maximum de confort et de bien-\u00eatre. La finition antibact\u00e9rienne garantit un lit hygi\u00e9nique et durable \u00e0 votre animal.\" \/>\n<meta property=\"og:url\" content=\"https:\/\/life-wellness.eu\/fr\/produit\/matelas-seacell-pour-chiens-edition-speciale\/\" \/>\n<meta property=\"og:site_name\" content=\"Life Wellness\" \/>\n<meta property=\"article:publisher\" content=\"https:\/\/www.facebook.com\/grupofiltrarte\" \/>\n<meta property=\"article:modified_time\" content=\"2025-02-17T16:19:59+00:00\" \/>\n<meta property=\"og:image\" content=\"https:\/\/life-wellness.eu\/wp-content\/uploads\/2024\/11\/colchao-cao-vista-6.jpg\" \/>\n\t<meta property=\"og:image:width\" content=\"1350\" \/>\n\t<meta property=\"og:image:height\" content=\"1350\" \/>\n\t<meta property=\"og:image:type\" content=\"image\/jpeg\" \/>\n<meta name=\"twitter:card\" content=\"summary_large_image\" \/>\n<meta name=\"twitter:label1\" content=\"Dur\u00e9e de lecture estim\u00e9e\" \/>\n\t<meta name=\"twitter:data1\" content=\"1 minute\" \/>\n<script type=\"application\/ld+json\" class=\"yoast-schema-graph\">{\"@context\":\"https:\/\/schema.org\",\"@graph\":[{\"@type\":\"WebPage\",\"@id\":\"https:\/\/life-wellness.eu\/fr\/produit\/matelas-seacell-pour-chiens-edition-speciale\/\",\"url\":\"https:\/\/life-wellness.eu\/fr\/produit\/matelas-seacell-pour-chiens-edition-speciale\/\",\"name\":\"Matelas Seacell pour chiens - \u00c9dition sp\u00e9ciale - Life Wellness\",\"isPartOf\":{\"@id\":\"https:\/\/life-wellness.eu\/fr\/#website\"},\"primaryImageOfPage\":{\"@id\":\"https:\/\/life-wellness.eu\/fr\/produit\/matelas-seacell-pour-chiens-edition-speciale\/#primaryimage\"},\"image\":{\"@id\":\"https:\/\/life-wellness.eu\/fr\/produit\/matelas-seacell-pour-chiens-edition-speciale\/#primaryimage\"},\"thumbnailUrl\":\"https:\/\/life-wellness.eu\/wp-content\/uploads\/2024\/11\/colchao-cao-vista-6.jpg\",\"datePublished\":\"2024-10-10T11:51:10+00:00\",\"dateModified\":\"2025-02-17T16:19:59+00:00\",\"breadcrumb\":{\"@id\":\"https:\/\/life-wellness.eu\/fr\/produit\/matelas-seacell-pour-chiens-edition-speciale\/#breadcrumb\"},\"inLanguage\":\"fr-FR\",\"potentialAction\":[{\"@type\":\"ReadAction\",\"target\":[\"https:\/\/life-wellness.eu\/fr\/produit\/matelas-seacell-pour-chiens-edition-speciale\/\"]}]},{\"@type\":\"ImageObject\",\"inLanguage\":\"fr-FR\",\"@id\":\"https:\/\/life-wellness.eu\/fr\/produit\/matelas-seacell-pour-chiens-edition-speciale\/#primaryimage\",\"url\":\"https:\/\/life-wellness.eu\/wp-content\/uploads\/2024\/11\/colchao-cao-vista-6.jpg\",\"contentUrl\":\"https:\/\/life-wellness.eu\/wp-content\/uploads\/2024\/11\/colchao-cao-vista-6.jpg\",\"width\":1350,\"height\":1350},{\"@type\":\"BreadcrumbList\",\"@id\":\"https:\/\/life-wellness.eu\/fr\/produit\/matelas-seacell-pour-chiens-edition-speciale\/#breadcrumb\",\"itemListElement\":[{\"@type\":\"ListItem\",\"position\":1,\"name\":\"Home\",\"item\":\"https:\/\/life-wellness.eu\/fr\/\"},{\"@type\":\"ListItem\",\"position\":2,\"name\":\"Shop\",\"item\":\"https:\/\/life-wellness.eu\/shop\/\"},{\"@type\":\"ListItem\",\"position\":3,\"name\":\"Matelas Seacell pour chiens &#8211; \u00c9dition sp\u00e9ciale\"}]},{\"@type\":\"WebSite\",\"@id\":\"https:\/\/life-wellness.eu\/fr\/#website\",\"url\":\"https:\/\/life-wellness.eu\/fr\/\",\"name\":\"Life Welness\",\"description\":\"Make your life wellness\",\"publisher\":{\"@id\":\"https:\/\/life-wellness.eu\/fr\/#organization\"},\"potentialAction\":[{\"@type\":\"SearchAction\",\"target\":{\"@type\":\"EntryPoint\",\"urlTemplate\":\"https:\/\/life-wellness.eu\/fr\/?s={search_term_string}\"},\"query-input\":{\"@type\":\"PropertyValueSpecification\",\"valueRequired\":true,\"valueName\":\"search_term_string\"}}],\"inLanguage\":\"fr-FR\"},{\"@type\":\"Organization\",\"@id\":\"https:\/\/life-wellness.eu\/fr\/#organization\",\"name\":\"Lar Puro - Artigos de Utilidade Dome\u0301stica Lda\",\"url\":\"https:\/\/life-wellness.eu\/fr\/\",\"logo\":{\"@type\":\"ImageObject\",\"inLanguage\":\"fr-FR\",\"@id\":\"https:\/\/life-wellness.eu\/fr\/#\/schema\/logo\/image\/\",\"url\":\"https:\/\/life-wellness.eu\/wp-content\/uploads\/2024\/03\/logo-life-wellness.png\",\"contentUrl\":\"https:\/\/life-wellness.eu\/wp-content\/uploads\/2024\/03\/logo-life-wellness.png\",\"width\":639,\"height\":437,\"caption\":\"Lar Puro - Artigos de Utilidade Dome\u0301stica Lda\"},\"image\":{\"@id\":\"https:\/\/life-wellness.eu\/fr\/#\/schema\/logo\/image\/\"},\"sameAs\":[\"https:\/\/www.facebook.com\/grupofiltrarte\",\"https:\/\/www.instagram.com\/grupofiltrarte\",\"https:\/\/www.linkedin.com\/company\/grupo-filtrarte\/\"]}]}<\/script>\n<!-- \/ Yoast SEO plugin. -->","yoast_head_json":{"title":"Matelas Seacell pour chiens - \u00c9dition sp\u00e9ciale - Life Wellness","robots":{"index":"index","follow":"follow","max-snippet":"max-snippet:-1","max-image-preview":"max-image-preview:large","max-video-preview":"max-video-preview:-1"},"canonical":"https:\/\/life-wellness.eu\/fr\/produit\/matelas-seacell-pour-chiens-edition-speciale\/","og_locale":"fr_FR","og_type":"article","og_title":"Matelas Seacell pour chiens - \u00c9dition sp\u00e9ciale - Life Wellness","og_description":"Le matelas Premium pour chien - \u00e9dition de luxe associe le doux cachemire, la technologie SeaCell et la mousse Energex\u2122 pour offrir \u00e0 votre chien un maximum de confort et de bien-\u00eatre. La finition antibact\u00e9rienne garantit un lit hygi\u00e9nique et durable \u00e0 votre animal.","og_url":"https:\/\/life-wellness.eu\/fr\/produit\/matelas-seacell-pour-chiens-edition-speciale\/","og_site_name":"Life Wellness","article_publisher":"https:\/\/www.facebook.com\/grupofiltrarte","article_modified_time":"2025-02-17T16:19:59+00:00","og_image":[{"width":1350,"height":1350,"url":"https:\/\/life-wellness.eu\/wp-content\/uploads\/2024\/11\/colchao-cao-vista-6.jpg","type":"image\/jpeg"}],"twitter_card":"summary_large_image","twitter_misc":{"Dur\u00e9e de lecture estim\u00e9e":"1 minute"},"schema":{"@context":"https:\/\/schema.org","@graph":[{"@type":"WebPage","@id":"https:\/\/life-wellness.eu\/fr\/produit\/matelas-seacell-pour-chiens-edition-speciale\/","url":"https:\/\/life-wellness.eu\/fr\/produit\/matelas-seacell-pour-chiens-edition-speciale\/","name":"Matelas Seacell pour chiens - \u00c9dition sp\u00e9ciale - Life Wellness","isPartOf":{"@id":"https:\/\/life-wellness.eu\/fr\/#website"},"primaryImageOfPage":{"@id":"https:\/\/life-wellness.eu\/fr\/produit\/matelas-seacell-pour-chiens-edition-speciale\/#primaryimage"},"image":{"@id":"https:\/\/life-wellness.eu\/fr\/produit\/matelas-seacell-pour-chiens-edition-speciale\/#primaryimage"},"thumbnailUrl":"https:\/\/life-wellness.eu\/wp-content\/uploads\/2024\/11\/colchao-cao-vista-6.jpg","datePublished":"2024-10-10T11:51:10+00:00","dateModified":"2025-02-17T16:19:59+00:00","breadcrumb":{"@id":"https:\/\/life-wellness.eu\/fr\/produit\/matelas-seacell-pour-chiens-edition-speciale\/#breadcrumb"},"inLanguage":"fr-FR","potentialAction":[{"@type":"ReadAction","target":["https:\/\/life-wellness.eu\/fr\/produit\/matelas-seacell-pour-chiens-edition-speciale\/"]}]},{"@type":"ImageObject","inLanguage":"fr-FR","@id":"https:\/\/life-wellness.eu\/fr\/produit\/matelas-seacell-pour-chiens-edition-speciale\/#primaryimage","url":"https:\/\/life-wellness.eu\/wp-content\/uploads\/2024\/11\/colchao-cao-vista-6.jpg","contentUrl":"https:\/\/life-wellness.eu\/wp-content\/uploads\/2024\/11\/colchao-cao-vista-6.jpg","width":1350,"height":1350},{"@type":"BreadcrumbList","@id":"https:\/\/life-wellness.eu\/fr\/produit\/matelas-seacell-pour-chiens-edition-speciale\/#breadcrumb","itemListElement":[{"@type":"ListItem","position":1,"name":"Home","item":"https:\/\/life-wellness.eu\/fr\/"},{"@type":"ListItem","position":2,"name":"Shop","item":"https:\/\/life-wellness.eu\/shop\/"},{"@type":"ListItem","position":3,"name":"Matelas Seacell pour chiens &#8211; \u00c9dition sp\u00e9ciale"}]},{"@type":"WebSite","@id":"https:\/\/life-wellness.eu\/fr\/#website","url":"https:\/\/life-wellness.eu\/fr\/","name":"Life Welness","description":"Make your life wellness","publisher":{"@id":"https:\/\/life-wellness.eu\/fr\/#organization"},"potentialAction":[{"@type":"SearchAction","target":{"@type":"EntryPoint","urlTemplate":"https:\/\/life-wellness.eu\/fr\/?s={search_term_string}"},"query-input":{"@type":"PropertyValueSpecification","valueRequired":true,"valueName":"search_term_string"}}],"inLanguage":"fr-FR"},{"@type":"Organization","@id":"https:\/\/life-wellness.eu\/fr\/#organization","name":"Lar Puro - Artigos de Utilidade Dome\u0301stica Lda","url":"https:\/\/life-wellness.eu\/fr\/","logo":{"@type":"ImageObject","inLanguage":"fr-FR","@id":"https:\/\/life-wellness.eu\/fr\/#\/schema\/logo\/image\/","url":"https:\/\/life-wellness.eu\/wp-content\/uploads\/2024\/03\/logo-life-wellness.png","contentUrl":"https:\/\/life-wellness.eu\/wp-content\/uploads\/2024\/03\/logo-life-wellness.png","width":639,"height":437,"caption":"Lar Puro - Artigos de Utilidade Dome\u0301stica Lda"},"image":{"@id":"https:\/\/life-wellness.eu\/fr\/#\/schema\/logo\/image\/"},"sameAs":["https:\/\/www.facebook.com\/grupofiltrarte","https:\/\/www.instagram.com\/grupofiltrarte","https:\/\/www.linkedin.com\/company\/grupo-filtrarte\/"]}]}},"_links":{"self":[{"href":"https:\/\/life-wellness.eu\/fr\/wp-json\/wp\/v2\/product\/30879","targetHints":{"allow":["GET"]}}],"collection":[{"href":"https:\/\/life-wellness.eu\/fr\/wp-json\/wp\/v2\/product"}],"about":[{"href":"https:\/\/life-wellness.eu\/fr\/wp-json\/wp\/v2\/types\/product"}],"wp:featuredmedia":[{"embeddable":true,"href":"https:\/\/life-wellness.eu\/fr\/wp-json\/wp\/v2\/media\/30822"}],"wp:attachment":[{"href":"https:\/\/life-wellness.eu\/fr\/wp-json\/wp\/v2\/media?parent=30879"}],"wp:term":[{"taxonomy":"product_brand","embeddable":true,"href":"https:\/\/life-wellness.eu\/fr\/wp-json\/wp\/v2\/product_brand?post=30879"},{"taxonomy":"product_cat","embeddable":true,"href":"https:\/\/life-wellness.eu\/fr\/wp-json\/wp\/v2\/product_cat?post=30879"},{"taxonomy":"product_tag","embeddable":true,"href":"https:\/\/life-wellness.eu\/fr\/wp-json\/wp\/v2\/product_tag?post=30879"}],"curies":[{"name":"wp","href":"https:\/\/api.w.org\/{rel}","templated":true}]}}