{"id":30881,"date":"2024-10-03T21:57:12","date_gmt":"2024-10-03T21:57:12","guid":{"rendered":"https:\/\/life-wellness.eu\/product\/dreamline-earthing\/"},"modified":"2025-03-29T12:17:35","modified_gmt":"2025-03-29T12:17:35","slug":"dreamline-earthing","status":"publish","type":"product","link":"https:\/\/life-wellness.eu\/fr\/produit\/dreamline-earthing\/","title":{"rendered":"Dreamline Earthing"},"content":{"rendered":"<h3>R\u00e9volutionnez votre sommeil avec le matelas Earthing Therapy<\/h3>\n<div class=\"elementor-element elementor-element-aa3c82b animation_type_block sc_fly_static elementor-widget elementor-widget-text-editor trx_addons_parallax_layers_inited trx_addons_parallax_blocks_inited animated air-supply-fadeinup\" data-id=\"aa3c82b\" data-element_type=\"widget\" data-settings=\"{\" data-widget_type=\"text-editor.default\">\n<div class=\"elementor-widget-container\">\n<p class=\"p1\">Le <b>matelas Earthing Therapy<\/b> n&rsquo;est pas seulement destin\u00e9 au sommeil &#8211; c&rsquo;est un outil r\u00e9volutionnaire pour am\u00e9liorer le bien-\u00eatre g\u00e9n\u00e9ral. Dot\u00e9 de la <b>technologie Celliant\u00ae<\/b> et certifi\u00e9 par la <b>norme OEKO-TEX 100, classe 1<\/b>, ce matelas est con\u00e7u pour am\u00e9liorer votre repos, votre r\u00e9cup\u00e9ration et votre sant\u00e9. Sa conception unique favorise une relaxation profonde, r\u00e9duit l&rsquo;inflammation et offre toute une s\u00e9rie de bienfaits th\u00e9rapeutiques pour le corps et l&rsquo;esprit.<\/p>\n<p>&nbsp;<\/p>\n<\/div>\n<\/div>\n<div class=\"elementor-element elementor-element-aa3c82b animation_type_block sc_fly_static elementor-widget elementor-widget-text-editor trx_addons_parallax_layers_inited trx_addons_parallax_blocks_inited animated air-supply-fadeinup\" data-id=\"aa3c82b\" data-element_type=\"widget\" data-settings=\"{\" data-widget_type=\"text-editor.default\">\n<div class=\"elementor-widget-container\">\n<h6 class=\"p1\">Composition du matelas :<\/h6>\n<p class=\"p3\"><span class=\"s1\"> 1. <\/span><b>Housse en tissu Celliant\u00ae : <\/b>Convertit la chaleur du corps en \u00e9nergie infrarouge, favorisant une meilleure circulation et une oxyg\u00e9nation accrue pour un sommeil plus r\u00e9g\u00e9n\u00e9rateur.<\/p>\n<p class=\"p3\"><span class=\"s1\"> 2. <\/span><b>Couche de mise \u00e0 la terre : <\/b>\u00c9quip\u00e9 d&rsquo;un filet en cuivre qui collecte et dissipe l&rsquo;\u00e9lectricit\u00e9 statique, ce qui permet de relier votre corps \u00e0 la terre et d&rsquo;am\u00e9liorer les avantages de la mise \u00e0 la terre.<\/p>\n<p class=\"p3\"><span class=\"s1\"> 3. <\/span><b>Couche CoolGraf : <\/b>Une solution visco\u00e9lastique infus\u00e9e de graph\u00e8ne qui s&rsquo;adapte \u00e0 la forme de votre corps, favorisant un sommeil plus frais et plus confortable.<\/p>\n<p class=\"p3\"><span class=\"s1\"> 4. <\/span><b>BioCell Core : <\/b>Une mousse innovante et \u00e9cologique fabriqu\u00e9e \u00e0 partir de produits naturels d&rsquo;origine v\u00e9g\u00e9tale. Ce mat\u00e9riau non toxique offre un soulagement exceptionnel de la pression en r\u00e9partissant uniform\u00e9ment le poids et en s&rsquo;adaptant aux courbes naturelles de votre corps. La structure \u00e0 cellules ouvertes et \u00e0 haute r\u00e9silience garantit la durabilit\u00e9 et le confort tout en prot\u00e9geant votre sant\u00e9 et l&rsquo;environnement.<\/p>\n<\/div>\n<\/div>\n","protected":false},"excerpt":{"rendered":"<p>Le <b>matelas Earthing Therapy<\/b> n&rsquo;est pas seulement destin\u00e9 au sommeil &#8211; c&rsquo;est un outil r\u00e9volutionnaire pour am\u00e9liorer le bien-\u00eatre g\u00e9n\u00e9ral. Dot\u00e9 de la <b>technologie Celliant\u00ae<\/b> et certifi\u00e9 par la <b>norme OEKO-TEX 100, classe 1<\/b>, ce matelas est con\u00e7u pour am\u00e9liorer votre repos, votre r\u00e9cup\u00e9ration et votre sant\u00e9. Sa conception unique favorise une relaxation profonde, r\u00e9duit l&rsquo;inflammation et offre toute une s\u00e9rie de bienfaits th\u00e9rapeutiques pour le corps et l&rsquo;esprit.<\/p>\n","protected":false},"featured_media":30848,"template":"","meta":{"_monsterinsights_skip_tracking":false,"_monsterinsights_sitenote_active":false,"_monsterinsights_sitenote_note":"","_monsterinsights_sitenote_category":0},"product_brand":[],"product_cat":[286],"product_tag":[289,287,299],"class_list":{"0":"post-30881","1":"product","2":"type-product","3":"status-publish","4":"has-post-thumbnail","6":"product_cat-bien-etre","7":"product_tag-dormir","8":"product_tag-le-bien-etre","9":"product_tag-mise-a-la-terre","11":"first","12":"instock","13":"taxable","14":"shipping-taxable","15":"product-type-variable"},"yoast_head":"<!-- This site is optimized with the Yoast SEO plugin v26.6 - https:\/\/yoast.com\/wordpress\/plugins\/seo\/ -->\n<title>Dreamline Earthing - Life Wellness<\/title>\n<meta name=\"robots\" content=\"index, follow, max-snippet:-1, max-image-preview:large, max-video-preview:-1\" \/>\n<link rel=\"canonical\" href=\"https:\/\/life-wellness.eu\/fr\/produit\/dreamline-earthing\/\" \/>\n<meta property=\"og:locale\" content=\"fr_FR\" \/>\n<meta property=\"og:type\" content=\"article\" \/>\n<meta property=\"og:title\" content=\"Dreamline Earthing - Life Wellness\" \/>\n<meta property=\"og:description\" content=\"Le matelas Earthing Therapy n&#039;est pas seulement destin\u00e9 au sommeil - c&#039;est un outil r\u00e9volutionnaire pour am\u00e9liorer le bien-\u00eatre g\u00e9n\u00e9ral. Dot\u00e9 de la technologie Celliant\u00ae et certifi\u00e9 par la norme OEKO-TEX 100, classe 1, ce matelas est con\u00e7u pour am\u00e9liorer votre repos, votre r\u00e9cup\u00e9ration et votre sant\u00e9. Sa conception unique favorise une relaxation profonde, r\u00e9duit l&#039;inflammation et offre toute une s\u00e9rie de bienfaits th\u00e9rapeutiques pour le corps et l&#039;esprit.\" \/>\n<meta property=\"og:url\" content=\"https:\/\/life-wellness.eu\/fr\/produit\/dreamline-earthing\/\" \/>\n<meta property=\"og:site_name\" content=\"Life Wellness\" \/>\n<meta property=\"article:publisher\" content=\"https:\/\/www.facebook.com\/grupofiltrarte\" \/>\n<meta property=\"article:modified_time\" content=\"2025-03-29T12:17:35+00:00\" \/>\n<meta property=\"og:image\" content=\"https:\/\/life-wellness.eu\/wp-content\/uploads\/2024\/10\/colchao-dreamline-star.jpg\" \/>\n\t<meta property=\"og:image:width\" content=\"1350\" \/>\n\t<meta property=\"og:image:height\" content=\"1350\" \/>\n\t<meta property=\"og:image:type\" content=\"image\/jpeg\" \/>\n<meta name=\"twitter:card\" content=\"summary_large_image\" \/>\n<meta name=\"twitter:label1\" content=\"Dur\u00e9e de lecture estim\u00e9e\" \/>\n\t<meta name=\"twitter:data1\" content=\"2 minutes\" \/>\n<script type=\"application\/ld+json\" class=\"yoast-schema-graph\">{\"@context\":\"https:\/\/schema.org\",\"@graph\":[{\"@type\":\"WebPage\",\"@id\":\"https:\/\/life-wellness.eu\/fr\/produit\/dreamline-earthing\/\",\"url\":\"https:\/\/life-wellness.eu\/fr\/produit\/dreamline-earthing\/\",\"name\":\"Dreamline Earthing - Life Wellness\",\"isPartOf\":{\"@id\":\"https:\/\/life-wellness.eu\/fr\/#website\"},\"primaryImageOfPage\":{\"@id\":\"https:\/\/life-wellness.eu\/fr\/produit\/dreamline-earthing\/#primaryimage\"},\"image\":{\"@id\":\"https:\/\/life-wellness.eu\/fr\/produit\/dreamline-earthing\/#primaryimage\"},\"thumbnailUrl\":\"https:\/\/life-wellness.eu\/wp-content\/uploads\/2024\/10\/colchao-dreamline-star.jpg\",\"datePublished\":\"2024-10-03T21:57:12+00:00\",\"dateModified\":\"2025-03-29T12:17:35+00:00\",\"breadcrumb\":{\"@id\":\"https:\/\/life-wellness.eu\/fr\/produit\/dreamline-earthing\/#breadcrumb\"},\"inLanguage\":\"fr-FR\",\"potentialAction\":[{\"@type\":\"ReadAction\",\"target\":[\"https:\/\/life-wellness.eu\/fr\/produit\/dreamline-earthing\/\"]}]},{\"@type\":\"ImageObject\",\"inLanguage\":\"fr-FR\",\"@id\":\"https:\/\/life-wellness.eu\/fr\/produit\/dreamline-earthing\/#primaryimage\",\"url\":\"https:\/\/life-wellness.eu\/wp-content\/uploads\/2024\/10\/colchao-dreamline-star.jpg\",\"contentUrl\":\"https:\/\/life-wellness.eu\/wp-content\/uploads\/2024\/10\/colchao-dreamline-star.jpg\",\"width\":1350,\"height\":1350},{\"@type\":\"BreadcrumbList\",\"@id\":\"https:\/\/life-wellness.eu\/fr\/produit\/dreamline-earthing\/#breadcrumb\",\"itemListElement\":[{\"@type\":\"ListItem\",\"position\":1,\"name\":\"Home\",\"item\":\"https:\/\/life-wellness.eu\/fr\/\"},{\"@type\":\"ListItem\",\"position\":2,\"name\":\"Shop\",\"item\":\"https:\/\/life-wellness.eu\/shop\/\"},{\"@type\":\"ListItem\",\"position\":3,\"name\":\"Dreamline Earthing\"}]},{\"@type\":\"WebSite\",\"@id\":\"https:\/\/life-wellness.eu\/fr\/#website\",\"url\":\"https:\/\/life-wellness.eu\/fr\/\",\"name\":\"Life Welness\",\"description\":\"Make your life wellness\",\"publisher\":{\"@id\":\"https:\/\/life-wellness.eu\/fr\/#organization\"},\"potentialAction\":[{\"@type\":\"SearchAction\",\"target\":{\"@type\":\"EntryPoint\",\"urlTemplate\":\"https:\/\/life-wellness.eu\/fr\/?s={search_term_string}\"},\"query-input\":{\"@type\":\"PropertyValueSpecification\",\"valueRequired\":true,\"valueName\":\"search_term_string\"}}],\"inLanguage\":\"fr-FR\"},{\"@type\":\"Organization\",\"@id\":\"https:\/\/life-wellness.eu\/fr\/#organization\",\"name\":\"Lar Puro - Artigos de Utilidade Dome\u0301stica Lda\",\"url\":\"https:\/\/life-wellness.eu\/fr\/\",\"logo\":{\"@type\":\"ImageObject\",\"inLanguage\":\"fr-FR\",\"@id\":\"https:\/\/life-wellness.eu\/fr\/#\/schema\/logo\/image\/\",\"url\":\"https:\/\/life-wellness.eu\/wp-content\/uploads\/2024\/03\/logo-life-wellness.png\",\"contentUrl\":\"https:\/\/life-wellness.eu\/wp-content\/uploads\/2024\/03\/logo-life-wellness.png\",\"width\":639,\"height\":437,\"caption\":\"Lar Puro - Artigos de Utilidade Dome\u0301stica Lda\"},\"image\":{\"@id\":\"https:\/\/life-wellness.eu\/fr\/#\/schema\/logo\/image\/\"},\"sameAs\":[\"https:\/\/www.facebook.com\/grupofiltrarte\",\"https:\/\/www.instagram.com\/grupofiltrarte\",\"https:\/\/www.linkedin.com\/company\/grupo-filtrarte\/\"]}]}<\/script>\n<!-- \/ Yoast SEO plugin. -->","yoast_head_json":{"title":"Dreamline Earthing - Life Wellness","robots":{"index":"index","follow":"follow","max-snippet":"max-snippet:-1","max-image-preview":"max-image-preview:large","max-video-preview":"max-video-preview:-1"},"canonical":"https:\/\/life-wellness.eu\/fr\/produit\/dreamline-earthing\/","og_locale":"fr_FR","og_type":"article","og_title":"Dreamline Earthing - Life Wellness","og_description":"Le matelas Earthing Therapy n'est pas seulement destin\u00e9 au sommeil - c'est un outil r\u00e9volutionnaire pour am\u00e9liorer le bien-\u00eatre g\u00e9n\u00e9ral. Dot\u00e9 de la technologie Celliant\u00ae et certifi\u00e9 par la norme OEKO-TEX 100, classe 1, ce matelas est con\u00e7u pour am\u00e9liorer votre repos, votre r\u00e9cup\u00e9ration et votre sant\u00e9. Sa conception unique favorise une relaxation profonde, r\u00e9duit l'inflammation et offre toute une s\u00e9rie de bienfaits th\u00e9rapeutiques pour le corps et l'esprit.","og_url":"https:\/\/life-wellness.eu\/fr\/produit\/dreamline-earthing\/","og_site_name":"Life Wellness","article_publisher":"https:\/\/www.facebook.com\/grupofiltrarte","article_modified_time":"2025-03-29T12:17:35+00:00","og_image":[{"width":1350,"height":1350,"url":"https:\/\/life-wellness.eu\/wp-content\/uploads\/2024\/10\/colchao-dreamline-star.jpg","type":"image\/jpeg"}],"twitter_card":"summary_large_image","twitter_misc":{"Dur\u00e9e de lecture estim\u00e9e":"2 minutes"},"schema":{"@context":"https:\/\/schema.org","@graph":[{"@type":"WebPage","@id":"https:\/\/life-wellness.eu\/fr\/produit\/dreamline-earthing\/","url":"https:\/\/life-wellness.eu\/fr\/produit\/dreamline-earthing\/","name":"Dreamline Earthing - Life Wellness","isPartOf":{"@id":"https:\/\/life-wellness.eu\/fr\/#website"},"primaryImageOfPage":{"@id":"https:\/\/life-wellness.eu\/fr\/produit\/dreamline-earthing\/#primaryimage"},"image":{"@id":"https:\/\/life-wellness.eu\/fr\/produit\/dreamline-earthing\/#primaryimage"},"thumbnailUrl":"https:\/\/life-wellness.eu\/wp-content\/uploads\/2024\/10\/colchao-dreamline-star.jpg","datePublished":"2024-10-03T21:57:12+00:00","dateModified":"2025-03-29T12:17:35+00:00","breadcrumb":{"@id":"https:\/\/life-wellness.eu\/fr\/produit\/dreamline-earthing\/#breadcrumb"},"inLanguage":"fr-FR","potentialAction":[{"@type":"ReadAction","target":["https:\/\/life-wellness.eu\/fr\/produit\/dreamline-earthing\/"]}]},{"@type":"ImageObject","inLanguage":"fr-FR","@id":"https:\/\/life-wellness.eu\/fr\/produit\/dreamline-earthing\/#primaryimage","url":"https:\/\/life-wellness.eu\/wp-content\/uploads\/2024\/10\/colchao-dreamline-star.jpg","contentUrl":"https:\/\/life-wellness.eu\/wp-content\/uploads\/2024\/10\/colchao-dreamline-star.jpg","width":1350,"height":1350},{"@type":"BreadcrumbList","@id":"https:\/\/life-wellness.eu\/fr\/produit\/dreamline-earthing\/#breadcrumb","itemListElement":[{"@type":"ListItem","position":1,"name":"Home","item":"https:\/\/life-wellness.eu\/fr\/"},{"@type":"ListItem","position":2,"name":"Shop","item":"https:\/\/life-wellness.eu\/shop\/"},{"@type":"ListItem","position":3,"name":"Dreamline Earthing"}]},{"@type":"WebSite","@id":"https:\/\/life-wellness.eu\/fr\/#website","url":"https:\/\/life-wellness.eu\/fr\/","name":"Life Welness","description":"Make your life wellness","publisher":{"@id":"https:\/\/life-wellness.eu\/fr\/#organization"},"potentialAction":[{"@type":"SearchAction","target":{"@type":"EntryPoint","urlTemplate":"https:\/\/life-wellness.eu\/fr\/?s={search_term_string}"},"query-input":{"@type":"PropertyValueSpecification","valueRequired":true,"valueName":"search_term_string"}}],"inLanguage":"fr-FR"},{"@type":"Organization","@id":"https:\/\/life-wellness.eu\/fr\/#organization","name":"Lar Puro - Artigos de Utilidade Dome\u0301stica Lda","url":"https:\/\/life-wellness.eu\/fr\/","logo":{"@type":"ImageObject","inLanguage":"fr-FR","@id":"https:\/\/life-wellness.eu\/fr\/#\/schema\/logo\/image\/","url":"https:\/\/life-wellness.eu\/wp-content\/uploads\/2024\/03\/logo-life-wellness.png","contentUrl":"https:\/\/life-wellness.eu\/wp-content\/uploads\/2024\/03\/logo-life-wellness.png","width":639,"height":437,"caption":"Lar Puro - Artigos de Utilidade Dome\u0301stica Lda"},"image":{"@id":"https:\/\/life-wellness.eu\/fr\/#\/schema\/logo\/image\/"},"sameAs":["https:\/\/www.facebook.com\/grupofiltrarte","https:\/\/www.instagram.com\/grupofiltrarte","https:\/\/www.linkedin.com\/company\/grupo-filtrarte\/"]}]}},"_links":{"self":[{"href":"https:\/\/life-wellness.eu\/fr\/wp-json\/wp\/v2\/product\/30881","targetHints":{"allow":["GET"]}}],"collection":[{"href":"https:\/\/life-wellness.eu\/fr\/wp-json\/wp\/v2\/product"}],"about":[{"href":"https:\/\/life-wellness.eu\/fr\/wp-json\/wp\/v2\/types\/product"}],"wp:featuredmedia":[{"embeddable":true,"href":"https:\/\/life-wellness.eu\/fr\/wp-json\/wp\/v2\/media\/30848"}],"wp:attachment":[{"href":"https:\/\/life-wellness.eu\/fr\/wp-json\/wp\/v2\/media?parent=30881"}],"wp:term":[{"taxonomy":"product_brand","embeddable":true,"href":"https:\/\/life-wellness.eu\/fr\/wp-json\/wp\/v2\/product_brand?post=30881"},{"taxonomy":"product_cat","embeddable":true,"href":"https:\/\/life-wellness.eu\/fr\/wp-json\/wp\/v2\/product_cat?post=30881"},{"taxonomy":"product_tag","embeddable":true,"href":"https:\/\/life-wellness.eu\/fr\/wp-json\/wp\/v2\/product_tag?post=30881"}],"curies":[{"name":"wp","href":"https:\/\/api.w.org\/{rel}","templated":true}]}}