{"id":30890,"date":"2024-05-03T14:21:08","date_gmt":"2024-05-03T14:21:08","guid":{"rendered":"https:\/\/life-wellness.eu\/product\/bioshower\/"},"modified":"2025-02-17T16:22:48","modified_gmt":"2025-02-17T16:22:48","slug":"bioshower","status":"publish","type":"product","link":"https:\/\/life-wellness.eu\/fr\/produit\/bioshower\/","title":{"rendered":"BioShower"},"content":{"rendered":"<h3>Am\u00e9liorez votre routine de douche<\/h3>\n<div class=\"elementor-element elementor-element-aa3c82b animation_type_block sc_fly_static elementor-widget elementor-widget-text-editor trx_addons_parallax_layers_inited trx_addons_parallax_blocks_inited animated air-supply-fadeinup\" data-id=\"aa3c82b\" data-element_type=\"widget\" data-settings=\"{\" data-widget_type=\"text-editor.default\">\n<div class=\"elementor-widget-container\">Bioshower n&rsquo;est pas seulement une douche, c&rsquo;est un rituel de purification et de renforcement pour le corps et les cheveux. Gr\u00e2ce \u00e0 des sph\u00e8res min\u00e9rales et \u00e0 un syst\u00e8me de filtration \u00e0 trois niveaux, cette douche offre une exp\u00e9rience de bain luxueuse qui non seulement rajeunit votre peau, mais am\u00e9liore \u00e9galement la sant\u00e9 de vos cheveux. Plongez dans la sensation d&rsquo;une eau purifi\u00e9e et revitalisez vous \u00e0 chaque douche.<\/div>\n<div><\/div>\n<div><\/div>\n<\/div>\n<div class=\"elementor-element elementor-element-aa3c82b animation_type_block sc_fly_static elementor-widget elementor-widget-text-editor trx_addons_parallax_layers_inited trx_addons_parallax_blocks_inited animated air-supply-fadeinup\" data-id=\"aa3c82b\" data-element_type=\"widget\" data-settings=\"{\" data-widget_type=\"text-editor.default\">\n<div class=\"elementor-widget-container\">\n<h6>Avantages :<\/h6>\n<ul>\n<li>Jusqu&rsquo;\u00e0 50 % de r\u00e9duction de la consommation d&rsquo;eau<\/li>\n<li>Augmentation de la pression de l&rsquo;eau jusqu&rsquo;\u00e0 200<\/li>\n<li>\u00c9limination de plus de 30 substances nocives pour les cheveux<\/li>\n<li>Installation facile et rapide<\/li>\n<li>Trois modes de jet pour une exp\u00e9rience de douche personnalis\u00e9e<\/li>\n<li>Des cheveux plus forts, plus brillants et plus doux d\u00e8s la premi\u00e8re douche<\/li>\n<li>Id\u00e9al pour les cheveux trait\u00e9s chimiquement, \u00e9liminant les r\u00e9sidus et les m\u00e9taux lourds<\/li>\n<li>Avantages dermatologiques, pour une peau plus douce et plus saine<\/li>\n<\/ul>\n<\/div>\n<\/div>\n","protected":false},"excerpt":{"rendered":"<p>Vivez une douche revitalisante et purifiante avec Bioshower, le syst\u00e8me de filtration de l&rsquo;eau qui associe une technologie avanc\u00e9e \u00e0 des avantages pour la sant\u00e9 des cheveux et de la peau. Avec trois niveaux de filtration et trois modes de d\u00e9bit d&rsquo;eau, Bioshower offre une exp\u00e9rience de douche personnalis\u00e9e, en fournissant plus de pression et en \u00e9conomisant de l&rsquo;eau.<\/p>\n","protected":false},"featured_media":30894,"template":"","meta":{"_monsterinsights_skip_tracking":false,"_monsterinsights_sitenote_active":false,"_monsterinsights_sitenote_note":"","_monsterinsights_sitenote_category":0},"product_brand":[],"product_cat":[300],"product_tag":[303,302,301],"class_list":{"0":"post-30890","1":"product","2":"type-product","3":"status-publish","4":"has-post-thumbnail","6":"product_cat-leau","7":"product_tag-douche","8":"product_tag-filtre","9":"product_tag-leau","11":"first","12":"instock","13":"taxable","14":"shipping-taxable","15":"product-type-simple"},"yoast_head":"<!-- This site is optimized with the Yoast SEO plugin v26.6 - https:\/\/yoast.com\/wordpress\/plugins\/seo\/ -->\n<title>BioShower - Life Wellness<\/title>\n<meta name=\"robots\" content=\"index, follow, max-snippet:-1, max-image-preview:large, max-video-preview:-1\" \/>\n<link rel=\"canonical\" href=\"https:\/\/life-wellness.eu\/fr\/produit\/bioshower\/\" \/>\n<meta property=\"og:locale\" content=\"fr_FR\" \/>\n<meta property=\"og:type\" content=\"article\" \/>\n<meta property=\"og:title\" content=\"BioShower - Life Wellness\" \/>\n<meta property=\"og:description\" content=\"Vivez une douche revitalisante et purifiante avec Bioshower, le syst\u00e8me de filtration de l&#039;eau qui associe une technologie avanc\u00e9e \u00e0 des avantages pour la sant\u00e9 des cheveux et de la peau. Avec trois niveaux de filtration et trois modes de d\u00e9bit d&#039;eau, Bioshower offre une exp\u00e9rience de douche personnalis\u00e9e, en fournissant plus de pression et en \u00e9conomisant de l&#039;eau.\" \/>\n<meta property=\"og:url\" content=\"https:\/\/life-wellness.eu\/fr\/produit\/bioshower\/\" \/>\n<meta property=\"og:site_name\" content=\"Life Wellness\" \/>\n<meta property=\"article:publisher\" content=\"https:\/\/www.facebook.com\/grupofiltrarte\" \/>\n<meta property=\"article:modified_time\" content=\"2025-02-17T16:22:48+00:00\" \/>\n<meta property=\"og:image\" content=\"https:\/\/life-wellness.eu\/wp-content\/uploads\/2024\/05\/bioshower-1.jpg\" \/>\n\t<meta property=\"og:image:width\" content=\"1320\" \/>\n\t<meta property=\"og:image:height\" content=\"1320\" \/>\n\t<meta property=\"og:image:type\" content=\"image\/jpeg\" \/>\n<meta name=\"twitter:card\" content=\"summary_large_image\" \/>\n<meta name=\"twitter:label1\" content=\"Dur\u00e9e de lecture estim\u00e9e\" \/>\n\t<meta name=\"twitter:data1\" content=\"1 minute\" \/>\n<script type=\"application\/ld+json\" class=\"yoast-schema-graph\">{\"@context\":\"https:\/\/schema.org\",\"@graph\":[{\"@type\":\"WebPage\",\"@id\":\"https:\/\/life-wellness.eu\/fr\/produit\/bioshower\/\",\"url\":\"https:\/\/life-wellness.eu\/fr\/produit\/bioshower\/\",\"name\":\"BioShower - Life Wellness\",\"isPartOf\":{\"@id\":\"https:\/\/life-wellness.eu\/fr\/#website\"},\"primaryImageOfPage\":{\"@id\":\"https:\/\/life-wellness.eu\/fr\/produit\/bioshower\/#primaryimage\"},\"image\":{\"@id\":\"https:\/\/life-wellness.eu\/fr\/produit\/bioshower\/#primaryimage\"},\"thumbnailUrl\":\"https:\/\/life-wellness.eu\/wp-content\/uploads\/2024\/05\/bioshower-1.jpg\",\"datePublished\":\"2024-05-03T14:21:08+00:00\",\"dateModified\":\"2025-02-17T16:22:48+00:00\",\"breadcrumb\":{\"@id\":\"https:\/\/life-wellness.eu\/fr\/produit\/bioshower\/#breadcrumb\"},\"inLanguage\":\"fr-FR\",\"potentialAction\":[{\"@type\":\"ReadAction\",\"target\":[\"https:\/\/life-wellness.eu\/fr\/produit\/bioshower\/\"]}]},{\"@type\":\"ImageObject\",\"inLanguage\":\"fr-FR\",\"@id\":\"https:\/\/life-wellness.eu\/fr\/produit\/bioshower\/#primaryimage\",\"url\":\"https:\/\/life-wellness.eu\/wp-content\/uploads\/2024\/05\/bioshower-1.jpg\",\"contentUrl\":\"https:\/\/life-wellness.eu\/wp-content\/uploads\/2024\/05\/bioshower-1.jpg\",\"width\":1320,\"height\":1320},{\"@type\":\"BreadcrumbList\",\"@id\":\"https:\/\/life-wellness.eu\/fr\/produit\/bioshower\/#breadcrumb\",\"itemListElement\":[{\"@type\":\"ListItem\",\"position\":1,\"name\":\"Home\",\"item\":\"https:\/\/life-wellness.eu\/fr\/\"},{\"@type\":\"ListItem\",\"position\":2,\"name\":\"Shop\",\"item\":\"https:\/\/life-wellness.eu\/shop\/\"},{\"@type\":\"ListItem\",\"position\":3,\"name\":\"BioShower\"}]},{\"@type\":\"WebSite\",\"@id\":\"https:\/\/life-wellness.eu\/fr\/#website\",\"url\":\"https:\/\/life-wellness.eu\/fr\/\",\"name\":\"Life Welness\",\"description\":\"Make your life wellness\",\"publisher\":{\"@id\":\"https:\/\/life-wellness.eu\/fr\/#organization\"},\"potentialAction\":[{\"@type\":\"SearchAction\",\"target\":{\"@type\":\"EntryPoint\",\"urlTemplate\":\"https:\/\/life-wellness.eu\/fr\/?s={search_term_string}\"},\"query-input\":{\"@type\":\"PropertyValueSpecification\",\"valueRequired\":true,\"valueName\":\"search_term_string\"}}],\"inLanguage\":\"fr-FR\"},{\"@type\":\"Organization\",\"@id\":\"https:\/\/life-wellness.eu\/fr\/#organization\",\"name\":\"Lar Puro - Artigos de Utilidade Dome\u0301stica Lda\",\"url\":\"https:\/\/life-wellness.eu\/fr\/\",\"logo\":{\"@type\":\"ImageObject\",\"inLanguage\":\"fr-FR\",\"@id\":\"https:\/\/life-wellness.eu\/fr\/#\/schema\/logo\/image\/\",\"url\":\"https:\/\/life-wellness.eu\/wp-content\/uploads\/2024\/03\/logo-life-wellness.png\",\"contentUrl\":\"https:\/\/life-wellness.eu\/wp-content\/uploads\/2024\/03\/logo-life-wellness.png\",\"width\":639,\"height\":437,\"caption\":\"Lar Puro - Artigos de Utilidade Dome\u0301stica Lda\"},\"image\":{\"@id\":\"https:\/\/life-wellness.eu\/fr\/#\/schema\/logo\/image\/\"},\"sameAs\":[\"https:\/\/www.facebook.com\/grupofiltrarte\",\"https:\/\/www.instagram.com\/grupofiltrarte\",\"https:\/\/www.linkedin.com\/company\/grupo-filtrarte\/\"]}]}<\/script>\n<!-- \/ Yoast SEO plugin. -->","yoast_head_json":{"title":"BioShower - Life Wellness","robots":{"index":"index","follow":"follow","max-snippet":"max-snippet:-1","max-image-preview":"max-image-preview:large","max-video-preview":"max-video-preview:-1"},"canonical":"https:\/\/life-wellness.eu\/fr\/produit\/bioshower\/","og_locale":"fr_FR","og_type":"article","og_title":"BioShower - Life Wellness","og_description":"Vivez une douche revitalisante et purifiante avec Bioshower, le syst\u00e8me de filtration de l'eau qui associe une technologie avanc\u00e9e \u00e0 des avantages pour la sant\u00e9 des cheveux et de la peau. Avec trois niveaux de filtration et trois modes de d\u00e9bit d'eau, Bioshower offre une exp\u00e9rience de douche personnalis\u00e9e, en fournissant plus de pression et en \u00e9conomisant de l'eau.","og_url":"https:\/\/life-wellness.eu\/fr\/produit\/bioshower\/","og_site_name":"Life Wellness","article_publisher":"https:\/\/www.facebook.com\/grupofiltrarte","article_modified_time":"2025-02-17T16:22:48+00:00","og_image":[{"width":1320,"height":1320,"url":"https:\/\/life-wellness.eu\/wp-content\/uploads\/2024\/05\/bioshower-1.jpg","type":"image\/jpeg"}],"twitter_card":"summary_large_image","twitter_misc":{"Dur\u00e9e de lecture estim\u00e9e":"1 minute"},"schema":{"@context":"https:\/\/schema.org","@graph":[{"@type":"WebPage","@id":"https:\/\/life-wellness.eu\/fr\/produit\/bioshower\/","url":"https:\/\/life-wellness.eu\/fr\/produit\/bioshower\/","name":"BioShower - Life Wellness","isPartOf":{"@id":"https:\/\/life-wellness.eu\/fr\/#website"},"primaryImageOfPage":{"@id":"https:\/\/life-wellness.eu\/fr\/produit\/bioshower\/#primaryimage"},"image":{"@id":"https:\/\/life-wellness.eu\/fr\/produit\/bioshower\/#primaryimage"},"thumbnailUrl":"https:\/\/life-wellness.eu\/wp-content\/uploads\/2024\/05\/bioshower-1.jpg","datePublished":"2024-05-03T14:21:08+00:00","dateModified":"2025-02-17T16:22:48+00:00","breadcrumb":{"@id":"https:\/\/life-wellness.eu\/fr\/produit\/bioshower\/#breadcrumb"},"inLanguage":"fr-FR","potentialAction":[{"@type":"ReadAction","target":["https:\/\/life-wellness.eu\/fr\/produit\/bioshower\/"]}]},{"@type":"ImageObject","inLanguage":"fr-FR","@id":"https:\/\/life-wellness.eu\/fr\/produit\/bioshower\/#primaryimage","url":"https:\/\/life-wellness.eu\/wp-content\/uploads\/2024\/05\/bioshower-1.jpg","contentUrl":"https:\/\/life-wellness.eu\/wp-content\/uploads\/2024\/05\/bioshower-1.jpg","width":1320,"height":1320},{"@type":"BreadcrumbList","@id":"https:\/\/life-wellness.eu\/fr\/produit\/bioshower\/#breadcrumb","itemListElement":[{"@type":"ListItem","position":1,"name":"Home","item":"https:\/\/life-wellness.eu\/fr\/"},{"@type":"ListItem","position":2,"name":"Shop","item":"https:\/\/life-wellness.eu\/shop\/"},{"@type":"ListItem","position":3,"name":"BioShower"}]},{"@type":"WebSite","@id":"https:\/\/life-wellness.eu\/fr\/#website","url":"https:\/\/life-wellness.eu\/fr\/","name":"Life Welness","description":"Make your life wellness","publisher":{"@id":"https:\/\/life-wellness.eu\/fr\/#organization"},"potentialAction":[{"@type":"SearchAction","target":{"@type":"EntryPoint","urlTemplate":"https:\/\/life-wellness.eu\/fr\/?s={search_term_string}"},"query-input":{"@type":"PropertyValueSpecification","valueRequired":true,"valueName":"search_term_string"}}],"inLanguage":"fr-FR"},{"@type":"Organization","@id":"https:\/\/life-wellness.eu\/fr\/#organization","name":"Lar Puro - Artigos de Utilidade Dome\u0301stica Lda","url":"https:\/\/life-wellness.eu\/fr\/","logo":{"@type":"ImageObject","inLanguage":"fr-FR","@id":"https:\/\/life-wellness.eu\/fr\/#\/schema\/logo\/image\/","url":"https:\/\/life-wellness.eu\/wp-content\/uploads\/2024\/03\/logo-life-wellness.png","contentUrl":"https:\/\/life-wellness.eu\/wp-content\/uploads\/2024\/03\/logo-life-wellness.png","width":639,"height":437,"caption":"Lar Puro - Artigos de Utilidade Dome\u0301stica Lda"},"image":{"@id":"https:\/\/life-wellness.eu\/fr\/#\/schema\/logo\/image\/"},"sameAs":["https:\/\/www.facebook.com\/grupofiltrarte","https:\/\/www.instagram.com\/grupofiltrarte","https:\/\/www.linkedin.com\/company\/grupo-filtrarte\/"]}]}},"_links":{"self":[{"href":"https:\/\/life-wellness.eu\/fr\/wp-json\/wp\/v2\/product\/30890","targetHints":{"allow":["GET"]}}],"collection":[{"href":"https:\/\/life-wellness.eu\/fr\/wp-json\/wp\/v2\/product"}],"about":[{"href":"https:\/\/life-wellness.eu\/fr\/wp-json\/wp\/v2\/types\/product"}],"wp:featuredmedia":[{"embeddable":true,"href":"https:\/\/life-wellness.eu\/fr\/wp-json\/wp\/v2\/media\/30894"}],"wp:attachment":[{"href":"https:\/\/life-wellness.eu\/fr\/wp-json\/wp\/v2\/media?parent=30890"}],"wp:term":[{"taxonomy":"product_brand","embeddable":true,"href":"https:\/\/life-wellness.eu\/fr\/wp-json\/wp\/v2\/product_brand?post=30890"},{"taxonomy":"product_cat","embeddable":true,"href":"https:\/\/life-wellness.eu\/fr\/wp-json\/wp\/v2\/product_cat?post=30890"},{"taxonomy":"product_tag","embeddable":true,"href":"https:\/\/life-wellness.eu\/fr\/wp-json\/wp\/v2\/product_tag?post=30890"}],"curies":[{"name":"wp","href":"https:\/\/api.w.org\/{rel}","templated":true}]}}