{"id":30939,"date":"2024-03-27T22:33:40","date_gmt":"2024-03-27T22:33:40","guid":{"rendered":"https:\/\/life-wellness.eu\/product\/vitamines\/"},"modified":"2025-03-29T12:18:23","modified_gmt":"2025-03-29T12:18:23","slug":"vitamines","status":"publish","type":"product","link":"https:\/\/life-wellness.eu\/fr\/produit\/vitamines\/","title":{"rendered":"Vitamines"},"content":{"rendered":"<h3>Le pouvoir de filtration \u00e0 quatre couches<\/h3>\n<p>&nbsp;<\/p>\n<div class=\"elementor-element elementor-element-aa3c82b animation_type_block sc_fly_static elementor-widget elementor-widget-text-editor trx_addons_parallax_layers_inited trx_addons_parallax_blocks_inited animated air-supply-fadeinup\" data-id=\"aa3c82b\" data-element_type=\"widget\" data-settings=\"{\" data-widget_type=\"text-editor.default\">\n<div class=\"elementor-widget-container\">Un filtre de douche avec 4 <strong>couches de protection<\/strong> pour un bain \u00e0 l&rsquo;abri des <strong>substances nocives pour la sant\u00e9<\/strong>.<\/div>\n<\/div>\n<div class=\"elementor-element elementor-element-aa3c82b animation_type_block sc_fly_static elementor-widget elementor-widget-text-editor trx_addons_parallax_layers_inited trx_addons_parallax_blocks_inited animated air-supply-fadeinup\" data-id=\"aa3c82b\" data-element_type=\"widget\" data-settings=\"{\" data-widget_type=\"text-editor.default\">\n<div class=\"elementor-widget-container\">\n<h6>Avantages :<\/h6>\n<ul>\n<li><strong>R\u00e9duit la <\/strong>concentration de<strong> chlore<\/strong>, intensifi\u00e9e par le chauffage de l&rsquo;eau.<\/li>\n<li><strong>Pr\u00e9vient les<\/strong> maladies associ\u00e9es \u00e0 l&rsquo;exposition au chlore, telles que la <strong>bronchite<\/strong>, l&rsquo;<strong>asthme, l&rsquo;ecz\u00e9ma<\/strong> et d&rsquo;autres <strong>irritations cutan\u00e9es<\/strong>.<\/li>\n<li><strong>Emp\u00eache l&rsquo;absorption de substances nocives<\/strong> par la peau et les organes vitaux tels que les poumons, les reins et le foie.<\/li>\n<li><strong>Prot\u00e8ge, hydrate et nourrit<\/strong> votre peau et vos cheveux.<\/li>\n<li>Effet d&rsquo;aromath\u00e9rapie.<\/li>\n<\/ul>\n<\/div>\n<\/div>\n","protected":false},"excerpt":{"rendered":"<p>Con\u00e7ue pour vous prot\u00e9ger des substances nocives pr\u00e9sentes dans l&rsquo;eau de votre douche, elle renforce l&rsquo;hydratation pour une peau plus saine.<\/p>\n","protected":false},"featured_media":30951,"template":"","meta":{"_monsterinsights_skip_tracking":false,"_monsterinsights_sitenote_active":false,"_monsterinsights_sitenote_note":"","_monsterinsights_sitenote_category":0},"product_brand":[],"product_cat":[300],"product_tag":[303,302,301],"class_list":{"0":"post-30939","1":"product","2":"type-product","3":"status-publish","4":"has-post-thumbnail","6":"product_cat-leau","7":"product_tag-douche","8":"product_tag-filtre","9":"product_tag-leau","11":"first","12":"instock","13":"taxable","14":"shipping-taxable","15":"product-type-variable"},"yoast_head":"<!-- This site is optimized with the Yoast SEO plugin v26.6 - https:\/\/yoast.com\/wordpress\/plugins\/seo\/ -->\n<title>Vitamines - Life Wellness<\/title>\n<meta name=\"robots\" content=\"index, follow, max-snippet:-1, max-image-preview:large, max-video-preview:-1\" \/>\n<link rel=\"canonical\" href=\"https:\/\/life-wellness.eu\/fr\/produit\/vitamines\/\" \/>\n<meta property=\"og:locale\" content=\"fr_FR\" \/>\n<meta property=\"og:type\" content=\"article\" \/>\n<meta property=\"og:title\" content=\"Vitamines - Life Wellness\" \/>\n<meta property=\"og:description\" content=\"Con\u00e7ue pour vous prot\u00e9ger des substances nocives pr\u00e9sentes dans l&#039;eau de votre douche, elle renforce l&#039;hydratation pour une peau plus saine.\" \/>\n<meta property=\"og:url\" content=\"https:\/\/life-wellness.eu\/fr\/produit\/vitamines\/\" \/>\n<meta property=\"og:site_name\" content=\"Life Wellness\" \/>\n<meta property=\"article:publisher\" content=\"https:\/\/www.facebook.com\/grupofiltrarte\" \/>\n<meta property=\"article:modified_time\" content=\"2025-03-29T12:18:23+00:00\" \/>\n<meta property=\"og:image\" content=\"https:\/\/life-wellness.eu\/wp-content\/uploads\/2024\/03\/vitaminas-2.jpg\" \/>\n\t<meta property=\"og:image:width\" content=\"1320\" \/>\n\t<meta property=\"og:image:height\" content=\"1320\" \/>\n\t<meta property=\"og:image:type\" content=\"image\/jpeg\" \/>\n<meta name=\"twitter:card\" content=\"summary_large_image\" \/>\n<meta name=\"twitter:label1\" content=\"Dur\u00e9e de lecture estim\u00e9e\" \/>\n\t<meta name=\"twitter:data1\" content=\"1 minute\" \/>\n<script type=\"application\/ld+json\" class=\"yoast-schema-graph\">{\"@context\":\"https:\/\/schema.org\",\"@graph\":[{\"@type\":\"WebPage\",\"@id\":\"https:\/\/life-wellness.eu\/fr\/produit\/vitamines\/\",\"url\":\"https:\/\/life-wellness.eu\/fr\/produit\/vitamines\/\",\"name\":\"Vitamines - Life Wellness\",\"isPartOf\":{\"@id\":\"https:\/\/life-wellness.eu\/fr\/#website\"},\"primaryImageOfPage\":{\"@id\":\"https:\/\/life-wellness.eu\/fr\/produit\/vitamines\/#primaryimage\"},\"image\":{\"@id\":\"https:\/\/life-wellness.eu\/fr\/produit\/vitamines\/#primaryimage\"},\"thumbnailUrl\":\"https:\/\/life-wellness.eu\/wp-content\/uploads\/2024\/03\/vitaminas-2.jpg\",\"datePublished\":\"2024-03-27T22:33:40+00:00\",\"dateModified\":\"2025-03-29T12:18:23+00:00\",\"breadcrumb\":{\"@id\":\"https:\/\/life-wellness.eu\/fr\/produit\/vitamines\/#breadcrumb\"},\"inLanguage\":\"fr-FR\",\"potentialAction\":[{\"@type\":\"ReadAction\",\"target\":[\"https:\/\/life-wellness.eu\/fr\/produit\/vitamines\/\"]}]},{\"@type\":\"ImageObject\",\"inLanguage\":\"fr-FR\",\"@id\":\"https:\/\/life-wellness.eu\/fr\/produit\/vitamines\/#primaryimage\",\"url\":\"https:\/\/life-wellness.eu\/wp-content\/uploads\/2024\/03\/vitaminas-2.jpg\",\"contentUrl\":\"https:\/\/life-wellness.eu\/wp-content\/uploads\/2024\/03\/vitaminas-2.jpg\",\"width\":1320,\"height\":1320},{\"@type\":\"BreadcrumbList\",\"@id\":\"https:\/\/life-wellness.eu\/fr\/produit\/vitamines\/#breadcrumb\",\"itemListElement\":[{\"@type\":\"ListItem\",\"position\":1,\"name\":\"Home\",\"item\":\"https:\/\/life-wellness.eu\/fr\/\"},{\"@type\":\"ListItem\",\"position\":2,\"name\":\"Shop\",\"item\":\"https:\/\/life-wellness.eu\/shop\/\"},{\"@type\":\"ListItem\",\"position\":3,\"name\":\"Vitamines\"}]},{\"@type\":\"WebSite\",\"@id\":\"https:\/\/life-wellness.eu\/fr\/#website\",\"url\":\"https:\/\/life-wellness.eu\/fr\/\",\"name\":\"Life Welness\",\"description\":\"Make your life wellness\",\"publisher\":{\"@id\":\"https:\/\/life-wellness.eu\/fr\/#organization\"},\"potentialAction\":[{\"@type\":\"SearchAction\",\"target\":{\"@type\":\"EntryPoint\",\"urlTemplate\":\"https:\/\/life-wellness.eu\/fr\/?s={search_term_string}\"},\"query-input\":{\"@type\":\"PropertyValueSpecification\",\"valueRequired\":true,\"valueName\":\"search_term_string\"}}],\"inLanguage\":\"fr-FR\"},{\"@type\":\"Organization\",\"@id\":\"https:\/\/life-wellness.eu\/fr\/#organization\",\"name\":\"Lar Puro - Artigos de Utilidade Dome\u0301stica Lda\",\"url\":\"https:\/\/life-wellness.eu\/fr\/\",\"logo\":{\"@type\":\"ImageObject\",\"inLanguage\":\"fr-FR\",\"@id\":\"https:\/\/life-wellness.eu\/fr\/#\/schema\/logo\/image\/\",\"url\":\"https:\/\/life-wellness.eu\/wp-content\/uploads\/2024\/03\/logo-life-wellness.png\",\"contentUrl\":\"https:\/\/life-wellness.eu\/wp-content\/uploads\/2024\/03\/logo-life-wellness.png\",\"width\":639,\"height\":437,\"caption\":\"Lar Puro - Artigos de Utilidade Dome\u0301stica Lda\"},\"image\":{\"@id\":\"https:\/\/life-wellness.eu\/fr\/#\/schema\/logo\/image\/\"},\"sameAs\":[\"https:\/\/www.facebook.com\/grupofiltrarte\",\"https:\/\/www.instagram.com\/grupofiltrarte\",\"https:\/\/www.linkedin.com\/company\/grupo-filtrarte\/\"]}]}<\/script>\n<!-- \/ Yoast SEO plugin. -->","yoast_head_json":{"title":"Vitamines - Life Wellness","robots":{"index":"index","follow":"follow","max-snippet":"max-snippet:-1","max-image-preview":"max-image-preview:large","max-video-preview":"max-video-preview:-1"},"canonical":"https:\/\/life-wellness.eu\/fr\/produit\/vitamines\/","og_locale":"fr_FR","og_type":"article","og_title":"Vitamines - Life Wellness","og_description":"Con\u00e7ue pour vous prot\u00e9ger des substances nocives pr\u00e9sentes dans l'eau de votre douche, elle renforce l'hydratation pour une peau plus saine.","og_url":"https:\/\/life-wellness.eu\/fr\/produit\/vitamines\/","og_site_name":"Life Wellness","article_publisher":"https:\/\/www.facebook.com\/grupofiltrarte","article_modified_time":"2025-03-29T12:18:23+00:00","og_image":[{"width":1320,"height":1320,"url":"https:\/\/life-wellness.eu\/wp-content\/uploads\/2024\/03\/vitaminas-2.jpg","type":"image\/jpeg"}],"twitter_card":"summary_large_image","twitter_misc":{"Dur\u00e9e de lecture estim\u00e9e":"1 minute"},"schema":{"@context":"https:\/\/schema.org","@graph":[{"@type":"WebPage","@id":"https:\/\/life-wellness.eu\/fr\/produit\/vitamines\/","url":"https:\/\/life-wellness.eu\/fr\/produit\/vitamines\/","name":"Vitamines - Life Wellness","isPartOf":{"@id":"https:\/\/life-wellness.eu\/fr\/#website"},"primaryImageOfPage":{"@id":"https:\/\/life-wellness.eu\/fr\/produit\/vitamines\/#primaryimage"},"image":{"@id":"https:\/\/life-wellness.eu\/fr\/produit\/vitamines\/#primaryimage"},"thumbnailUrl":"https:\/\/life-wellness.eu\/wp-content\/uploads\/2024\/03\/vitaminas-2.jpg","datePublished":"2024-03-27T22:33:40+00:00","dateModified":"2025-03-29T12:18:23+00:00","breadcrumb":{"@id":"https:\/\/life-wellness.eu\/fr\/produit\/vitamines\/#breadcrumb"},"inLanguage":"fr-FR","potentialAction":[{"@type":"ReadAction","target":["https:\/\/life-wellness.eu\/fr\/produit\/vitamines\/"]}]},{"@type":"ImageObject","inLanguage":"fr-FR","@id":"https:\/\/life-wellness.eu\/fr\/produit\/vitamines\/#primaryimage","url":"https:\/\/life-wellness.eu\/wp-content\/uploads\/2024\/03\/vitaminas-2.jpg","contentUrl":"https:\/\/life-wellness.eu\/wp-content\/uploads\/2024\/03\/vitaminas-2.jpg","width":1320,"height":1320},{"@type":"BreadcrumbList","@id":"https:\/\/life-wellness.eu\/fr\/produit\/vitamines\/#breadcrumb","itemListElement":[{"@type":"ListItem","position":1,"name":"Home","item":"https:\/\/life-wellness.eu\/fr\/"},{"@type":"ListItem","position":2,"name":"Shop","item":"https:\/\/life-wellness.eu\/shop\/"},{"@type":"ListItem","position":3,"name":"Vitamines"}]},{"@type":"WebSite","@id":"https:\/\/life-wellness.eu\/fr\/#website","url":"https:\/\/life-wellness.eu\/fr\/","name":"Life Welness","description":"Make your life wellness","publisher":{"@id":"https:\/\/life-wellness.eu\/fr\/#organization"},"potentialAction":[{"@type":"SearchAction","target":{"@type":"EntryPoint","urlTemplate":"https:\/\/life-wellness.eu\/fr\/?s={search_term_string}"},"query-input":{"@type":"PropertyValueSpecification","valueRequired":true,"valueName":"search_term_string"}}],"inLanguage":"fr-FR"},{"@type":"Organization","@id":"https:\/\/life-wellness.eu\/fr\/#organization","name":"Lar Puro - Artigos de Utilidade Dome\u0301stica Lda","url":"https:\/\/life-wellness.eu\/fr\/","logo":{"@type":"ImageObject","inLanguage":"fr-FR","@id":"https:\/\/life-wellness.eu\/fr\/#\/schema\/logo\/image\/","url":"https:\/\/life-wellness.eu\/wp-content\/uploads\/2024\/03\/logo-life-wellness.png","contentUrl":"https:\/\/life-wellness.eu\/wp-content\/uploads\/2024\/03\/logo-life-wellness.png","width":639,"height":437,"caption":"Lar Puro - Artigos de Utilidade Dome\u0301stica Lda"},"image":{"@id":"https:\/\/life-wellness.eu\/fr\/#\/schema\/logo\/image\/"},"sameAs":["https:\/\/www.facebook.com\/grupofiltrarte","https:\/\/www.instagram.com\/grupofiltrarte","https:\/\/www.linkedin.com\/company\/grupo-filtrarte\/"]}]}},"_links":{"self":[{"href":"https:\/\/life-wellness.eu\/fr\/wp-json\/wp\/v2\/product\/30939","targetHints":{"allow":["GET"]}}],"collection":[{"href":"https:\/\/life-wellness.eu\/fr\/wp-json\/wp\/v2\/product"}],"about":[{"href":"https:\/\/life-wellness.eu\/fr\/wp-json\/wp\/v2\/types\/product"}],"wp:featuredmedia":[{"embeddable":true,"href":"https:\/\/life-wellness.eu\/fr\/wp-json\/wp\/v2\/media\/30951"}],"wp:attachment":[{"href":"https:\/\/life-wellness.eu\/fr\/wp-json\/wp\/v2\/media?parent=30939"}],"wp:term":[{"taxonomy":"product_brand","embeddable":true,"href":"https:\/\/life-wellness.eu\/fr\/wp-json\/wp\/v2\/product_brand?post=30939"},{"taxonomy":"product_cat","embeddable":true,"href":"https:\/\/life-wellness.eu\/fr\/wp-json\/wp\/v2\/product_cat?post=30939"},{"taxonomy":"product_tag","embeddable":true,"href":"https:\/\/life-wellness.eu\/fr\/wp-json\/wp\/v2\/product_tag?post=30939"}],"curies":[{"name":"wp","href":"https:\/\/api.w.org\/{rel}","templated":true}]}}