{"id":31054,"date":"2024-05-03T09:37:53","date_gmt":"2024-05-03T09:37:53","guid":{"rendered":"https:\/\/life-wellness.eu\/product\/reine-des-filtres-majestic\/"},"modified":"2025-02-17T16:23:16","modified_gmt":"2025-02-17T16:23:16","slug":"reine-des-filtres-majestic","status":"publish","type":"product","link":"https:\/\/life-wellness.eu\/fr\/produit\/reine-des-filtres-majestic\/","title":{"rendered":"Reine des filtres Majestic"},"content":{"rendered":"<h3>Qualit\u00e9 de l&rsquo;air int\u00e9rieur<\/h3>\n<p>&nbsp;<\/p>\n<div class=\"elementor-element elementor-element-aa3c82b animation_type_block sc_fly_static elementor-widget elementor-widget-text-editor trx_addons_parallax_layers_inited trx_addons_parallax_blocks_inited animated air-supply-fadeinup\" data-id=\"aa3c82b\" data-element_type=\"widget\" data-settings=\"{\" data-widget_type=\"text-editor.default\">\n<div class=\"elementor-widget-container\">\n<p>Le <strong>Filter Queen Majestic\u00ae<\/strong>, un syst\u00e8me de purification et d&rsquo;hygi\u00e8ne domestique, aide \u00e0 \u00e9liminer de fa\u00e7on permanente les bact\u00e9ries, le pollen, les moisissures, les squames d&rsquo;animaux, la fum\u00e9e de cigarette et les odeurs d\u00e9sagr\u00e9ables de votre maison, servant de mesure pr\u00e9ventive contre les maladies respiratoires et permettant \u00e0 ceux qui souffrent d\u00e9j\u00e0 d&rsquo;asthme et\/ou d&rsquo;allergies de mieux respirer.<\/p>\n<p>Avec une filtration exceptionnelle qui \u00e9limine 99,98 % des salet\u00e9s et des polluants jusqu&rsquo;\u00e0 0,1 micron (3 fois mieux que la norme HEPA).<\/p>\n<p>La puissance de l&rsquo;action cyclonique est compl\u00e9t\u00e9e par le moteur de la nouvelle brosse rotative qui nettoie en profondeur toutes les surfaces de votre maison.<\/p>\n<\/div>\n<\/div>\n<p>&nbsp;<\/p>\n<div class=\"elementor-element elementor-element-aa3c82b animation_type_block sc_fly_static elementor-widget elementor-widget-text-editor trx_addons_parallax_layers_inited trx_addons_parallax_blocks_inited animated air-supply-fadeinup\" data-id=\"aa3c82b\" data-element_type=\"widget\" data-settings=\"{\" data-widget_type=\"text-editor.default\">\n<div class=\"elementor-widget-container\">\n<h6>Avantages :<\/h6>\n<ul>\n<li><strong>Nettoyage<\/strong> en profondeur ! La brosse rotative est \u00e9quip\u00e9e d&rsquo;un moteur ind\u00e9pendant pour un nettoyage encore plus profond sans r\u00e9duire la puissance du moteur principal.<\/li>\n<li><strong>Filtration<\/strong> suppl\u00e9mentaire dans le moteur ! Le filtre de sortie du moteur est con\u00e7u pour filtrer l&rsquo;air qui entre et sort &#8211; toutes les particules de carbone produites par le moteur seront r\u00e9cup\u00e9r\u00e9es.<\/li>\n<li><strong>Protection<\/strong> de vos meubles et plinthes ! La double protection en caoutchouc prot\u00e8ge les meubles et les plinthes des chocs lors des op\u00e9rations de nettoyage.<\/li>\n<li><strong>S\u00e9curit\u00e9<\/strong> renforc\u00e9e ! Un disjoncteur arr\u00eate automatiquement le moteur de la brosse en cas de blocage pour diverses raisons ou de surchauffe.<\/li>\n<li>Des accessoires d&rsquo;<strong>une qualit\u00e9<\/strong> irr\u00e9prochable ! Des changements significatifs ont \u00e9t\u00e9 apport\u00e9s \u00e0 la conception des nouveaux accessoires Filter Queen afin d&rsquo;offrir aux utilisateurs de meilleures performances.<\/li>\n<li>L&rsquo;ensemble d&rsquo;accessoires comprend : la brosse pour sols durs, la brosse pressante \u00e0 double fonction, le suceur plat et la couronne d&rsquo;accessoires.<\/li>\n<\/ul>\n<\/div>\n<\/div>\n","protected":false},"excerpt":{"rendered":"<p>Le Filter Queen Majestic\u00ae offre une purification et une hygi\u00e8ne sup\u00e9rieures \u00e0 la maison, garantissant un air et des surfaces plus propres pour un environnement de vie plus sain.<\/p>\n","protected":false},"featured_media":31055,"template":"","meta":{"_monsterinsights_skip_tracking":false,"_monsterinsights_sitenote_active":false,"_monsterinsights_sitenote_note":"","_monsterinsights_sitenote_category":0},"product_brand":[],"product_cat":[308],"product_tag":[309],"class_list":{"0":"post-31054","1":"product","2":"type-product","3":"status-publish","4":"has-post-thumbnail","6":"product_cat-air-fr","7":"product_tag-air-fr","9":"first","10":"instock","11":"taxable","12":"shipping-taxable","13":"product-type-simple"},"yoast_head":"<!-- This site is optimized with the Yoast SEO plugin v26.6 - https:\/\/yoast.com\/wordpress\/plugins\/seo\/ -->\n<title>Reine des filtres Majestic - Life Wellness<\/title>\n<meta name=\"robots\" content=\"index, follow, max-snippet:-1, max-image-preview:large, max-video-preview:-1\" \/>\n<link rel=\"canonical\" href=\"https:\/\/life-wellness.eu\/fr\/produit\/reine-des-filtres-majestic\/\" \/>\n<meta property=\"og:locale\" content=\"fr_FR\" \/>\n<meta property=\"og:type\" content=\"article\" \/>\n<meta property=\"og:title\" content=\"Reine des filtres Majestic - Life Wellness\" \/>\n<meta property=\"og:description\" content=\"Le Filter Queen Majestic\u00ae offre une purification et une hygi\u00e8ne sup\u00e9rieures \u00e0 la maison, garantissant un air et des surfaces plus propres pour un environnement de vie plus sain.\" \/>\n<meta property=\"og:url\" content=\"https:\/\/life-wellness.eu\/fr\/produit\/reine-des-filtres-majestic\/\" \/>\n<meta property=\"og:site_name\" content=\"Life Wellness\" \/>\n<meta property=\"article:publisher\" content=\"https:\/\/www.facebook.com\/grupofiltrarte\" \/>\n<meta property=\"article:modified_time\" content=\"2025-02-17T16:23:16+00:00\" \/>\n<meta property=\"og:image\" content=\"https:\/\/life-wellness.eu\/wp-content\/uploads\/2024\/05\/majestic-1-1.jpg\" \/>\n\t<meta property=\"og:image:width\" content=\"1300\" \/>\n\t<meta property=\"og:image:height\" content=\"1300\" \/>\n\t<meta property=\"og:image:type\" content=\"image\/jpeg\" \/>\n<meta name=\"twitter:card\" content=\"summary_large_image\" \/>\n<meta name=\"twitter:label1\" content=\"Dur\u00e9e de lecture estim\u00e9e\" \/>\n\t<meta name=\"twitter:data1\" content=\"2 minutes\" \/>\n<script type=\"application\/ld+json\" class=\"yoast-schema-graph\">{\"@context\":\"https:\/\/schema.org\",\"@graph\":[{\"@type\":\"WebPage\",\"@id\":\"https:\/\/life-wellness.eu\/fr\/produit\/reine-des-filtres-majestic\/\",\"url\":\"https:\/\/life-wellness.eu\/fr\/produit\/reine-des-filtres-majestic\/\",\"name\":\"Reine des filtres Majestic - Life Wellness\",\"isPartOf\":{\"@id\":\"https:\/\/life-wellness.eu\/fr\/#website\"},\"primaryImageOfPage\":{\"@id\":\"https:\/\/life-wellness.eu\/fr\/produit\/reine-des-filtres-majestic\/#primaryimage\"},\"image\":{\"@id\":\"https:\/\/life-wellness.eu\/fr\/produit\/reine-des-filtres-majestic\/#primaryimage\"},\"thumbnailUrl\":\"https:\/\/life-wellness.eu\/wp-content\/uploads\/2024\/05\/majestic-1-1.jpg\",\"datePublished\":\"2024-05-03T09:37:53+00:00\",\"dateModified\":\"2025-02-17T16:23:16+00:00\",\"breadcrumb\":{\"@id\":\"https:\/\/life-wellness.eu\/fr\/produit\/reine-des-filtres-majestic\/#breadcrumb\"},\"inLanguage\":\"fr-FR\",\"potentialAction\":[{\"@type\":\"ReadAction\",\"target\":[\"https:\/\/life-wellness.eu\/fr\/produit\/reine-des-filtres-majestic\/\"]}]},{\"@type\":\"ImageObject\",\"inLanguage\":\"fr-FR\",\"@id\":\"https:\/\/life-wellness.eu\/fr\/produit\/reine-des-filtres-majestic\/#primaryimage\",\"url\":\"https:\/\/life-wellness.eu\/wp-content\/uploads\/2024\/05\/majestic-1-1.jpg\",\"contentUrl\":\"https:\/\/life-wellness.eu\/wp-content\/uploads\/2024\/05\/majestic-1-1.jpg\",\"width\":1300,\"height\":1300},{\"@type\":\"BreadcrumbList\",\"@id\":\"https:\/\/life-wellness.eu\/fr\/produit\/reine-des-filtres-majestic\/#breadcrumb\",\"itemListElement\":[{\"@type\":\"ListItem\",\"position\":1,\"name\":\"Home\",\"item\":\"https:\/\/life-wellness.eu\/fr\/\"},{\"@type\":\"ListItem\",\"position\":2,\"name\":\"Shop\",\"item\":\"https:\/\/life-wellness.eu\/shop\/\"},{\"@type\":\"ListItem\",\"position\":3,\"name\":\"Reine des filtres Majestic\"}]},{\"@type\":\"WebSite\",\"@id\":\"https:\/\/life-wellness.eu\/fr\/#website\",\"url\":\"https:\/\/life-wellness.eu\/fr\/\",\"name\":\"Life Welness\",\"description\":\"Make your life wellness\",\"publisher\":{\"@id\":\"https:\/\/life-wellness.eu\/fr\/#organization\"},\"potentialAction\":[{\"@type\":\"SearchAction\",\"target\":{\"@type\":\"EntryPoint\",\"urlTemplate\":\"https:\/\/life-wellness.eu\/fr\/?s={search_term_string}\"},\"query-input\":{\"@type\":\"PropertyValueSpecification\",\"valueRequired\":true,\"valueName\":\"search_term_string\"}}],\"inLanguage\":\"fr-FR\"},{\"@type\":\"Organization\",\"@id\":\"https:\/\/life-wellness.eu\/fr\/#organization\",\"name\":\"Lar Puro - Artigos de Utilidade Dome\u0301stica Lda\",\"url\":\"https:\/\/life-wellness.eu\/fr\/\",\"logo\":{\"@type\":\"ImageObject\",\"inLanguage\":\"fr-FR\",\"@id\":\"https:\/\/life-wellness.eu\/fr\/#\/schema\/logo\/image\/\",\"url\":\"https:\/\/life-wellness.eu\/wp-content\/uploads\/2024\/03\/logo-life-wellness.png\",\"contentUrl\":\"https:\/\/life-wellness.eu\/wp-content\/uploads\/2024\/03\/logo-life-wellness.png\",\"width\":639,\"height\":437,\"caption\":\"Lar Puro - Artigos de Utilidade Dome\u0301stica Lda\"},\"image\":{\"@id\":\"https:\/\/life-wellness.eu\/fr\/#\/schema\/logo\/image\/\"},\"sameAs\":[\"https:\/\/www.facebook.com\/grupofiltrarte\",\"https:\/\/www.instagram.com\/grupofiltrarte\",\"https:\/\/www.linkedin.com\/company\/grupo-filtrarte\/\"]}]}<\/script>\n<!-- \/ Yoast SEO plugin. -->","yoast_head_json":{"title":"Reine des filtres Majestic - Life Wellness","robots":{"index":"index","follow":"follow","max-snippet":"max-snippet:-1","max-image-preview":"max-image-preview:large","max-video-preview":"max-video-preview:-1"},"canonical":"https:\/\/life-wellness.eu\/fr\/produit\/reine-des-filtres-majestic\/","og_locale":"fr_FR","og_type":"article","og_title":"Reine des filtres Majestic - Life Wellness","og_description":"Le Filter Queen Majestic\u00ae offre une purification et une hygi\u00e8ne sup\u00e9rieures \u00e0 la maison, garantissant un air et des surfaces plus propres pour un environnement de vie plus sain.","og_url":"https:\/\/life-wellness.eu\/fr\/produit\/reine-des-filtres-majestic\/","og_site_name":"Life Wellness","article_publisher":"https:\/\/www.facebook.com\/grupofiltrarte","article_modified_time":"2025-02-17T16:23:16+00:00","og_image":[{"width":1300,"height":1300,"url":"https:\/\/life-wellness.eu\/wp-content\/uploads\/2024\/05\/majestic-1-1.jpg","type":"image\/jpeg"}],"twitter_card":"summary_large_image","twitter_misc":{"Dur\u00e9e de lecture estim\u00e9e":"2 minutes"},"schema":{"@context":"https:\/\/schema.org","@graph":[{"@type":"WebPage","@id":"https:\/\/life-wellness.eu\/fr\/produit\/reine-des-filtres-majestic\/","url":"https:\/\/life-wellness.eu\/fr\/produit\/reine-des-filtres-majestic\/","name":"Reine des filtres Majestic - Life Wellness","isPartOf":{"@id":"https:\/\/life-wellness.eu\/fr\/#website"},"primaryImageOfPage":{"@id":"https:\/\/life-wellness.eu\/fr\/produit\/reine-des-filtres-majestic\/#primaryimage"},"image":{"@id":"https:\/\/life-wellness.eu\/fr\/produit\/reine-des-filtres-majestic\/#primaryimage"},"thumbnailUrl":"https:\/\/life-wellness.eu\/wp-content\/uploads\/2024\/05\/majestic-1-1.jpg","datePublished":"2024-05-03T09:37:53+00:00","dateModified":"2025-02-17T16:23:16+00:00","breadcrumb":{"@id":"https:\/\/life-wellness.eu\/fr\/produit\/reine-des-filtres-majestic\/#breadcrumb"},"inLanguage":"fr-FR","potentialAction":[{"@type":"ReadAction","target":["https:\/\/life-wellness.eu\/fr\/produit\/reine-des-filtres-majestic\/"]}]},{"@type":"ImageObject","inLanguage":"fr-FR","@id":"https:\/\/life-wellness.eu\/fr\/produit\/reine-des-filtres-majestic\/#primaryimage","url":"https:\/\/life-wellness.eu\/wp-content\/uploads\/2024\/05\/majestic-1-1.jpg","contentUrl":"https:\/\/life-wellness.eu\/wp-content\/uploads\/2024\/05\/majestic-1-1.jpg","width":1300,"height":1300},{"@type":"BreadcrumbList","@id":"https:\/\/life-wellness.eu\/fr\/produit\/reine-des-filtres-majestic\/#breadcrumb","itemListElement":[{"@type":"ListItem","position":1,"name":"Home","item":"https:\/\/life-wellness.eu\/fr\/"},{"@type":"ListItem","position":2,"name":"Shop","item":"https:\/\/life-wellness.eu\/shop\/"},{"@type":"ListItem","position":3,"name":"Reine des filtres Majestic"}]},{"@type":"WebSite","@id":"https:\/\/life-wellness.eu\/fr\/#website","url":"https:\/\/life-wellness.eu\/fr\/","name":"Life Welness","description":"Make your life wellness","publisher":{"@id":"https:\/\/life-wellness.eu\/fr\/#organization"},"potentialAction":[{"@type":"SearchAction","target":{"@type":"EntryPoint","urlTemplate":"https:\/\/life-wellness.eu\/fr\/?s={search_term_string}"},"query-input":{"@type":"PropertyValueSpecification","valueRequired":true,"valueName":"search_term_string"}}],"inLanguage":"fr-FR"},{"@type":"Organization","@id":"https:\/\/life-wellness.eu\/fr\/#organization","name":"Lar Puro - Artigos de Utilidade Dome\u0301stica Lda","url":"https:\/\/life-wellness.eu\/fr\/","logo":{"@type":"ImageObject","inLanguage":"fr-FR","@id":"https:\/\/life-wellness.eu\/fr\/#\/schema\/logo\/image\/","url":"https:\/\/life-wellness.eu\/wp-content\/uploads\/2024\/03\/logo-life-wellness.png","contentUrl":"https:\/\/life-wellness.eu\/wp-content\/uploads\/2024\/03\/logo-life-wellness.png","width":639,"height":437,"caption":"Lar Puro - Artigos de Utilidade Dome\u0301stica Lda"},"image":{"@id":"https:\/\/life-wellness.eu\/fr\/#\/schema\/logo\/image\/"},"sameAs":["https:\/\/www.facebook.com\/grupofiltrarte","https:\/\/www.instagram.com\/grupofiltrarte","https:\/\/www.linkedin.com\/company\/grupo-filtrarte\/"]}]}},"_links":{"self":[{"href":"https:\/\/life-wellness.eu\/fr\/wp-json\/wp\/v2\/product\/31054","targetHints":{"allow":["GET"]}}],"collection":[{"href":"https:\/\/life-wellness.eu\/fr\/wp-json\/wp\/v2\/product"}],"about":[{"href":"https:\/\/life-wellness.eu\/fr\/wp-json\/wp\/v2\/types\/product"}],"wp:featuredmedia":[{"embeddable":true,"href":"https:\/\/life-wellness.eu\/fr\/wp-json\/wp\/v2\/media\/31055"}],"wp:attachment":[{"href":"https:\/\/life-wellness.eu\/fr\/wp-json\/wp\/v2\/media?parent=31054"}],"wp:term":[{"taxonomy":"product_brand","embeddable":true,"href":"https:\/\/life-wellness.eu\/fr\/wp-json\/wp\/v2\/product_brand?post=31054"},{"taxonomy":"product_cat","embeddable":true,"href":"https:\/\/life-wellness.eu\/fr\/wp-json\/wp\/v2\/product_cat?post=31054"},{"taxonomy":"product_tag","embeddable":true,"href":"https:\/\/life-wellness.eu\/fr\/wp-json\/wp\/v2\/product_tag?post=31054"}],"curies":[{"name":"wp","href":"https:\/\/api.w.org\/{rel}","templated":true}]}}