{"id":31079,"date":"2024-05-03T13:15:20","date_gmt":"2024-05-03T13:15:20","guid":{"rendered":"https:\/\/life-wellness.eu\/product\/filter-queen-defender-reine-des-filtres\/"},"modified":"2025-02-17T16:23:03","modified_gmt":"2025-02-17T16:23:03","slug":"filter-queen-defender-reine-des-filtres","status":"publish","type":"product","link":"https:\/\/life-wellness.eu\/fr\/produit\/filter-queen-defender-reine-des-filtres\/","title":{"rendered":"Filter Queen Defender\u00ae (Reine des filtres)"},"content":{"rendered":"<h3>Qualit\u00e9 de l&rsquo;air int\u00e9rieur<\/h3>\n<p>&nbsp;<\/p>\n<div class=\"elementor-element elementor-element-aa3c82b animation_type_block sc_fly_static elementor-widget elementor-widget-text-editor trx_addons_parallax_layers_inited trx_addons_parallax_blocks_inited animated air-supply-fadeinup\" data-id=\"aa3c82b\" data-element_type=\"widget\" data-settings=\"{\" data-widget_type=\"text-editor.default\">\n<div class=\"elementor-widget-container\">\n<p>Le <strong>Filter Queen Defender\u00ae<\/strong>, un syst\u00e8me de purification et d&rsquo;hygi\u00e8ne domestique, aide \u00e0 \u00e9liminer de fa\u00e7on permanente les bact\u00e9ries, le pollen, les moisissures, les squames d&rsquo;animaux, la fum\u00e9e de cigarette et les odeurs d\u00e9sagr\u00e9ables de votre maison, servant de mesure pr\u00e9ventive contre les maladies respiratoires et permettant \u00e0 ceux qui souffrent d\u00e9j\u00e0 d&rsquo;asthme et\/ou d&rsquo;allergies de mieux respirer.<\/p>\n<p>Il offre une filtration exceptionnelle qui \u00e9limine 99,98 % des salet\u00e9s et des polluants jusqu&rsquo;\u00e0 0,1 micron (3 fois mieux que la norme HEPA).<\/p>\n<p>En raison de son efficacit\u00e9 et de ses bienfaits pour la sant\u00e9, il est commercialis\u00e9 aux \u00c9tats-Unis en tant qu'\u00a0\u00bbappareil m\u00e9dical de classe II\u00a0\u00bb.<\/p>\n<\/div>\n<\/div>\n<p>&nbsp;<\/p>\n<div class=\"elementor-element elementor-element-aa3c82b animation_type_block sc_fly_static elementor-widget elementor-widget-text-editor trx_addons_parallax_layers_inited trx_addons_parallax_blocks_inited animated air-supply-fadeinup\" data-id=\"aa3c82b\" data-element_type=\"widget\" data-settings=\"{\" data-widget_type=\"text-editor.default\">\n<div class=\"elementor-widget-container\">\n<h6>Avantages :<\/h6>\n<ul>\n<li>Sup\u00e9rieure \u00e0 la filtration HEPA (la norme pour l&rsquo;air filtr\u00e9 dans les h\u00f4pitaux)<\/li>\n<li>Efficacit\u00e9 prouv\u00e9e par des tests en laboratoire<\/li>\n<li>Recommand\u00e9 par les m\u00e9decins<\/li>\n<li>Reconnu par la FDA comme dispositif m\u00e9dical de classe II aux \u00c9tats-Unis<\/li>\n<li>Consommation d&rsquo;\u00e9nergie minimale<\/li>\n<li>Silencieux et portable<\/li>\n<li>3 vitesses programmables<\/li>\n<li>T\u00e9moin de changement de filtre<\/li>\n<li>Secure Seal Technology\u2122 (joint pour la protection du moteur)<\/li>\n<li>Pure Top Release\u2122 (lib\u00e9ration d&rsquo;air pur par le haut du purificateur).<\/li>\n<li>Ne produit pas d&rsquo;ozone<\/li>\n<\/ul>\n<\/div>\n<\/div>\n","protected":false},"excerpt":{"rendered":"<p>Le Filter Queen Defender\u00ae garantit un air plus propre et plus frais pour une utilisation continue, ce qui en fait une solution id\u00e9ale pour maintenir des environnements int\u00e9rieurs sains.<\/p>\n","protected":false},"featured_media":31080,"template":"","meta":{"_monsterinsights_skip_tracking":false,"_monsterinsights_sitenote_active":false,"_monsterinsights_sitenote_note":"","_monsterinsights_sitenote_category":0},"product_brand":[],"product_cat":[308],"product_tag":[309],"class_list":{"0":"post-31079","1":"product","2":"type-product","3":"status-publish","4":"has-post-thumbnail","6":"product_cat-air-fr","7":"product_tag-air-fr","9":"first","10":"instock","11":"taxable","12":"shipping-taxable","13":"product-type-simple"},"yoast_head":"<!-- This site is optimized with the Yoast SEO plugin v26.6 - https:\/\/yoast.com\/wordpress\/plugins\/seo\/ -->\n<title>Filter Queen Defender\u00ae (Reine des filtres) - Life Wellness<\/title>\n<meta name=\"robots\" content=\"index, follow, max-snippet:-1, max-image-preview:large, max-video-preview:-1\" \/>\n<link rel=\"canonical\" href=\"https:\/\/life-wellness.eu\/fr\/produit\/filter-queen-defender-reine-des-filtres\/\" \/>\n<meta property=\"og:locale\" content=\"fr_FR\" \/>\n<meta property=\"og:type\" content=\"article\" \/>\n<meta property=\"og:title\" content=\"Filter Queen Defender\u00ae (Reine des filtres) - Life Wellness\" \/>\n<meta property=\"og:description\" content=\"Le Filter Queen Defender\u00ae garantit un air plus propre et plus frais pour une utilisation continue, ce qui en fait une solution id\u00e9ale pour maintenir des environnements int\u00e9rieurs sains.\" \/>\n<meta property=\"og:url\" content=\"https:\/\/life-wellness.eu\/fr\/produit\/filter-queen-defender-reine-des-filtres\/\" \/>\n<meta property=\"og:site_name\" content=\"Life Wellness\" \/>\n<meta property=\"article:publisher\" content=\"https:\/\/www.facebook.com\/grupofiltrarte\" \/>\n<meta property=\"article:modified_time\" content=\"2025-02-17T16:23:03+00:00\" \/>\n<meta property=\"og:image\" content=\"https:\/\/life-wellness.eu\/wp-content\/uploads\/2024\/05\/defender-1.jpg\" \/>\n\t<meta property=\"og:image:width\" content=\"1300\" \/>\n\t<meta property=\"og:image:height\" content=\"1300\" \/>\n\t<meta property=\"og:image:type\" content=\"image\/jpeg\" \/>\n<meta name=\"twitter:card\" content=\"summary_large_image\" \/>\n<meta name=\"twitter:label1\" content=\"Dur\u00e9e de lecture estim\u00e9e\" \/>\n\t<meta name=\"twitter:data1\" content=\"2 minutes\" \/>\n<script type=\"application\/ld+json\" class=\"yoast-schema-graph\">{\"@context\":\"https:\/\/schema.org\",\"@graph\":[{\"@type\":\"WebPage\",\"@id\":\"https:\/\/life-wellness.eu\/fr\/produit\/filter-queen-defender-reine-des-filtres\/\",\"url\":\"https:\/\/life-wellness.eu\/fr\/produit\/filter-queen-defender-reine-des-filtres\/\",\"name\":\"Filter Queen Defender\u00ae (Reine des filtres) - Life Wellness\",\"isPartOf\":{\"@id\":\"https:\/\/life-wellness.eu\/fr\/#website\"},\"primaryImageOfPage\":{\"@id\":\"https:\/\/life-wellness.eu\/fr\/produit\/filter-queen-defender-reine-des-filtres\/#primaryimage\"},\"image\":{\"@id\":\"https:\/\/life-wellness.eu\/fr\/produit\/filter-queen-defender-reine-des-filtres\/#primaryimage\"},\"thumbnailUrl\":\"https:\/\/life-wellness.eu\/wp-content\/uploads\/2024\/05\/defender-1.jpg\",\"datePublished\":\"2024-05-03T13:15:20+00:00\",\"dateModified\":\"2025-02-17T16:23:03+00:00\",\"breadcrumb\":{\"@id\":\"https:\/\/life-wellness.eu\/fr\/produit\/filter-queen-defender-reine-des-filtres\/#breadcrumb\"},\"inLanguage\":\"fr-FR\",\"potentialAction\":[{\"@type\":\"ReadAction\",\"target\":[\"https:\/\/life-wellness.eu\/fr\/produit\/filter-queen-defender-reine-des-filtres\/\"]}]},{\"@type\":\"ImageObject\",\"inLanguage\":\"fr-FR\",\"@id\":\"https:\/\/life-wellness.eu\/fr\/produit\/filter-queen-defender-reine-des-filtres\/#primaryimage\",\"url\":\"https:\/\/life-wellness.eu\/wp-content\/uploads\/2024\/05\/defender-1.jpg\",\"contentUrl\":\"https:\/\/life-wellness.eu\/wp-content\/uploads\/2024\/05\/defender-1.jpg\",\"width\":1300,\"height\":1300},{\"@type\":\"BreadcrumbList\",\"@id\":\"https:\/\/life-wellness.eu\/fr\/produit\/filter-queen-defender-reine-des-filtres\/#breadcrumb\",\"itemListElement\":[{\"@type\":\"ListItem\",\"position\":1,\"name\":\"Home\",\"item\":\"https:\/\/life-wellness.eu\/fr\/\"},{\"@type\":\"ListItem\",\"position\":2,\"name\":\"Shop\",\"item\":\"https:\/\/life-wellness.eu\/shop\/\"},{\"@type\":\"ListItem\",\"position\":3,\"name\":\"Filter Queen Defender\u00ae (Reine des filtres)\"}]},{\"@type\":\"WebSite\",\"@id\":\"https:\/\/life-wellness.eu\/fr\/#website\",\"url\":\"https:\/\/life-wellness.eu\/fr\/\",\"name\":\"Life Welness\",\"description\":\"Make your life wellness\",\"publisher\":{\"@id\":\"https:\/\/life-wellness.eu\/fr\/#organization\"},\"potentialAction\":[{\"@type\":\"SearchAction\",\"target\":{\"@type\":\"EntryPoint\",\"urlTemplate\":\"https:\/\/life-wellness.eu\/fr\/?s={search_term_string}\"},\"query-input\":{\"@type\":\"PropertyValueSpecification\",\"valueRequired\":true,\"valueName\":\"search_term_string\"}}],\"inLanguage\":\"fr-FR\"},{\"@type\":\"Organization\",\"@id\":\"https:\/\/life-wellness.eu\/fr\/#organization\",\"name\":\"Lar Puro - Artigos de Utilidade Dome\u0301stica Lda\",\"url\":\"https:\/\/life-wellness.eu\/fr\/\",\"logo\":{\"@type\":\"ImageObject\",\"inLanguage\":\"fr-FR\",\"@id\":\"https:\/\/life-wellness.eu\/fr\/#\/schema\/logo\/image\/\",\"url\":\"https:\/\/life-wellness.eu\/wp-content\/uploads\/2024\/03\/logo-life-wellness.png\",\"contentUrl\":\"https:\/\/life-wellness.eu\/wp-content\/uploads\/2024\/03\/logo-life-wellness.png\",\"width\":639,\"height\":437,\"caption\":\"Lar Puro - Artigos de Utilidade Dome\u0301stica Lda\"},\"image\":{\"@id\":\"https:\/\/life-wellness.eu\/fr\/#\/schema\/logo\/image\/\"},\"sameAs\":[\"https:\/\/www.facebook.com\/grupofiltrarte\",\"https:\/\/www.instagram.com\/grupofiltrarte\",\"https:\/\/www.linkedin.com\/company\/grupo-filtrarte\/\"]}]}<\/script>\n<!-- \/ Yoast SEO plugin. -->","yoast_head_json":{"title":"Filter Queen Defender\u00ae (Reine des filtres) - Life Wellness","robots":{"index":"index","follow":"follow","max-snippet":"max-snippet:-1","max-image-preview":"max-image-preview:large","max-video-preview":"max-video-preview:-1"},"canonical":"https:\/\/life-wellness.eu\/fr\/produit\/filter-queen-defender-reine-des-filtres\/","og_locale":"fr_FR","og_type":"article","og_title":"Filter Queen Defender\u00ae (Reine des filtres) - Life Wellness","og_description":"Le Filter Queen Defender\u00ae garantit un air plus propre et plus frais pour une utilisation continue, ce qui en fait une solution id\u00e9ale pour maintenir des environnements int\u00e9rieurs sains.","og_url":"https:\/\/life-wellness.eu\/fr\/produit\/filter-queen-defender-reine-des-filtres\/","og_site_name":"Life Wellness","article_publisher":"https:\/\/www.facebook.com\/grupofiltrarte","article_modified_time":"2025-02-17T16:23:03+00:00","og_image":[{"width":1300,"height":1300,"url":"https:\/\/life-wellness.eu\/wp-content\/uploads\/2024\/05\/defender-1.jpg","type":"image\/jpeg"}],"twitter_card":"summary_large_image","twitter_misc":{"Dur\u00e9e de lecture estim\u00e9e":"2 minutes"},"schema":{"@context":"https:\/\/schema.org","@graph":[{"@type":"WebPage","@id":"https:\/\/life-wellness.eu\/fr\/produit\/filter-queen-defender-reine-des-filtres\/","url":"https:\/\/life-wellness.eu\/fr\/produit\/filter-queen-defender-reine-des-filtres\/","name":"Filter Queen Defender\u00ae (Reine des filtres) - Life Wellness","isPartOf":{"@id":"https:\/\/life-wellness.eu\/fr\/#website"},"primaryImageOfPage":{"@id":"https:\/\/life-wellness.eu\/fr\/produit\/filter-queen-defender-reine-des-filtres\/#primaryimage"},"image":{"@id":"https:\/\/life-wellness.eu\/fr\/produit\/filter-queen-defender-reine-des-filtres\/#primaryimage"},"thumbnailUrl":"https:\/\/life-wellness.eu\/wp-content\/uploads\/2024\/05\/defender-1.jpg","datePublished":"2024-05-03T13:15:20+00:00","dateModified":"2025-02-17T16:23:03+00:00","breadcrumb":{"@id":"https:\/\/life-wellness.eu\/fr\/produit\/filter-queen-defender-reine-des-filtres\/#breadcrumb"},"inLanguage":"fr-FR","potentialAction":[{"@type":"ReadAction","target":["https:\/\/life-wellness.eu\/fr\/produit\/filter-queen-defender-reine-des-filtres\/"]}]},{"@type":"ImageObject","inLanguage":"fr-FR","@id":"https:\/\/life-wellness.eu\/fr\/produit\/filter-queen-defender-reine-des-filtres\/#primaryimage","url":"https:\/\/life-wellness.eu\/wp-content\/uploads\/2024\/05\/defender-1.jpg","contentUrl":"https:\/\/life-wellness.eu\/wp-content\/uploads\/2024\/05\/defender-1.jpg","width":1300,"height":1300},{"@type":"BreadcrumbList","@id":"https:\/\/life-wellness.eu\/fr\/produit\/filter-queen-defender-reine-des-filtres\/#breadcrumb","itemListElement":[{"@type":"ListItem","position":1,"name":"Home","item":"https:\/\/life-wellness.eu\/fr\/"},{"@type":"ListItem","position":2,"name":"Shop","item":"https:\/\/life-wellness.eu\/shop\/"},{"@type":"ListItem","position":3,"name":"Filter Queen Defender\u00ae (Reine des filtres)"}]},{"@type":"WebSite","@id":"https:\/\/life-wellness.eu\/fr\/#website","url":"https:\/\/life-wellness.eu\/fr\/","name":"Life Welness","description":"Make your life wellness","publisher":{"@id":"https:\/\/life-wellness.eu\/fr\/#organization"},"potentialAction":[{"@type":"SearchAction","target":{"@type":"EntryPoint","urlTemplate":"https:\/\/life-wellness.eu\/fr\/?s={search_term_string}"},"query-input":{"@type":"PropertyValueSpecification","valueRequired":true,"valueName":"search_term_string"}}],"inLanguage":"fr-FR"},{"@type":"Organization","@id":"https:\/\/life-wellness.eu\/fr\/#organization","name":"Lar Puro - Artigos de Utilidade Dome\u0301stica Lda","url":"https:\/\/life-wellness.eu\/fr\/","logo":{"@type":"ImageObject","inLanguage":"fr-FR","@id":"https:\/\/life-wellness.eu\/fr\/#\/schema\/logo\/image\/","url":"https:\/\/life-wellness.eu\/wp-content\/uploads\/2024\/03\/logo-life-wellness.png","contentUrl":"https:\/\/life-wellness.eu\/wp-content\/uploads\/2024\/03\/logo-life-wellness.png","width":639,"height":437,"caption":"Lar Puro - Artigos de Utilidade Dome\u0301stica Lda"},"image":{"@id":"https:\/\/life-wellness.eu\/fr\/#\/schema\/logo\/image\/"},"sameAs":["https:\/\/www.facebook.com\/grupofiltrarte","https:\/\/www.instagram.com\/grupofiltrarte","https:\/\/www.linkedin.com\/company\/grupo-filtrarte\/"]}]}},"_links":{"self":[{"href":"https:\/\/life-wellness.eu\/fr\/wp-json\/wp\/v2\/product\/31079","targetHints":{"allow":["GET"]}}],"collection":[{"href":"https:\/\/life-wellness.eu\/fr\/wp-json\/wp\/v2\/product"}],"about":[{"href":"https:\/\/life-wellness.eu\/fr\/wp-json\/wp\/v2\/types\/product"}],"wp:featuredmedia":[{"embeddable":true,"href":"https:\/\/life-wellness.eu\/fr\/wp-json\/wp\/v2\/media\/31080"}],"wp:attachment":[{"href":"https:\/\/life-wellness.eu\/fr\/wp-json\/wp\/v2\/media?parent=31079"}],"wp:term":[{"taxonomy":"product_brand","embeddable":true,"href":"https:\/\/life-wellness.eu\/fr\/wp-json\/wp\/v2\/product_brand?post=31079"},{"taxonomy":"product_cat","embeddable":true,"href":"https:\/\/life-wellness.eu\/fr\/wp-json\/wp\/v2\/product_cat?post=31079"},{"taxonomy":"product_tag","embeddable":true,"href":"https:\/\/life-wellness.eu\/fr\/wp-json\/wp\/v2\/product_tag?post=31079"}],"curies":[{"name":"wp","href":"https:\/\/api.w.org\/{rel}","templated":true}]}}