{"id":31190,"date":"2022-10-07T21:27:45","date_gmt":"2022-10-07T21:27:45","guid":{"rendered":"https:\/\/life-wellness.eu\/product\/zenith\/"},"modified":"2025-02-17T16:23:49","modified_gmt":"2025-02-17T16:23:49","slug":"zenith","status":"publish","type":"product","link":"https:\/\/life-wellness.eu\/fr\/produit\/zenith\/","title":{"rendered":"Z\u00e9nith"},"content":{"rendered":"<h3>Purificateur d&rsquo;eau hydrog\u00e9n\u00e9e de nouvelle g\u00e9n\u00e9ration<\/h3>\n<p>&nbsp;<\/p>\n<div class=\"elementor-element elementor-element-aa3c82b animation_type_block sc_fly_static elementor-widget elementor-widget-text-editor trx_addons_parallax_layers_inited trx_addons_parallax_blocks_inited animated air-supply-fadeinup\" data-id=\"aa3c82b\" data-element_type=\"widget\" data-settings=\"{\" data-widget_type=\"text-editor.default\">\n<div class=\"elementor-widget-container\">\n<p>Une source d&rsquo;eau <strong>riche en hydrog\u00e8ne mol\u00e9culaire<\/strong>, un puissant antioxydant qui lutte contre le stress oxydatif, contribuant \u00e0 <strong>pr\u00e9venir et \u00e0 r\u00e9duire le<\/strong> risque de <strong>maladies chroniques<\/strong>.<\/p>\n<\/div>\n<\/div>\n<p>&nbsp;<\/p>\n<div class=\"elementor-element elementor-element-aa3c82b animation_type_block sc_fly_static elementor-widget elementor-widget-text-editor trx_addons_parallax_layers_inited trx_addons_parallax_blocks_inited animated air-supply-fadeinup\" data-id=\"aa3c82b\" data-element_type=\"widget\" data-settings=\"{\" data-widget_type=\"text-editor.default\">\n<div class=\"elementor-widget-container\">\n<h6>Avantages :<\/h6>\n<ul>\n<li>L&rsquo;hydrog\u00e8ne suppl\u00e9mentaire dans l&rsquo;eau est <strong>b\u00e9n\u00e9fique pour les organes, les fonctions vitales et cognitives<\/strong> de notre corps.<\/li>\n<li><strong>Action pr\u00e9ventive et r\u00e9paratrice<\/strong> sur les cellules endommag\u00e9es et renforcement du syst\u00e8me immunitaire.<\/li>\n<li><strong>\u00c9limine jusqu&rsquo;\u00e0 99 % des impuret\u00e9s et des contaminants<\/strong> de l&rsquo;eau.<\/li>\n<\/ul>\n<\/div>\n<\/div>\n","protected":false},"excerpt":{"rendered":"<p>Transformez votre exp\u00e9rience de la boisson avec Zenith, o\u00f9 l&rsquo;hydrog\u00e8ne mol\u00e9culaire enrichit chaque gorg\u00e9e d&rsquo;antioxydants pour am\u00e9liorer la sant\u00e9 et la vitalit\u00e9.<\/p>\n","protected":false},"featured_media":31192,"template":"","meta":{"_monsterinsights_skip_tracking":false,"_monsterinsights_sitenote_active":false,"_monsterinsights_sitenote_note":"","_monsterinsights_sitenote_category":0},"product_brand":[],"product_cat":[300],"product_tag":[302,301],"class_list":{"0":"post-31190","1":"product","2":"type-product","3":"status-publish","4":"has-post-thumbnail","6":"product_cat-leau","7":"product_tag-filtre","8":"product_tag-leau","10":"first","11":"instock","12":"taxable","13":"shipping-taxable","14":"product-type-simple"},"yoast_head":"<!-- This site is optimized with the Yoast SEO plugin v26.6 - https:\/\/yoast.com\/wordpress\/plugins\/seo\/ -->\n<title>Z\u00e9nith - Life Wellness<\/title>\n<meta name=\"robots\" content=\"index, follow, max-snippet:-1, max-image-preview:large, max-video-preview:-1\" \/>\n<link rel=\"canonical\" href=\"https:\/\/life-wellness.eu\/fr\/produit\/zenith\/\" \/>\n<meta property=\"og:locale\" content=\"fr_FR\" \/>\n<meta property=\"og:type\" content=\"article\" \/>\n<meta property=\"og:title\" content=\"Z\u00e9nith - Life Wellness\" \/>\n<meta property=\"og:description\" content=\"Transformez votre exp\u00e9rience de la boisson avec Zenith, o\u00f9 l&#039;hydrog\u00e8ne mol\u00e9culaire enrichit chaque gorg\u00e9e d&#039;antioxydants pour am\u00e9liorer la sant\u00e9 et la vitalit\u00e9.\" \/>\n<meta property=\"og:url\" content=\"https:\/\/life-wellness.eu\/fr\/produit\/zenith\/\" \/>\n<meta property=\"og:site_name\" content=\"Life Wellness\" \/>\n<meta property=\"article:publisher\" content=\"https:\/\/www.facebook.com\/grupofiltrarte\" \/>\n<meta property=\"article:modified_time\" content=\"2025-02-17T16:23:49+00:00\" \/>\n<meta property=\"og:image\" content=\"https:\/\/life-wellness.eu\/wp-content\/uploads\/2022\/10\/zenith-1.jpg\" \/>\n\t<meta property=\"og:image:width\" content=\"1300\" \/>\n\t<meta property=\"og:image:height\" content=\"1300\" \/>\n\t<meta property=\"og:image:type\" content=\"image\/jpeg\" \/>\n<meta name=\"twitter:card\" content=\"summary_large_image\" \/>\n<meta name=\"twitter:label1\" content=\"Dur\u00e9e de lecture estim\u00e9e\" \/>\n\t<meta name=\"twitter:data1\" content=\"1 minute\" \/>\n<script type=\"application\/ld+json\" class=\"yoast-schema-graph\">{\"@context\":\"https:\/\/schema.org\",\"@graph\":[{\"@type\":\"WebPage\",\"@id\":\"https:\/\/life-wellness.eu\/fr\/produit\/zenith\/\",\"url\":\"https:\/\/life-wellness.eu\/fr\/produit\/zenith\/\",\"name\":\"Z\u00e9nith - Life Wellness\",\"isPartOf\":{\"@id\":\"https:\/\/life-wellness.eu\/fr\/#website\"},\"primaryImageOfPage\":{\"@id\":\"https:\/\/life-wellness.eu\/fr\/produit\/zenith\/#primaryimage\"},\"image\":{\"@id\":\"https:\/\/life-wellness.eu\/fr\/produit\/zenith\/#primaryimage\"},\"thumbnailUrl\":\"https:\/\/life-wellness.eu\/wp-content\/uploads\/2022\/10\/zenith-1.jpg\",\"datePublished\":\"2022-10-07T21:27:45+00:00\",\"dateModified\":\"2025-02-17T16:23:49+00:00\",\"breadcrumb\":{\"@id\":\"https:\/\/life-wellness.eu\/fr\/produit\/zenith\/#breadcrumb\"},\"inLanguage\":\"fr-FR\",\"potentialAction\":[{\"@type\":\"ReadAction\",\"target\":[\"https:\/\/life-wellness.eu\/fr\/produit\/zenith\/\"]}]},{\"@type\":\"ImageObject\",\"inLanguage\":\"fr-FR\",\"@id\":\"https:\/\/life-wellness.eu\/fr\/produit\/zenith\/#primaryimage\",\"url\":\"https:\/\/life-wellness.eu\/wp-content\/uploads\/2022\/10\/zenith-1.jpg\",\"contentUrl\":\"https:\/\/life-wellness.eu\/wp-content\/uploads\/2022\/10\/zenith-1.jpg\",\"width\":1300,\"height\":1300},{\"@type\":\"BreadcrumbList\",\"@id\":\"https:\/\/life-wellness.eu\/fr\/produit\/zenith\/#breadcrumb\",\"itemListElement\":[{\"@type\":\"ListItem\",\"position\":1,\"name\":\"Home\",\"item\":\"https:\/\/life-wellness.eu\/fr\/\"},{\"@type\":\"ListItem\",\"position\":2,\"name\":\"Shop\",\"item\":\"https:\/\/life-wellness.eu\/shop\/\"},{\"@type\":\"ListItem\",\"position\":3,\"name\":\"Z\u00e9nith\"}]},{\"@type\":\"WebSite\",\"@id\":\"https:\/\/life-wellness.eu\/fr\/#website\",\"url\":\"https:\/\/life-wellness.eu\/fr\/\",\"name\":\"Life Welness\",\"description\":\"Make your life wellness\",\"publisher\":{\"@id\":\"https:\/\/life-wellness.eu\/fr\/#organization\"},\"potentialAction\":[{\"@type\":\"SearchAction\",\"target\":{\"@type\":\"EntryPoint\",\"urlTemplate\":\"https:\/\/life-wellness.eu\/fr\/?s={search_term_string}\"},\"query-input\":{\"@type\":\"PropertyValueSpecification\",\"valueRequired\":true,\"valueName\":\"search_term_string\"}}],\"inLanguage\":\"fr-FR\"},{\"@type\":\"Organization\",\"@id\":\"https:\/\/life-wellness.eu\/fr\/#organization\",\"name\":\"Lar Puro - Artigos de Utilidade Dome\u0301stica Lda\",\"url\":\"https:\/\/life-wellness.eu\/fr\/\",\"logo\":{\"@type\":\"ImageObject\",\"inLanguage\":\"fr-FR\",\"@id\":\"https:\/\/life-wellness.eu\/fr\/#\/schema\/logo\/image\/\",\"url\":\"https:\/\/life-wellness.eu\/wp-content\/uploads\/2024\/03\/logo-life-wellness.png\",\"contentUrl\":\"https:\/\/life-wellness.eu\/wp-content\/uploads\/2024\/03\/logo-life-wellness.png\",\"width\":639,\"height\":437,\"caption\":\"Lar Puro - Artigos de Utilidade Dome\u0301stica Lda\"},\"image\":{\"@id\":\"https:\/\/life-wellness.eu\/fr\/#\/schema\/logo\/image\/\"},\"sameAs\":[\"https:\/\/www.facebook.com\/grupofiltrarte\",\"https:\/\/www.instagram.com\/grupofiltrarte\",\"https:\/\/www.linkedin.com\/company\/grupo-filtrarte\/\"]}]}<\/script>\n<!-- \/ Yoast SEO plugin. -->","yoast_head_json":{"title":"Z\u00e9nith - Life Wellness","robots":{"index":"index","follow":"follow","max-snippet":"max-snippet:-1","max-image-preview":"max-image-preview:large","max-video-preview":"max-video-preview:-1"},"canonical":"https:\/\/life-wellness.eu\/fr\/produit\/zenith\/","og_locale":"fr_FR","og_type":"article","og_title":"Z\u00e9nith - Life Wellness","og_description":"Transformez votre exp\u00e9rience de la boisson avec Zenith, o\u00f9 l'hydrog\u00e8ne mol\u00e9culaire enrichit chaque gorg\u00e9e d'antioxydants pour am\u00e9liorer la sant\u00e9 et la vitalit\u00e9.","og_url":"https:\/\/life-wellness.eu\/fr\/produit\/zenith\/","og_site_name":"Life Wellness","article_publisher":"https:\/\/www.facebook.com\/grupofiltrarte","article_modified_time":"2025-02-17T16:23:49+00:00","og_image":[{"width":1300,"height":1300,"url":"https:\/\/life-wellness.eu\/wp-content\/uploads\/2022\/10\/zenith-1.jpg","type":"image\/jpeg"}],"twitter_card":"summary_large_image","twitter_misc":{"Dur\u00e9e de lecture estim\u00e9e":"1 minute"},"schema":{"@context":"https:\/\/schema.org","@graph":[{"@type":"WebPage","@id":"https:\/\/life-wellness.eu\/fr\/produit\/zenith\/","url":"https:\/\/life-wellness.eu\/fr\/produit\/zenith\/","name":"Z\u00e9nith - Life Wellness","isPartOf":{"@id":"https:\/\/life-wellness.eu\/fr\/#website"},"primaryImageOfPage":{"@id":"https:\/\/life-wellness.eu\/fr\/produit\/zenith\/#primaryimage"},"image":{"@id":"https:\/\/life-wellness.eu\/fr\/produit\/zenith\/#primaryimage"},"thumbnailUrl":"https:\/\/life-wellness.eu\/wp-content\/uploads\/2022\/10\/zenith-1.jpg","datePublished":"2022-10-07T21:27:45+00:00","dateModified":"2025-02-17T16:23:49+00:00","breadcrumb":{"@id":"https:\/\/life-wellness.eu\/fr\/produit\/zenith\/#breadcrumb"},"inLanguage":"fr-FR","potentialAction":[{"@type":"ReadAction","target":["https:\/\/life-wellness.eu\/fr\/produit\/zenith\/"]}]},{"@type":"ImageObject","inLanguage":"fr-FR","@id":"https:\/\/life-wellness.eu\/fr\/produit\/zenith\/#primaryimage","url":"https:\/\/life-wellness.eu\/wp-content\/uploads\/2022\/10\/zenith-1.jpg","contentUrl":"https:\/\/life-wellness.eu\/wp-content\/uploads\/2022\/10\/zenith-1.jpg","width":1300,"height":1300},{"@type":"BreadcrumbList","@id":"https:\/\/life-wellness.eu\/fr\/produit\/zenith\/#breadcrumb","itemListElement":[{"@type":"ListItem","position":1,"name":"Home","item":"https:\/\/life-wellness.eu\/fr\/"},{"@type":"ListItem","position":2,"name":"Shop","item":"https:\/\/life-wellness.eu\/shop\/"},{"@type":"ListItem","position":3,"name":"Z\u00e9nith"}]},{"@type":"WebSite","@id":"https:\/\/life-wellness.eu\/fr\/#website","url":"https:\/\/life-wellness.eu\/fr\/","name":"Life Welness","description":"Make your life wellness","publisher":{"@id":"https:\/\/life-wellness.eu\/fr\/#organization"},"potentialAction":[{"@type":"SearchAction","target":{"@type":"EntryPoint","urlTemplate":"https:\/\/life-wellness.eu\/fr\/?s={search_term_string}"},"query-input":{"@type":"PropertyValueSpecification","valueRequired":true,"valueName":"search_term_string"}}],"inLanguage":"fr-FR"},{"@type":"Organization","@id":"https:\/\/life-wellness.eu\/fr\/#organization","name":"Lar Puro - Artigos de Utilidade Dome\u0301stica Lda","url":"https:\/\/life-wellness.eu\/fr\/","logo":{"@type":"ImageObject","inLanguage":"fr-FR","@id":"https:\/\/life-wellness.eu\/fr\/#\/schema\/logo\/image\/","url":"https:\/\/life-wellness.eu\/wp-content\/uploads\/2024\/03\/logo-life-wellness.png","contentUrl":"https:\/\/life-wellness.eu\/wp-content\/uploads\/2024\/03\/logo-life-wellness.png","width":639,"height":437,"caption":"Lar Puro - Artigos de Utilidade Dome\u0301stica Lda"},"image":{"@id":"https:\/\/life-wellness.eu\/fr\/#\/schema\/logo\/image\/"},"sameAs":["https:\/\/www.facebook.com\/grupofiltrarte","https:\/\/www.instagram.com\/grupofiltrarte","https:\/\/www.linkedin.com\/company\/grupo-filtrarte\/"]}]}},"_links":{"self":[{"href":"https:\/\/life-wellness.eu\/fr\/wp-json\/wp\/v2\/product\/31190","targetHints":{"allow":["GET"]}}],"collection":[{"href":"https:\/\/life-wellness.eu\/fr\/wp-json\/wp\/v2\/product"}],"about":[{"href":"https:\/\/life-wellness.eu\/fr\/wp-json\/wp\/v2\/types\/product"}],"wp:featuredmedia":[{"embeddable":true,"href":"https:\/\/life-wellness.eu\/fr\/wp-json\/wp\/v2\/media\/31192"}],"wp:attachment":[{"href":"https:\/\/life-wellness.eu\/fr\/wp-json\/wp\/v2\/media?parent=31190"}],"wp:term":[{"taxonomy":"product_brand","embeddable":true,"href":"https:\/\/life-wellness.eu\/fr\/wp-json\/wp\/v2\/product_brand?post=31190"},{"taxonomy":"product_cat","embeddable":true,"href":"https:\/\/life-wellness.eu\/fr\/wp-json\/wp\/v2\/product_cat?post=31190"},{"taxonomy":"product_tag","embeddable":true,"href":"https:\/\/life-wellness.eu\/fr\/wp-json\/wp\/v2\/product_tag?post=31190"}],"curies":[{"name":"wp","href":"https:\/\/api.w.org\/{rel}","templated":true}]}}