{"id":30232,"date":"2024-03-01T15:39:45","date_gmt":"2024-03-01T15:39:45","guid":{"rendered":"https:\/\/filtrarte.flywheelsites.com\/reembolsos-e-devolucoes\/"},"modified":"2024-07-31T20:54:23","modified_gmt":"2024-07-31T20:54:23","slug":"reembolsos-e-devolucoes","status":"publish","type":"page","link":"https:\/\/life-wellness.eu\/pt-pt\/reembolsos-e-devolucoes\/","title":{"rendered":"Reembolsos e devolu\u00e7\u00f5es"},"content":{"rendered":"\t\t<div data-elementor-type=\"wp-page\" data-elementor-id=\"30232\" class=\"elementor elementor-30232 elementor-26780\" data-elementor-post-type=\"page\">\n\t\t\t\t\t\t<section class=\"elementor-section elementor-top-section elementor-element elementor-element-b724f13 elementor-section-boxed elementor-section-height-default elementor-section-height-default sc_fly_static\" data-id=\"b724f13\" data-element_type=\"section\" data-settings=\"{&quot;background_background&quot;:&quot;classic&quot;}\">\n\t\t\t\t\t\t<div class=\"elementor-container elementor-column-gap-extended\">\n\t\t\t\t\t<div class=\"elementor-column elementor-col-100 elementor-top-column elementor-element elementor-element-330f85d sc_content_align_inherit sc_layouts_column_icons_position_left sc_fly_static\" data-id=\"330f85d\" data-element_type=\"column\">\n\t\t\t<div class=\"elementor-widget-wrap elementor-element-populated\">\n\t\t\t\t\t\t<div class=\"elementor-element elementor-element-59907bb sc_fly_static elementor-widget elementor-widget-heading\" data-id=\"59907bb\" data-element_type=\"widget\" data-widget_type=\"heading.default\">\n\t\t\t\t<div class=\"elementor-widget-container\">\n\t\t\t\t\t<h2 class=\"elementor-heading-title elementor-size-default\">Garantias<\/h2>\t\t\t\t<\/div>\n\t\t\t\t<\/div>\n\t\t\t\t\t<\/div>\n\t\t<\/div>\n\t\t\t\t\t<\/div>\n\t\t<\/section>\n\t\t\t\t<section class=\"elementor-section elementor-top-section elementor-element elementor-element-2b1184b0 elementor-section-boxed elementor-section-height-default elementor-section-height-default sc_fly_static\" data-id=\"2b1184b0\" data-element_type=\"section\" data-settings=\"{&quot;background_background&quot;:&quot;classic&quot;}\">\n\t\t\t\t\t\t<div class=\"elementor-container elementor-column-gap-extended\">\n\t\t\t\t\t<div class=\"elementor-column elementor-col-100 elementor-top-column elementor-element elementor-element-153e1c19 sc_content_align_inherit sc_layouts_column_icons_position_left sc_fly_static\" data-id=\"153e1c19\" data-element_type=\"column\">\n\t\t\t<div class=\"elementor-widget-wrap elementor-element-populated\">\n\t\t\t\t\t\t<div class=\"elementor-element elementor-element-54db29de sc_fly_static elementor-widget elementor-widget-text-editor\" data-id=\"54db29de\" data-element_type=\"widget\" data-widget_type=\"text-editor.default\">\n\t\t\t\t<div class=\"elementor-widget-container\">\n\t\t\t\t\t\t\t\t\t<p><strong>Obrigado por comprares na LifeWellness.<\/strong>  Orgulhamo-nos da qualidade e efic\u00e1cia dos nossos produtos de sa\u00fade e bem-estar, incluindo o nosso emblem\u00e1tico sistema de purifica\u00e7\u00e3o de \u00e1gua Zenith.<br \/>\nSe n\u00e3o estiveres totalmente satisfeito com a tua compra, estamos aqui para ajudar. <\/p>\n\t\t\t\t\t\t\t\t<\/div>\n\t\t\t\t<\/div>\n\t\t\t\t\t<\/div>\n\t\t<\/div>\n\t\t\t\t\t<\/div>\n\t\t<\/section>\n\t\t\t\t<section class=\"elementor-section elementor-top-section elementor-element elementor-element-7ef86bc8 elementor-section-boxed elementor-section-height-default elementor-section-height-default sc_fly_static\" data-id=\"7ef86bc8\" data-element_type=\"section\">\n\t\t\t\t\t\t<div class=\"elementor-container elementor-column-gap-extended\">\n\t\t\t\t\t<div class=\"elementor-column elementor-col-100 elementor-top-column elementor-element elementor-element-19372eea sc_content_align_inherit sc_layouts_column_icons_position_left sc_fly_static\" data-id=\"19372eea\" data-element_type=\"column\">\n\t\t\t<div class=\"elementor-widget-wrap elementor-element-populated\">\n\t\t\t\t\t\t<div class=\"elementor-element elementor-element-690b98ed sc_fly_static elementor-widget elementor-widget-spacer\" data-id=\"690b98ed\" data-element_type=\"widget\" data-widget_type=\"spacer.default\">\n\t\t\t\t<div class=\"elementor-widget-container\">\n\t\t\t\t\t\t\t<div class=\"elementor-spacer\">\n\t\t\t<div class=\"elementor-spacer-inner\"><\/div>\n\t\t<\/div>\n\t\t\t\t\t\t<\/div>\n\t\t\t\t<\/div>\n\t\t\t\t\t<\/div>\n\t\t<\/div>\n\t\t\t\t\t<\/div>\n\t\t<\/section>\n\t\t\t\t<section class=\"elementor-section elementor-top-section elementor-element elementor-element-a2ec18c elementor-section-boxed elementor-section-height-default elementor-section-height-default sc_fly_static\" data-id=\"a2ec18c\" data-element_type=\"section\" data-settings=\"{&quot;background_background&quot;:&quot;classic&quot;}\">\n\t\t\t\t\t\t<div class=\"elementor-container elementor-column-gap-extended\">\n\t\t\t\t\t<div class=\"elementor-column elementor-col-100 elementor-top-column elementor-element elementor-element-e4f67bc sc_content_align_inherit sc_layouts_column_icons_position_left sc_fly_static\" data-id=\"e4f67bc\" data-element_type=\"column\">\n\t\t\t<div class=\"elementor-widget-wrap elementor-element-populated\">\n\t\t\t\t\t\t<div class=\"elementor-element elementor-element-fc87c00 sc_fly_static elementor-widget elementor-widget-text-editor\" data-id=\"fc87c00\" data-element_type=\"widget\" data-widget_type=\"text-editor.default\">\n\t\t\t\t<div class=\"elementor-widget-container\">\n\t\t\t\t\t\t\t\t\t<h5>Retorna<\/h5>\n<p>Disp\u00f5es de um determinado n\u00famero de dias para devolver um artigo a partir da data em que o recebeste.<br \/>\nPara poderes fazer uma devolu\u00e7\u00e3o: <\/p>\n<ul>\n<li>O teu artigo n\u00e3o deve ter sido utilizado e deve estar nas mesmas condi\u00e7\u00f5es em que o recebeste.<\/li>\n<li>O artigo deve estar na embalagem original.<\/li>\n<li>Tens de ter o recibo ou a prova de compra.<\/li>\n<\/ul>\n<h5>Produtos danificados\/defeituosos<\/h5>\n<p>Se receberes um artigo danificado ou com defeito, notifica-nos imediatamente para obtermos assist\u00eancia.<br \/>\nA LifeWellness garante a qualidade dos seus produtos e proceder\u00e1 \u00e0 substitui\u00e7\u00e3o ou ao reembolso de quaisquer artigos que cheguem danificados ou com defeito, de acordo com as nossas pol\u00edticas de garantia. <\/p>\n<ul>\n<li>Fornece informa\u00e7\u00f5es pormenorizadas sobre o defeito e, se poss\u00edvel, inclui provas fotogr\u00e1ficas.<\/li>\n<li>Consulta a nossa <a href=\"https:\/\/life-wellness.eu\/warranties\/\" target=\"_new\">p\u00e1gina Garantias<\/a> para obteres informa\u00e7\u00f5es detalhadas sobre a cobertura da garantia dos nossos produtos.<\/li>\n<\/ul>\n<h5>Artigos que n\u00e3o podem ser devolvidos<\/h5>\n<p>Alguns artigos n\u00e3o podem ser devolvidos para efeitos de reembolso.<br \/>\nContacta-nos se tiveres d\u00favidas sobre a elegibilidade de devolu\u00e7\u00e3o do teu artigo. <\/p>\n<h5>Reembolsos<\/h5>\n<p>Assim que recebermos o teu artigo, iremos inspeccion\u00e1-lo e notificar-te sobre o estado do teu reembolso ap\u00f3s a inspe\u00e7\u00e3o do artigo.<br \/>\nSe a tua devolu\u00e7\u00e3o for aprovada, iniciaremos um reembolso no teu cart\u00e3o de cr\u00e9dito (ou m\u00e9todo de pagamento original).<br \/>\nReceber\u00e1s o cr\u00e9dito dentro de um determinado n\u00famero de dias, dependendo das pol\u00edticas da entidade emissora do teu cart\u00e3o.  <\/p>\n<h5>Envio<\/h5>\n<p>Ser\u00e1s respons\u00e1vel pelo pagamento dos teus pr\u00f3prios custos de envio para devolver o teu artigo.<br \/>\nOs custos de envio n\u00e3o s\u00e3o reembols\u00e1veis.<br \/>\nSe receberes um reembolso, o custo do envio da devolu\u00e7\u00e3o ser\u00e1 deduzido do teu reembolso.  <\/p>\n<h5>Trocas (se aplic\u00e1vel)<\/h5>\n<p>S\u00f3 substitu\u00edmos artigos se estiverem defeituosos ou danificados.<br \/>\nSe precisares de trocar um artigo pelo mesmo produto, envia-nos um e-mail para obteres instru\u00e7\u00f5es. <\/p>\n<h5>Contacta-nos<\/h5>\n<p>Se tiveres alguma d\u00favida sobre como devolver o teu artigo, contacta-nos<\/p>\n\t\t\t\t\t\t\t\t<\/div>\n\t\t\t\t<\/div>\n\t\t\t\t\t<\/div>\n\t\t<\/div>\n\t\t\t\t\t<\/div>\n\t\t<\/section>\n\t\t\t\t<\/div>\n\t\t","protected":false},"excerpt":{"rendered":"<p>Garantias Obrigado por comprares na LifeWellness. Orgulhamo-nos da qualidade e efic\u00e1cia dos nossos produtos de sa\u00fade e bem-estar, incluindo o nosso emblem\u00e1tico sistema de purifica\u00e7\u00e3o de \u00e1gua Zenith. Se n\u00e3o&hellip;<\/p>\n","protected":false},"author":1,"featured_media":0,"parent":0,"menu_order":0,"comment_status":"closed","ping_status":"closed","template":"","meta":{"_monsterinsights_skip_tracking":false,"_monsterinsights_sitenote_active":false,"_monsterinsights_sitenote_note":"","_monsterinsights_sitenote_category":0,"footnotes":""},"class_list":["post-30232","page","type-page","status-publish","hentry"],"yoast_head":"<!-- This site is optimized with the Yoast SEO plugin v26.6 - https:\/\/yoast.com\/wordpress\/plugins\/seo\/ -->\n<title>Reembolsos e devolu\u00e7\u00f5es - Life Wellness<\/title>\n<meta name=\"robots\" content=\"index, follow, max-snippet:-1, max-image-preview:large, max-video-preview:-1\" \/>\n<link rel=\"canonical\" href=\"https:\/\/life-wellness.eu\/pt-pt\/reembolsos-e-devolucoes\/\" \/>\n<meta property=\"og:locale\" content=\"pt_PT\" \/>\n<meta property=\"og:type\" content=\"article\" \/>\n<meta property=\"og:title\" content=\"Reembolsos e devolu\u00e7\u00f5es - Life Wellness\" \/>\n<meta property=\"og:description\" content=\"Garantias Obrigado por comprares na LifeWellness. Orgulhamo-nos da qualidade e efic\u00e1cia dos nossos produtos de sa\u00fade e bem-estar, incluindo o nosso emblem\u00e1tico sistema de purifica\u00e7\u00e3o de \u00e1gua Zenith. Se n\u00e3o&hellip;\" \/>\n<meta property=\"og:url\" content=\"https:\/\/life-wellness.eu\/pt-pt\/reembolsos-e-devolucoes\/\" \/>\n<meta property=\"og:site_name\" content=\"Life Wellness\" \/>\n<meta property=\"article:publisher\" content=\"https:\/\/www.facebook.com\/grupofiltrarte\" \/>\n<meta property=\"article:modified_time\" content=\"2024-07-31T20:54:23+00:00\" \/>\n<meta property=\"og:image\" content=\"https:\/\/life-wellness.eu\/wp-content\/uploads\/2025\/01\/LifeWellness-1.png\" \/>\n\t<meta property=\"og:image:width\" content=\"1051\" \/>\n\t<meta property=\"og:image:height\" content=\"590\" \/>\n\t<meta property=\"og:image:type\" content=\"image\/png\" \/>\n<meta name=\"twitter:card\" content=\"summary_large_image\" \/>\n<meta name=\"twitter:label1\" content=\"Tempo estimado de leitura\" \/>\n\t<meta name=\"twitter:data1\" content=\"2 minutos\" \/>\n<script type=\"application\/ld+json\" class=\"yoast-schema-graph\">{\"@context\":\"https:\/\/schema.org\",\"@graph\":[{\"@type\":\"WebPage\",\"@id\":\"https:\/\/life-wellness.eu\/pt-pt\/reembolsos-e-devolucoes\/\",\"url\":\"https:\/\/life-wellness.eu\/pt-pt\/reembolsos-e-devolucoes\/\",\"name\":\"Reembolsos e devolu\u00e7\u00f5es - Life Wellness\",\"isPartOf\":{\"@id\":\"https:\/\/life-wellness.eu\/pt-pt\/#website\"},\"datePublished\":\"2024-03-01T15:39:45+00:00\",\"dateModified\":\"2024-07-31T20:54:23+00:00\",\"breadcrumb\":{\"@id\":\"https:\/\/life-wellness.eu\/pt-pt\/reembolsos-e-devolucoes\/#breadcrumb\"},\"inLanguage\":\"pt-PT\",\"potentialAction\":[{\"@type\":\"ReadAction\",\"target\":[\"https:\/\/life-wellness.eu\/pt-pt\/reembolsos-e-devolucoes\/\"]}]},{\"@type\":\"BreadcrumbList\",\"@id\":\"https:\/\/life-wellness.eu\/pt-pt\/reembolsos-e-devolucoes\/#breadcrumb\",\"itemListElement\":[{\"@type\":\"ListItem\",\"position\":1,\"name\":\"Home\",\"item\":\"https:\/\/life-wellness.eu\/pt-pt\/\"},{\"@type\":\"ListItem\",\"position\":2,\"name\":\"Reembolsos e devolu\u00e7\u00f5es\"}]},{\"@type\":\"WebSite\",\"@id\":\"https:\/\/life-wellness.eu\/pt-pt\/#website\",\"url\":\"https:\/\/life-wellness.eu\/pt-pt\/\",\"name\":\"Life Welness\",\"description\":\"Make your life wellness\",\"publisher\":{\"@id\":\"https:\/\/life-wellness.eu\/pt-pt\/#organization\"},\"potentialAction\":[{\"@type\":\"SearchAction\",\"target\":{\"@type\":\"EntryPoint\",\"urlTemplate\":\"https:\/\/life-wellness.eu\/pt-pt\/?s={search_term_string}\"},\"query-input\":{\"@type\":\"PropertyValueSpecification\",\"valueRequired\":true,\"valueName\":\"search_term_string\"}}],\"inLanguage\":\"pt-PT\"},{\"@type\":\"Organization\",\"@id\":\"https:\/\/life-wellness.eu\/pt-pt\/#organization\",\"name\":\"Lar Puro - Artigos de Utilidade Dome\u0301stica Lda\",\"url\":\"https:\/\/life-wellness.eu\/pt-pt\/\",\"logo\":{\"@type\":\"ImageObject\",\"inLanguage\":\"pt-PT\",\"@id\":\"https:\/\/life-wellness.eu\/pt-pt\/#\/schema\/logo\/image\/\",\"url\":\"https:\/\/life-wellness.eu\/wp-content\/uploads\/2024\/03\/logo-life-wellness.png\",\"contentUrl\":\"https:\/\/life-wellness.eu\/wp-content\/uploads\/2024\/03\/logo-life-wellness.png\",\"width\":639,\"height\":437,\"caption\":\"Lar Puro - Artigos de Utilidade Dome\u0301stica Lda\"},\"image\":{\"@id\":\"https:\/\/life-wellness.eu\/pt-pt\/#\/schema\/logo\/image\/\"},\"sameAs\":[\"https:\/\/www.facebook.com\/grupofiltrarte\",\"https:\/\/www.instagram.com\/grupofiltrarte\",\"https:\/\/www.linkedin.com\/company\/grupo-filtrarte\/\"]}]}<\/script>\n<!-- \/ Yoast SEO plugin. -->","yoast_head_json":{"title":"Reembolsos e devolu\u00e7\u00f5es - Life Wellness","robots":{"index":"index","follow":"follow","max-snippet":"max-snippet:-1","max-image-preview":"max-image-preview:large","max-video-preview":"max-video-preview:-1"},"canonical":"https:\/\/life-wellness.eu\/pt-pt\/reembolsos-e-devolucoes\/","og_locale":"pt_PT","og_type":"article","og_title":"Reembolsos e devolu\u00e7\u00f5es - Life Wellness","og_description":"Garantias Obrigado por comprares na LifeWellness. Orgulhamo-nos da qualidade e efic\u00e1cia dos nossos produtos de sa\u00fade e bem-estar, incluindo o nosso emblem\u00e1tico sistema de purifica\u00e7\u00e3o de \u00e1gua Zenith. Se n\u00e3o&hellip;","og_url":"https:\/\/life-wellness.eu\/pt-pt\/reembolsos-e-devolucoes\/","og_site_name":"Life Wellness","article_publisher":"https:\/\/www.facebook.com\/grupofiltrarte","article_modified_time":"2024-07-31T20:54:23+00:00","og_image":[{"width":1051,"height":590,"url":"https:\/\/life-wellness.eu\/wp-content\/uploads\/2025\/01\/LifeWellness-1.png","type":"image\/png"}],"twitter_card":"summary_large_image","twitter_misc":{"Tempo estimado de leitura":"2 minutos"},"schema":{"@context":"https:\/\/schema.org","@graph":[{"@type":"WebPage","@id":"https:\/\/life-wellness.eu\/pt-pt\/reembolsos-e-devolucoes\/","url":"https:\/\/life-wellness.eu\/pt-pt\/reembolsos-e-devolucoes\/","name":"Reembolsos e devolu\u00e7\u00f5es - Life Wellness","isPartOf":{"@id":"https:\/\/life-wellness.eu\/pt-pt\/#website"},"datePublished":"2024-03-01T15:39:45+00:00","dateModified":"2024-07-31T20:54:23+00:00","breadcrumb":{"@id":"https:\/\/life-wellness.eu\/pt-pt\/reembolsos-e-devolucoes\/#breadcrumb"},"inLanguage":"pt-PT","potentialAction":[{"@type":"ReadAction","target":["https:\/\/life-wellness.eu\/pt-pt\/reembolsos-e-devolucoes\/"]}]},{"@type":"BreadcrumbList","@id":"https:\/\/life-wellness.eu\/pt-pt\/reembolsos-e-devolucoes\/#breadcrumb","itemListElement":[{"@type":"ListItem","position":1,"name":"Home","item":"https:\/\/life-wellness.eu\/pt-pt\/"},{"@type":"ListItem","position":2,"name":"Reembolsos e devolu\u00e7\u00f5es"}]},{"@type":"WebSite","@id":"https:\/\/life-wellness.eu\/pt-pt\/#website","url":"https:\/\/life-wellness.eu\/pt-pt\/","name":"Life Welness","description":"Make your life wellness","publisher":{"@id":"https:\/\/life-wellness.eu\/pt-pt\/#organization"},"potentialAction":[{"@type":"SearchAction","target":{"@type":"EntryPoint","urlTemplate":"https:\/\/life-wellness.eu\/pt-pt\/?s={search_term_string}"},"query-input":{"@type":"PropertyValueSpecification","valueRequired":true,"valueName":"search_term_string"}}],"inLanguage":"pt-PT"},{"@type":"Organization","@id":"https:\/\/life-wellness.eu\/pt-pt\/#organization","name":"Lar Puro - Artigos de Utilidade Dome\u0301stica Lda","url":"https:\/\/life-wellness.eu\/pt-pt\/","logo":{"@type":"ImageObject","inLanguage":"pt-PT","@id":"https:\/\/life-wellness.eu\/pt-pt\/#\/schema\/logo\/image\/","url":"https:\/\/life-wellness.eu\/wp-content\/uploads\/2024\/03\/logo-life-wellness.png","contentUrl":"https:\/\/life-wellness.eu\/wp-content\/uploads\/2024\/03\/logo-life-wellness.png","width":639,"height":437,"caption":"Lar Puro - Artigos de Utilidade Dome\u0301stica Lda"},"image":{"@id":"https:\/\/life-wellness.eu\/pt-pt\/#\/schema\/logo\/image\/"},"sameAs":["https:\/\/www.facebook.com\/grupofiltrarte","https:\/\/www.instagram.com\/grupofiltrarte","https:\/\/www.linkedin.com\/company\/grupo-filtrarte\/"]}]}},"_links":{"self":[{"href":"https:\/\/life-wellness.eu\/pt-pt\/wp-json\/wp\/v2\/pages\/30232","targetHints":{"allow":["GET"]}}],"collection":[{"href":"https:\/\/life-wellness.eu\/pt-pt\/wp-json\/wp\/v2\/pages"}],"about":[{"href":"https:\/\/life-wellness.eu\/pt-pt\/wp-json\/wp\/v2\/types\/page"}],"author":[{"embeddable":true,"href":"https:\/\/life-wellness.eu\/pt-pt\/wp-json\/wp\/v2\/users\/1"}],"replies":[{"embeddable":true,"href":"https:\/\/life-wellness.eu\/pt-pt\/wp-json\/wp\/v2\/comments?post=30232"}],"version-history":[{"count":1,"href":"https:\/\/life-wellness.eu\/pt-pt\/wp-json\/wp\/v2\/pages\/30232\/revisions"}],"predecessor-version":[{"id":30233,"href":"https:\/\/life-wellness.eu\/pt-pt\/wp-json\/wp\/v2\/pages\/30232\/revisions\/30233"}],"wp:attachment":[{"href":"https:\/\/life-wellness.eu\/pt-pt\/wp-json\/wp\/v2\/media?parent=30232"}],"curies":[{"name":"wp","href":"https:\/\/api.w.org\/{rel}","templated":true}]}}