{"id":30234,"date":"2024-03-01T16:30:01","date_gmt":"2024-03-01T16:30:01","guid":{"rendered":"https:\/\/filtrarte.flywheelsites.com\/garantias\/"},"modified":"2024-07-31T20:54:23","modified_gmt":"2024-07-31T20:54:23","slug":"garantias","status":"publish","type":"page","link":"https:\/\/life-wellness.eu\/pt-pt\/garantias\/","title":{"rendered":"Garantias"},"content":{"rendered":"\t\t<div data-elementor-type=\"wp-page\" data-elementor-id=\"30234\" class=\"elementor elementor-30234 elementor-26788\" data-elementor-post-type=\"page\">\n\t\t\t\t\t\t<section class=\"elementor-section elementor-top-section elementor-element elementor-element-2b1184b0 elementor-section-boxed elementor-section-height-default elementor-section-height-default sc_fly_static\" data-id=\"2b1184b0\" data-element_type=\"section\" data-settings=\"{&quot;background_background&quot;:&quot;classic&quot;}\">\n\t\t\t\t\t\t<div class=\"elementor-container elementor-column-gap-extended\">\n\t\t\t\t\t<div class=\"elementor-column elementor-col-100 elementor-top-column elementor-element elementor-element-153e1c19 sc_content_align_inherit sc_layouts_column_icons_position_left sc_fly_static\" data-id=\"153e1c19\" data-element_type=\"column\">\n\t\t\t<div class=\"elementor-widget-wrap elementor-element-populated\">\n\t\t\t\t\t\t<div class=\"elementor-element elementor-element-09c64dc sc_fly_static elementor-widget elementor-widget-heading\" data-id=\"09c64dc\" data-element_type=\"widget\" data-widget_type=\"heading.default\">\n\t\t\t\t<div class=\"elementor-widget-container\">\n\t\t\t\t\t<h2 class=\"elementor-heading-title elementor-size-default\">Garantias<\/h2>\t\t\t\t<\/div>\n\t\t\t\t<\/div>\n\t\t\t\t\t<\/div>\n\t\t<\/div>\n\t\t\t\t\t<\/div>\n\t\t<\/section>\n\t\t\t\t<section class=\"elementor-section elementor-top-section elementor-element elementor-element-a2ec18c elementor-section-boxed elementor-section-height-default elementor-section-height-default sc_fly_static\" data-id=\"a2ec18c\" data-element_type=\"section\" data-settings=\"{&quot;background_background&quot;:&quot;classic&quot;}\">\n\t\t\t\t\t\t<div class=\"elementor-container elementor-column-gap-extended\">\n\t\t\t\t\t<div class=\"elementor-column elementor-col-100 elementor-top-column elementor-element elementor-element-e4f67bc sc_content_align_inherit sc_layouts_column_icons_position_left sc_fly_static\" data-id=\"e4f67bc\" data-element_type=\"column\">\n\t\t\t<div class=\"elementor-widget-wrap elementor-element-populated\">\n\t\t\t\t\t\t<div class=\"elementor-element elementor-element-fc87c00 sc_fly_static elementor-widget elementor-widget-text-editor\" data-id=\"fc87c00\" data-element_type=\"widget\" data-widget_type=\"text-editor.default\">\n\t\t\t\t<div class=\"elementor-widget-container\">\n\t\t\t\t\t\t\t\t\t<p><strong>A LifeWellness<\/strong> est\u00e1 empenhada na qualidade e fiabilidade dos nossos produtos de sa\u00fade e bem-estar.<\/p>\n<p>Esta Pol\u00edtica de Garantias descreve a cobertura da garantia fornecida a ti como um cliente valioso dos nossos produtos.<\/p>\n<p>Sendo um dos direitos fundamentais dos consumidores o acesso a bens e servi\u00e7os correspondentes aos contratados e com a garantia do seu correto funcionamento, <strong>a LifeWellness<\/strong> garantir\u00e1, por um per\u00edodo de 24 meses a contar da data da compra, a qualidade dos seus produtos, oferecendo aos clientes, nos casos em que tal seja leg\u00edtimo, uma das seguintes solu\u00e7\u00f5es, por esta ordem:<\/p>\n<ul>\n<li>Repara\u00e7\u00e3o de bens danificados, assegurando o seu correto funcionamento e\/ou qualidade final;<\/li>\n<li>Troca o bem por um bem igual;<\/li>\n<li>Troca do artigo por um artigo semelhante em termos de caracter\u00edsticas e de finalidade, desde que tal seja acordado com o cliente;<\/li>\n<li>Rescis\u00e3o do contrato e consequente reembolso se nenhuma das op\u00e7\u00f5es anteriores for poss\u00edvel.<\/li>\n<\/ul>\n<p>O exerc\u00edcio do direito \u00e0 garantia pelo cliente far-se-\u00e1 sempre mediante a apresenta\u00e7\u00e3o da reclama\u00e7\u00e3o ao servi\u00e7o de Apoio ao Cliente e a devolu\u00e7\u00e3o do artigo danificado ou que n\u00e3o corresponda ao que foi contratado.<\/p>\n<p>O servi\u00e7o de Apoio ao Cliente analisar\u00e1 o artigo em causa de forma a confirmar o efetivo direito do cliente \u00e0 garantia, excluindo todas as situa\u00e7\u00f5es que comprovadamente resultem, entre outras, de:<\/p>\n<ul>\n<li>Utiliza\u00e7\u00e3o abusiva, danos intencionais ou danos por neglig\u00eancia por parte do cliente;<\/li>\n<li>Desgaste normal do produto, desde que esteja dentro dos n\u00edveis esperados declarados pelo fabricante;<\/li>\n<li>Impossibilidade de provar a falha ou o defeito indicado pelo cliente;<\/li>\n<li>Todas as situa\u00e7\u00f5es que s\u00e3o detectadas como tentativas de fraude.<\/li>\n<\/ul>\n<p>Depois de inspecionar o produto recebido, o cliente ser\u00e1 informado do estado da sua encomenda.<\/p>\n<p>Nos casos em que a garantia deva ser exercida, <strong>a LifeWellness<\/strong> promover\u00e1 a repara\u00e7\u00e3o, substitui\u00e7\u00e3o ou reembolso do artigo no mais curto espa\u00e7o de tempo poss\u00edvel, at\u00e9 ao limite de 30 dias a contar da notifica\u00e7\u00e3o enviada por correio eletr\u00f3nico ao cliente atrav\u00e9s da qual confirmar\u00e1 o direito de reclamar a garantia do produto.<\/p>\n<p>O reembolso de qualquer montante pago ser\u00e1 efectuado utilizando o mesmo m\u00e9todo de pagamento utilizado na compra do produto, salvo acordo em contr\u00e1rio com o cliente.<\/p>\n<p>Estas disposi\u00e7\u00f5es n\u00e3o prejudicam os direitos dos consumidores que resultam diretamente da legisla\u00e7\u00e3o em vigor.<\/p>\n<h5> <\/h5>\n<h5><strong>Limita\u00e7\u00e3o da responsabilidade<\/strong><\/h5>\n<p>A responsabilidade da <strong>LifeWellness<\/strong>ao abrigo desta garantia limita-se \u00e0 repara\u00e7\u00e3o, substitui\u00e7\u00e3o ou reembolso. <strong>A LifeWellness <\/strong>n\u00e3o se responsabiliza por quaisquer danos acidentais ou consequenciais resultantes da utiliza\u00e7\u00e3o dos seus produtos.<\/p>\n<h5> <\/h5>\n<h5><strong>N\u00e3o h\u00e1 outras garantias<\/strong><\/h5>\n<p>Para al\u00e9m desta garantia, <strong>a LifeWellness<\/strong> n\u00e3o d\u00e1 quaisquer outras garantias, expressas ou impl\u00edcitas, incluindo quaisquer garantias impl\u00edcitas de comercializa\u00e7\u00e3o ou adequa\u00e7\u00e3o a um determinado fim.<\/p>\n<h5> <\/h5>\n<h5><strong>Direito aplic\u00e1vel<\/strong><\/h5>\n<p>A presente Pol\u00edtica de Garantias rege-se pelas leis da jurisdi\u00e7\u00e3o em que <strong>a LifeWellness<\/strong> opera, sem ter em conta as suas disposi\u00e7\u00f5es sobre conflitos de leis.<\/p>\n<h5> <\/h5>\n<h5><strong>Altera\u00e7\u00f5es \u00e0 Pol\u00edtica de Garantias<\/strong><\/h5>\n<p><strong>A LifeWellness<\/strong> reserva-se o direito de atualizar ou modificar esta Pol\u00edtica de garantias em qualquer altura sem aviso pr\u00e9vio.<br \/>\nA vers\u00e3o atual da pol\u00edtica ser\u00e1 publicada no nosso s\u00edtio Web, com a data de entrada em vigor indicada no topo. <\/p>\n<h5> <\/h5>\n<h5><strong>Contacta-nos<\/strong><\/h5>\n<p>Para mais informa\u00e7\u00f5es sobre a cobertura da nossa garantia, como apresentar uma reclama\u00e7\u00e3o ou quaisquer outras quest\u00f5es, contacta-nos.<\/p>\n\t\t\t\t\t\t\t\t<\/div>\n\t\t\t\t<\/div>\n\t\t\t\t\t<\/div>\n\t\t<\/div>\n\t\t\t\t\t<\/div>\n\t\t<\/section>\n\t\t\t\t<section class=\"elementor-section elementor-top-section elementor-element elementor-element-7ef86bc8 elementor-section-boxed elementor-section-height-default elementor-section-height-default sc_fly_static\" data-id=\"7ef86bc8\" data-element_type=\"section\">\n\t\t\t\t\t\t<div class=\"elementor-container elementor-column-gap-extended\">\n\t\t\t\t\t<div class=\"elementor-column elementor-col-100 elementor-top-column elementor-element elementor-element-19372eea sc_content_align_inherit sc_layouts_column_icons_position_left sc_fly_static\" data-id=\"19372eea\" data-element_type=\"column\">\n\t\t\t<div class=\"elementor-widget-wrap elementor-element-populated\">\n\t\t\t\t\t\t<div class=\"elementor-element elementor-element-690b98ed sc_fly_static elementor-widget elementor-widget-spacer\" data-id=\"690b98ed\" data-element_type=\"widget\" data-widget_type=\"spacer.default\">\n\t\t\t\t<div class=\"elementor-widget-container\">\n\t\t\t\t\t\t\t<div class=\"elementor-spacer\">\n\t\t\t<div class=\"elementor-spacer-inner\"><\/div>\n\t\t<\/div>\n\t\t\t\t\t\t<\/div>\n\t\t\t\t<\/div>\n\t\t\t\t\t<\/div>\n\t\t<\/div>\n\t\t\t\t\t<\/div>\n\t\t<\/section>\n\t\t\t\t<\/div>\n\t\t","protected":false},"excerpt":{"rendered":"<p>Garantias A LifeWellness est\u00e1 empenhada na qualidade e fiabilidade dos nossos produtos de sa\u00fade e bem-estar. Esta Pol\u00edtica de Garantias descreve a cobertura da garantia fornecida a ti como um&hellip;<\/p>\n","protected":false},"author":1,"featured_media":0,"parent":0,"menu_order":0,"comment_status":"closed","ping_status":"closed","template":"","meta":{"_monsterinsights_skip_tracking":false,"_monsterinsights_sitenote_active":false,"_monsterinsights_sitenote_note":"","_monsterinsights_sitenote_category":0,"footnotes":""},"class_list":["post-30234","page","type-page","status-publish","hentry"],"yoast_head":"<!-- This site is optimized with the Yoast SEO plugin v26.6 - https:\/\/yoast.com\/wordpress\/plugins\/seo\/ -->\n<title>Garantias - Life Wellness<\/title>\n<meta name=\"robots\" content=\"index, follow, max-snippet:-1, max-image-preview:large, max-video-preview:-1\" \/>\n<link rel=\"canonical\" href=\"https:\/\/life-wellness.eu\/pt-pt\/garantias\/\" \/>\n<meta property=\"og:locale\" content=\"pt_PT\" \/>\n<meta property=\"og:type\" content=\"article\" \/>\n<meta property=\"og:title\" content=\"Garantias - Life Wellness\" \/>\n<meta property=\"og:description\" content=\"Garantias A LifeWellness est\u00e1 empenhada na qualidade e fiabilidade dos nossos produtos de sa\u00fade e bem-estar. Esta Pol\u00edtica de Garantias descreve a cobertura da garantia fornecida a ti como um&hellip;\" \/>\n<meta property=\"og:url\" content=\"https:\/\/life-wellness.eu\/pt-pt\/garantias\/\" \/>\n<meta property=\"og:site_name\" content=\"Life Wellness\" \/>\n<meta property=\"article:publisher\" content=\"https:\/\/www.facebook.com\/grupofiltrarte\" \/>\n<meta property=\"article:modified_time\" content=\"2024-07-31T20:54:23+00:00\" \/>\n<meta property=\"og:image\" content=\"https:\/\/life-wellness.eu\/wp-content\/uploads\/2025\/01\/LifeWellness-1.png\" \/>\n\t<meta property=\"og:image:width\" content=\"1051\" \/>\n\t<meta property=\"og:image:height\" content=\"590\" \/>\n\t<meta property=\"og:image:type\" content=\"image\/png\" \/>\n<meta name=\"twitter:card\" content=\"summary_large_image\" \/>\n<meta name=\"twitter:label1\" content=\"Tempo estimado de leitura\" \/>\n\t<meta name=\"twitter:data1\" content=\"3 minutos\" \/>\n<script type=\"application\/ld+json\" class=\"yoast-schema-graph\">{\"@context\":\"https:\/\/schema.org\",\"@graph\":[{\"@type\":\"WebPage\",\"@id\":\"https:\/\/life-wellness.eu\/pt-pt\/garantias\/\",\"url\":\"https:\/\/life-wellness.eu\/pt-pt\/garantias\/\",\"name\":\"Garantias - Life Wellness\",\"isPartOf\":{\"@id\":\"https:\/\/life-wellness.eu\/pt-pt\/#website\"},\"datePublished\":\"2024-03-01T16:30:01+00:00\",\"dateModified\":\"2024-07-31T20:54:23+00:00\",\"breadcrumb\":{\"@id\":\"https:\/\/life-wellness.eu\/pt-pt\/garantias\/#breadcrumb\"},\"inLanguage\":\"pt-PT\",\"potentialAction\":[{\"@type\":\"ReadAction\",\"target\":[\"https:\/\/life-wellness.eu\/pt-pt\/garantias\/\"]}]},{\"@type\":\"BreadcrumbList\",\"@id\":\"https:\/\/life-wellness.eu\/pt-pt\/garantias\/#breadcrumb\",\"itemListElement\":[{\"@type\":\"ListItem\",\"position\":1,\"name\":\"Home\",\"item\":\"https:\/\/life-wellness.eu\/pt-pt\/\"},{\"@type\":\"ListItem\",\"position\":2,\"name\":\"Garantias\"}]},{\"@type\":\"WebSite\",\"@id\":\"https:\/\/life-wellness.eu\/pt-pt\/#website\",\"url\":\"https:\/\/life-wellness.eu\/pt-pt\/\",\"name\":\"Life Welness\",\"description\":\"Make your life wellness\",\"publisher\":{\"@id\":\"https:\/\/life-wellness.eu\/pt-pt\/#organization\"},\"potentialAction\":[{\"@type\":\"SearchAction\",\"target\":{\"@type\":\"EntryPoint\",\"urlTemplate\":\"https:\/\/life-wellness.eu\/pt-pt\/?s={search_term_string}\"},\"query-input\":{\"@type\":\"PropertyValueSpecification\",\"valueRequired\":true,\"valueName\":\"search_term_string\"}}],\"inLanguage\":\"pt-PT\"},{\"@type\":\"Organization\",\"@id\":\"https:\/\/life-wellness.eu\/pt-pt\/#organization\",\"name\":\"Lar Puro - Artigos de Utilidade Dome\u0301stica Lda\",\"url\":\"https:\/\/life-wellness.eu\/pt-pt\/\",\"logo\":{\"@type\":\"ImageObject\",\"inLanguage\":\"pt-PT\",\"@id\":\"https:\/\/life-wellness.eu\/pt-pt\/#\/schema\/logo\/image\/\",\"url\":\"https:\/\/life-wellness.eu\/wp-content\/uploads\/2024\/03\/logo-life-wellness.png\",\"contentUrl\":\"https:\/\/life-wellness.eu\/wp-content\/uploads\/2024\/03\/logo-life-wellness.png\",\"width\":639,\"height\":437,\"caption\":\"Lar Puro - Artigos de Utilidade Dome\u0301stica Lda\"},\"image\":{\"@id\":\"https:\/\/life-wellness.eu\/pt-pt\/#\/schema\/logo\/image\/\"},\"sameAs\":[\"https:\/\/www.facebook.com\/grupofiltrarte\",\"https:\/\/www.instagram.com\/grupofiltrarte\",\"https:\/\/www.linkedin.com\/company\/grupo-filtrarte\/\"]}]}<\/script>\n<!-- \/ Yoast SEO plugin. -->","yoast_head_json":{"title":"Garantias - Life Wellness","robots":{"index":"index","follow":"follow","max-snippet":"max-snippet:-1","max-image-preview":"max-image-preview:large","max-video-preview":"max-video-preview:-1"},"canonical":"https:\/\/life-wellness.eu\/pt-pt\/garantias\/","og_locale":"pt_PT","og_type":"article","og_title":"Garantias - Life Wellness","og_description":"Garantias A LifeWellness est\u00e1 empenhada na qualidade e fiabilidade dos nossos produtos de sa\u00fade e bem-estar. Esta Pol\u00edtica de Garantias descreve a cobertura da garantia fornecida a ti como um&hellip;","og_url":"https:\/\/life-wellness.eu\/pt-pt\/garantias\/","og_site_name":"Life Wellness","article_publisher":"https:\/\/www.facebook.com\/grupofiltrarte","article_modified_time":"2024-07-31T20:54:23+00:00","og_image":[{"width":1051,"height":590,"url":"https:\/\/life-wellness.eu\/wp-content\/uploads\/2025\/01\/LifeWellness-1.png","type":"image\/png"}],"twitter_card":"summary_large_image","twitter_misc":{"Tempo estimado de leitura":"3 minutos"},"schema":{"@context":"https:\/\/schema.org","@graph":[{"@type":"WebPage","@id":"https:\/\/life-wellness.eu\/pt-pt\/garantias\/","url":"https:\/\/life-wellness.eu\/pt-pt\/garantias\/","name":"Garantias - Life Wellness","isPartOf":{"@id":"https:\/\/life-wellness.eu\/pt-pt\/#website"},"datePublished":"2024-03-01T16:30:01+00:00","dateModified":"2024-07-31T20:54:23+00:00","breadcrumb":{"@id":"https:\/\/life-wellness.eu\/pt-pt\/garantias\/#breadcrumb"},"inLanguage":"pt-PT","potentialAction":[{"@type":"ReadAction","target":["https:\/\/life-wellness.eu\/pt-pt\/garantias\/"]}]},{"@type":"BreadcrumbList","@id":"https:\/\/life-wellness.eu\/pt-pt\/garantias\/#breadcrumb","itemListElement":[{"@type":"ListItem","position":1,"name":"Home","item":"https:\/\/life-wellness.eu\/pt-pt\/"},{"@type":"ListItem","position":2,"name":"Garantias"}]},{"@type":"WebSite","@id":"https:\/\/life-wellness.eu\/pt-pt\/#website","url":"https:\/\/life-wellness.eu\/pt-pt\/","name":"Life Welness","description":"Make your life wellness","publisher":{"@id":"https:\/\/life-wellness.eu\/pt-pt\/#organization"},"potentialAction":[{"@type":"SearchAction","target":{"@type":"EntryPoint","urlTemplate":"https:\/\/life-wellness.eu\/pt-pt\/?s={search_term_string}"},"query-input":{"@type":"PropertyValueSpecification","valueRequired":true,"valueName":"search_term_string"}}],"inLanguage":"pt-PT"},{"@type":"Organization","@id":"https:\/\/life-wellness.eu\/pt-pt\/#organization","name":"Lar Puro - Artigos de Utilidade Dome\u0301stica Lda","url":"https:\/\/life-wellness.eu\/pt-pt\/","logo":{"@type":"ImageObject","inLanguage":"pt-PT","@id":"https:\/\/life-wellness.eu\/pt-pt\/#\/schema\/logo\/image\/","url":"https:\/\/life-wellness.eu\/wp-content\/uploads\/2024\/03\/logo-life-wellness.png","contentUrl":"https:\/\/life-wellness.eu\/wp-content\/uploads\/2024\/03\/logo-life-wellness.png","width":639,"height":437,"caption":"Lar Puro - Artigos de Utilidade Dome\u0301stica Lda"},"image":{"@id":"https:\/\/life-wellness.eu\/pt-pt\/#\/schema\/logo\/image\/"},"sameAs":["https:\/\/www.facebook.com\/grupofiltrarte","https:\/\/www.instagram.com\/grupofiltrarte","https:\/\/www.linkedin.com\/company\/grupo-filtrarte\/"]}]}},"_links":{"self":[{"href":"https:\/\/life-wellness.eu\/pt-pt\/wp-json\/wp\/v2\/pages\/30234","targetHints":{"allow":["GET"]}}],"collection":[{"href":"https:\/\/life-wellness.eu\/pt-pt\/wp-json\/wp\/v2\/pages"}],"about":[{"href":"https:\/\/life-wellness.eu\/pt-pt\/wp-json\/wp\/v2\/types\/page"}],"author":[{"embeddable":true,"href":"https:\/\/life-wellness.eu\/pt-pt\/wp-json\/wp\/v2\/users\/1"}],"replies":[{"embeddable":true,"href":"https:\/\/life-wellness.eu\/pt-pt\/wp-json\/wp\/v2\/comments?post=30234"}],"version-history":[{"count":1,"href":"https:\/\/life-wellness.eu\/pt-pt\/wp-json\/wp\/v2\/pages\/30234\/revisions"}],"predecessor-version":[{"id":30235,"href":"https:\/\/life-wellness.eu\/pt-pt\/wp-json\/wp\/v2\/pages\/30234\/revisions\/30235"}],"wp:attachment":[{"href":"https:\/\/life-wellness.eu\/pt-pt\/wp-json\/wp\/v2\/media?parent=30234"}],"curies":[{"name":"wp","href":"https:\/\/api.w.org\/{rel}","templated":true}]}}