{"id":30130,"date":"2022-10-07T21:27:45","date_gmt":"2022-10-07T21:27:45","guid":{"rendered":"https:\/\/filtrarte.flywheelsites.com\/product\/zenith\/"},"modified":"2025-02-17T16:30:57","modified_gmt":"2025-02-17T16:30:57","slug":"zenith","status":"publish","type":"product","link":"https:\/\/life-wellness.eu\/pt-pt\/produto\/zenith\/","title":{"rendered":"Zenith"},"content":{"rendered":"<h3>Purificador de \u00e1gua hidrogenada de \u00faltima gera\u00e7\u00e3o<\/h3>\n<p>&nbsp;<\/p>\n<div class=\"elementor-element elementor-element-aa3c82b animation_type_block sc_fly_static elementor-widget elementor-widget-text-editor trx_addons_parallax_layers_inited trx_addons_parallax_blocks_inited animated air-supply-fadeinup\" data-id=\"aa3c82b\" data-element_type=\"widget\" data-settings=\"{\" data-widget_type=\"text-editor.default\">\n<div class=\"elementor-widget-container\">Uma fonte de \u00e1gua <strong>rica em hidrog\u00e9nio molecular<\/strong>, um poderoso antioxidante que combate o stress oxidativo, ajudando a <strong>prevenir e a reduzir<\/strong> o risco de <strong>doen\u00e7as cr\u00f3nicas<\/strong>.<\/div>\n<\/div>\n<p>&nbsp;<\/p>\n<div class=\"elementor-element elementor-element-aa3c82b animation_type_block sc_fly_static elementor-widget elementor-widget-text-editor trx_addons_parallax_layers_inited trx_addons_parallax_blocks_inited animated air-supply-fadeinup\" data-id=\"aa3c82b\" data-element_type=\"widget\" data-settings=\"{\" data-widget_type=\"text-editor.default\">\n<div class=\"elementor-widget-container\">\n<h6>Vantagens:<\/h6>\n<ul>\n<li>O hidrog\u00e9nio adicional na \u00e1gua \u00e9 <strong>ben\u00e9fico para os \u00f3rg\u00e3os, fun\u00e7\u00f5es vitais e cognitivas<\/strong> do nosso corpo.<\/li>\n<li><strong>A\u00e7\u00e3o preventiva e reparadora<\/strong> das c\u00e9lulas danificadas e refor\u00e7o do sistema imunit\u00e1rio.<\/li>\n<li><strong>Elimina at\u00e9 99% das impurezas e contaminantes<\/strong> da \u00e1gua.<\/li>\n<\/ul>\n<\/div>\n<\/div>\n","protected":false},"excerpt":{"rendered":"<p>Transforma a tua experi\u00eancia de beber com Zenith, onde o hidrog\u00e9nio molecular enriquece cada gole com antioxidantes para melhorar a sa\u00fade e a vitalidade.<\/p>\n","protected":false},"featured_media":30131,"template":"","meta":{"_monsterinsights_skip_tracking":false,"_monsterinsights_sitenote_active":false,"_monsterinsights_sitenote_note":"","_monsterinsights_sitenote_category":0},"product_brand":[],"product_cat":[263],"product_tag":[265,266],"class_list":{"0":"post-30130","1":"product","2":"type-product","3":"status-publish","4":"has-post-thumbnail","6":"product_cat-agua","7":"product_tag-agua","8":"product_tag-filtro","10":"first","11":"instock","12":"taxable","13":"shipping-taxable","14":"product-type-simple"},"yoast_head":"<!-- This site is optimized with the Yoast SEO plugin v26.6 - https:\/\/yoast.com\/wordpress\/plugins\/seo\/ -->\n<title>Zenith - Life Wellness<\/title>\n<meta name=\"robots\" content=\"index, follow, max-snippet:-1, max-image-preview:large, max-video-preview:-1\" \/>\n<link rel=\"canonical\" href=\"https:\/\/life-wellness.eu\/pt-pt\/produto\/zenith\/\" \/>\n<meta property=\"og:locale\" content=\"pt_PT\" \/>\n<meta property=\"og:type\" content=\"article\" \/>\n<meta property=\"og:title\" content=\"Zenith - Life Wellness\" \/>\n<meta property=\"og:description\" content=\"Transforma a tua experi\u00eancia de beber com Zenith, onde o hidrog\u00e9nio molecular enriquece cada gole com antioxidantes para melhorar a sa\u00fade e a vitalidade.\" \/>\n<meta property=\"og:url\" content=\"https:\/\/life-wellness.eu\/pt-pt\/produto\/zenith\/\" \/>\n<meta property=\"og:site_name\" content=\"Life Wellness\" \/>\n<meta property=\"article:publisher\" content=\"https:\/\/www.facebook.com\/grupofiltrarte\" \/>\n<meta property=\"article:modified_time\" content=\"2025-02-17T16:30:57+00:00\" \/>\n<meta property=\"og:image\" content=\"https:\/\/life-wellness.eu\/wp-content\/uploads\/2022\/10\/zenith-1.jpg\" \/>\n\t<meta property=\"og:image:width\" content=\"1300\" \/>\n\t<meta property=\"og:image:height\" content=\"1300\" \/>\n\t<meta property=\"og:image:type\" content=\"image\/jpeg\" \/>\n<meta name=\"twitter:card\" content=\"summary_large_image\" \/>\n<meta name=\"twitter:label1\" content=\"Tempo estimado de leitura\" \/>\n\t<meta name=\"twitter:data1\" content=\"1 minuto\" \/>\n<script type=\"application\/ld+json\" class=\"yoast-schema-graph\">{\"@context\":\"https:\/\/schema.org\",\"@graph\":[{\"@type\":\"WebPage\",\"@id\":\"https:\/\/life-wellness.eu\/pt-pt\/produto\/zenith\/\",\"url\":\"https:\/\/life-wellness.eu\/pt-pt\/produto\/zenith\/\",\"name\":\"Zenith - Life Wellness\",\"isPartOf\":{\"@id\":\"https:\/\/life-wellness.eu\/pt-pt\/#website\"},\"primaryImageOfPage\":{\"@id\":\"https:\/\/life-wellness.eu\/pt-pt\/produto\/zenith\/#primaryimage\"},\"image\":{\"@id\":\"https:\/\/life-wellness.eu\/pt-pt\/produto\/zenith\/#primaryimage\"},\"thumbnailUrl\":\"https:\/\/life-wellness.eu\/wp-content\/uploads\/2022\/10\/zenith-1.jpg\",\"datePublished\":\"2022-10-07T21:27:45+00:00\",\"dateModified\":\"2025-02-17T16:30:57+00:00\",\"breadcrumb\":{\"@id\":\"https:\/\/life-wellness.eu\/pt-pt\/produto\/zenith\/#breadcrumb\"},\"inLanguage\":\"pt-PT\",\"potentialAction\":[{\"@type\":\"ReadAction\",\"target\":[\"https:\/\/life-wellness.eu\/pt-pt\/produto\/zenith\/\"]}]},{\"@type\":\"ImageObject\",\"inLanguage\":\"pt-PT\",\"@id\":\"https:\/\/life-wellness.eu\/pt-pt\/produto\/zenith\/#primaryimage\",\"url\":\"https:\/\/life-wellness.eu\/wp-content\/uploads\/2022\/10\/zenith-1.jpg\",\"contentUrl\":\"https:\/\/life-wellness.eu\/wp-content\/uploads\/2022\/10\/zenith-1.jpg\",\"width\":1300,\"height\":1300},{\"@type\":\"BreadcrumbList\",\"@id\":\"https:\/\/life-wellness.eu\/pt-pt\/produto\/zenith\/#breadcrumb\",\"itemListElement\":[{\"@type\":\"ListItem\",\"position\":1,\"name\":\"Home\",\"item\":\"https:\/\/life-wellness.eu\/pt-pt\/\"},{\"@type\":\"ListItem\",\"position\":2,\"name\":\"Loja\",\"item\":\"https:\/\/life-wellness.eu\/pt-pt\/shop\/\"},{\"@type\":\"ListItem\",\"position\":3,\"name\":\"Zenith\"}]},{\"@type\":\"WebSite\",\"@id\":\"https:\/\/life-wellness.eu\/pt-pt\/#website\",\"url\":\"https:\/\/life-wellness.eu\/pt-pt\/\",\"name\":\"Life Welness\",\"description\":\"Make your life wellness\",\"publisher\":{\"@id\":\"https:\/\/life-wellness.eu\/pt-pt\/#organization\"},\"potentialAction\":[{\"@type\":\"SearchAction\",\"target\":{\"@type\":\"EntryPoint\",\"urlTemplate\":\"https:\/\/life-wellness.eu\/pt-pt\/?s={search_term_string}\"},\"query-input\":{\"@type\":\"PropertyValueSpecification\",\"valueRequired\":true,\"valueName\":\"search_term_string\"}}],\"inLanguage\":\"pt-PT\"},{\"@type\":\"Organization\",\"@id\":\"https:\/\/life-wellness.eu\/pt-pt\/#organization\",\"name\":\"Lar Puro - Artigos de Utilidade Dome\u0301stica Lda\",\"url\":\"https:\/\/life-wellness.eu\/pt-pt\/\",\"logo\":{\"@type\":\"ImageObject\",\"inLanguage\":\"pt-PT\",\"@id\":\"https:\/\/life-wellness.eu\/pt-pt\/#\/schema\/logo\/image\/\",\"url\":\"https:\/\/life-wellness.eu\/wp-content\/uploads\/2024\/03\/logo-life-wellness.png\",\"contentUrl\":\"https:\/\/life-wellness.eu\/wp-content\/uploads\/2024\/03\/logo-life-wellness.png\",\"width\":639,\"height\":437,\"caption\":\"Lar Puro - Artigos de Utilidade Dome\u0301stica Lda\"},\"image\":{\"@id\":\"https:\/\/life-wellness.eu\/pt-pt\/#\/schema\/logo\/image\/\"},\"sameAs\":[\"https:\/\/www.facebook.com\/grupofiltrarte\",\"https:\/\/www.instagram.com\/grupofiltrarte\",\"https:\/\/www.linkedin.com\/company\/grupo-filtrarte\/\"]}]}<\/script>\n<!-- \/ Yoast SEO plugin. -->","yoast_head_json":{"title":"Zenith - Life Wellness","robots":{"index":"index","follow":"follow","max-snippet":"max-snippet:-1","max-image-preview":"max-image-preview:large","max-video-preview":"max-video-preview:-1"},"canonical":"https:\/\/life-wellness.eu\/pt-pt\/produto\/zenith\/","og_locale":"pt_PT","og_type":"article","og_title":"Zenith - Life Wellness","og_description":"Transforma a tua experi\u00eancia de beber com Zenith, onde o hidrog\u00e9nio molecular enriquece cada gole com antioxidantes para melhorar a sa\u00fade e a vitalidade.","og_url":"https:\/\/life-wellness.eu\/pt-pt\/produto\/zenith\/","og_site_name":"Life Wellness","article_publisher":"https:\/\/www.facebook.com\/grupofiltrarte","article_modified_time":"2025-02-17T16:30:57+00:00","og_image":[{"width":1300,"height":1300,"url":"https:\/\/life-wellness.eu\/wp-content\/uploads\/2022\/10\/zenith-1.jpg","type":"image\/jpeg"}],"twitter_card":"summary_large_image","twitter_misc":{"Tempo estimado de leitura":"1 minuto"},"schema":{"@context":"https:\/\/schema.org","@graph":[{"@type":"WebPage","@id":"https:\/\/life-wellness.eu\/pt-pt\/produto\/zenith\/","url":"https:\/\/life-wellness.eu\/pt-pt\/produto\/zenith\/","name":"Zenith - Life Wellness","isPartOf":{"@id":"https:\/\/life-wellness.eu\/pt-pt\/#website"},"primaryImageOfPage":{"@id":"https:\/\/life-wellness.eu\/pt-pt\/produto\/zenith\/#primaryimage"},"image":{"@id":"https:\/\/life-wellness.eu\/pt-pt\/produto\/zenith\/#primaryimage"},"thumbnailUrl":"https:\/\/life-wellness.eu\/wp-content\/uploads\/2022\/10\/zenith-1.jpg","datePublished":"2022-10-07T21:27:45+00:00","dateModified":"2025-02-17T16:30:57+00:00","breadcrumb":{"@id":"https:\/\/life-wellness.eu\/pt-pt\/produto\/zenith\/#breadcrumb"},"inLanguage":"pt-PT","potentialAction":[{"@type":"ReadAction","target":["https:\/\/life-wellness.eu\/pt-pt\/produto\/zenith\/"]}]},{"@type":"ImageObject","inLanguage":"pt-PT","@id":"https:\/\/life-wellness.eu\/pt-pt\/produto\/zenith\/#primaryimage","url":"https:\/\/life-wellness.eu\/wp-content\/uploads\/2022\/10\/zenith-1.jpg","contentUrl":"https:\/\/life-wellness.eu\/wp-content\/uploads\/2022\/10\/zenith-1.jpg","width":1300,"height":1300},{"@type":"BreadcrumbList","@id":"https:\/\/life-wellness.eu\/pt-pt\/produto\/zenith\/#breadcrumb","itemListElement":[{"@type":"ListItem","position":1,"name":"Home","item":"https:\/\/life-wellness.eu\/pt-pt\/"},{"@type":"ListItem","position":2,"name":"Loja","item":"https:\/\/life-wellness.eu\/pt-pt\/shop\/"},{"@type":"ListItem","position":3,"name":"Zenith"}]},{"@type":"WebSite","@id":"https:\/\/life-wellness.eu\/pt-pt\/#website","url":"https:\/\/life-wellness.eu\/pt-pt\/","name":"Life Welness","description":"Make your life wellness","publisher":{"@id":"https:\/\/life-wellness.eu\/pt-pt\/#organization"},"potentialAction":[{"@type":"SearchAction","target":{"@type":"EntryPoint","urlTemplate":"https:\/\/life-wellness.eu\/pt-pt\/?s={search_term_string}"},"query-input":{"@type":"PropertyValueSpecification","valueRequired":true,"valueName":"search_term_string"}}],"inLanguage":"pt-PT"},{"@type":"Organization","@id":"https:\/\/life-wellness.eu\/pt-pt\/#organization","name":"Lar Puro - Artigos de Utilidade Dome\u0301stica Lda","url":"https:\/\/life-wellness.eu\/pt-pt\/","logo":{"@type":"ImageObject","inLanguage":"pt-PT","@id":"https:\/\/life-wellness.eu\/pt-pt\/#\/schema\/logo\/image\/","url":"https:\/\/life-wellness.eu\/wp-content\/uploads\/2024\/03\/logo-life-wellness.png","contentUrl":"https:\/\/life-wellness.eu\/wp-content\/uploads\/2024\/03\/logo-life-wellness.png","width":639,"height":437,"caption":"Lar Puro - Artigos de Utilidade Dome\u0301stica Lda"},"image":{"@id":"https:\/\/life-wellness.eu\/pt-pt\/#\/schema\/logo\/image\/"},"sameAs":["https:\/\/www.facebook.com\/grupofiltrarte","https:\/\/www.instagram.com\/grupofiltrarte","https:\/\/www.linkedin.com\/company\/grupo-filtrarte\/"]}]}},"_links":{"self":[{"href":"https:\/\/life-wellness.eu\/pt-pt\/wp-json\/wp\/v2\/product\/30130","targetHints":{"allow":["GET"]}}],"collection":[{"href":"https:\/\/life-wellness.eu\/pt-pt\/wp-json\/wp\/v2\/product"}],"about":[{"href":"https:\/\/life-wellness.eu\/pt-pt\/wp-json\/wp\/v2\/types\/product"}],"wp:featuredmedia":[{"embeddable":true,"href":"https:\/\/life-wellness.eu\/pt-pt\/wp-json\/wp\/v2\/media\/30131"}],"wp:attachment":[{"href":"https:\/\/life-wellness.eu\/pt-pt\/wp-json\/wp\/v2\/media?parent=30130"}],"wp:term":[{"taxonomy":"product_brand","embeddable":true,"href":"https:\/\/life-wellness.eu\/pt-pt\/wp-json\/wp\/v2\/product_brand?post=30130"},{"taxonomy":"product_cat","embeddable":true,"href":"https:\/\/life-wellness.eu\/pt-pt\/wp-json\/wp\/v2\/product_cat?post=30130"},{"taxonomy":"product_tag","embeddable":true,"href":"https:\/\/life-wellness.eu\/pt-pt\/wp-json\/wp\/v2\/product_tag?post=30130"}],"curies":[{"name":"wp","href":"https:\/\/api.w.org\/{rel}","templated":true}]}}