{"id":30154,"date":"2024-05-03T14:21:08","date_gmt":"2024-05-03T14:21:08","guid":{"rendered":"https:\/\/filtrarte.flywheelsites.com\/product\/bioshower\/"},"modified":"2025-02-17T16:29:38","modified_gmt":"2025-02-17T16:29:38","slug":"bioshower","status":"publish","type":"product","link":"https:\/\/life-wellness.eu\/pt-pt\/produto\/bioshower\/","title":{"rendered":"BioShower"},"content":{"rendered":"<h3>Melhora a tua rotina de duche<\/h3>\n<div class=\"elementor-element elementor-element-aa3c82b animation_type_block sc_fly_static elementor-widget elementor-widget-text-editor trx_addons_parallax_layers_inited trx_addons_parallax_blocks_inited animated air-supply-fadeinup\" data-id=\"aa3c82b\" data-element_type=\"widget\" data-settings=\"{\" data-widget_type=\"text-editor.default\">\n<div class=\"elementor-widget-container\">O Bioshower n\u00e3o \u00e9 apenas um duche, \u00e9 um ritual de purifica\u00e7\u00e3o e fortalecimento do corpo e do cabelo. Com esferas minerais e um sistema de filtragem de tr\u00eas fases, este chuveiro proporciona uma experi\u00eancia de banho luxuosa que n\u00e3o s\u00f3 rejuvenesce a tua pele como tamb\u00e9m melhora a sa\u00fade do teu cabelo. Mergulha na sensa\u00e7\u00e3o da \u00e1gua purificada e revitaliza-te a cada duche.<\/div>\n<div><\/div>\n<div><\/div>\n<\/div>\n<div class=\"elementor-element elementor-element-aa3c82b animation_type_block sc_fly_static elementor-widget elementor-widget-text-editor trx_addons_parallax_layers_inited trx_addons_parallax_blocks_inited animated air-supply-fadeinup\" data-id=\"aa3c82b\" data-element_type=\"widget\" data-settings=\"{\" data-widget_type=\"text-editor.default\">\n<div class=\"elementor-widget-container\">\n<h6>Vantagens:<\/h6>\n<ul>\n<li>At\u00e9 50% de redu\u00e7\u00e3o no consumo de \u00e1gua<\/li>\n<li>Aumenta a press\u00e3o da \u00e1gua at\u00e9 200%<\/li>\n<li>Elimina mais de 30 subst\u00e2ncias nocivas para o cabelo<\/li>\n<li>Instala\u00e7\u00e3o f\u00e1cil e r\u00e1pida<\/li>\n<li>Tr\u00eas modos de jato para uma experi\u00eancia de duche personalizada<\/li>\n<li>Cabelo mais forte, mais brilhante e mais macio desde o primeiro duche<\/li>\n<li>Ideal para cabelos quimicamente tratados, removendo res\u00edduos e metais pesados<\/li>\n<li>Benef\u00edcios dermatol\u00f3gicos, proporcionando uma pele mais suave e saud\u00e1vel<\/li>\n<\/ul>\n<\/div>\n<\/div>\n","protected":false},"excerpt":{"rendered":"<p>Experimenta um duche revitalizante e purificante com o Bioshower, o sistema de filtragem de \u00e1gua que combina tecnologia avan\u00e7ada com benef\u00edcios para a sa\u00fade do cabelo e da pele. Com tr\u00eas fases de filtragem e tr\u00eas modos de fluxo de \u00e1gua, o Bioshower oferece uma experi\u00eancia de duche personalizada, proporcionando mais press\u00e3o e poupan\u00e7a de \u00e1gua.<\/p>\n","protected":false},"featured_media":30159,"template":"","meta":{"_monsterinsights_skip_tracking":false,"_monsterinsights_sitenote_active":false,"_monsterinsights_sitenote_note":"","_monsterinsights_sitenote_category":0},"product_brand":[],"product_cat":[263],"product_tag":[265,267,266],"class_list":{"0":"post-30154","1":"product","2":"type-product","3":"status-publish","4":"has-post-thumbnail","6":"product_cat-agua","7":"product_tag-agua","8":"product_tag-duche","9":"product_tag-filtro","11":"first","12":"instock","13":"taxable","14":"shipping-taxable","15":"product-type-simple"},"yoast_head":"<!-- This site is optimized with the Yoast SEO plugin v26.6 - https:\/\/yoast.com\/wordpress\/plugins\/seo\/ -->\n<title>BioShower - Life Wellness<\/title>\n<meta name=\"robots\" content=\"index, follow, max-snippet:-1, max-image-preview:large, max-video-preview:-1\" \/>\n<link rel=\"canonical\" href=\"https:\/\/life-wellness.eu\/pt-pt\/produto\/bioshower\/\" \/>\n<meta property=\"og:locale\" content=\"pt_PT\" \/>\n<meta property=\"og:type\" content=\"article\" \/>\n<meta property=\"og:title\" content=\"BioShower - Life Wellness\" \/>\n<meta property=\"og:description\" content=\"Experimenta um duche revitalizante e purificante com o Bioshower, o sistema de filtragem de \u00e1gua que combina tecnologia avan\u00e7ada com benef\u00edcios para a sa\u00fade do cabelo e da pele. Com tr\u00eas fases de filtragem e tr\u00eas modos de fluxo de \u00e1gua, o Bioshower oferece uma experi\u00eancia de duche personalizada, proporcionando mais press\u00e3o e poupan\u00e7a de \u00e1gua.\" \/>\n<meta property=\"og:url\" content=\"https:\/\/life-wellness.eu\/pt-pt\/produto\/bioshower\/\" \/>\n<meta property=\"og:site_name\" content=\"Life Wellness\" \/>\n<meta property=\"article:publisher\" content=\"https:\/\/www.facebook.com\/grupofiltrarte\" \/>\n<meta property=\"article:modified_time\" content=\"2025-02-17T16:29:38+00:00\" \/>\n<meta property=\"og:image\" content=\"https:\/\/life-wellness.eu\/wp-content\/uploads\/2024\/05\/bioshower-1.jpg\" \/>\n\t<meta property=\"og:image:width\" content=\"1320\" \/>\n\t<meta property=\"og:image:height\" content=\"1320\" \/>\n\t<meta property=\"og:image:type\" content=\"image\/jpeg\" \/>\n<meta name=\"twitter:card\" content=\"summary_large_image\" \/>\n<meta name=\"twitter:label1\" content=\"Tempo estimado de leitura\" \/>\n\t<meta name=\"twitter:data1\" content=\"1 minuto\" \/>\n<script type=\"application\/ld+json\" class=\"yoast-schema-graph\">{\"@context\":\"https:\/\/schema.org\",\"@graph\":[{\"@type\":\"WebPage\",\"@id\":\"https:\/\/life-wellness.eu\/pt-pt\/produto\/bioshower\/\",\"url\":\"https:\/\/life-wellness.eu\/pt-pt\/produto\/bioshower\/\",\"name\":\"BioShower - Life Wellness\",\"isPartOf\":{\"@id\":\"https:\/\/life-wellness.eu\/pt-pt\/#website\"},\"primaryImageOfPage\":{\"@id\":\"https:\/\/life-wellness.eu\/pt-pt\/produto\/bioshower\/#primaryimage\"},\"image\":{\"@id\":\"https:\/\/life-wellness.eu\/pt-pt\/produto\/bioshower\/#primaryimage\"},\"thumbnailUrl\":\"https:\/\/life-wellness.eu\/wp-content\/uploads\/2024\/05\/bioshower-1.jpg\",\"datePublished\":\"2024-05-03T14:21:08+00:00\",\"dateModified\":\"2025-02-17T16:29:38+00:00\",\"breadcrumb\":{\"@id\":\"https:\/\/life-wellness.eu\/pt-pt\/produto\/bioshower\/#breadcrumb\"},\"inLanguage\":\"pt-PT\",\"potentialAction\":[{\"@type\":\"ReadAction\",\"target\":[\"https:\/\/life-wellness.eu\/pt-pt\/produto\/bioshower\/\"]}]},{\"@type\":\"ImageObject\",\"inLanguage\":\"pt-PT\",\"@id\":\"https:\/\/life-wellness.eu\/pt-pt\/produto\/bioshower\/#primaryimage\",\"url\":\"https:\/\/life-wellness.eu\/wp-content\/uploads\/2024\/05\/bioshower-1.jpg\",\"contentUrl\":\"https:\/\/life-wellness.eu\/wp-content\/uploads\/2024\/05\/bioshower-1.jpg\",\"width\":1320,\"height\":1320},{\"@type\":\"BreadcrumbList\",\"@id\":\"https:\/\/life-wellness.eu\/pt-pt\/produto\/bioshower\/#breadcrumb\",\"itemListElement\":[{\"@type\":\"ListItem\",\"position\":1,\"name\":\"Home\",\"item\":\"https:\/\/life-wellness.eu\/pt-pt\/\"},{\"@type\":\"ListItem\",\"position\":2,\"name\":\"Loja\",\"item\":\"https:\/\/life-wellness.eu\/pt-pt\/shop\/\"},{\"@type\":\"ListItem\",\"position\":3,\"name\":\"BioShower\"}]},{\"@type\":\"WebSite\",\"@id\":\"https:\/\/life-wellness.eu\/pt-pt\/#website\",\"url\":\"https:\/\/life-wellness.eu\/pt-pt\/\",\"name\":\"Life Welness\",\"description\":\"Make your life wellness\",\"publisher\":{\"@id\":\"https:\/\/life-wellness.eu\/pt-pt\/#organization\"},\"potentialAction\":[{\"@type\":\"SearchAction\",\"target\":{\"@type\":\"EntryPoint\",\"urlTemplate\":\"https:\/\/life-wellness.eu\/pt-pt\/?s={search_term_string}\"},\"query-input\":{\"@type\":\"PropertyValueSpecification\",\"valueRequired\":true,\"valueName\":\"search_term_string\"}}],\"inLanguage\":\"pt-PT\"},{\"@type\":\"Organization\",\"@id\":\"https:\/\/life-wellness.eu\/pt-pt\/#organization\",\"name\":\"Lar Puro - Artigos de Utilidade Dome\u0301stica Lda\",\"url\":\"https:\/\/life-wellness.eu\/pt-pt\/\",\"logo\":{\"@type\":\"ImageObject\",\"inLanguage\":\"pt-PT\",\"@id\":\"https:\/\/life-wellness.eu\/pt-pt\/#\/schema\/logo\/image\/\",\"url\":\"https:\/\/life-wellness.eu\/wp-content\/uploads\/2024\/03\/logo-life-wellness.png\",\"contentUrl\":\"https:\/\/life-wellness.eu\/wp-content\/uploads\/2024\/03\/logo-life-wellness.png\",\"width\":639,\"height\":437,\"caption\":\"Lar Puro - Artigos de Utilidade Dome\u0301stica Lda\"},\"image\":{\"@id\":\"https:\/\/life-wellness.eu\/pt-pt\/#\/schema\/logo\/image\/\"},\"sameAs\":[\"https:\/\/www.facebook.com\/grupofiltrarte\",\"https:\/\/www.instagram.com\/grupofiltrarte\",\"https:\/\/www.linkedin.com\/company\/grupo-filtrarte\/\"]}]}<\/script>\n<!-- \/ Yoast SEO plugin. -->","yoast_head_json":{"title":"BioShower - Life Wellness","robots":{"index":"index","follow":"follow","max-snippet":"max-snippet:-1","max-image-preview":"max-image-preview:large","max-video-preview":"max-video-preview:-1"},"canonical":"https:\/\/life-wellness.eu\/pt-pt\/produto\/bioshower\/","og_locale":"pt_PT","og_type":"article","og_title":"BioShower - Life Wellness","og_description":"Experimenta um duche revitalizante e purificante com o Bioshower, o sistema de filtragem de \u00e1gua que combina tecnologia avan\u00e7ada com benef\u00edcios para a sa\u00fade do cabelo e da pele. Com tr\u00eas fases de filtragem e tr\u00eas modos de fluxo de \u00e1gua, o Bioshower oferece uma experi\u00eancia de duche personalizada, proporcionando mais press\u00e3o e poupan\u00e7a de \u00e1gua.","og_url":"https:\/\/life-wellness.eu\/pt-pt\/produto\/bioshower\/","og_site_name":"Life Wellness","article_publisher":"https:\/\/www.facebook.com\/grupofiltrarte","article_modified_time":"2025-02-17T16:29:38+00:00","og_image":[{"width":1320,"height":1320,"url":"https:\/\/life-wellness.eu\/wp-content\/uploads\/2024\/05\/bioshower-1.jpg","type":"image\/jpeg"}],"twitter_card":"summary_large_image","twitter_misc":{"Tempo estimado de leitura":"1 minuto"},"schema":{"@context":"https:\/\/schema.org","@graph":[{"@type":"WebPage","@id":"https:\/\/life-wellness.eu\/pt-pt\/produto\/bioshower\/","url":"https:\/\/life-wellness.eu\/pt-pt\/produto\/bioshower\/","name":"BioShower - Life Wellness","isPartOf":{"@id":"https:\/\/life-wellness.eu\/pt-pt\/#website"},"primaryImageOfPage":{"@id":"https:\/\/life-wellness.eu\/pt-pt\/produto\/bioshower\/#primaryimage"},"image":{"@id":"https:\/\/life-wellness.eu\/pt-pt\/produto\/bioshower\/#primaryimage"},"thumbnailUrl":"https:\/\/life-wellness.eu\/wp-content\/uploads\/2024\/05\/bioshower-1.jpg","datePublished":"2024-05-03T14:21:08+00:00","dateModified":"2025-02-17T16:29:38+00:00","breadcrumb":{"@id":"https:\/\/life-wellness.eu\/pt-pt\/produto\/bioshower\/#breadcrumb"},"inLanguage":"pt-PT","potentialAction":[{"@type":"ReadAction","target":["https:\/\/life-wellness.eu\/pt-pt\/produto\/bioshower\/"]}]},{"@type":"ImageObject","inLanguage":"pt-PT","@id":"https:\/\/life-wellness.eu\/pt-pt\/produto\/bioshower\/#primaryimage","url":"https:\/\/life-wellness.eu\/wp-content\/uploads\/2024\/05\/bioshower-1.jpg","contentUrl":"https:\/\/life-wellness.eu\/wp-content\/uploads\/2024\/05\/bioshower-1.jpg","width":1320,"height":1320},{"@type":"BreadcrumbList","@id":"https:\/\/life-wellness.eu\/pt-pt\/produto\/bioshower\/#breadcrumb","itemListElement":[{"@type":"ListItem","position":1,"name":"Home","item":"https:\/\/life-wellness.eu\/pt-pt\/"},{"@type":"ListItem","position":2,"name":"Loja","item":"https:\/\/life-wellness.eu\/pt-pt\/shop\/"},{"@type":"ListItem","position":3,"name":"BioShower"}]},{"@type":"WebSite","@id":"https:\/\/life-wellness.eu\/pt-pt\/#website","url":"https:\/\/life-wellness.eu\/pt-pt\/","name":"Life Welness","description":"Make your life wellness","publisher":{"@id":"https:\/\/life-wellness.eu\/pt-pt\/#organization"},"potentialAction":[{"@type":"SearchAction","target":{"@type":"EntryPoint","urlTemplate":"https:\/\/life-wellness.eu\/pt-pt\/?s={search_term_string}"},"query-input":{"@type":"PropertyValueSpecification","valueRequired":true,"valueName":"search_term_string"}}],"inLanguage":"pt-PT"},{"@type":"Organization","@id":"https:\/\/life-wellness.eu\/pt-pt\/#organization","name":"Lar Puro - Artigos de Utilidade Dome\u0301stica Lda","url":"https:\/\/life-wellness.eu\/pt-pt\/","logo":{"@type":"ImageObject","inLanguage":"pt-PT","@id":"https:\/\/life-wellness.eu\/pt-pt\/#\/schema\/logo\/image\/","url":"https:\/\/life-wellness.eu\/wp-content\/uploads\/2024\/03\/logo-life-wellness.png","contentUrl":"https:\/\/life-wellness.eu\/wp-content\/uploads\/2024\/03\/logo-life-wellness.png","width":639,"height":437,"caption":"Lar Puro - Artigos de Utilidade Dome\u0301stica Lda"},"image":{"@id":"https:\/\/life-wellness.eu\/pt-pt\/#\/schema\/logo\/image\/"},"sameAs":["https:\/\/www.facebook.com\/grupofiltrarte","https:\/\/www.instagram.com\/grupofiltrarte","https:\/\/www.linkedin.com\/company\/grupo-filtrarte\/"]}]}},"_links":{"self":[{"href":"https:\/\/life-wellness.eu\/pt-pt\/wp-json\/wp\/v2\/product\/30154","targetHints":{"allow":["GET"]}}],"collection":[{"href":"https:\/\/life-wellness.eu\/pt-pt\/wp-json\/wp\/v2\/product"}],"about":[{"href":"https:\/\/life-wellness.eu\/pt-pt\/wp-json\/wp\/v2\/types\/product"}],"wp:featuredmedia":[{"embeddable":true,"href":"https:\/\/life-wellness.eu\/pt-pt\/wp-json\/wp\/v2\/media\/30159"}],"wp:attachment":[{"href":"https:\/\/life-wellness.eu\/pt-pt\/wp-json\/wp\/v2\/media?parent=30154"}],"wp:term":[{"taxonomy":"product_brand","embeddable":true,"href":"https:\/\/life-wellness.eu\/pt-pt\/wp-json\/wp\/v2\/product_brand?post=30154"},{"taxonomy":"product_cat","embeddable":true,"href":"https:\/\/life-wellness.eu\/pt-pt\/wp-json\/wp\/v2\/product_cat?post=30154"},{"taxonomy":"product_tag","embeddable":true,"href":"https:\/\/life-wellness.eu\/pt-pt\/wp-json\/wp\/v2\/product_tag?post=30154"}],"curies":[{"name":"wp","href":"https:\/\/api.w.org\/{rel}","templated":true}]}}