{"id":30155,"date":"2024-03-27T22:33:40","date_gmt":"2024-03-27T22:33:40","guid":{"rendered":"https:\/\/filtrarte.flywheelsites.com\/product\/vitaminas\/"},"modified":"2025-03-29T12:35:07","modified_gmt":"2025-03-29T12:35:07","slug":"vitaminas","status":"publish","type":"product","link":"https:\/\/life-wellness.eu\/pt-pt\/produto\/vitaminas\/","title":{"rendered":"Vitaminas"},"content":{"rendered":"<h3>O poder de filtragem de quatro camadas<\/h3>\n<p>&nbsp;<\/p>\n<div class=\"elementor-element elementor-element-aa3c82b animation_type_block sc_fly_static elementor-widget elementor-widget-text-editor trx_addons_parallax_layers_inited trx_addons_parallax_blocks_inited animated air-supply-fadeinup\" data-id=\"aa3c82b\" data-element_type=\"widget\" data-settings=\"{\" data-widget_type=\"text-editor.default\">\n<div class=\"elementor-widget-container\">Um filtro de duche com 4 <strong>camadas protectoras<\/strong> para um banho protegido de <strong>subst\u00e2ncias nocivas para a tua sa\u00fade<\/strong>.<\/div>\n<\/div>\n<div class=\"elementor-element elementor-element-aa3c82b animation_type_block sc_fly_static elementor-widget elementor-widget-text-editor trx_addons_parallax_layers_inited trx_addons_parallax_blocks_inited animated air-supply-fadeinup\" data-id=\"aa3c82b\" data-element_type=\"widget\" data-settings=\"{\" data-widget_type=\"text-editor.default\">\n<div class=\"elementor-widget-container\">\n<h6>Vantagens:<\/h6>\n<ul>\n<li><strong>Reduz <\/strong>a concentra\u00e7\u00e3o de<strong> cloro<\/strong>, intensificada pelo aquecimento da \u00e1gua.<\/li>\n<li><strong>Previne<\/strong> doen\u00e7as associadas \u00e0 exposi\u00e7\u00e3o ao cloro, como <strong>bronquite<\/strong>, <strong>asma, eczema<\/strong> e outras <strong>irrita\u00e7\u00f5es da pele<\/strong>.<\/li>\n<li><strong>Evita a absor\u00e7\u00e3o de subst\u00e2ncias nocivas<\/strong> pela pele e por \u00f3rg\u00e3os vitais como os pulm\u00f5es, os rins e o f\u00edgado.<\/li>\n<li><strong>Protege, hidrata e nutre<\/strong> a tua pele e o teu cabelo.<\/li>\n<li>Efeito de aromaterapia.<\/li>\n<\/ul>\n<\/div>\n<\/div>\n","protected":false},"excerpt":{"rendered":"<p>Concebido para te proteger das subst\u00e2ncias nocivas presentes na \u00e1gua do duche, refor\u00e7ando ainda mais a hidrata\u00e7\u00e3o para uma pele mais saud\u00e1vel.<\/p>\n","protected":false},"featured_media":30160,"template":"","meta":{"_monsterinsights_skip_tracking":false,"_monsterinsights_sitenote_active":false,"_monsterinsights_sitenote_note":"","_monsterinsights_sitenote_category":0},"product_brand":[],"product_cat":[263],"product_tag":[265,267,266],"class_list":{"0":"post-30155","1":"product","2":"type-product","3":"status-publish","4":"has-post-thumbnail","6":"product_cat-agua","7":"product_tag-agua","8":"product_tag-duche","9":"product_tag-filtro","11":"first","12":"instock","13":"taxable","14":"shipping-taxable","15":"product-type-variable"},"yoast_head":"<!-- This site is optimized with the Yoast SEO plugin v26.6 - https:\/\/yoast.com\/wordpress\/plugins\/seo\/ -->\n<title>Vitaminas - Life Wellness<\/title>\n<meta name=\"robots\" content=\"index, follow, max-snippet:-1, max-image-preview:large, max-video-preview:-1\" \/>\n<link rel=\"canonical\" href=\"https:\/\/life-wellness.eu\/pt-pt\/produto\/vitaminas\/\" \/>\n<meta property=\"og:locale\" content=\"pt_PT\" \/>\n<meta property=\"og:type\" content=\"article\" \/>\n<meta property=\"og:title\" content=\"Vitaminas - Life Wellness\" \/>\n<meta property=\"og:description\" content=\"Concebido para te proteger das subst\u00e2ncias nocivas presentes na \u00e1gua do duche, refor\u00e7ando ainda mais a hidrata\u00e7\u00e3o para uma pele mais saud\u00e1vel.\" \/>\n<meta property=\"og:url\" content=\"https:\/\/life-wellness.eu\/pt-pt\/produto\/vitaminas\/\" \/>\n<meta property=\"og:site_name\" content=\"Life Wellness\" \/>\n<meta property=\"article:publisher\" content=\"https:\/\/www.facebook.com\/grupofiltrarte\" \/>\n<meta property=\"article:modified_time\" content=\"2025-03-29T12:35:07+00:00\" \/>\n<meta property=\"og:image\" content=\"https:\/\/life-wellness.eu\/wp-content\/uploads\/2024\/03\/vitaminas-2.jpg\" \/>\n\t<meta property=\"og:image:width\" content=\"1320\" \/>\n\t<meta property=\"og:image:height\" content=\"1320\" \/>\n\t<meta property=\"og:image:type\" content=\"image\/jpeg\" \/>\n<meta name=\"twitter:card\" content=\"summary_large_image\" \/>\n<meta name=\"twitter:label1\" content=\"Tempo estimado de leitura\" \/>\n\t<meta name=\"twitter:data1\" content=\"1 minuto\" \/>\n<script type=\"application\/ld+json\" class=\"yoast-schema-graph\">{\"@context\":\"https:\/\/schema.org\",\"@graph\":[{\"@type\":\"WebPage\",\"@id\":\"https:\/\/life-wellness.eu\/pt-pt\/produto\/vitaminas\/\",\"url\":\"https:\/\/life-wellness.eu\/pt-pt\/produto\/vitaminas\/\",\"name\":\"Vitaminas - Life Wellness\",\"isPartOf\":{\"@id\":\"https:\/\/life-wellness.eu\/pt-pt\/#website\"},\"primaryImageOfPage\":{\"@id\":\"https:\/\/life-wellness.eu\/pt-pt\/produto\/vitaminas\/#primaryimage\"},\"image\":{\"@id\":\"https:\/\/life-wellness.eu\/pt-pt\/produto\/vitaminas\/#primaryimage\"},\"thumbnailUrl\":\"https:\/\/life-wellness.eu\/wp-content\/uploads\/2024\/03\/vitaminas-2.jpg\",\"datePublished\":\"2024-03-27T22:33:40+00:00\",\"dateModified\":\"2025-03-29T12:35:07+00:00\",\"breadcrumb\":{\"@id\":\"https:\/\/life-wellness.eu\/pt-pt\/produto\/vitaminas\/#breadcrumb\"},\"inLanguage\":\"pt-PT\",\"potentialAction\":[{\"@type\":\"ReadAction\",\"target\":[\"https:\/\/life-wellness.eu\/pt-pt\/produto\/vitaminas\/\"]}]},{\"@type\":\"ImageObject\",\"inLanguage\":\"pt-PT\",\"@id\":\"https:\/\/life-wellness.eu\/pt-pt\/produto\/vitaminas\/#primaryimage\",\"url\":\"https:\/\/life-wellness.eu\/wp-content\/uploads\/2024\/03\/vitaminas-2.jpg\",\"contentUrl\":\"https:\/\/life-wellness.eu\/wp-content\/uploads\/2024\/03\/vitaminas-2.jpg\",\"width\":1320,\"height\":1320},{\"@type\":\"BreadcrumbList\",\"@id\":\"https:\/\/life-wellness.eu\/pt-pt\/produto\/vitaminas\/#breadcrumb\",\"itemListElement\":[{\"@type\":\"ListItem\",\"position\":1,\"name\":\"Home\",\"item\":\"https:\/\/life-wellness.eu\/pt-pt\/\"},{\"@type\":\"ListItem\",\"position\":2,\"name\":\"Loja\",\"item\":\"https:\/\/life-wellness.eu\/pt-pt\/shop\/\"},{\"@type\":\"ListItem\",\"position\":3,\"name\":\"Vitaminas\"}]},{\"@type\":\"WebSite\",\"@id\":\"https:\/\/life-wellness.eu\/pt-pt\/#website\",\"url\":\"https:\/\/life-wellness.eu\/pt-pt\/\",\"name\":\"Life Welness\",\"description\":\"Make your life wellness\",\"publisher\":{\"@id\":\"https:\/\/life-wellness.eu\/pt-pt\/#organization\"},\"potentialAction\":[{\"@type\":\"SearchAction\",\"target\":{\"@type\":\"EntryPoint\",\"urlTemplate\":\"https:\/\/life-wellness.eu\/pt-pt\/?s={search_term_string}\"},\"query-input\":{\"@type\":\"PropertyValueSpecification\",\"valueRequired\":true,\"valueName\":\"search_term_string\"}}],\"inLanguage\":\"pt-PT\"},{\"@type\":\"Organization\",\"@id\":\"https:\/\/life-wellness.eu\/pt-pt\/#organization\",\"name\":\"Lar Puro - Artigos de Utilidade Dome\u0301stica Lda\",\"url\":\"https:\/\/life-wellness.eu\/pt-pt\/\",\"logo\":{\"@type\":\"ImageObject\",\"inLanguage\":\"pt-PT\",\"@id\":\"https:\/\/life-wellness.eu\/pt-pt\/#\/schema\/logo\/image\/\",\"url\":\"https:\/\/life-wellness.eu\/wp-content\/uploads\/2024\/03\/logo-life-wellness.png\",\"contentUrl\":\"https:\/\/life-wellness.eu\/wp-content\/uploads\/2024\/03\/logo-life-wellness.png\",\"width\":639,\"height\":437,\"caption\":\"Lar Puro - Artigos de Utilidade Dome\u0301stica Lda\"},\"image\":{\"@id\":\"https:\/\/life-wellness.eu\/pt-pt\/#\/schema\/logo\/image\/\"},\"sameAs\":[\"https:\/\/www.facebook.com\/grupofiltrarte\",\"https:\/\/www.instagram.com\/grupofiltrarte\",\"https:\/\/www.linkedin.com\/company\/grupo-filtrarte\/\"]}]}<\/script>\n<!-- \/ Yoast SEO plugin. -->","yoast_head_json":{"title":"Vitaminas - Life Wellness","robots":{"index":"index","follow":"follow","max-snippet":"max-snippet:-1","max-image-preview":"max-image-preview:large","max-video-preview":"max-video-preview:-1"},"canonical":"https:\/\/life-wellness.eu\/pt-pt\/produto\/vitaminas\/","og_locale":"pt_PT","og_type":"article","og_title":"Vitaminas - Life Wellness","og_description":"Concebido para te proteger das subst\u00e2ncias nocivas presentes na \u00e1gua do duche, refor\u00e7ando ainda mais a hidrata\u00e7\u00e3o para uma pele mais saud\u00e1vel.","og_url":"https:\/\/life-wellness.eu\/pt-pt\/produto\/vitaminas\/","og_site_name":"Life Wellness","article_publisher":"https:\/\/www.facebook.com\/grupofiltrarte","article_modified_time":"2025-03-29T12:35:07+00:00","og_image":[{"width":1320,"height":1320,"url":"https:\/\/life-wellness.eu\/wp-content\/uploads\/2024\/03\/vitaminas-2.jpg","type":"image\/jpeg"}],"twitter_card":"summary_large_image","twitter_misc":{"Tempo estimado de leitura":"1 minuto"},"schema":{"@context":"https:\/\/schema.org","@graph":[{"@type":"WebPage","@id":"https:\/\/life-wellness.eu\/pt-pt\/produto\/vitaminas\/","url":"https:\/\/life-wellness.eu\/pt-pt\/produto\/vitaminas\/","name":"Vitaminas - Life Wellness","isPartOf":{"@id":"https:\/\/life-wellness.eu\/pt-pt\/#website"},"primaryImageOfPage":{"@id":"https:\/\/life-wellness.eu\/pt-pt\/produto\/vitaminas\/#primaryimage"},"image":{"@id":"https:\/\/life-wellness.eu\/pt-pt\/produto\/vitaminas\/#primaryimage"},"thumbnailUrl":"https:\/\/life-wellness.eu\/wp-content\/uploads\/2024\/03\/vitaminas-2.jpg","datePublished":"2024-03-27T22:33:40+00:00","dateModified":"2025-03-29T12:35:07+00:00","breadcrumb":{"@id":"https:\/\/life-wellness.eu\/pt-pt\/produto\/vitaminas\/#breadcrumb"},"inLanguage":"pt-PT","potentialAction":[{"@type":"ReadAction","target":["https:\/\/life-wellness.eu\/pt-pt\/produto\/vitaminas\/"]}]},{"@type":"ImageObject","inLanguage":"pt-PT","@id":"https:\/\/life-wellness.eu\/pt-pt\/produto\/vitaminas\/#primaryimage","url":"https:\/\/life-wellness.eu\/wp-content\/uploads\/2024\/03\/vitaminas-2.jpg","contentUrl":"https:\/\/life-wellness.eu\/wp-content\/uploads\/2024\/03\/vitaminas-2.jpg","width":1320,"height":1320},{"@type":"BreadcrumbList","@id":"https:\/\/life-wellness.eu\/pt-pt\/produto\/vitaminas\/#breadcrumb","itemListElement":[{"@type":"ListItem","position":1,"name":"Home","item":"https:\/\/life-wellness.eu\/pt-pt\/"},{"@type":"ListItem","position":2,"name":"Loja","item":"https:\/\/life-wellness.eu\/pt-pt\/shop\/"},{"@type":"ListItem","position":3,"name":"Vitaminas"}]},{"@type":"WebSite","@id":"https:\/\/life-wellness.eu\/pt-pt\/#website","url":"https:\/\/life-wellness.eu\/pt-pt\/","name":"Life Welness","description":"Make your life wellness","publisher":{"@id":"https:\/\/life-wellness.eu\/pt-pt\/#organization"},"potentialAction":[{"@type":"SearchAction","target":{"@type":"EntryPoint","urlTemplate":"https:\/\/life-wellness.eu\/pt-pt\/?s={search_term_string}"},"query-input":{"@type":"PropertyValueSpecification","valueRequired":true,"valueName":"search_term_string"}}],"inLanguage":"pt-PT"},{"@type":"Organization","@id":"https:\/\/life-wellness.eu\/pt-pt\/#organization","name":"Lar Puro - Artigos de Utilidade Dome\u0301stica Lda","url":"https:\/\/life-wellness.eu\/pt-pt\/","logo":{"@type":"ImageObject","inLanguage":"pt-PT","@id":"https:\/\/life-wellness.eu\/pt-pt\/#\/schema\/logo\/image\/","url":"https:\/\/life-wellness.eu\/wp-content\/uploads\/2024\/03\/logo-life-wellness.png","contentUrl":"https:\/\/life-wellness.eu\/wp-content\/uploads\/2024\/03\/logo-life-wellness.png","width":639,"height":437,"caption":"Lar Puro - Artigos de Utilidade Dome\u0301stica Lda"},"image":{"@id":"https:\/\/life-wellness.eu\/pt-pt\/#\/schema\/logo\/image\/"},"sameAs":["https:\/\/www.facebook.com\/grupofiltrarte","https:\/\/www.instagram.com\/grupofiltrarte","https:\/\/www.linkedin.com\/company\/grupo-filtrarte\/"]}]}},"_links":{"self":[{"href":"https:\/\/life-wellness.eu\/pt-pt\/wp-json\/wp\/v2\/product\/30155","targetHints":{"allow":["GET"]}}],"collection":[{"href":"https:\/\/life-wellness.eu\/pt-pt\/wp-json\/wp\/v2\/product"}],"about":[{"href":"https:\/\/life-wellness.eu\/pt-pt\/wp-json\/wp\/v2\/types\/product"}],"wp:featuredmedia":[{"embeddable":true,"href":"https:\/\/life-wellness.eu\/pt-pt\/wp-json\/wp\/v2\/media\/30160"}],"wp:attachment":[{"href":"https:\/\/life-wellness.eu\/pt-pt\/wp-json\/wp\/v2\/media?parent=30155"}],"wp:term":[{"taxonomy":"product_brand","embeddable":true,"href":"https:\/\/life-wellness.eu\/pt-pt\/wp-json\/wp\/v2\/product_brand?post=30155"},{"taxonomy":"product_cat","embeddable":true,"href":"https:\/\/life-wellness.eu\/pt-pt\/wp-json\/wp\/v2\/product_cat?post=30155"},{"taxonomy":"product_tag","embeddable":true,"href":"https:\/\/life-wellness.eu\/pt-pt\/wp-json\/wp\/v2\/product_tag?post=30155"}],"curies":[{"name":"wp","href":"https:\/\/api.w.org\/{rel}","templated":true}]}}