{"id":30157,"date":"2024-05-03T13:15:20","date_gmt":"2024-05-03T13:15:20","guid":{"rendered":"https:\/\/filtrarte.flywheelsites.com\/product\/filtro-queen-defender\/"},"modified":"2025-02-17T16:29:52","modified_gmt":"2025-02-17T16:29:52","slug":"filtro-queen-defender","status":"publish","type":"product","link":"https:\/\/life-wellness.eu\/pt-pt\/produto\/filtro-queen-defender\/","title":{"rendered":"Filter Queen Defender\u00ae"},"content":{"rendered":"<h3>Qualidade do ar interior<\/h3>\n<p>&nbsp;<\/p>\n<div class=\"elementor-element elementor-element-aa3c82b animation_type_block sc_fly_static elementor-widget elementor-widget-text-editor trx_addons_parallax_layers_inited trx_addons_parallax_blocks_inited animated air-supply-fadeinup\" data-id=\"aa3c82b\" data-element_type=\"widget\" data-settings=\"{\" data-widget_type=\"text-editor.default\">\n<div class=\"elementor-widget-container\">\n<p>O <strong>Filter Queen Defender\u00ae<\/strong>, um sistema de purifica\u00e7\u00e3o e higiene dom\u00e9stica, ajuda a remover permanentemente bact\u00e9rias, p\u00f3len, bolor, p\u00ealos de animais, fumo de cigarro e odores desagrad\u00e1veis da tua casa, servindo como medida preventiva contra doen\u00e7as respirat\u00f3rias e permitindo a quem j\u00e1 sofre de asma e\/ou alergias respirar melhor.<\/p>\n<p>Com uma filtragem soberba que remove 99,98% da sujidade e dos poluentes at\u00e9 0,1 m\u00edcron (3 vezes melhor do que a norma HEPA).<\/p>\n<p>Devido \u00e0 sua efic\u00e1cia e benef\u00edcios para a sa\u00fade, \u00e9 comercializado nos EUA como um &#8220;Dispositivo M\u00e9dico de Classe II&#8221;.<\/p>\n<\/div>\n<\/div>\n<p>&nbsp;<\/p>\n<div class=\"elementor-element elementor-element-aa3c82b animation_type_block sc_fly_static elementor-widget elementor-widget-text-editor trx_addons_parallax_layers_inited trx_addons_parallax_blocks_inited animated air-supply-fadeinup\" data-id=\"aa3c82b\" data-element_type=\"widget\" data-settings=\"{\" data-widget_type=\"text-editor.default\">\n<div class=\"elementor-widget-container\">\n<h6>Vantagens:<\/h6>\n<ul>\n<li>Superior \u00e0 filtragem HEPA (o padr\u00e3o para ar filtrado em hospitais)<\/li>\n<li>Efic\u00e1cia comprovada atrav\u00e9s de testes laboratoriais<\/li>\n<li>Recomendado por m\u00e9dicos<\/li>\n<li>Reconhecido pela FDA como um Dispositivo M\u00e9dico de Classe II nos EUA<\/li>\n<li>Consumo m\u00ednimo de energia<\/li>\n<li>Silencioso e port\u00e1til<\/li>\n<li>3 velocidades program\u00e1veis<\/li>\n<li>Luz indicadora de mudan\u00e7a de filtro<\/li>\n<li>Secure Seal Technology\u2122 (veda\u00e7\u00e3o para prote\u00e7\u00e3o do motor)<\/li>\n<li>Pure Top Release\u2122 (liberta\u00e7\u00e3o de ar limpo a partir da parte superior do purificador)<\/li>\n<li>N\u00e3o produz ozono<\/li>\n<\/ul>\n<\/div>\n<\/div>\n","protected":false},"excerpt":{"rendered":"<p>O Filter Queen Defender\u00ae garante um ar mais limpo e fresco durante uma utiliza\u00e7\u00e3o cont\u00ednua, tornando-o na solu\u00e7\u00e3o ideal para manter ambientes interiores saud\u00e1veis.<\/p>\n","protected":false},"featured_media":30175,"template":"","meta":{"_monsterinsights_skip_tracking":false,"_monsterinsights_sitenote_active":false,"_monsterinsights_sitenote_note":"","_monsterinsights_sitenote_category":0},"product_brand":[],"product_cat":[262],"product_tag":[264],"class_list":{"0":"post-30157","1":"product","2":"type-product","3":"status-publish","4":"has-post-thumbnail","6":"product_cat-ar","7":"product_tag-ar","9":"first","10":"instock","11":"taxable","12":"shipping-taxable","13":"product-type-simple"},"yoast_head":"<!-- This site is optimized with the Yoast SEO plugin v26.6 - https:\/\/yoast.com\/wordpress\/plugins\/seo\/ -->\n<title>Filter Queen Defender\u00ae - Life Wellness<\/title>\n<meta name=\"robots\" content=\"index, follow, max-snippet:-1, max-image-preview:large, max-video-preview:-1\" \/>\n<link rel=\"canonical\" href=\"https:\/\/life-wellness.eu\/pt-pt\/produto\/filtro-queen-defender\/\" \/>\n<meta property=\"og:locale\" content=\"pt_PT\" \/>\n<meta property=\"og:type\" content=\"article\" \/>\n<meta property=\"og:title\" content=\"Filter Queen Defender\u00ae - Life Wellness\" \/>\n<meta property=\"og:description\" content=\"O Filter Queen Defender\u00ae garante um ar mais limpo e fresco durante uma utiliza\u00e7\u00e3o cont\u00ednua, tornando-o na solu\u00e7\u00e3o ideal para manter ambientes interiores saud\u00e1veis.\" \/>\n<meta property=\"og:url\" content=\"https:\/\/life-wellness.eu\/pt-pt\/produto\/filtro-queen-defender\/\" \/>\n<meta property=\"og:site_name\" content=\"Life Wellness\" \/>\n<meta property=\"article:publisher\" content=\"https:\/\/www.facebook.com\/grupofiltrarte\" \/>\n<meta property=\"article:modified_time\" content=\"2025-02-17T16:29:52+00:00\" \/>\n<meta property=\"og:image\" content=\"https:\/\/life-wellness.eu\/wp-content\/uploads\/2024\/05\/defender-1.jpg\" \/>\n\t<meta property=\"og:image:width\" content=\"1300\" \/>\n\t<meta property=\"og:image:height\" content=\"1300\" \/>\n\t<meta property=\"og:image:type\" content=\"image\/jpeg\" \/>\n<meta name=\"twitter:card\" content=\"summary_large_image\" \/>\n<meta name=\"twitter:label1\" content=\"Tempo estimado de leitura\" \/>\n\t<meta name=\"twitter:data1\" content=\"1 minuto\" \/>\n<script type=\"application\/ld+json\" class=\"yoast-schema-graph\">{\"@context\":\"https:\/\/schema.org\",\"@graph\":[{\"@type\":\"WebPage\",\"@id\":\"https:\/\/life-wellness.eu\/pt-pt\/produto\/filtro-queen-defender\/\",\"url\":\"https:\/\/life-wellness.eu\/pt-pt\/produto\/filtro-queen-defender\/\",\"name\":\"Filter Queen Defender\u00ae - Life Wellness\",\"isPartOf\":{\"@id\":\"https:\/\/life-wellness.eu\/pt-pt\/#website\"},\"primaryImageOfPage\":{\"@id\":\"https:\/\/life-wellness.eu\/pt-pt\/produto\/filtro-queen-defender\/#primaryimage\"},\"image\":{\"@id\":\"https:\/\/life-wellness.eu\/pt-pt\/produto\/filtro-queen-defender\/#primaryimage\"},\"thumbnailUrl\":\"https:\/\/life-wellness.eu\/wp-content\/uploads\/2024\/05\/defender-1.jpg\",\"datePublished\":\"2024-05-03T13:15:20+00:00\",\"dateModified\":\"2025-02-17T16:29:52+00:00\",\"breadcrumb\":{\"@id\":\"https:\/\/life-wellness.eu\/pt-pt\/produto\/filtro-queen-defender\/#breadcrumb\"},\"inLanguage\":\"pt-PT\",\"potentialAction\":[{\"@type\":\"ReadAction\",\"target\":[\"https:\/\/life-wellness.eu\/pt-pt\/produto\/filtro-queen-defender\/\"]}]},{\"@type\":\"ImageObject\",\"inLanguage\":\"pt-PT\",\"@id\":\"https:\/\/life-wellness.eu\/pt-pt\/produto\/filtro-queen-defender\/#primaryimage\",\"url\":\"https:\/\/life-wellness.eu\/wp-content\/uploads\/2024\/05\/defender-1.jpg\",\"contentUrl\":\"https:\/\/life-wellness.eu\/wp-content\/uploads\/2024\/05\/defender-1.jpg\",\"width\":1300,\"height\":1300},{\"@type\":\"BreadcrumbList\",\"@id\":\"https:\/\/life-wellness.eu\/pt-pt\/produto\/filtro-queen-defender\/#breadcrumb\",\"itemListElement\":[{\"@type\":\"ListItem\",\"position\":1,\"name\":\"Home\",\"item\":\"https:\/\/life-wellness.eu\/pt-pt\/\"},{\"@type\":\"ListItem\",\"position\":2,\"name\":\"Loja\",\"item\":\"https:\/\/life-wellness.eu\/pt-pt\/shop\/\"},{\"@type\":\"ListItem\",\"position\":3,\"name\":\"Filter Queen Defender\u00ae\"}]},{\"@type\":\"WebSite\",\"@id\":\"https:\/\/life-wellness.eu\/pt-pt\/#website\",\"url\":\"https:\/\/life-wellness.eu\/pt-pt\/\",\"name\":\"Life Welness\",\"description\":\"Make your life wellness\",\"publisher\":{\"@id\":\"https:\/\/life-wellness.eu\/pt-pt\/#organization\"},\"potentialAction\":[{\"@type\":\"SearchAction\",\"target\":{\"@type\":\"EntryPoint\",\"urlTemplate\":\"https:\/\/life-wellness.eu\/pt-pt\/?s={search_term_string}\"},\"query-input\":{\"@type\":\"PropertyValueSpecification\",\"valueRequired\":true,\"valueName\":\"search_term_string\"}}],\"inLanguage\":\"pt-PT\"},{\"@type\":\"Organization\",\"@id\":\"https:\/\/life-wellness.eu\/pt-pt\/#organization\",\"name\":\"Lar Puro - Artigos de Utilidade Dome\u0301stica Lda\",\"url\":\"https:\/\/life-wellness.eu\/pt-pt\/\",\"logo\":{\"@type\":\"ImageObject\",\"inLanguage\":\"pt-PT\",\"@id\":\"https:\/\/life-wellness.eu\/pt-pt\/#\/schema\/logo\/image\/\",\"url\":\"https:\/\/life-wellness.eu\/wp-content\/uploads\/2024\/03\/logo-life-wellness.png\",\"contentUrl\":\"https:\/\/life-wellness.eu\/wp-content\/uploads\/2024\/03\/logo-life-wellness.png\",\"width\":639,\"height\":437,\"caption\":\"Lar Puro - Artigos de Utilidade Dome\u0301stica Lda\"},\"image\":{\"@id\":\"https:\/\/life-wellness.eu\/pt-pt\/#\/schema\/logo\/image\/\"},\"sameAs\":[\"https:\/\/www.facebook.com\/grupofiltrarte\",\"https:\/\/www.instagram.com\/grupofiltrarte\",\"https:\/\/www.linkedin.com\/company\/grupo-filtrarte\/\"]}]}<\/script>\n<!-- \/ Yoast SEO plugin. -->","yoast_head_json":{"title":"Filter Queen Defender\u00ae - Life Wellness","robots":{"index":"index","follow":"follow","max-snippet":"max-snippet:-1","max-image-preview":"max-image-preview:large","max-video-preview":"max-video-preview:-1"},"canonical":"https:\/\/life-wellness.eu\/pt-pt\/produto\/filtro-queen-defender\/","og_locale":"pt_PT","og_type":"article","og_title":"Filter Queen Defender\u00ae - Life Wellness","og_description":"O Filter Queen Defender\u00ae garante um ar mais limpo e fresco durante uma utiliza\u00e7\u00e3o cont\u00ednua, tornando-o na solu\u00e7\u00e3o ideal para manter ambientes interiores saud\u00e1veis.","og_url":"https:\/\/life-wellness.eu\/pt-pt\/produto\/filtro-queen-defender\/","og_site_name":"Life Wellness","article_publisher":"https:\/\/www.facebook.com\/grupofiltrarte","article_modified_time":"2025-02-17T16:29:52+00:00","og_image":[{"width":1300,"height":1300,"url":"https:\/\/life-wellness.eu\/wp-content\/uploads\/2024\/05\/defender-1.jpg","type":"image\/jpeg"}],"twitter_card":"summary_large_image","twitter_misc":{"Tempo estimado de leitura":"1 minuto"},"schema":{"@context":"https:\/\/schema.org","@graph":[{"@type":"WebPage","@id":"https:\/\/life-wellness.eu\/pt-pt\/produto\/filtro-queen-defender\/","url":"https:\/\/life-wellness.eu\/pt-pt\/produto\/filtro-queen-defender\/","name":"Filter Queen Defender\u00ae - Life Wellness","isPartOf":{"@id":"https:\/\/life-wellness.eu\/pt-pt\/#website"},"primaryImageOfPage":{"@id":"https:\/\/life-wellness.eu\/pt-pt\/produto\/filtro-queen-defender\/#primaryimage"},"image":{"@id":"https:\/\/life-wellness.eu\/pt-pt\/produto\/filtro-queen-defender\/#primaryimage"},"thumbnailUrl":"https:\/\/life-wellness.eu\/wp-content\/uploads\/2024\/05\/defender-1.jpg","datePublished":"2024-05-03T13:15:20+00:00","dateModified":"2025-02-17T16:29:52+00:00","breadcrumb":{"@id":"https:\/\/life-wellness.eu\/pt-pt\/produto\/filtro-queen-defender\/#breadcrumb"},"inLanguage":"pt-PT","potentialAction":[{"@type":"ReadAction","target":["https:\/\/life-wellness.eu\/pt-pt\/produto\/filtro-queen-defender\/"]}]},{"@type":"ImageObject","inLanguage":"pt-PT","@id":"https:\/\/life-wellness.eu\/pt-pt\/produto\/filtro-queen-defender\/#primaryimage","url":"https:\/\/life-wellness.eu\/wp-content\/uploads\/2024\/05\/defender-1.jpg","contentUrl":"https:\/\/life-wellness.eu\/wp-content\/uploads\/2024\/05\/defender-1.jpg","width":1300,"height":1300},{"@type":"BreadcrumbList","@id":"https:\/\/life-wellness.eu\/pt-pt\/produto\/filtro-queen-defender\/#breadcrumb","itemListElement":[{"@type":"ListItem","position":1,"name":"Home","item":"https:\/\/life-wellness.eu\/pt-pt\/"},{"@type":"ListItem","position":2,"name":"Loja","item":"https:\/\/life-wellness.eu\/pt-pt\/shop\/"},{"@type":"ListItem","position":3,"name":"Filter Queen Defender\u00ae"}]},{"@type":"WebSite","@id":"https:\/\/life-wellness.eu\/pt-pt\/#website","url":"https:\/\/life-wellness.eu\/pt-pt\/","name":"Life Welness","description":"Make your life wellness","publisher":{"@id":"https:\/\/life-wellness.eu\/pt-pt\/#organization"},"potentialAction":[{"@type":"SearchAction","target":{"@type":"EntryPoint","urlTemplate":"https:\/\/life-wellness.eu\/pt-pt\/?s={search_term_string}"},"query-input":{"@type":"PropertyValueSpecification","valueRequired":true,"valueName":"search_term_string"}}],"inLanguage":"pt-PT"},{"@type":"Organization","@id":"https:\/\/life-wellness.eu\/pt-pt\/#organization","name":"Lar Puro - Artigos de Utilidade Dome\u0301stica Lda","url":"https:\/\/life-wellness.eu\/pt-pt\/","logo":{"@type":"ImageObject","inLanguage":"pt-PT","@id":"https:\/\/life-wellness.eu\/pt-pt\/#\/schema\/logo\/image\/","url":"https:\/\/life-wellness.eu\/wp-content\/uploads\/2024\/03\/logo-life-wellness.png","contentUrl":"https:\/\/life-wellness.eu\/wp-content\/uploads\/2024\/03\/logo-life-wellness.png","width":639,"height":437,"caption":"Lar Puro - Artigos de Utilidade Dome\u0301stica Lda"},"image":{"@id":"https:\/\/life-wellness.eu\/pt-pt\/#\/schema\/logo\/image\/"},"sameAs":["https:\/\/www.facebook.com\/grupofiltrarte","https:\/\/www.instagram.com\/grupofiltrarte","https:\/\/www.linkedin.com\/company\/grupo-filtrarte\/"]}]}},"_links":{"self":[{"href":"https:\/\/life-wellness.eu\/pt-pt\/wp-json\/wp\/v2\/product\/30157","targetHints":{"allow":["GET"]}}],"collection":[{"href":"https:\/\/life-wellness.eu\/pt-pt\/wp-json\/wp\/v2\/product"}],"about":[{"href":"https:\/\/life-wellness.eu\/pt-pt\/wp-json\/wp\/v2\/types\/product"}],"wp:featuredmedia":[{"embeddable":true,"href":"https:\/\/life-wellness.eu\/pt-pt\/wp-json\/wp\/v2\/media\/30175"}],"wp:attachment":[{"href":"https:\/\/life-wellness.eu\/pt-pt\/wp-json\/wp\/v2\/media?parent=30157"}],"wp:term":[{"taxonomy":"product_brand","embeddable":true,"href":"https:\/\/life-wellness.eu\/pt-pt\/wp-json\/wp\/v2\/product_brand?post=30157"},{"taxonomy":"product_cat","embeddable":true,"href":"https:\/\/life-wellness.eu\/pt-pt\/wp-json\/wp\/v2\/product_cat?post=30157"},{"taxonomy":"product_tag","embeddable":true,"href":"https:\/\/life-wellness.eu\/pt-pt\/wp-json\/wp\/v2\/product_tag?post=30157"}],"curies":[{"name":"wp","href":"https:\/\/api.w.org\/{rel}","templated":true}]}}