{"id":30691,"date":"2024-10-07T20:36:57","date_gmt":"2024-10-07T20:36:57","guid":{"rendered":"https:\/\/life-wellness.eu\/?post_type=product&#038;p=30691"},"modified":"2025-03-29T12:36:18","modified_gmt":"2025-03-29T12:36:18","slug":"almofada-dreamline-copy","status":"publish","type":"product","link":"https:\/\/life-wellness.eu\/pt-pt\/produto\/almofada-dreamline-copy\/","title":{"rendered":"2 Almofadas viscoel\u00e1sticas Dreamline"},"content":{"rendered":"<h3 class=\"p1\"><b>Transforma o teu sono com a almofada de espuma viscoel\u00e1stica Dreamline<\/b><\/h3>\n<div class=\"elementor-element elementor-element-aa3c82b animation_type_block sc_fly_static elementor-widget elementor-widget-text-editor trx_addons_parallax_layers_inited trx_addons_parallax_blocks_inited animated air-supply-fadeinup\" data-id=\"aa3c82b\" data-element_type=\"widget\" data-settings=\"{\" data-widget_type=\"text-editor.default\">\n<div class=\"elementor-widget-container\">\n<p class=\"p1\">A <b>almofada de espuma viscoel\u00e1stica Dreamline<\/b> \u00e9 mais do que uma simples almofada &#8211; \u00e9 uma parte vital de uma rotina de sono repousante e reparadora. Concebida para apoiar a postura correta, adaptando-se \u00e0 forma e ao peso da cabe\u00e7a de cada indiv\u00edduo, esta almofada promove um sono melhor, ajudando a equilibrar os n\u00edveis hormonais, a fortalecer o sistema imunit\u00e1rio e a prevenir problemas de coluna.<\/p>\n<p>&nbsp;<\/p>\n<\/div>\n<\/div>\n<div class=\"elementor-element elementor-element-aa3c82b animation_type_block sc_fly_static elementor-widget elementor-widget-text-editor trx_addons_parallax_layers_inited trx_addons_parallax_blocks_inited animated air-supply-fadeinup\" data-id=\"aa3c82b\" data-element_type=\"widget\" data-settings=\"{\" data-widget_type=\"text-editor.default\">\n<div class=\"elementor-widget-container\">\n<h6 class=\"p1\"><b>Carater\u00edsticas principais<\/b>:<\/h6>\n<ul>\n<li>\n<p class=\"p1\"><b>Design ergon\u00f3mico<\/b> para um alinhamento ideal do pesco\u00e7o e da coluna<\/p>\n<\/li>\n<li>\n<p class=\"p1\"><b>Temperatura neutra<\/b> para te manteres confort\u00e1vel toda a noite<\/p>\n<\/li>\n<li>\n<p class=\"p1\"><b>Revers\u00edvel<\/b> para uma utiliza\u00e7\u00e3o vers\u00e1til<\/p>\n<\/li>\n<li>\n<p class=\"p1\"><b>Sem ru\u00eddo<\/b> para um sono sem interrup\u00e7\u00f5es<\/p>\n<\/li>\n<\/ul>\n<\/div>\n<\/div>\n","protected":false},"excerpt":{"rendered":"<p>A <b>almofada de espuma viscoel\u00e1stica Dreamline<\/b> \u00e9 mais do que uma simples almofada &#8211; \u00e9 uma parte vital de uma rotina de sono repousante e reparadora. Concebida para apoiar a postura correta, adaptando-se \u00e0 forma e ao peso da cabe\u00e7a de cada indiv\u00edduo, esta almofada promove um sono melhor, ajudando a equilibrar os n\u00edveis hormonais, a fortalecer o sistema imunit\u00e1rio e a prevenir problemas de coluna.<\/p>\n","protected":false},"featured_media":30839,"template":"","meta":{"_monsterinsights_skip_tracking":false,"_monsterinsights_sitenote_active":false,"_monsterinsights_sitenote_note":"","_monsterinsights_sitenote_category":0},"product_brand":[],"product_cat":[275],"product_tag":[276,284,277],"class_list":{"0":"post-30691","1":"product","2":"type-product","3":"status-publish","4":"has-post-thumbnail","6":"product_cat-bem-estar","7":"product_tag-bem-estar","8":"product_tag-corpo","9":"product_tag-dorme","11":"first","12":"instock","13":"taxable","14":"shipping-taxable","15":"product-type-variable"},"yoast_head":"<!-- This site is optimized with the Yoast SEO plugin v26.6 - https:\/\/yoast.com\/wordpress\/plugins\/seo\/ -->\n<title>2 Almofadas viscoel\u00e1sticas Dreamline - Life Wellness<\/title>\n<meta name=\"robots\" content=\"index, follow, max-snippet:-1, max-image-preview:large, max-video-preview:-1\" \/>\n<link rel=\"canonical\" href=\"https:\/\/life-wellness.eu\/pt-pt\/produto\/almofada-dreamline-copy\/\" \/>\n<meta property=\"og:locale\" content=\"pt_PT\" \/>\n<meta property=\"og:type\" content=\"article\" \/>\n<meta property=\"og:title\" content=\"2 Almofadas viscoel\u00e1sticas Dreamline - Life Wellness\" \/>\n<meta property=\"og:description\" content=\"A almofada de espuma viscoel\u00e1stica Dreamline \u00e9 mais do que uma simples almofada - \u00e9 uma parte vital de uma rotina de sono repousante e reparadora. Concebida para apoiar a postura correta, adaptando-se \u00e0 forma e ao peso da cabe\u00e7a de cada indiv\u00edduo, esta almofada promove um sono melhor, ajudando a equilibrar os n\u00edveis hormonais, a fortalecer o sistema imunit\u00e1rio e a prevenir problemas de coluna.\" \/>\n<meta property=\"og:url\" content=\"https:\/\/life-wellness.eu\/pt-pt\/produto\/almofada-dreamline-copy\/\" \/>\n<meta property=\"og:site_name\" content=\"Life Wellness\" \/>\n<meta property=\"article:publisher\" content=\"https:\/\/www.facebook.com\/grupofiltrarte\" \/>\n<meta property=\"article:modified_time\" content=\"2025-03-29T12:36:18+00:00\" \/>\n<meta property=\"og:image\" content=\"https:\/\/life-wellness.eu\/wp-content\/uploads\/2024\/10\/wellbeing-2pillows-v2.jpg\" \/>\n\t<meta property=\"og:image:width\" content=\"1350\" \/>\n\t<meta property=\"og:image:height\" content=\"1350\" \/>\n\t<meta property=\"og:image:type\" content=\"image\/jpeg\" \/>\n<meta name=\"twitter:card\" content=\"summary_large_image\" \/>\n<meta name=\"twitter:label1\" content=\"Tempo estimado de leitura\" \/>\n\t<meta name=\"twitter:data1\" content=\"1 minuto\" \/>\n<script type=\"application\/ld+json\" class=\"yoast-schema-graph\">{\"@context\":\"https:\/\/schema.org\",\"@graph\":[{\"@type\":\"WebPage\",\"@id\":\"https:\/\/life-wellness.eu\/pt-pt\/produto\/almofada-dreamline-copy\/\",\"url\":\"https:\/\/life-wellness.eu\/pt-pt\/produto\/almofada-dreamline-copy\/\",\"name\":\"2 Almofadas viscoel\u00e1sticas Dreamline - Life Wellness\",\"isPartOf\":{\"@id\":\"https:\/\/life-wellness.eu\/pt-pt\/#website\"},\"primaryImageOfPage\":{\"@id\":\"https:\/\/life-wellness.eu\/pt-pt\/produto\/almofada-dreamline-copy\/#primaryimage\"},\"image\":{\"@id\":\"https:\/\/life-wellness.eu\/pt-pt\/produto\/almofada-dreamline-copy\/#primaryimage\"},\"thumbnailUrl\":\"https:\/\/life-wellness.eu\/wp-content\/uploads\/2024\/10\/wellbeing-2pillows-v2.jpg\",\"datePublished\":\"2024-10-07T20:36:57+00:00\",\"dateModified\":\"2025-03-29T12:36:18+00:00\",\"breadcrumb\":{\"@id\":\"https:\/\/life-wellness.eu\/pt-pt\/produto\/almofada-dreamline-copy\/#breadcrumb\"},\"inLanguage\":\"pt-PT\",\"potentialAction\":[{\"@type\":\"ReadAction\",\"target\":[\"https:\/\/life-wellness.eu\/pt-pt\/produto\/almofada-dreamline-copy\/\"]}]},{\"@type\":\"ImageObject\",\"inLanguage\":\"pt-PT\",\"@id\":\"https:\/\/life-wellness.eu\/pt-pt\/produto\/almofada-dreamline-copy\/#primaryimage\",\"url\":\"https:\/\/life-wellness.eu\/wp-content\/uploads\/2024\/10\/wellbeing-2pillows-v2.jpg\",\"contentUrl\":\"https:\/\/life-wellness.eu\/wp-content\/uploads\/2024\/10\/wellbeing-2pillows-v2.jpg\",\"width\":1350,\"height\":1350},{\"@type\":\"BreadcrumbList\",\"@id\":\"https:\/\/life-wellness.eu\/pt-pt\/produto\/almofada-dreamline-copy\/#breadcrumb\",\"itemListElement\":[{\"@type\":\"ListItem\",\"position\":1,\"name\":\"Home\",\"item\":\"https:\/\/life-wellness.eu\/pt-pt\/\"},{\"@type\":\"ListItem\",\"position\":2,\"name\":\"Loja\",\"item\":\"https:\/\/life-wellness.eu\/pt-pt\/shop\/\"},{\"@type\":\"ListItem\",\"position\":3,\"name\":\"2 Almofadas viscoel\u00e1sticas Dreamline\"}]},{\"@type\":\"WebSite\",\"@id\":\"https:\/\/life-wellness.eu\/pt-pt\/#website\",\"url\":\"https:\/\/life-wellness.eu\/pt-pt\/\",\"name\":\"Life Welness\",\"description\":\"Make your life wellness\",\"publisher\":{\"@id\":\"https:\/\/life-wellness.eu\/pt-pt\/#organization\"},\"potentialAction\":[{\"@type\":\"SearchAction\",\"target\":{\"@type\":\"EntryPoint\",\"urlTemplate\":\"https:\/\/life-wellness.eu\/pt-pt\/?s={search_term_string}\"},\"query-input\":{\"@type\":\"PropertyValueSpecification\",\"valueRequired\":true,\"valueName\":\"search_term_string\"}}],\"inLanguage\":\"pt-PT\"},{\"@type\":\"Organization\",\"@id\":\"https:\/\/life-wellness.eu\/pt-pt\/#organization\",\"name\":\"Lar Puro - Artigos de Utilidade Dome\u0301stica Lda\",\"url\":\"https:\/\/life-wellness.eu\/pt-pt\/\",\"logo\":{\"@type\":\"ImageObject\",\"inLanguage\":\"pt-PT\",\"@id\":\"https:\/\/life-wellness.eu\/pt-pt\/#\/schema\/logo\/image\/\",\"url\":\"https:\/\/life-wellness.eu\/wp-content\/uploads\/2024\/03\/logo-life-wellness.png\",\"contentUrl\":\"https:\/\/life-wellness.eu\/wp-content\/uploads\/2024\/03\/logo-life-wellness.png\",\"width\":639,\"height\":437,\"caption\":\"Lar Puro - Artigos de Utilidade Dome\u0301stica Lda\"},\"image\":{\"@id\":\"https:\/\/life-wellness.eu\/pt-pt\/#\/schema\/logo\/image\/\"},\"sameAs\":[\"https:\/\/www.facebook.com\/grupofiltrarte\",\"https:\/\/www.instagram.com\/grupofiltrarte\",\"https:\/\/www.linkedin.com\/company\/grupo-filtrarte\/\"]}]}<\/script>\n<!-- \/ Yoast SEO plugin. -->","yoast_head_json":{"title":"2 Almofadas viscoel\u00e1sticas Dreamline - Life Wellness","robots":{"index":"index","follow":"follow","max-snippet":"max-snippet:-1","max-image-preview":"max-image-preview:large","max-video-preview":"max-video-preview:-1"},"canonical":"https:\/\/life-wellness.eu\/pt-pt\/produto\/almofada-dreamline-copy\/","og_locale":"pt_PT","og_type":"article","og_title":"2 Almofadas viscoel\u00e1sticas Dreamline - Life Wellness","og_description":"A almofada de espuma viscoel\u00e1stica Dreamline \u00e9 mais do que uma simples almofada - \u00e9 uma parte vital de uma rotina de sono repousante e reparadora. Concebida para apoiar a postura correta, adaptando-se \u00e0 forma e ao peso da cabe\u00e7a de cada indiv\u00edduo, esta almofada promove um sono melhor, ajudando a equilibrar os n\u00edveis hormonais, a fortalecer o sistema imunit\u00e1rio e a prevenir problemas de coluna.","og_url":"https:\/\/life-wellness.eu\/pt-pt\/produto\/almofada-dreamline-copy\/","og_site_name":"Life Wellness","article_publisher":"https:\/\/www.facebook.com\/grupofiltrarte","article_modified_time":"2025-03-29T12:36:18+00:00","og_image":[{"width":1350,"height":1350,"url":"https:\/\/life-wellness.eu\/wp-content\/uploads\/2024\/10\/wellbeing-2pillows-v2.jpg","type":"image\/jpeg"}],"twitter_card":"summary_large_image","twitter_misc":{"Tempo estimado de leitura":"1 minuto"},"schema":{"@context":"https:\/\/schema.org","@graph":[{"@type":"WebPage","@id":"https:\/\/life-wellness.eu\/pt-pt\/produto\/almofada-dreamline-copy\/","url":"https:\/\/life-wellness.eu\/pt-pt\/produto\/almofada-dreamline-copy\/","name":"2 Almofadas viscoel\u00e1sticas Dreamline - Life Wellness","isPartOf":{"@id":"https:\/\/life-wellness.eu\/pt-pt\/#website"},"primaryImageOfPage":{"@id":"https:\/\/life-wellness.eu\/pt-pt\/produto\/almofada-dreamline-copy\/#primaryimage"},"image":{"@id":"https:\/\/life-wellness.eu\/pt-pt\/produto\/almofada-dreamline-copy\/#primaryimage"},"thumbnailUrl":"https:\/\/life-wellness.eu\/wp-content\/uploads\/2024\/10\/wellbeing-2pillows-v2.jpg","datePublished":"2024-10-07T20:36:57+00:00","dateModified":"2025-03-29T12:36:18+00:00","breadcrumb":{"@id":"https:\/\/life-wellness.eu\/pt-pt\/produto\/almofada-dreamline-copy\/#breadcrumb"},"inLanguage":"pt-PT","potentialAction":[{"@type":"ReadAction","target":["https:\/\/life-wellness.eu\/pt-pt\/produto\/almofada-dreamline-copy\/"]}]},{"@type":"ImageObject","inLanguage":"pt-PT","@id":"https:\/\/life-wellness.eu\/pt-pt\/produto\/almofada-dreamline-copy\/#primaryimage","url":"https:\/\/life-wellness.eu\/wp-content\/uploads\/2024\/10\/wellbeing-2pillows-v2.jpg","contentUrl":"https:\/\/life-wellness.eu\/wp-content\/uploads\/2024\/10\/wellbeing-2pillows-v2.jpg","width":1350,"height":1350},{"@type":"BreadcrumbList","@id":"https:\/\/life-wellness.eu\/pt-pt\/produto\/almofada-dreamline-copy\/#breadcrumb","itemListElement":[{"@type":"ListItem","position":1,"name":"Home","item":"https:\/\/life-wellness.eu\/pt-pt\/"},{"@type":"ListItem","position":2,"name":"Loja","item":"https:\/\/life-wellness.eu\/pt-pt\/shop\/"},{"@type":"ListItem","position":3,"name":"2 Almofadas viscoel\u00e1sticas Dreamline"}]},{"@type":"WebSite","@id":"https:\/\/life-wellness.eu\/pt-pt\/#website","url":"https:\/\/life-wellness.eu\/pt-pt\/","name":"Life Welness","description":"Make your life wellness","publisher":{"@id":"https:\/\/life-wellness.eu\/pt-pt\/#organization"},"potentialAction":[{"@type":"SearchAction","target":{"@type":"EntryPoint","urlTemplate":"https:\/\/life-wellness.eu\/pt-pt\/?s={search_term_string}"},"query-input":{"@type":"PropertyValueSpecification","valueRequired":true,"valueName":"search_term_string"}}],"inLanguage":"pt-PT"},{"@type":"Organization","@id":"https:\/\/life-wellness.eu\/pt-pt\/#organization","name":"Lar Puro - Artigos de Utilidade Dome\u0301stica Lda","url":"https:\/\/life-wellness.eu\/pt-pt\/","logo":{"@type":"ImageObject","inLanguage":"pt-PT","@id":"https:\/\/life-wellness.eu\/pt-pt\/#\/schema\/logo\/image\/","url":"https:\/\/life-wellness.eu\/wp-content\/uploads\/2024\/03\/logo-life-wellness.png","contentUrl":"https:\/\/life-wellness.eu\/wp-content\/uploads\/2024\/03\/logo-life-wellness.png","width":639,"height":437,"caption":"Lar Puro - Artigos de Utilidade Dome\u0301stica Lda"},"image":{"@id":"https:\/\/life-wellness.eu\/pt-pt\/#\/schema\/logo\/image\/"},"sameAs":["https:\/\/www.facebook.com\/grupofiltrarte","https:\/\/www.instagram.com\/grupofiltrarte","https:\/\/www.linkedin.com\/company\/grupo-filtrarte\/"]}]}},"_links":{"self":[{"href":"https:\/\/life-wellness.eu\/pt-pt\/wp-json\/wp\/v2\/product\/30691","targetHints":{"allow":["GET"]}}],"collection":[{"href":"https:\/\/life-wellness.eu\/pt-pt\/wp-json\/wp\/v2\/product"}],"about":[{"href":"https:\/\/life-wellness.eu\/pt-pt\/wp-json\/wp\/v2\/types\/product"}],"wp:featuredmedia":[{"embeddable":true,"href":"https:\/\/life-wellness.eu\/pt-pt\/wp-json\/wp\/v2\/media\/30839"}],"wp:attachment":[{"href":"https:\/\/life-wellness.eu\/pt-pt\/wp-json\/wp\/v2\/media?parent=30691"}],"wp:term":[{"taxonomy":"product_brand","embeddable":true,"href":"https:\/\/life-wellness.eu\/pt-pt\/wp-json\/wp\/v2\/product_brand?post=30691"},{"taxonomy":"product_cat","embeddable":true,"href":"https:\/\/life-wellness.eu\/pt-pt\/wp-json\/wp\/v2\/product_cat?post=30691"},{"taxonomy":"product_tag","embeddable":true,"href":"https:\/\/life-wellness.eu\/pt-pt\/wp-json\/wp\/v2\/product_tag?post=30691"}],"curies":[{"name":"wp","href":"https:\/\/api.w.org\/{rel}","templated":true}]}}