{"id":30717,"date":"2024-10-10T11:34:07","date_gmt":"2024-10-10T11:34:07","guid":{"rendered":"https:\/\/life-wellness.eu\/?post_type=product&#038;p=30717"},"modified":"2025-02-17T16:28:09","modified_gmt":"2025-02-17T16:28:09","slug":"dreamline-earthing-copy","status":"publish","type":"product","link":"https:\/\/life-wellness.eu\/pt-pt\/produto\/dreamline-earthing-copy\/","title":{"rendered":"Colch\u00e3o Seacell para Gatos &#8211; Edi\u00e7\u00e3o Especial"},"content":{"rendered":"<h3 class=\"p1\"><b>Colch\u00e3o para gatos Premium &#8211; Edi\u00e7\u00e3o especial de luxo<\/b><\/h3>\n<div class=\"elementor-element elementor-element-aa3c82b animation_type_block sc_fly_static elementor-widget elementor-widget-text-editor trx_addons_parallax_layers_inited trx_addons_parallax_blocks_inited animated air-supply-fadeinup\" data-id=\"aa3c82b\" data-element_type=\"widget\" data-settings=\"{\" data-widget_type=\"text-editor.default\">\n<div class=\"elementor-widget-container\">\n<p class=\"p1\">D\u00e1 ao teu gato o m\u00e1ximo conforto e prote\u00e7\u00e3o com o <b>Colch\u00e3o Premium Pet Lovers &#8211; Edi\u00e7\u00e3o Especial para Gatos<\/b>. Concebido com tecnologias inovadoras e materiais de alta qualidade, este colch\u00e3o proporciona uma experi\u00eancia de descanso luxuosa e funcional para o teu animal de estima\u00e7\u00e3o.<\/p>\n<p class=\"p3\"><b>-Tecido<\/b> de caxemira: Luxuosamente macio, oferece uma excelente prote\u00e7\u00e3o t\u00e9rmica tanto em condi\u00e7\u00f5es de calor como de frio. O tecido \u00e9 quente, super sedoso, fino e incrivelmente macio com m\u00e1xima respirabilidade, garantindo um espa\u00e7o acolhedor e respir\u00e1vel para o teu gato.<\/p>\n<p class=\"p3\"><b>-Tecnologia<\/b> SeaCell: Fabricado a partir de fibras de celulose enriquecidas com algas marinhas, este tecido promove o bem-estar da pele. As suas propriedades antioxidantes e anti-inflamat\u00f3rias ajudam a manter a pele do teu gato fresca e rejuvenescida. A fibra SeaCell \u00e9 produzida de forma sustent\u00e1vel a partir de mat\u00e9rias-primas renov\u00e1veis, o que a torna amiga do ambiente, neutra em termos de carbono e totalmente biodegrad\u00e1vel.<\/p>\n<p class=\"p3\">&#8211;<b>Acabamento<\/b> antibacteriano<b>(Ultra-Fresh)<\/b>: Este tratamento antimicrobiano impede o crescimento de bact\u00e9rias e fungos respons\u00e1veis por odores e manchas desagrad\u00e1veis. Seguro, duradouro e respons\u00e1vel do ponto de vista ambiental, ajuda a manter o colch\u00e3o fresco e limpo durante mais tempo.<\/p>\n<p class=\"p3\">-Energex\u2122<b>Foam<\/b>: Espuma viscoel\u00e1stica com uma resposta de recupera\u00e7\u00e3o r\u00e1pida, proporcionando al\u00edvio de press\u00e3o com rebote mais r\u00e1pido. Dependendo do calor do corpo, a espuma Energex\u2122 torna-se mais ou menos el\u00e1stica, dando ao teu gato um conforto personalizado para um sono relaxante.<\/p>\n<p class=\"p1\"><b>Dimens\u00f5es<\/b>: 60x14x40 cm &#8211; Ideal para gatos de todos os tamanhos.<\/p>\n<\/div>\n<\/div>\n","protected":false},"excerpt":{"rendered":"<p class=\"p1\">O <b>Colch\u00e3o para Gatos Premium &#8211; Luxury Edition<\/b> apresenta um tecido de caxemira de alta qualidade, tecnologia SeaCell e espuma Energex\u2122 para garantir o m\u00e1ximo conforto e bem-estar ao teu gato. Com um acabamento antibacteriano, este colch\u00e3o mant\u00e9m-se fresco e limpo ao longo do tempo.<\/p>\n","protected":false},"featured_media":30834,"template":"","meta":{"_monsterinsights_skip_tracking":false,"_monsterinsights_sitenote_active":false,"_monsterinsights_sitenote_note":"","_monsterinsights_sitenote_category":0},"product_brand":[],"product_cat":[275],"product_tag":[285,276,277],"class_list":{"0":"post-30717","1":"product","2":"type-product","3":"status-publish","4":"has-post-thumbnail","6":"product_cat-bem-estar","7":"product_tag-animal-de-estimacao","8":"product_tag-bem-estar","9":"product_tag-dorme","11":"first","12":"instock","13":"taxable","14":"shipping-taxable","15":"product-type-simple"},"yoast_head":"<!-- This site is optimized with the Yoast SEO plugin v26.6 - https:\/\/yoast.com\/wordpress\/plugins\/seo\/ -->\n<title>Colch\u00e3o Seacell para Gatos - Edi\u00e7\u00e3o Especial - Life Wellness<\/title>\n<meta name=\"robots\" content=\"index, follow, max-snippet:-1, max-image-preview:large, max-video-preview:-1\" \/>\n<link rel=\"canonical\" href=\"https:\/\/life-wellness.eu\/pt-pt\/produto\/dreamline-earthing-copy\/\" \/>\n<meta property=\"og:locale\" content=\"pt_PT\" \/>\n<meta property=\"og:type\" content=\"article\" \/>\n<meta property=\"og:title\" content=\"Colch\u00e3o Seacell para Gatos - Edi\u00e7\u00e3o Especial - Life Wellness\" \/>\n<meta property=\"og:description\" content=\"O Colch\u00e3o para Gatos Premium - Luxury Edition apresenta um tecido de caxemira de alta qualidade, tecnologia SeaCell e espuma Energex\u2122 para garantir o m\u00e1ximo conforto e bem-estar ao teu gato. Com um acabamento antibacteriano, este colch\u00e3o mant\u00e9m-se fresco e limpo ao longo do tempo.\" \/>\n<meta property=\"og:url\" content=\"https:\/\/life-wellness.eu\/pt-pt\/produto\/dreamline-earthing-copy\/\" \/>\n<meta property=\"og:site_name\" content=\"Life Wellness\" \/>\n<meta property=\"article:publisher\" content=\"https:\/\/www.facebook.com\/grupofiltrarte\" \/>\n<meta property=\"article:modified_time\" content=\"2025-02-17T16:28:09+00:00\" \/>\n<meta property=\"og:image\" content=\"https:\/\/life-wellness.eu\/wp-content\/uploads\/2024\/11\/colchao-gato-vista-6.jpg\" \/>\n\t<meta property=\"og:image:width\" content=\"1350\" \/>\n\t<meta property=\"og:image:height\" content=\"1350\" \/>\n\t<meta property=\"og:image:type\" content=\"image\/jpeg\" \/>\n<meta name=\"twitter:card\" content=\"summary_large_image\" \/>\n<meta name=\"twitter:label1\" content=\"Tempo estimado de leitura\" \/>\n\t<meta name=\"twitter:data1\" content=\"1 minuto\" \/>\n<script type=\"application\/ld+json\" class=\"yoast-schema-graph\">{\"@context\":\"https:\/\/schema.org\",\"@graph\":[{\"@type\":\"WebPage\",\"@id\":\"https:\/\/life-wellness.eu\/pt-pt\/produto\/dreamline-earthing-copy\/\",\"url\":\"https:\/\/life-wellness.eu\/pt-pt\/produto\/dreamline-earthing-copy\/\",\"name\":\"Colch\u00e3o Seacell para Gatos - Edi\u00e7\u00e3o Especial - Life Wellness\",\"isPartOf\":{\"@id\":\"https:\/\/life-wellness.eu\/pt-pt\/#website\"},\"primaryImageOfPage\":{\"@id\":\"https:\/\/life-wellness.eu\/pt-pt\/produto\/dreamline-earthing-copy\/#primaryimage\"},\"image\":{\"@id\":\"https:\/\/life-wellness.eu\/pt-pt\/produto\/dreamline-earthing-copy\/#primaryimage\"},\"thumbnailUrl\":\"https:\/\/life-wellness.eu\/wp-content\/uploads\/2024\/11\/colchao-gato-vista-6.jpg\",\"datePublished\":\"2024-10-10T11:34:07+00:00\",\"dateModified\":\"2025-02-17T16:28:09+00:00\",\"breadcrumb\":{\"@id\":\"https:\/\/life-wellness.eu\/pt-pt\/produto\/dreamline-earthing-copy\/#breadcrumb\"},\"inLanguage\":\"pt-PT\",\"potentialAction\":[{\"@type\":\"ReadAction\",\"target\":[\"https:\/\/life-wellness.eu\/pt-pt\/produto\/dreamline-earthing-copy\/\"]}]},{\"@type\":\"ImageObject\",\"inLanguage\":\"pt-PT\",\"@id\":\"https:\/\/life-wellness.eu\/pt-pt\/produto\/dreamline-earthing-copy\/#primaryimage\",\"url\":\"https:\/\/life-wellness.eu\/wp-content\/uploads\/2024\/11\/colchao-gato-vista-6.jpg\",\"contentUrl\":\"https:\/\/life-wellness.eu\/wp-content\/uploads\/2024\/11\/colchao-gato-vista-6.jpg\",\"width\":1350,\"height\":1350},{\"@type\":\"BreadcrumbList\",\"@id\":\"https:\/\/life-wellness.eu\/pt-pt\/produto\/dreamline-earthing-copy\/#breadcrumb\",\"itemListElement\":[{\"@type\":\"ListItem\",\"position\":1,\"name\":\"Home\",\"item\":\"https:\/\/life-wellness.eu\/pt-pt\/\"},{\"@type\":\"ListItem\",\"position\":2,\"name\":\"Loja\",\"item\":\"https:\/\/life-wellness.eu\/pt-pt\/shop\/\"},{\"@type\":\"ListItem\",\"position\":3,\"name\":\"Colch\u00e3o Seacell para Gatos &#8211; Edi\u00e7\u00e3o Especial\"}]},{\"@type\":\"WebSite\",\"@id\":\"https:\/\/life-wellness.eu\/pt-pt\/#website\",\"url\":\"https:\/\/life-wellness.eu\/pt-pt\/\",\"name\":\"Life Welness\",\"description\":\"Make your life wellness\",\"publisher\":{\"@id\":\"https:\/\/life-wellness.eu\/pt-pt\/#organization\"},\"potentialAction\":[{\"@type\":\"SearchAction\",\"target\":{\"@type\":\"EntryPoint\",\"urlTemplate\":\"https:\/\/life-wellness.eu\/pt-pt\/?s={search_term_string}\"},\"query-input\":{\"@type\":\"PropertyValueSpecification\",\"valueRequired\":true,\"valueName\":\"search_term_string\"}}],\"inLanguage\":\"pt-PT\"},{\"@type\":\"Organization\",\"@id\":\"https:\/\/life-wellness.eu\/pt-pt\/#organization\",\"name\":\"Lar Puro - Artigos de Utilidade Dome\u0301stica Lda\",\"url\":\"https:\/\/life-wellness.eu\/pt-pt\/\",\"logo\":{\"@type\":\"ImageObject\",\"inLanguage\":\"pt-PT\",\"@id\":\"https:\/\/life-wellness.eu\/pt-pt\/#\/schema\/logo\/image\/\",\"url\":\"https:\/\/life-wellness.eu\/wp-content\/uploads\/2024\/03\/logo-life-wellness.png\",\"contentUrl\":\"https:\/\/life-wellness.eu\/wp-content\/uploads\/2024\/03\/logo-life-wellness.png\",\"width\":639,\"height\":437,\"caption\":\"Lar Puro - Artigos de Utilidade Dome\u0301stica Lda\"},\"image\":{\"@id\":\"https:\/\/life-wellness.eu\/pt-pt\/#\/schema\/logo\/image\/\"},\"sameAs\":[\"https:\/\/www.facebook.com\/grupofiltrarte\",\"https:\/\/www.instagram.com\/grupofiltrarte\",\"https:\/\/www.linkedin.com\/company\/grupo-filtrarte\/\"]}]}<\/script>\n<!-- \/ Yoast SEO plugin. -->","yoast_head_json":{"title":"Colch\u00e3o Seacell para Gatos - Edi\u00e7\u00e3o Especial - Life Wellness","robots":{"index":"index","follow":"follow","max-snippet":"max-snippet:-1","max-image-preview":"max-image-preview:large","max-video-preview":"max-video-preview:-1"},"canonical":"https:\/\/life-wellness.eu\/pt-pt\/produto\/dreamline-earthing-copy\/","og_locale":"pt_PT","og_type":"article","og_title":"Colch\u00e3o Seacell para Gatos - Edi\u00e7\u00e3o Especial - Life Wellness","og_description":"O Colch\u00e3o para Gatos Premium - Luxury Edition apresenta um tecido de caxemira de alta qualidade, tecnologia SeaCell e espuma Energex\u2122 para garantir o m\u00e1ximo conforto e bem-estar ao teu gato. Com um acabamento antibacteriano, este colch\u00e3o mant\u00e9m-se fresco e limpo ao longo do tempo.","og_url":"https:\/\/life-wellness.eu\/pt-pt\/produto\/dreamline-earthing-copy\/","og_site_name":"Life Wellness","article_publisher":"https:\/\/www.facebook.com\/grupofiltrarte","article_modified_time":"2025-02-17T16:28:09+00:00","og_image":[{"width":1350,"height":1350,"url":"https:\/\/life-wellness.eu\/wp-content\/uploads\/2024\/11\/colchao-gato-vista-6.jpg","type":"image\/jpeg"}],"twitter_card":"summary_large_image","twitter_misc":{"Tempo estimado de leitura":"1 minuto"},"schema":{"@context":"https:\/\/schema.org","@graph":[{"@type":"WebPage","@id":"https:\/\/life-wellness.eu\/pt-pt\/produto\/dreamline-earthing-copy\/","url":"https:\/\/life-wellness.eu\/pt-pt\/produto\/dreamline-earthing-copy\/","name":"Colch\u00e3o Seacell para Gatos - Edi\u00e7\u00e3o Especial - Life Wellness","isPartOf":{"@id":"https:\/\/life-wellness.eu\/pt-pt\/#website"},"primaryImageOfPage":{"@id":"https:\/\/life-wellness.eu\/pt-pt\/produto\/dreamline-earthing-copy\/#primaryimage"},"image":{"@id":"https:\/\/life-wellness.eu\/pt-pt\/produto\/dreamline-earthing-copy\/#primaryimage"},"thumbnailUrl":"https:\/\/life-wellness.eu\/wp-content\/uploads\/2024\/11\/colchao-gato-vista-6.jpg","datePublished":"2024-10-10T11:34:07+00:00","dateModified":"2025-02-17T16:28:09+00:00","breadcrumb":{"@id":"https:\/\/life-wellness.eu\/pt-pt\/produto\/dreamline-earthing-copy\/#breadcrumb"},"inLanguage":"pt-PT","potentialAction":[{"@type":"ReadAction","target":["https:\/\/life-wellness.eu\/pt-pt\/produto\/dreamline-earthing-copy\/"]}]},{"@type":"ImageObject","inLanguage":"pt-PT","@id":"https:\/\/life-wellness.eu\/pt-pt\/produto\/dreamline-earthing-copy\/#primaryimage","url":"https:\/\/life-wellness.eu\/wp-content\/uploads\/2024\/11\/colchao-gato-vista-6.jpg","contentUrl":"https:\/\/life-wellness.eu\/wp-content\/uploads\/2024\/11\/colchao-gato-vista-6.jpg","width":1350,"height":1350},{"@type":"BreadcrumbList","@id":"https:\/\/life-wellness.eu\/pt-pt\/produto\/dreamline-earthing-copy\/#breadcrumb","itemListElement":[{"@type":"ListItem","position":1,"name":"Home","item":"https:\/\/life-wellness.eu\/pt-pt\/"},{"@type":"ListItem","position":2,"name":"Loja","item":"https:\/\/life-wellness.eu\/pt-pt\/shop\/"},{"@type":"ListItem","position":3,"name":"Colch\u00e3o Seacell para Gatos &#8211; Edi\u00e7\u00e3o Especial"}]},{"@type":"WebSite","@id":"https:\/\/life-wellness.eu\/pt-pt\/#website","url":"https:\/\/life-wellness.eu\/pt-pt\/","name":"Life Welness","description":"Make your life wellness","publisher":{"@id":"https:\/\/life-wellness.eu\/pt-pt\/#organization"},"potentialAction":[{"@type":"SearchAction","target":{"@type":"EntryPoint","urlTemplate":"https:\/\/life-wellness.eu\/pt-pt\/?s={search_term_string}"},"query-input":{"@type":"PropertyValueSpecification","valueRequired":true,"valueName":"search_term_string"}}],"inLanguage":"pt-PT"},{"@type":"Organization","@id":"https:\/\/life-wellness.eu\/pt-pt\/#organization","name":"Lar Puro - Artigos de Utilidade Dome\u0301stica Lda","url":"https:\/\/life-wellness.eu\/pt-pt\/","logo":{"@type":"ImageObject","inLanguage":"pt-PT","@id":"https:\/\/life-wellness.eu\/pt-pt\/#\/schema\/logo\/image\/","url":"https:\/\/life-wellness.eu\/wp-content\/uploads\/2024\/03\/logo-life-wellness.png","contentUrl":"https:\/\/life-wellness.eu\/wp-content\/uploads\/2024\/03\/logo-life-wellness.png","width":639,"height":437,"caption":"Lar Puro - Artigos de Utilidade Dome\u0301stica Lda"},"image":{"@id":"https:\/\/life-wellness.eu\/pt-pt\/#\/schema\/logo\/image\/"},"sameAs":["https:\/\/www.facebook.com\/grupofiltrarte","https:\/\/www.instagram.com\/grupofiltrarte","https:\/\/www.linkedin.com\/company\/grupo-filtrarte\/"]}]}},"_links":{"self":[{"href":"https:\/\/life-wellness.eu\/pt-pt\/wp-json\/wp\/v2\/product\/30717","targetHints":{"allow":["GET"]}}],"collection":[{"href":"https:\/\/life-wellness.eu\/pt-pt\/wp-json\/wp\/v2\/product"}],"about":[{"href":"https:\/\/life-wellness.eu\/pt-pt\/wp-json\/wp\/v2\/types\/product"}],"wp:featuredmedia":[{"embeddable":true,"href":"https:\/\/life-wellness.eu\/pt-pt\/wp-json\/wp\/v2\/media\/30834"}],"wp:attachment":[{"href":"https:\/\/life-wellness.eu\/pt-pt\/wp-json\/wp\/v2\/media?parent=30717"}],"wp:term":[{"taxonomy":"product_brand","embeddable":true,"href":"https:\/\/life-wellness.eu\/pt-pt\/wp-json\/wp\/v2\/product_brand?post=30717"},{"taxonomy":"product_cat","embeddable":true,"href":"https:\/\/life-wellness.eu\/pt-pt\/wp-json\/wp\/v2\/product_cat?post=30717"},{"taxonomy":"product_tag","embeddable":true,"href":"https:\/\/life-wellness.eu\/pt-pt\/wp-json\/wp\/v2\/product_tag?post=30717"}],"curies":[{"name":"wp","href":"https:\/\/api.w.org\/{rel}","templated":true}]}}